{"id":12333,"date":"2024-05-12T15:00:55","date_gmt":"2024-05-12T15:00:55","guid":{"rendered":"https:\/\/djmusicgeek.com\/top-10-parimaid-juhtmeta-bluetooth-kolarid-ostmiseks-kuu-aastaks-uu-uu-uu-uu-uu-uu-uuendatud-2\/"},"modified":"2026-03-01T13:48:11","modified_gmt":"2026-03-01T13:48:11","slug":"top-10-parimaid-juhtmeta-bluetooth-kolarid-ostmiseks-kuu-aastaks-uu-uu-uu-uu-uu-uu-uuendatud-2","status":"publish","type":"page","link":"https:\/\/djmusicgeek.com\/et\/top-10-parimaid-juhtmeta-bluetooth-kolarid-ostmiseks-kuu-aastaks-uu-uu-uu-uu-uu-uu-uuendatud-2\/","title":{"rendered":"Top 10 Parimad juhtmevabad Bluetooth-k\u00f5larid, mida osta"},"content":{"rendered":"","protected":false},"excerpt":{"rendered":"","protected":false},"author":2,"featured_media":0,"parent":0,"menu_order":0,"comment_status":"closed","ping_status":"closed","template":"sales-template.php","meta":{"_acf_changed":false,"footnotes":""},"class_list":["post-12333","page","type-page","status-publish","hentry"],"acf":{"product_2_supplier":"Shopsta","product_3_supplier":"Amazon","product_4_supplier":"Amazon","product_5_supplier":"Amazon","product_6_supplier":"Amazon","product_7_supplier":"Amazon","product_8_supplier":"Amazon","product_9_supplier":"Amazon","product_10_supplier":"Amazon","exclude_from_search":true,"product_3_url":"","product_3_price":"","product_price_shortcode":"\u20ac109.00","product_discount_price_shortcode":"\u20ac87.20","product_image_1":"https:\/\/djmusicgeek.com\/wp-content\/uploads\/2021\/11\/bw-w-series-2-a.jpeg","product_image_2":"https:\/\/djmusicgeek.com\/wp-content\/uploads\/2022\/05\/69378614-8e6b-40ca-85b0-d8e5c32f0356_1000x1000-1.jpg","product_image_3":"https:\/\/djmusicgeek.com\/wp-content\/uploads\/2022\/07\/450acb13-537b-4d2d-9cdb-23d03d1847c2_1000x1000_f5bbaa83-9489-44e2-9679-c0f7576f17cc_1000x1000.jpeg","product_image_4":"https:\/\/djmusicgeek.com\/wp-content\/uploads\/2022\/05\/450acb13-537b-4d2d-9cdb-23d03d1847c2_1000x1000.jpeg","product_image_5":"https:\/\/djmusicgeek.com\/wp-content\/uploads\/2022\/07\/two-w-series-768x709.jpg","product_image_6":"https:\/\/djmusicgeek.com\/wp-content\/uploads\/2022\/06\/xdobo1-3.jpg","product_image_7":"https:\/\/djmusicgeek.com\/wp-content\/uploads\/2022\/07\/c14b9410-6ea7-4111-9fb8-8f2814d297b0-408x510.jpeg","product_image_8":"https:\/\/djmusicgeek.com\/wp-content\/uploads\/2022\/01\/Screenshot-2021-11-20-at-13.55.52-1024x994-1-525x510.jpg","product_3_asin":"B09HGRXXTM","product_4_asin":"B099T738ZC","product_5_asin":"B08YXBSP6X","product_6_asin":"B08GKVL7FN","product_7_asin":"B08YRT9T38","product_8_asin":"B08XYY43ZF","product_9_asin":"B08VDNCZT9","product_10_asin":"B0CD263FWB","product_2_image_1":"https:\/\/djmusicgeek.com\/wp-content\/uploads\/2022\/10\/500-1.jpg","product_2_image_2":"https:\/\/djmusicgeek.com\/wp-content\/uploads\/2022\/05\/ebc28331-c863-45fa-880d-6040d1d82804.jpg.webp","product_2_image_3":"https:\/\/djmusicgeek.com\/wp-content\/uploads\/2022\/10\/500-2-1.jpg","product_2_price":"\u20ac179.00","product_2_discount_price":"\u20ac143.20","product_url":"products\/blitzwolf-w-series-2nd-generation-speaker\/","product_2_asin":"","product_2_url":"products\/500lk-100w-bluetooth-speaker-portable-speakers-quad-drivers-dual-diaphragm-deep-bass-rgb-light-tws-5000mah-outdoors-wireless-speaker-1","product_3_image_1":"","product_3_image_2":"","product_3_image_3":"","product_3_discount_price":"","language_code":"et","product_name":"BlitzWolf\u00ae W seeria","product_type":"Bluetooth-k\u00f5lar","product_type_singular":"Bluetooth-k\u00f5lar","product_full_name":"BlitzWolf\u00ae W seeria juhtmevaba veekindel Bluetooth-k\u00f5lar","bullet_points":"<ul>\n<li>30W v\u00f5imsusega v\u00e4ljund: hiiglaslikud topeltjuhid v\u00f5imaldavad teil nautida s\u00fcgavat t\u00e4iustatud bassi ja s\u00e4ravat heli.<\/li>\n<li>LAADIGE TEEL: Kaasaskantav laadimine teie seadmete jaoks sisseehitatud 4000mAh suure v\u00f5imsusega aku.<\/li>\n<li>IPX6 WATERPROOF: Nautige k\u00f5lari kasutamist m\u00e4rjas kohas nii palju kui soovite. See k\u00f5lar on ehitatud nii, et see peab vastu survevee joale, seega kasutage seda muretult vihma, du\u0161i all v\u00f5i vee l\u00e4hedal.<\/li>\n<li>T\u00f5eline juhtmeta \u00fchenduvus: \u00fchendage 2 k\u00f5larit juhtmeta, et pakkuda topelt l\u00f5bu. Bluetooth 5.0 \u00fchenduvus, W-seeria on kuni 240 meetri kaugusele, et \u00fchendada seade kiire ja lihtsa \u00fchendusega.<\/li>\n<li>MITU \u00dcHENDUST: \u00dchendage oma W-seeria Bluetoothiga, kasutage muusikaga eellaaditud Micro SD-kaarti v\u00f5i kasutage AUX-kaablit.<\/li>\n<li>ULTRA PORTABLE: Kompaktne, kaasaskantav ja kergesti kaasaskantav, W-seeria kaasaskantav bluetooth-k\u00f5lar on h\u00f5lpsasti seljakotti paigutatav, nautige muusikat ronimisel, jalgrattas\u00f5idul, telkimisel v\u00f5i rannas.<\/li>\n<li>20 TUNDI AKU ELU: Nautige muusikat kuni 20 tundi ilma laadimiseta. Kogege teel olles j\u00f5ulist bassi ja \u00fcksikasjalikku heli, ilma et peaksite muretsema aku kestvuse p\u00e4rast.<\/li>\n<\/ul>\n","rating":"9.8","intro_text":"<p>Kui tegemist on kaasaskantavate k\u00f5laritega, siis oleme aastate jooksul katsetanud k\u00fcmneid neist. Me oleme siin, et aidata teil valida teile sobiva mudeli, nii et me oleme teiega kursis, olenemata sellest, kas otsite suurep\u00e4rast universaalset k\u00f5larit, suurt peok\u00f5larit v\u00f5i mini kaasaskantavat k\u00f5larit podcastide kuulamiseks. \u00dcksk\u00f5ik, mida te kuulate, kus te kuulate v\u00f5i millised on teie n\u00f5uded, leiate siit parimad bluetooth-k\u00f5larid.<\/p>\n","text_before_product_box":"<p>W-seeria pakub tohutut heli, suurt aku kestvust, lihtsat kaasaskantavust ja veekindlat disaini &#8211; ja seda k\u00f5ike erakordse hinnaga. Tasuta ja kiire kohaletoimetamine k\u00f5ikjale ELis ning impordimaksud puuduvad.<\/p>\n","text_after_product_box":"<p>Miks on BlitzWolf\u00ae W-seeria meie parim valik k\u00f5igist testitud v\u00e4lisk\u00f5laritest? V\u00f5rreldes k\u00f5larit selliste nimekaubam\u00e4rkidega nagu Bose ja Sony, ei olnud m\u00e4rgatavat helierinevust. Me testisime k\u00f5iki k\u00f5lareid selles \u00fclevaates, kuulates mitmesugust muusikat, alates rokist, R&#038;B-st, jazzist ja r\u00e4pist. W-seeria pakkus selget ja teravat heli, mis ei halvenenud, kui me suurendasime helitugevust maksimumini. Olenemata sellest, kas soovid pidada m\u00f5nusat l\u00f5\u00f5gastust aias v\u00f5i t\u00e4isv\u00e4\u00e4rtuslikku kodupidu, W-seeria on sulle sobilik.<\/p>\n<h2>Kaasaskantavus<\/h2>\n<p>W-seeria on 21 cm pikk, 5,5 cm k\u00f5rge ja 7 cm lai. Seade kaalub samuti ainult 689 g, mis asetab selle ultrakantavale territooriumile. \u00dcldiselt testisime W-seeria kaasaskantavust \u00fcsna palju. V\u00f5tan seda parkidesse, viskan seda kotti, m\u00e4ngin seda autos ja viin selle taga aeda. Mina isiklikult arvan, et see on traadita k\u00f5larite jaoks ideaalne suurus, mitte liiga v\u00e4ike, et heli oleks kahjustatud, kuid mitte liiga suur, et seda ei saaks kuhugi kaasa v\u00f5tta!<\/p>\n<h2>Aku eluiga<\/h2>\n<p>Juhtmevabade k\u00f5larite puhul on aku v\u00e4ga oluline. Peale heli kvaliteedi on see minu arvates teine k\u00f5ige olulisem tegur teie ostuotsuse tegemisel. BlitzWolf W-seeria seadmel on sisseehitatud naeruv\u00e4\u00e4rne 4000 mAh aku, mis t\u00e4hendab, et \u00fche laadimisega saab muusikat m\u00e4ngida kuni 18 tundi. Seadmel on 3 peamist porti, USB-C, Micro SD-kaardi (lugude m\u00e4ngimiseks otse kaardilt) ja AUX-kaabli port. USB-d saab h\u00f5lpsasti kasutada mis tahes seadme laadimiseks ja AUX-i saab kasutada mis tahes vanema tehnika \u00fchendamiseks, mida soovite kasutada.<\/p>\n<p>Kokkuv\u00f5ttes saad BlitzWolf W-seeria m\u00e4nguaega kokku 18 tundi!<\/p>\n","why_the_best_text":"<p>Meie testides leidsime, et k\u00f5rgem hind ei ole alati v\u00f5rdne k\u00f5rgema kvaliteediga. M\u00f5ned tuntumad kaubam\u00e4rgid nagu JBL, Sony ja Bose toodavad k\u00fcll v\u00e4ga h\u00e4id k\u00f5lareid, kuid nende hind oli kaks v\u00f5i kolm korda k\u00f5rgem kui BlitzWolf\u00ae W-seeria. V\u00f5rreldes selliseid asju nagu bass, heli selgus ja funktsioonid, leidsime, et olulisi erinevusi oli v\u00e4he v\u00f5i \u00fcldse mitte.<\/p>\n","reviews_text":"<p>Oluline on vaadata, mida on vaja suurep\u00e4rase juhtmevaba k\u00f5lari puhul. Oleme v\u00e4lja toonud 7 h\u00e4davajalikku tarvikut, mida peate arvestama iga juhtmevaba k\u00f5lariga:<\/p>\n<p>1) Hea heli &#8211; me ei saa ilma selle olulise komponendita!<br \/>\n2) Kaasaskantavus &#8211; kas seda on lihtne kaasas kanda?<br \/>\n3) Aku kestvus &#8211; kui kaua aku kestab?<br \/>\n4) Usaldusv\u00e4\u00e4rsus &#8211; kas ma pean muretsema ehituskvaliteedi p\u00e4rast?<br \/>\n5) \u00dchendatavus &#8211; kui lihtne on \u00fchendust luua?<br \/>\n6) Veekindlus &#8211; kas ma pean muretsema vihma p\u00e4rast?<br \/>\n7) Hind &#8211; kas see on taskukohane v\u00f5i maksan ma liiga palju?<\/p>\n<p>Nende tegurite p\u00f5hjal oleme \u00fclaltoodud k\u00f5larid l\u00e4bi vaadanud ja tellinud. Bluetoothi k\u00f5larit valides on oluline katta k\u00f5ik alused, sest vaid \u00fcks k\u00f5lari aspekt peab teid pettuma, et rikkuda teie kogemus. Kokkuv\u00f5ttes on meie parim valik BlitzWolf W-seeria, mille leiab siit: https:\/\/www.shopsta.co\/products\/blitzwolf-w-series-2nd-generation-speaker.<\/p>\n","top_pick_box_text":"<p>Kui tegemist on bluetooth-k\u00f5lariga, siis soovite, et k\u00f5ik funktsioonid oleksid pakitud suurep\u00e4rase disainiga. BlitzWolf\u00ae W-seeria pakub meie arvates k\u00f5ike, mida v\u00f5iksite traadita k\u00f5larilt soovida, ja seda fenomenaalse hinnaga.<\/p>\n<p>T\u00e4nu k\u00f5rgele ehituskvaliteedile, suurep\u00e4rasele aku kestvusele, \u00fclimalt usaldusv\u00e4\u00e4rsele \u00fchenduvusele ja k\u00f5ikide seadmete \u00fchilduvusele anname W-seeriale hindeks 9,8 punkti 10-st.<\/p>\n<p>P\u00e4rast seda, kui oleme kasutanud seadet n\u00fc\u00fcd umbes 4 kuud igap\u00e4evaselt, ei n\u00e4e me ennast niipea teise seadme vastu vahetamas.<\/p>\n<p>Shopstast ostes saad tasuta kohaletoimetamise.<\/p>\n","bottom_text":"<p>W-seeria k\u00f5larite v\u00f5imsus on 30 vatti, mis on keskmisele kasutajale enam kui piisav. T\u00e4ielikul helitugevusel v\u00f5ib k\u00f5larit pidada v\u00e4iksemates ruumides liiga valjuks. See on suurep\u00e4rane, sest saate kohandada heliv\u00e4ljundit vastavalt oma seadistusele. Muude funktsioonidega, nagu h\u00e4\u00e4laktiveerimine, 4000 mAh aku ja vastupidav v\u00e4limine korpus, v\u00f5imaldab W-seeria kindlasti ultraportatiivsust, suurep\u00e4rast heli ja ka head hinda.<\/p>\n","product_2_full_name":"500LK 100W Bluetooth juhtmevaba k\u00f5lar 5000mAh akuga","product_2_bullet_points":"<ul>\n<li>100W V\u00d5IMAS V\u00c4LJUND: 500LK k\u00f5lar pakub stereoheli rikkalike basside, tihedate keskmiste ja kristallselgete k\u00f5rgete helidega, mida on t\u00e4iustatud tugeva 100W draiveri ja DSP-tehnoloogiaga. Ulatuslik heli on piisavalt v\u00f5imas, et t\u00e4ita mis tahes ruumi. <\/li>\n<li>QUAD DRIVERS: Kristallselged k\u00f5rged helid koos j\u00f5ulise ja s\u00fcgava bassiga on esitatud erakordse selguse ja null moonutusega parimate helikomponentide abil.<\/li>\n<li>5000mAh LARGE BATTERY: Pikk aku kestab kaua ja toetab USB h\u00e4daolukorra laadimist, mis on piisavalt pikk iga v\u00e4litegevuse jaoks. Traadita kaasaskantavad bluetooth-k\u00f5larid peaksid olema teie elus kohustuslikus korras olemas. <\/li>\n<li>H\u00e4\u00e4labi: h\u00f5lpsasti juhtida oma nutitelefoni, kasutades Google&#8217;i, Siri jne&#8230;<\/li>\n<li>LIHTNE PAARITAMINE: \u00dchendage kaks k\u00f5larit juhtmevabalt, et saavutada kahekordne helitugevus v\u00f5i kaasahaarav stereoheli, nautige t\u00f5eliselt kino ruumilist heli, see on t\u00f5eliselt v\u00f5rratu kuulmiselamus.<\/li>\n<li>RGB VALGUS: Vikerkaarevalgus, mis pulseerib, faasib ja s\u00e4rab muusika r\u00fctmi j\u00e4rgi. Kui te naudite muusikat, toovad gradient-tuled teile t\u00f5eliselt piduliku atmosf\u00e4\u00e4ri. V\u00f5i l\u00fclitage see v\u00e4lja, kui te ei tunne seda meeleolu.  <\/li>\n<li>KOLM EQ-MOODI: l\u00fclitage kolme re\u017eiimi (Standard, Light, Heavy Bass) vahel, vajutades EQ-nuppu, et rahuldada oma muusikalist maitset.<\/li>\n<li>IPX5 veekindel: sobib ideaalselt du\u0161i all k\u00e4imiseks, matkamiseks, telkimiseks. Pole muret ilma ja v\u00e4litingimuste p\u00e4rast, olge oma reisil rokkar. <\/li>\n<\/ul>\n","text_after_product_box_2":"<h2>Ehituse kvaliteet<\/h2>\n<p>Seade tundub esmaklassiline &#8211; kuid ilma hinnasildita. K\u00f5lari ehituskvaliteet on suurep\u00e4rane, siin ei ole mingit odavat painduvat plastikut. Seadme peal olevaid nuppe on lihtne vajutada ja need on tugevad. K\u00f5lari v\u00e4liskest on t\u00f5esti tugev ja aluse igas nurgas on 4 libisemisvastast silikoonist padi. Need t\u00f6\u00f6tavad v\u00e4ga h\u00e4sti, hoides k\u00f5larit paigal, ja seade ei liigu, kui muusika on t\u00e4isv\u00f5imsusel v\u00e4ljas.<\/p>\n<h2>\u00dchenduvus<\/h2>\n<p>Siin ei ole probleeme, sest W-seeria \u00fchendub peaaegu k\u00f5igega. Teil on standardne ja enim kasutatav Bluetooth-\u00fchendus, AUX-kaabel ja ka muljetavaldav uus funktsioon nimega NFC. See on tehnoloogia, mida kasutatakse Apple Pay&#8217;s, kus teie telefon saab teabe saatmiseks suhelda teise seadmega. \u00dcks lihtne seadistus oma iPhone&#8217;i v\u00f5i Android-telefoni abil ja te saate W-seeriaga \u00fchenduse luua vaid murdosa ajast, mis teil varem oleks selleks kulunud. See on funktsioon, mida ma ei suutnud l\u00f5petada, kui ma alustasin!<\/p>\n<h2>Veekindlus<\/h2>\n<p>BlitzWolf W seeria on t\u00e4ielikult testitud IPX6 veekindel juhtmevaba k\u00f5lar. Mida see t\u00e4hendab? See on standardiseeritud test, mis n\u00e4itab, kui veekindel on seade. IPX6 on tegelikult t\u00f5esti muljetavaldav, see t\u00e4hendab, et seade on &#8220;kaitstud k\u00f5rge r\u00f5hu all oleva veevoolu eest mis tahes nurga alt&#8221;. See t\u00e4hendab, et vihm v\u00f5i vihmahoog ei avalda seadmele kahjulikku m\u00f5ju. Parimad hinded, mis siin antakse.<\/p>\n<h2>Kokkuv\u00f5te<\/h2>\n<p>Miks need on meie nimekirjas esikohal, s\u00f5ltub hind ja praktilisus. Miks maksta rohkem? Kui tegemist on suurep\u00e4rase v\u00e4litingimustes kasutatava bluetooth-k\u00f5lariga, v\u00f5ite valida kallima alternatiivi, nagu Bose, kuid kui W-seeria on varustatud tohutu 4000 mAh akuga, mis v\u00f5imaldab 18 tundi katkematut m\u00e4ngimist ja on IPX6 veekindel v\u00e4hem kui 100 naela eest, siis saate t\u00f5esti v\u00e4ga hea pakkumise.<\/p>\n<p>Kas me mainisime, et k\u00f5larid on piisavalt valjud, et t\u00e4ita 100 ruutmeetri suurune v\u00e4li? \u00dcksk\u00f5ik, kas soovite aias l\u00f5\u00f5gastuda, rannas l\u00f5\u00f5gastuda v\u00f5i p\u00f5llul pidutseda, need k\u00f5larid v\u00f5imaldavad teil kuulata k\u00f5iki oma lemmiklaule, kus iganes te ka ei viibiksite.<\/p>\n","product_2_full_name_new":"500LK 100W Bluetooth juhtmevaba k\u00f5lar 5000mAh akuga","product_3_text_after":"<p>JBL on suurep\u00e4rane k\u00f5larite kaubam\u00e4rk ja Flip 6 on fantastiline bluetooth-k\u00f5lar, mis pakub selget ja karget heli ning keskmise v\u00f5i k\u00f5rgema hinnaga. J\u00e4llegi tunneme, et aku kestvus on \u00fcks asi, mida v\u00f5iks selle seadme puhul parandada. Mis puutub selle seadme hinda, siis see ei ole k\u00f5ige kallim k\u00f5lar, mida me selles \u00fclevaates testisime, kuigi arvestades, et 500LK on sarnase hinnaga, saate raha eest v\u00e4hem funktsioone.<\/p>\n","product_4_text_after":"<p>Bose toodab t\u00f5esti h\u00e4id k\u00f5lareid, mist\u00f5ttu SoundLink Flex on nimekirjas 4. kohal. Kahjuks me ei usu, et siin on nii hea hinna ja kvaliteedi suhe, sest need maksavad umbes 150 eurot ja arvestades seadme spetsifikatsioone, tundub meile, et te maksate umbes 50-70 eurot lisatasu ainult kaubam\u00e4rgi eest. Raha k\u00f5rvale j\u00e4ttes on SoundLink Flex suurep\u00e4rane k\u00f5lar ja neile, kellele meeldib see kaubam\u00e4rk, v\u00f5ib see olla teie jaoks \u00f5ige. L\u00f5puks tunneme, et Bose peab parandama ainult 12-tunnist aku kestvust, kindlasti piisab sellest p\u00e4evaks, kuid kui teised kaubam\u00e4rgid, nagu BlitzWolf, kasutavad akusid, mis kestavad kuni 20 tundi, ei m\u00f5ista me, miks &#8220;premium&#8221; br\u00e4ndi ei j\u00e4rgi seda eeskuju.<\/p>\n","product_5_text_after":"<p>Sobib suurep\u00e4raselt aeda\/v\u00e4ljakutele ja pakub head puhast heli umbes 200 euro eest. Visuaalselt on k\u00f5lar \u00fcsna atraktiivne ja sobiks kenasti enamikesse seadistustesse. K\u00f5rge hind, kuid \u00fcldiselt on toodetud suurep\u00e4rane heli koos hea aku kestvusega. Disain on \u00fcsna elegantne ja sarnane BlitzWolf W-seeriaga. <\/p>\n","product_6_text_after":"<p>Sarnaselt \u00fclaltoodule ei ole B&#038;O Beolit 20 tegelikult nii kaasaskantav, kuid pakub erakordset heli. Kui te kulutate umbes \u00a3 450 kuigi, siis ootaksite v\u00e4hemalt suurep\u00e4rast heli. Kui otsite parimat helikvaliteeti, siis on see seade teie jaoks. Lihtsalt olge valmis leppima 7-tunnise aku kestusega.<\/p>\n","product_7_text_after":"<p>Kui otsite k\u00f5rgekvaliteedilisi seadmeid ja olete valmis selle eest maksma, on Beosound Explore suurep\u00e4rane valik. V\u00f5rreldes B&#038;O Beolit 20-ga, on see seade tegelikult veidi kaasaskantavam. Explore pakub endiselt suurep\u00e4rast heli umbes 175-eurose hinna juures ja j\u00e4\u00e4b alla ainult hinnakujunduse osas. Umbes 80-100 eurot kallim kui meie esikohal olev BlitzWolf W seeria, kuid me ei saa aru, miks peaksite valima just selle mudeli, kui te ei ole t\u00f5sine B&#038;O f\u00e4nn. <\/p>\n","product_8_text_after":"<p>See on pigem boombox-k\u00f5lar, kuid see on \u00fcsna suur k\u00f5lar ja annab 70 W heliv\u00f5imsust, nii et see on v\u00e4ga vali. L\u00e4him konkurent meie nimekirjas on 500LK, mille v\u00f5imsus on 30 W suurem ja aku kestab kauem. \u00dcldiselt on W-KING suurep\u00e4rane, kuigi v\u00e4ga mahukas. Istub umbes \u20ac 95-\u20ac100, me arvame, et t\u00e4iendav \u00a3 10 v\u00f5i nii ekstra 500LK oleks seda v\u00e4\u00e4rt, arvestades lisatud v\u00f5imu ja aku eluiga.<\/p>\n","product_9_text_after":"<p>Istub umbes \u00a3 130 on JBL Charge 5. Meie nimekirjas viimasena ainult \u00fchel p\u00f5hjusel: aku kestab v\u00e4idetavalt kuni 20 tundi, kuid meie testides \u00f5nnestus meil saavutada vaid 4-8 tundi erineva helitugevusega. Peale selle oleks Charge 5 meie nimekirjas 3. v\u00f5i 4. kohal. \u00dcldiselt suurep\u00e4rane kvaliteetne heli ja bass, kuid kui v\u00f5rrelda k\u00f5larit sarnaste konkurentidega, nagu BlitzWolf ja Bose, siis tunneme, et toote omaduste, hinna ja heli kvaliteedi v\u00f5rdlemisel raha eest on paremad v\u00f5imalused.<\/p>\n","product_10_text_after":"<p>Kallis, kuid fantastiline valik neile, kellel on suurem eelarve. K\u00f5rge ehituskvaliteet ja \u00fcldine hea aku kestvus v\u00f5imsuse kohta. Soovitaksime kulutada veidi v\u00e4hem, sest hea bluetooth-k\u00f5lar ei ole t\u00f5en\u00e4oliselt v\u00e4\u00e4rt umbes 300 eurot. Korralik eelarve, et saada seadmest k\u00f5ige rohkem kasu, oleks umbes 100-150 eurot.   <\/p>\n"},"yoast_head":"<!-- This site is optimized with the Yoast SEO plugin v27.4 - https:\/\/yoast.com\/product\/yoast-seo-wordpress\/ -->\n<title>Top 10 Parimad juhtmevabad Bluetooth-k\u00f5larid, mida osta - DJ Music Geek<\/title>\n<meta name=\"robots\" content=\"index, follow, max-snippet:-1, max-image-preview:large, max-video-preview:-1\" \/>\n<link rel=\"canonical\" href=\"https:\/\/djmusicgeek.com\/et\/top-10-parimaid-juhtmeta-bluetooth-kolarid-ostmiseks-kuu-aastaks-uu-uu-uu-uu-uu-uu-uuendatud-2\/\" \/>\n<meta property=\"og:locale\" content=\"et_EE\" \/>\n<meta property=\"og:type\" content=\"article\" \/>\n<meta property=\"og:title\" content=\"Top 10 Parimad juhtmevabad Bluetooth-k\u00f5larid, mida osta - DJ Music Geek\" \/>\n<meta property=\"og:url\" content=\"https:\/\/djmusicgeek.com\/et\/top-10-parimaid-juhtmeta-bluetooth-kolarid-ostmiseks-kuu-aastaks-uu-uu-uu-uu-uu-uu-uuendatud-2\/\" \/>\n<meta property=\"og:site_name\" content=\"DJ Music Geek\" \/>\n<meta property=\"article:modified_time\" content=\"2026-03-01T13:48:11+00:00\" \/>\n<meta name=\"twitter:card\" content=\"summary_large_image\" \/>\n<script type=\"application\/ld+json\" class=\"yoast-schema-graph\">{\"@context\":\"https:\\\/\\\/schema.org\",\"@graph\":[{\"@type\":\"WebPage\",\"@id\":\"https:\\\/\\\/djmusicgeek.com\\\/et\\\/top-10-parimaid-juhtmeta-bluetooth-kolarid-ostmiseks-kuu-aastaks-uu-uu-uu-uu-uu-uu-uuendatud-2\\\/\",\"url\":\"https:\\\/\\\/djmusicgeek.com\\\/et\\\/top-10-parimaid-juhtmeta-bluetooth-kolarid-ostmiseks-kuu-aastaks-uu-uu-uu-uu-uu-uu-uuendatud-2\\\/\",\"name\":\"Top 10 Parimad juhtmevabad Bluetooth-k\u00f5larid, mida osta - DJ Music Geek\",\"isPartOf\":{\"@id\":\"https:\\\/\\\/djmusicgeek.com\\\/#website\"},\"datePublished\":\"2024-05-12T15:00:55+00:00\",\"dateModified\":\"2026-03-01T13:48:11+00:00\",\"breadcrumb\":{\"@id\":\"https:\\\/\\\/djmusicgeek.com\\\/et\\\/top-10-parimaid-juhtmeta-bluetooth-kolarid-ostmiseks-kuu-aastaks-uu-uu-uu-uu-uu-uu-uuendatud-2\\\/#breadcrumb\"},\"inLanguage\":\"et\",\"potentialAction\":[{\"@type\":\"ReadAction\",\"target\":[\"https:\\\/\\\/djmusicgeek.com\\\/et\\\/top-10-parimaid-juhtmeta-bluetooth-kolarid-ostmiseks-kuu-aastaks-uu-uu-uu-uu-uu-uu-uuendatud-2\\\/\"]}]},{\"@type\":\"BreadcrumbList\",\"@id\":\"https:\\\/\\\/djmusicgeek.com\\\/et\\\/top-10-parimaid-juhtmeta-bluetooth-kolarid-ostmiseks-kuu-aastaks-uu-uu-uu-uu-uu-uu-uuendatud-2\\\/#breadcrumb\",\"itemListElement\":[{\"@type\":\"ListItem\",\"position\":1,\"name\":\"Avaleht\",\"item\":\"https:\\\/\\\/djmusicgeek.com\\\/\"},{\"@type\":\"ListItem\",\"position\":2,\"name\":\"Top 10 Parimad juhtmevabad Bluetooth-k\u00f5larid, mida osta\"}]},{\"@type\":\"WebSite\",\"@id\":\"https:\\\/\\\/djmusicgeek.com\\\/#website\",\"url\":\"https:\\\/\\\/djmusicgeek.com\\\/\",\"name\":\"DJ Music Geek\",\"description\":\"\",\"potentialAction\":[{\"@type\":\"SearchAction\",\"target\":{\"@type\":\"EntryPoint\",\"urlTemplate\":\"https:\\\/\\\/djmusicgeek.com\\\/?s={search_term_string}\"},\"query-input\":{\"@type\":\"PropertyValueSpecification\",\"valueRequired\":true,\"valueName\":\"search_term_string\"}}],\"inLanguage\":\"et\"}]}<\/script>\n<!-- \/ Yoast SEO plugin. -->","yoast_head_json":{"title":"Top 10 Parimad juhtmevabad Bluetooth-k\u00f5larid, mida osta - DJ Music Geek","robots":{"index":"index","follow":"follow","max-snippet":"max-snippet:-1","max-image-preview":"max-image-preview:large","max-video-preview":"max-video-preview:-1"},"canonical":"https:\/\/djmusicgeek.com\/et\/top-10-parimaid-juhtmeta-bluetooth-kolarid-ostmiseks-kuu-aastaks-uu-uu-uu-uu-uu-uu-uuendatud-2\/","og_locale":"et_EE","og_type":"article","og_title":"Top 10 Parimad juhtmevabad Bluetooth-k\u00f5larid, mida osta - DJ Music Geek","og_url":"https:\/\/djmusicgeek.com\/et\/top-10-parimaid-juhtmeta-bluetooth-kolarid-ostmiseks-kuu-aastaks-uu-uu-uu-uu-uu-uu-uuendatud-2\/","og_site_name":"DJ Music Geek","article_modified_time":"2026-03-01T13:48:11+00:00","twitter_card":"summary_large_image","schema":{"@context":"https:\/\/schema.org","@graph":[{"@type":"WebPage","@id":"https:\/\/djmusicgeek.com\/et\/top-10-parimaid-juhtmeta-bluetooth-kolarid-ostmiseks-kuu-aastaks-uu-uu-uu-uu-uu-uu-uuendatud-2\/","url":"https:\/\/djmusicgeek.com\/et\/top-10-parimaid-juhtmeta-bluetooth-kolarid-ostmiseks-kuu-aastaks-uu-uu-uu-uu-uu-uu-uuendatud-2\/","name":"Top 10 Parimad juhtmevabad Bluetooth-k\u00f5larid, mida osta - DJ Music Geek","isPartOf":{"@id":"https:\/\/djmusicgeek.com\/#website"},"datePublished":"2024-05-12T15:00:55+00:00","dateModified":"2026-03-01T13:48:11+00:00","breadcrumb":{"@id":"https:\/\/djmusicgeek.com\/et\/top-10-parimaid-juhtmeta-bluetooth-kolarid-ostmiseks-kuu-aastaks-uu-uu-uu-uu-uu-uu-uuendatud-2\/#breadcrumb"},"inLanguage":"et","potentialAction":[{"@type":"ReadAction","target":["https:\/\/djmusicgeek.com\/et\/top-10-parimaid-juhtmeta-bluetooth-kolarid-ostmiseks-kuu-aastaks-uu-uu-uu-uu-uu-uu-uuendatud-2\/"]}]},{"@type":"BreadcrumbList","@id":"https:\/\/djmusicgeek.com\/et\/top-10-parimaid-juhtmeta-bluetooth-kolarid-ostmiseks-kuu-aastaks-uu-uu-uu-uu-uu-uu-uuendatud-2\/#breadcrumb","itemListElement":[{"@type":"ListItem","position":1,"name":"Avaleht","item":"https:\/\/djmusicgeek.com\/"},{"@type":"ListItem","position":2,"name":"Top 10 Parimad juhtmevabad Bluetooth-k\u00f5larid, mida osta"}]},{"@type":"WebSite","@id":"https:\/\/djmusicgeek.com\/#website","url":"https:\/\/djmusicgeek.com\/","name":"DJ Music Geek","description":"","potentialAction":[{"@type":"SearchAction","target":{"@type":"EntryPoint","urlTemplate":"https:\/\/djmusicgeek.com\/?s={search_term_string}"},"query-input":{"@type":"PropertyValueSpecification","valueRequired":true,"valueName":"search_term_string"}}],"inLanguage":"et"}]}},"_links":{"self":[{"href":"https:\/\/djmusicgeek.com\/et\/wp-json\/wp\/v2\/pages\/12333","targetHints":{"allow":["GET"]}}],"collection":[{"href":"https:\/\/djmusicgeek.com\/et\/wp-json\/wp\/v2\/pages"}],"about":[{"href":"https:\/\/djmusicgeek.com\/et\/wp-json\/wp\/v2\/types\/page"}],"author":[{"embeddable":true,"href":"https:\/\/djmusicgeek.com\/et\/wp-json\/wp\/v2\/users\/2"}],"replies":[{"embeddable":true,"href":"https:\/\/djmusicgeek.com\/et\/wp-json\/wp\/v2\/comments?post=12333"}],"version-history":[{"count":1,"href":"https:\/\/djmusicgeek.com\/et\/wp-json\/wp\/v2\/pages\/12333\/revisions"}],"predecessor-version":[{"id":12365,"href":"https:\/\/djmusicgeek.com\/et\/wp-json\/wp\/v2\/pages\/12333\/revisions\/12365"}],"wp:attachment":[{"href":"https:\/\/djmusicgeek.com\/et\/wp-json\/wp\/v2\/media?parent=12333"}],"curies":[{"name":"wp","href":"https:\/\/api.w.org\/{rel}","templated":true}]}}