{"id":13049,"date":"2023-10-31T20:43:26","date_gmt":"2023-10-31T20:43:26","guid":{"rendered":"https:\/\/djmusicgeek.com\/top-10-mejores-drones-para-comprar-en-irlanda-por-mes-ano-actualizado\/"},"modified":"2026-02-25T17:34:56","modified_gmt":"2026-02-25T17:34:56","slug":"top-10-mejores-drones-para-comprar-en-irlanda-por-mes-ano-actualizado","status":"publish","type":"page","link":"https:\/\/djmusicgeek.com\/es\/top-10-mejores-drones-para-comprar-en-irlanda-por-mes-ano-actualizado\/","title":{"rendered":"Los 10 mejores drones para comprar en Irlanda April 2026 [Actualizado]"},"content":{"rendered":"","protected":false},"excerpt":{"rendered":"","protected":false},"author":2,"featured_media":0,"parent":0,"menu_order":0,"comment_status":"closed","ping_status":"closed","template":"sales-template.php","meta":{"_acf_changed":false,"footnotes":""},"class_list":["post-13049","page","type-page","status-publish","hentry"],"acf":{"product_2_supplier":"Shopsta","product_3_supplier":"Amazon","product_4_supplier":"Amazon","product_5_supplier":"Shopsta","product_6_supplier":"Amazon","product_7_supplier":"Amazon","product_8_supplier":"Amazon","product_9_supplier":"Amazon","product_10_supplier":"Amazon","exclude_from_search":true,"product_3_price":"\u20ac69.99","product_price_shortcode":"\u20ac199.99","product_discount_price_shortcode":"\u20ac159.99","product_image_1":"https:\/\/cdn.shopify.com\/s\/files\/1\/0503\/4170\/7969\/products\/720ae794-ace9-4b5b-95c7-e496cc4521b8.jpg?v=1662413123","product_image_2":"https:\/\/djmusicgeek.com\/wp-content\/uploads\/2022\/09\/34a4b5c8-0cb9-484c-bb2f-c0f0fd4990ff.jpg.webp","product_image_3":"https:\/\/djmusicgeek.com\/wp-content\/uploads\/2022\/09\/4drc-f11.jpg","product_image_4":"https:\/\/djmusicgeek.com\/wp-content\/uploads\/2022\/09\/34a4b5c8-0cb9-484c-bb2f-c0f0fd4990ff.jpg.webp","product_image_5":"https:\/\/djmusicgeek.com\/wp-content\/uploads\/2022\/09\/4drc-f11.jpg","product_image_6":"https:\/\/imgaz.staticbg.com\/images\/oaupload\/banggood\/images\/CF\/3A\/771c533e-3f63-400e-b381-a126f6fbbeb0.jpg.webp","product_image_7":"https:\/\/imgaz.staticbg.com\/images\/oaupload\/banggood\/images\/6D\/8F\/f204aa95-4e5f-48db-a676-5df6614c1b85.jpg.webp","product_image_8":"https:\/\/imgaz.staticbg.com\/images\/oaupload\/banggood\/images\/03\/17\/434c53c6-77c2-4462-9876-5e3e474699a4.jpg.webp","product_3_asin":"B09WDBDGBZ","product_4_asin":"B0BKLCFY3J","product_6_asin":"B0CFF1SJ3P","product_7_asin":"B09VCCRRCH","product_8_asin":"B09MVYLN9L","product_9_asin":"B0B45CWJ5H","product_10_asin":"B0B21J2R92","product_2_image_1":"https:\/\/cdn.shopify.com\/s\/files\/1\/0503\/4170\/7969\/products\/4DRC-V4-WIFI-FPV-Drone-WiFi-live-video-FPV-4K-1080P-HD-Wide-Angle-Camera-Foldable_jpg_Q90_jpg_1483x1456_65162d87-3064-4360-bf51-a194c66e40ba.jpg?v=1672377201","product_2_image_2":"https:\/\/cdn.shopify.com\/s\/files\/1\/0503\/4170\/7969\/products\/4DRC-V4-WIFI-FPV-Drone-WiFi-live-video-FPV-4K-1080P-HD-Wide-Angle-Camera-Foldable.jpg_Q90.jpg__1.webp?v=1672377201","product_2_image_3":"https:\/\/cdn.shopify.com\/s\/files\/1\/0503\/4170\/7969\/products\/4DRC-V4-WIFI-FPV-Drone-WiFi-live-video-FPV-4K-1080P-HD-Wide-Angle-Camera-Foldable.jpg_Q90.jpg__2.webp?v=1672377201","product_2_price":"\u20ac139.99","product_2_discount_price":"\u20ac111.99","product_3_image_1":"https:\/\/www.shopsta.co.uk\/cdn\/shop\/files\/H9bd2e6933337414ca9080e6826e29fcaN_1000x1000.webp?v=1698783237","product_3_image_2":"https:\/\/www.shopsta.co.uk\/cdn\/shop\/files\/H747c6c365b134b6f89603c20492cc030S_800x800.webp?v=1698783238","product_3_image_3":"https:\/\/www.shopsta.co.uk\/cdn\/shop\/files\/Hd969eeab219042ac8f821e85075a3b26w_1000x1000.webp?v=1698783238","product_3_discount_price":"\u20ac55.99","product_url":"products\/4drc-f11-pro-gps-5g-wifi-fpv-with-4k-esc-hd-dual-camera-3km-flight-range-brushless-rc-drone-quadcopter-rtf","product_2_asin":"","product_5_asin":"","product_2_url":"products\/4drc-v4-wifi-fpv-drone-with-dual-4k-camera","product_3_url":"products\/e88-pro-drone-4k-dual-camera-aerial-photography-toy-helicopter\/","language_code":"es","product_name":"4DRC F11 PRO","product_type":"Drones","product_type_singular":"Drone para la mayor\u00eda de los usuarios","product_full_name":"Drone 4DRC F11 PRO 4K con doble c\u00e1mara","bullet_points":"<ul>\n<li>BATER\u00cdA DE ALTA CAPACIDAD: El dron viene con una bater\u00eda Lipo de 7,4 V y 3000 mAh de alta capacidad que ofrece un tiempo de vuelo considerable de unos 30 minutos.<\/li>\n<li>LARGA DISTANCIA DE CONTROL: Fabricado para un uso de largo alcance, se puede controlar hasta una distancia de nada menos que 3000 m.<\/li>\n<li>C\u00c1MARAS DE CALIDAD PROFESIONAL: Equipado con una c\u00e1mara Real 4K ESC HD de alta calidad, adem\u00e1s de una c\u00e1mara inferior secundaria 1080P para capturar v\u00eddeos e im\u00e1genes de calidad desde \u00e1ngulos a\u00e9reos.<\/li>\n<li>SISTEMA DE GU\u00cdA AVANZADO: Incorpora un avanzado sistema GPS de retorno con una sola tecla, adem\u00e1s de seguimiento inteligente GPS para un control f\u00e1cil y sin manos.<\/li>\n<li>M\u00daLTIPLES MODOS DE VUELO: Multitud de funciones para experiencias de vuelo variadas, incluido el reconocimiento fotogr\u00e1fico gestual, la planificaci\u00f3n de vuelo multipunto, el entorno de punto fijo y la funci\u00f3n de recuperaci\u00f3n de la aeronave.<\/li>\n<li>COMPARTIR: Ofrece la posibilidad de compartir fotos y v\u00eddeos para que las redes sociales compartan tus viajes de aventura inmediatamente.<\/li>\n<\/ul>\n","features":"<p>TIEMPO DE VUELO \u00d3PTIMO: Este dron proporciona unos 30 minutos de tiempo de vuelo por carga, lo que permite un amplio uso y la captura de secuencias de vuelo antes de necesitar una recarga.<br \/>\nC\u00c1MARA INTEGRADA: El 4DRC F11 Pro est\u00e1 equipado con c\u00e1maras duales para capturar im\u00e1genes y v\u00eddeos 4K de alta calidad, lo que convierte a este dron en una herramienta perfecta para realizar fotograf\u00edas y videograf\u00edas a\u00e9reas impresionantes.<br \/>\nALCANCE DE CONTROL EXTENDIDO: Con su capacidad de frecuencia de 2,4 G, se puede controlar a distancia desde una impresionante distancia de hasta 3000 m.<br \/>\nOPCIONES DE VUELO ESTABLE: El estabilizador girosc\u00f3pico de seis ejes garantiza un vuelo estable y suave, permitiendo maniobras precisas y una estabilidad fiable en diversas condiciones.<br \/>\nGPS HABILITADO: La funci\u00f3n GPS integrada proporciona mayores ventajas de seguridad en vuelo, como las funciones de vuelta a casa cuando el dron tiene poca potencia o pierde la se\u00f1al.<br \/>\nMODO DE VUELO AUT\u00d3NOMO: Utiliza el modo de ruta de planificaci\u00f3n de vuelo multipunto para establecer una ruta espec\u00edfica que el dron seguir\u00e1 de forma aut\u00f3noma, liber\u00e1ndote para centrarte en el manejo de la c\u00e1mara.<br \/>\nAPP CON TODAS LAS FUNCIONES: El dron viene con una app f\u00e1cil de usar que permite el seguimiento inteligente por GPS, el reconocimiento de fotograf\u00edas por gestos, la envolvente de punto fijo y la funci\u00f3n de recuperaci\u00f3n de la aeronave.<br \/>\nMODO SIN CABEZA: El pr\u00e1ctico modo sin cabeza facilita el manejo y el control a los usuarios, independientemente de la orientaci\u00f3n del dron en el aire.<\/p>\n","rating":"9.8","intro_text":"<p>En DJ Music Geek, no nos limitamos a los ritmos, tambi\u00e9n tenemos alas: alas de dron. Como entusiastas confesos de los drones, comprendemos lo desalentador que puede resultar navegar por el amplio mercado de los drones. Existe una enorme variedad de opciones, y encontrar la adecuada puede parecer a menudo como buscar una aguja en un pajar. Para ahorrarte tiempo y energ\u00eda, hemos cribado el mar de especificaciones y descripciones cargadas de rumores para ayudarte a encontrar el dron perfecto para elevar tu juego.   <\/p>\n","text_before_product_box":"<p>En nuestras pruebas, el 4DRC F11 PRO 4K Dual Camera Drone demostr\u00f3 ser una elecci\u00f3n sobresaliente por sus impresionantes prestaciones y su excepcional relaci\u00f3n calidad-precio. Este quadcopter ofrece una aut\u00e9ntica c\u00e1mara 4K ESC HD + 1080P, GPS con una tecla de retorno y una autonom\u00eda de vuelo de unos 30 minutos, m\u00e1s que suficiente para la mayor\u00eda de los usuarios. Adem\u00e1s de sus caracter\u00edsticas de alta calidad, este dron tiene un precio razonable, lo que lo convierte en una opci\u00f3n rentable para quienes buscan prestaciones de gama alta sin arruinarse.  <\/p>\n","text_after_product_box":"<p>El 4DRC F11 PRO 4K Dual Camera Drone ocupa un lugar destacado entre los drones mejor valorados y es una elecci\u00f3n excelente para los entusiastas. Este dron ofrece una excelente relaci\u00f3n calidad-precio, con prestaciones de gama alta a un precio muy razonable. Su reputaci\u00f3n de marca y sus avanzadas especificaciones sellan el acuerdo para quienes buscan calidad y durabilidad.  <\/p>\n<p>Este dron est\u00e1 repleto de funciones que impresionar\u00e1n a cualquiera. Su aut\u00e9ntica c\u00e1mara inferior 4K ESC HD + 1080P te garantiza la captura de v\u00eddeos e im\u00e1genes de alta definici\u00f3n con el m\u00e1ximo detalle. El posicionamiento GPS, la distancia FPV de unos 2000 m y la distancia R\/C de 3000 m abren posibilidades ilimitadas para la exploraci\u00f3n a\u00e9rea. El dron viene con una bater\u00eda duradera de 7,4 V y 3000 mAh que promete una autonom\u00eda de vuelo de unos 30 minutos, excepcionalmente superior a la de la mayor\u00eda de sus competidores. Con una c\u00e1mara HD gran angular ajustable de 90\u00b0, tendr\u00e1s garantizada la captura de impresionantes panor\u00e1micas.    <\/p>\n<p>El 4DRC F11 PRO 4K Drone est\u00e1 por encima de los dem\u00e1s con caracter\u00edsticas \u00fanicas que lo hacen f\u00e1cil de usar y eficiente. La funci\u00f3n GPS de retorno con una sola tecla, el reconocimiento de fotograf\u00edas por gestos, la planificaci\u00f3n de vuelo multipunto para la ruta, la envolvente de punto fijo y la recuperaci\u00f3n de la aeronave proporcionar\u00e1n a cualquier usuario una experiencia de vuelo inolvidable. Adem\u00e1s, viene en un paquete todo incluido que incluye un mando a distancia, una potente bater\u00eda LiPo, un cable de carga USB, fundas protectoras, cuchillas de repuesto, un destornillador y un manual de usuario. En efecto, \u00a1es la mezcla perfecta de calidad, prestaciones y precio!   <\/p>\n","why_the_best_text":"<p>Por su relaci\u00f3n calidad-precio, el 4DRC F11 PRO 4K Dual Camera Drone es sin duda la mejor opci\u00f3n entre los drones de su categor\u00eda. El precio ofrece una excelente relaci\u00f3n calidad-precio si tienes en cuenta caracter\u00edsticas notables como una impresionante c\u00e1mara dual 4K ESC HD real. Esto permite obtener tomas a\u00e9reas n\u00edtidas y de alta calidad, y con un gran angular de 120\u00b0 para una visi\u00f3n m\u00e1s amplia, tus im\u00e1genes o v\u00eddeos no te defraudar\u00e1n. La distancia FPV es de unos 2000 m, lo que garantiza una gran amplitud en la captura de terrenos pintorescos.   <\/p>\n<p>Adem\u00e1s de sus caracter\u00edsticas, este dron puede volar a una distancia de hasta 3000 m sin perder el control y tiene un tiempo de vuelo duradero de aproximadamente 30 minutos con una carga completa de s\u00f3lo 250 min. Sus atributos de posicionamiento GPS y flujo \u00f3ptico hacen que el F11 PRO sea ideal para quienes necesitan precisi\u00f3n en la navegaci\u00f3n. El dron incluye funciones inteligentes como el retorno con una sola tecla, la funci\u00f3n s\u00edgueme y el vuelo con waypoints, que lo hacen f\u00e1cil de usar y perfecto incluso para principiantes. Adem\u00e1s, el 4DRC F11 PRO viene con funciones \u00fanicas e interactivas como el reconocimiento fotogr\u00e1fico gestual y la planificaci\u00f3n de vuelo multipunto para la ruta. Sin duda, el 4DRC F11 PRO 4K Dual Camera Drone es un dron sofisticado que ofrece una mezcla de rendimiento, calidad visual y controles f\u00e1ciles de usar a un precio muy razonable.    <\/p>\n","reviews_text":"<p>Navegar por el mercado de los drones puede ser complicado, pero saber qu\u00e9 buscar en t\u00e9rminos de funcionalidad y valor puede ser de gran ayuda. Aqu\u00ed tienes seis cosas que debes tener en cuenta al comprar un dron: <\/p>\n<ol>\n<li><b>Calidad de la c\u00e1mara:<\/b> Una de las principales razones por las que mucha gente compra drones es por sus capacidades de fotograf\u00eda y v\u00eddeo a\u00e9reos. Busca drones con c\u00e1maras de alta resoluci\u00f3n, o al menos con capacidad para montar una c\u00e1mara de alta calidad. <\/li>\n<li><b>Duraci\u00f3n de la bater\u00eda:<\/b> Intenta encontrar un dron con una bater\u00eda de larga duraci\u00f3n para vuelos m\u00e1s largos. Como se ve en el ejemplo anterior, el F11 PRO de 4DRC tiene un tiempo de vuelo de unos 30 minutos, lo que es bastante impresionante en el mercado. <\/li>\n<li><b>Alcance:<\/b> Comprueba qu\u00e9 distancia puede recorrer el dron antes de perder la se\u00f1al. Algunos drones tienen un alcance de varios kil\u00f3metros, como el alcance de 3 km del dron F11 PRO. <\/li>\n<li><b>El precio:<\/b> Los drones pueden variar significativamente de precio, y es crucial encontrar uno que se ajuste a tu presupuesto. Los drones m\u00e1s caros suelen tener funciones m\u00e1s avanzadas, como c\u00e1maras de mayor resoluci\u00f3n o tiempos de vuelo m\u00e1s largos. <\/li>\n<li><b>Funciones GPS:<\/b> Algunos drones vienen con funciones avanzadas de GPS, como la posibilidad de programar una trayectoria de vuelo. Estas funciones adicionales pueden ser valiosas para usos espec\u00edficos como la cartograf\u00eda o la b\u00fasqueda y rescate. <\/li>\n<li><b>Durabilidad:<\/b> Busca drones fabricados con materiales duraderos, sobre todo si eres principiante, porque pueden producirse choques y golpes. La mayor\u00eda de los drones de alta calidad est\u00e1n fabricados con pl\u00e1stico, metal y componentes electr\u00f3nicos duraderos, lo que da como resultado un producto que puede soportar un poco de mal uso y seguir siendo funcional. <\/li>\n<\/ol>\n","top_pick_box_text":"<p>El 4DRC F11 PRO 4K Dual Camera Drone destaca como la mejor opci\u00f3n para los entusiastas de los drones por sus notables capacidades unidas a un precio favorable. Cuenta con una impresionante c\u00e1mara inferior 4K ESC HD+1080p y una gran distancia R\/C de hasta 3000 m. Entre sus caracter\u00edsticas m\u00e1s destacadas est\u00e1n el posicionamiento GPS, FPV WiFi 5G de hasta 2000 m, m\u00faltiples modos de vuelo, incluido el vuelo waypoint y el modo follow me.  <\/p>\n<p>En particular, este dron ofrece una excelente relaci\u00f3n calidad-precio, dada su amplia gama de funciones avanzadas que suelen encontrarse en drones m\u00e1s caros. Desde una larga autonom\u00eda de vuelo de unos 30 minutos, una tecla de retorno, una c\u00e1mara totalmente ajustable hasta su reconocimiento de gestos para facilitar la fotograf\u00eda, este dron cumple por encima de las expectativas por su precio. Por si fuera poco, viene con una bater\u00eda incluida de 7,4 V y 3000 mAh, que promete entretenimiento duradero.  <\/p>\n","bottom_text":"<p>El 4DRC F11 PRO presenta caracter\u00edsticas impresionantes que lo hacen destacar en el mercado. Con un tiempo de vuelo excepcional, tecnolog\u00eda GPS avanzada y sistemas de c\u00e1mara de \u00faltima generaci\u00f3n, este dron ofrece un rendimiento superior y grabaciones de alta calidad. El 4DRC F11 PRO tambi\u00e9n destaca por su facilidad de uso, con controles sencillos y modos de vuelo intuitivos, lo que lo hace adecuado para usuarios de drones de todos los niveles de experiencia. Ofrece velocidades ajustables y seguimiento de precisi\u00f3n, lo que garantiza un vuelo suave, f\u00e1cil de controlar y estable en todo momento. Esperamos que nuestros exhaustivos comentarios te hayan resultado \u00fatiles y reveladores en tu b\u00fasqueda del dron perfecto.    <\/p>\n","product_2_full_name":"4DRC V Series WIFI FPV Drone Con Doble C\u00e1mara 4K - Plegable RC Drone Quadcopter","product_3_full_name":"E88 Pro 4k Drone - Drone teledirigido profesional 4k","product_2_bullet_points":"<ul>\n<li>C\u00c1MARA DE ALTA CALIDAD: Equipada con una c\u00e1mara dual 4K de ultra alta definici\u00f3n, permite capturar im\u00e1genes y v\u00eddeos asombrosamente n\u00edtidos y vivos desde perspectivas a\u00e9reas \u00fanicas.<\/li>\n<li>VUELO ESTABLE: El giroscopio XIS de 6 A y la funci\u00f3n de modo de alta retenci\u00f3n garantizan un vuelo estable y suave, lo que facilita a los principiantes el control y la captura de secuencias de calidad.<\/li>\n<li>FUNCIONES AVANZADAS: Funciones como el retorno con una sola tecla, el modo sin cabeza y el vuelo de trayectoria facilitan la navegaci\u00f3n, por lo que es adecuado para todos los niveles de usuarios, desde principiantes hasta entusiastas avezados de los drones.<\/li>\n<li>PLEGABLE Y LIGERO: El dise\u00f1o plegable de este cuadric\u00f3ptero lo hace muy port\u00e1til y f\u00e1cil de transportar. Adem\u00e1s, su cuerpo de pl\u00e1stico ligero, de alta resistencia y resistente a la ingenier\u00eda garantiza su durabilidad. <\/li>\n<li>LARGO TIEMPO DE VUELO: Con una potente bater\u00eda de litio de 3,7 V y 1600 mAh, proporciona una larga autonom\u00eda de vuelo de 15-20 minutos, lo que te permite disfrutar del vuelo durante m\u00e1s tiempo.<\/li>\n<li>TRANSMISI\u00d3N EN TIEMPO REAL: El dron admite la transmisi\u00f3n WiFi FPV (visi\u00f3n en primera persona), que permite grabar en tiempo real y en primera persona directamente en tu smartphone a trav\u00e9s de la aplicaci\u00f3n conectada.<\/li>\n<\/ul>\n","product_3_bullet_points":"<ul>\n<li>El dron E88Pro eleva las aventuras al aire libre con su fotograf\u00eda a\u00e9rea de alta calidad y su mec\u00e1nica de vuelo f\u00e1cil de controlar, construida con pl\u00e1sticos de ingenier\u00eda de alta resistencia, duraderos y ligeros.<\/li>\n<li>Incorpora una c\u00e1mara 4K Ultra HD con un sistema de c\u00e1mara dual con interruptor opcional para tomas gran angular, que se completa con una exclusiva funci\u00f3n de zoom musical para mejorar la calidad cinematogr\u00e1fica de los v\u00eddeos y las fotos.<\/li>\n<li>Dise\u00f1ado para aficionados y entusiastas, el dron ofrece un control de cuatro canales para maniobras de precisi\u00f3n que incluyen movimientos verticales, horizontales y giratorios de 360\u00b0 para capturas panor\u00e1micas din\u00e1micas.<\/li>\n<li>El E88 Pro Drone incluye un interruptor de velocidad de vuelo de 3 niveles adecuado para distintos niveles de destreza, tecnolog\u00eda de 2,4 GHz para reducir las interferencias, y m\u00faltiples funciones como luz LED y mantenimiento de la altitud para vuelos m\u00e1s seguros y suaves.<\/li>\n<li>Cada paquete del E88Pro Drone incluye el dron, el transmisor remoto, la bater\u00eda Lipo de 3,7 V y 1800 mAh, el cable de carga USB, fundas protectoras y ventiladores de repuesto, aunque las bater\u00edas del transmisor no est\u00e1n incluidas.<\/li>\n<li>Ofrece hasta 20 minutos de vuelo con una sola carga y un alcance de 100 metros por control remoto, y se recarga completamente en s\u00f3lo 100 minutos, lo que garantiza experiencias de vuelo prolongadas e ininterrumpidas.<\/li>\n<li>Su dise\u00f1o duradero, fabricado con pl\u00e1sticos de alta resistencia, garantiza que el dron pueda soportar diversas condiciones exteriores para un uso prolongado.<\/li>\n<li>La gran variedad de funciones del E88Pro Drone, como el Wi-Fi FPV y el vuelo por trayectoria, se adaptan tanto a pilotos principiantes como experimentados, proporcionando una experiencia de vuelo completa.<\/li>\n<\/ul>\n","product_2_full_name_new":"4DRC V Series WIFI FPV Drone Con Doble C\u00e1mara 4K - Plegable RC Drone Quadcopter","product_3_full_name_new":"E88 Pro 4k Drone - Drone teledirigido profesional 4k"},"yoast_head":"<!-- This site is optimized with the Yoast SEO plugin v27.3 - https:\/\/yoast.com\/product\/yoast-seo-wordpress\/ -->\n<title>Los 10 mejores drones para comprar en Irlanda [month_year] [Actualizado] - DJ Music Geek<\/title>\n<meta name=\"robots\" content=\"index, follow, max-snippet:-1, max-image-preview:large, max-video-preview:-1\" \/>\n<link rel=\"canonical\" href=\"https:\/\/djmusicgeek.com\/es\/top-10-mejores-drones-para-comprar-en-irlanda-por-mes-ano-actualizado\/\" \/>\n<meta property=\"og:locale\" content=\"es_ES\" \/>\n<meta property=\"og:type\" content=\"article\" \/>\n<meta property=\"og:title\" content=\"Los 10 mejores drones para comprar en Irlanda [month_year] [Actualizado] - DJ Music Geek\" \/>\n<meta property=\"og:url\" content=\"https:\/\/djmusicgeek.com\/es\/top-10-mejores-drones-para-comprar-en-irlanda-por-mes-ano-actualizado\/\" \/>\n<meta property=\"og:site_name\" content=\"DJ Music Geek\" \/>\n<meta property=\"article:modified_time\" content=\"2026-02-25T17:34:56+00:00\" \/>\n<meta name=\"twitter:card\" content=\"summary_large_image\" \/>\n<script type=\"application\/ld+json\" class=\"yoast-schema-graph\">{\"@context\":\"https:\\\/\\\/schema.org\",\"@graph\":[{\"@type\":\"WebPage\",\"@id\":\"https:\\\/\\\/djmusicgeek.com\\\/es\\\/top-10-mejores-drones-para-comprar-en-irlanda-por-mes-ano-actualizado\\\/\",\"url\":\"https:\\\/\\\/djmusicgeek.com\\\/es\\\/top-10-mejores-drones-para-comprar-en-irlanda-por-mes-ano-actualizado\\\/\",\"name\":\"Los 10 mejores drones para comprar en Irlanda [month_year] [Actualizado] - DJ Music Geek\",\"isPartOf\":{\"@id\":\"https:\\\/\\\/djmusicgeek.com\\\/#website\"},\"datePublished\":\"2023-10-31T20:43:26+00:00\",\"dateModified\":\"2026-02-25T17:34:56+00:00\",\"breadcrumb\":{\"@id\":\"https:\\\/\\\/djmusicgeek.com\\\/es\\\/top-10-mejores-drones-para-comprar-en-irlanda-por-mes-ano-actualizado\\\/#breadcrumb\"},\"inLanguage\":\"es\",\"potentialAction\":[{\"@type\":\"ReadAction\",\"target\":[\"https:\\\/\\\/djmusicgeek.com\\\/es\\\/top-10-mejores-drones-para-comprar-en-irlanda-por-mes-ano-actualizado\\\/\"]}]},{\"@type\":\"BreadcrumbList\",\"@id\":\"https:\\\/\\\/djmusicgeek.com\\\/es\\\/top-10-mejores-drones-para-comprar-en-irlanda-por-mes-ano-actualizado\\\/#breadcrumb\",\"itemListElement\":[{\"@type\":\"ListItem\",\"position\":1,\"name\":\"Inicio\",\"item\":\"https:\\\/\\\/djmusicgeek.com\\\/\"},{\"@type\":\"ListItem\",\"position\":2,\"name\":\"Los 10 mejores drones para comprar en Irlanda February 2026 [Actualizado]\"}]},{\"@type\":\"WebSite\",\"@id\":\"https:\\\/\\\/djmusicgeek.com\\\/#website\",\"url\":\"https:\\\/\\\/djmusicgeek.com\\\/\",\"name\":\"DJ Music Geek\",\"description\":\"\",\"potentialAction\":[{\"@type\":\"SearchAction\",\"target\":{\"@type\":\"EntryPoint\",\"urlTemplate\":\"https:\\\/\\\/djmusicgeek.com\\\/?s={search_term_string}\"},\"query-input\":{\"@type\":\"PropertyValueSpecification\",\"valueRequired\":true,\"valueName\":\"search_term_string\"}}],\"inLanguage\":\"es\"}]}<\/script>\n<!-- \/ Yoast SEO plugin. -->","yoast_head_json":{"title":"Los 10 mejores drones para comprar en Irlanda [month_year] [Actualizado] - DJ Music Geek","robots":{"index":"index","follow":"follow","max-snippet":"max-snippet:-1","max-image-preview":"max-image-preview:large","max-video-preview":"max-video-preview:-1"},"canonical":"https:\/\/djmusicgeek.com\/es\/top-10-mejores-drones-para-comprar-en-irlanda-por-mes-ano-actualizado\/","og_locale":"es_ES","og_type":"article","og_title":"Los 10 mejores drones para comprar en Irlanda [month_year] [Actualizado] - DJ Music Geek","og_url":"https:\/\/djmusicgeek.com\/es\/top-10-mejores-drones-para-comprar-en-irlanda-por-mes-ano-actualizado\/","og_site_name":"DJ Music Geek","article_modified_time":"2026-02-25T17:34:56+00:00","twitter_card":"summary_large_image","schema":{"@context":"https:\/\/schema.org","@graph":[{"@type":"WebPage","@id":"https:\/\/djmusicgeek.com\/es\/top-10-mejores-drones-para-comprar-en-irlanda-por-mes-ano-actualizado\/","url":"https:\/\/djmusicgeek.com\/es\/top-10-mejores-drones-para-comprar-en-irlanda-por-mes-ano-actualizado\/","name":"Los 10 mejores drones para comprar en Irlanda [month_year] [Actualizado] - DJ Music Geek","isPartOf":{"@id":"https:\/\/djmusicgeek.com\/#website"},"datePublished":"2023-10-31T20:43:26+00:00","dateModified":"2026-02-25T17:34:56+00:00","breadcrumb":{"@id":"https:\/\/djmusicgeek.com\/es\/top-10-mejores-drones-para-comprar-en-irlanda-por-mes-ano-actualizado\/#breadcrumb"},"inLanguage":"es","potentialAction":[{"@type":"ReadAction","target":["https:\/\/djmusicgeek.com\/es\/top-10-mejores-drones-para-comprar-en-irlanda-por-mes-ano-actualizado\/"]}]},{"@type":"BreadcrumbList","@id":"https:\/\/djmusicgeek.com\/es\/top-10-mejores-drones-para-comprar-en-irlanda-por-mes-ano-actualizado\/#breadcrumb","itemListElement":[{"@type":"ListItem","position":1,"name":"Inicio","item":"https:\/\/djmusicgeek.com\/"},{"@type":"ListItem","position":2,"name":"Los 10 mejores drones para comprar en Irlanda February 2026 [Actualizado]"}]},{"@type":"WebSite","@id":"https:\/\/djmusicgeek.com\/#website","url":"https:\/\/djmusicgeek.com\/","name":"DJ Music Geek","description":"","potentialAction":[{"@type":"SearchAction","target":{"@type":"EntryPoint","urlTemplate":"https:\/\/djmusicgeek.com\/?s={search_term_string}"},"query-input":{"@type":"PropertyValueSpecification","valueRequired":true,"valueName":"search_term_string"}}],"inLanguage":"es"}]}},"_links":{"self":[{"href":"https:\/\/djmusicgeek.com\/es\/wp-json\/wp\/v2\/pages\/13049","targetHints":{"allow":["GET"]}}],"collection":[{"href":"https:\/\/djmusicgeek.com\/es\/wp-json\/wp\/v2\/pages"}],"about":[{"href":"https:\/\/djmusicgeek.com\/es\/wp-json\/wp\/v2\/types\/page"}],"author":[{"embeddable":true,"href":"https:\/\/djmusicgeek.com\/es\/wp-json\/wp\/v2\/users\/2"}],"replies":[{"embeddable":true,"href":"https:\/\/djmusicgeek.com\/es\/wp-json\/wp\/v2\/comments?post=13049"}],"version-history":[{"count":2,"href":"https:\/\/djmusicgeek.com\/es\/wp-json\/wp\/v2\/pages\/13049\/revisions"}],"predecessor-version":[{"id":17295,"href":"https:\/\/djmusicgeek.com\/es\/wp-json\/wp\/v2\/pages\/13049\/revisions\/17295"}],"wp:attachment":[{"href":"https:\/\/djmusicgeek.com\/es\/wp-json\/wp\/v2\/media?parent=13049"}],"curies":[{"name":"wp","href":"https:\/\/api.w.org\/{rel}","templated":true}]}}