{"id":12783,"date":"2024-06-14T21:53:57","date_gmt":"2024-06-14T21:53:57","guid":{"rendered":"https:\/\/djmusicgeek.com\/top-10-los-mejores-auriculares-de-juego-para-comprar\/"},"modified":"2026-03-01T13:47:48","modified_gmt":"2026-03-01T13:47:48","slug":"top-10-los-mejores-auriculares-de-juego-para-comprar","status":"publish","type":"page","link":"https:\/\/djmusicgeek.com\/es\/top-10-los-mejores-auriculares-de-juego-para-comprar\/","title":{"rendered":"Los 10 mejores auriculares gaming &#8211;"},"content":{"rendered":"","protected":false},"excerpt":{"rendered":"","protected":false},"author":2,"featured_media":0,"parent":0,"menu_order":0,"comment_status":"closed","ping_status":"closed","template":"sales-template.php","meta":{"_acf_changed":false,"footnotes":""},"class_list":["post-12783","page","type-page","status-publish","hentry"],"acf":{"product_3_supplier":"Amazon","product_4_supplier":"Amazon","product_5_supplier":"Amazon","product_6_supplier":"Amazon","product_7_supplier":"Amazon","product_8_supplier":"Amazon","product_9_supplier":"Amazon","product_10_supplier":"Amazon","product_3_url":"","exclude_from_search":true,"product_2_supplier":"Shopsta","product_price_shortcode":"\u20ac124.99","product_discount_price_shortcode":"\u20ac99.99","product_2_price":"\u20ac109.99","product_2_discount_price":"\u20ac87.99","product_3_image_1":"","product_3_image_2":"","product_3_image_3":"","product_3_asin":"B07B81D162","product_4_asin":"B07PRYFGXG","product_5_asin":"B08NTYB4M7","product_6_asin":"B07FZVXS8H","product_7_asin":"B09GW7NHL4","product_8_asin":"B07W5JKB8Z","product_2_asin":"","product_9_asin":"","product_10_asin":"","product_url":"products\/commander-g-series-wireless-edition","product_image_1":"https:\/\/www.shopsta.co.uk\/cdn\/shop\/files\/O1CN01ZcemJx1QlNZq4L8LS__2901482016-0-ampmedia_798x798.jpg?v=1764763575","product_image_2":"https:\/\/www.shopsta.co.uk\/cdn\/shop\/files\/O1CN01IR0kAX1QlNZrMlWQ4__2901482016-0-ampmedia_798x798.jpg?v=1764763575","product_image_3":"https:\/\/www.shopsta.co.uk\/cdn\/shop\/files\/O1CN01ofXqk01QlNZqNuSLV__2901482016-0-ampmedia_798x798.jpg?v=1764763575","product_image_4":"https:\/\/djmusicgeek.com\/wp-content\/uploads\/2025\/12\/commander-top-50.jpeg","product_image_5":"https:\/\/www.shopsta.co.uk\/cdn\/shop\/files\/O1CN01ZcemJx1QlNZq4L8LS__2901482016-0-ampmedia_798x798.jpg?v=1764763575","product_2_url":"products\/somic-g-series-wireless-gaming-headset","product_2_image_1":"https:\/\/djmusicgeek.com\/wp-content\/uploads\/2023\/02\/SOMIC-G760-Wireless-Gamer-Headset-Detachable-Mic-Bluetooth-2-4G-Wired-3in1-Headphone-for-PS5-PS4.jpg_Q90.jpg","product_2_image_2":"https:\/\/djmusicgeek.com\/wp-content\/uploads\/2023\/02\/8c6029491e9d78d6d7c55d6a97d52490_1600x1600_d063843b-7174-45e3-a17a-1f9f816a4166_1360x1360.webp","product_2_image_3":"https:\/\/djmusicgeek.com\/wp-content\/uploads\/2023\/02\/650d93954cd3914c2b7de270df928da5_1600x1600_256d8234-8373-4a0b-8fcc-eed1c89a1b70_1360x1360.webp","product_image_6":"","product_image_7":"","product_image_8":"","language_code":"es","product_name":"Comandante Serie G","product_type":"Auriculares para juegos","product_type_singular":"Auriculares para juegos","product_full_name":"Auriculares inal\u00e1mbricos para juegos Commander G Series - Bater\u00eda de 160 horas - Sonido envolvente 7.1","bullet_points":"<ul>\n<li>JUEGO COMO NUNCA: Sin duda, nuestra mejor elecci\u00f3n en auriculares inal\u00e1mbricos para juegos, con un sonido direccional incre\u00edble y una comodidad asombrosa.<\/li>\n<li>SONIDO ENVOLVENTE 7.1 INTEGRADO: Disfruta de un sonido envolvente 7.1 excelente y equilibrado con los auriculares para juegos con sonido envolvente Commander G Series.<\/li>\n<li>LARGA DURACI\u00d3N DE LA BATER\u00cdA: La enorme bater\u00eda de m\u00e1s de 160 horas y el retardo inal\u00e1mbrico de 20 ms te ofrecen un sonido eficaz &#8216;en tiempo real&#8217;.<\/li>\n<li>ALTAVOCES PROFESIONALES DE 50 MM: Las enormes unidades de altavoces de 50 mil\u00edmetros combinadas con imanes de neodimio proporcionan una calidad de sonido de estudio profesional con graves potentes, voces claras y tonos graves, medios y agudos n\u00edtidos para formar un sonido equilibrado perfecto.<\/li>\n<li>3 MODOS DE JUEGO: Selecciona el modo adecuado para ti, con el modo de juego, el modo de pel\u00edcula y el modo de m\u00fasica puedes elegir el mejor ecualizador que se adapte a tu estilo de juego.<\/li>\n<li>CUSTOM AUDIO CHIP: la unidad de sonido envolvente 7.1 virtual GS personalizada hace que seguir los pasos del enemigo en juegos como Call of Duty sea m\u00e1s f\u00e1cil que nunca. Este chip personalizado ofrece una precisi\u00f3n de sonido milim\u00e9trica en todas las direcciones, lo que le proporciona nuevas ventajas en el juego. <\/li>\n<li>COMPATIBLE CON TODAS LAS CONSOLAS: Funciona con PS5, PS4, PC y Mac de forma inal\u00e1mbrica. Utiliza la toma de auriculares de 3,5 mm para Xbox y otros dispositivos. <\/li>\n<li>MICR\u00d3FONO CRISTALIZADO: Fabricado espec\u00edficamente para juegos con brazo giratorio de 160\u00b0 que se mantiene en su sitio una vez colocado. Este micr\u00f3fono con cancelaci\u00f3n de ruido permite que se le oiga con claridad incluso con mucho ruido de fondo. <\/li>\n<\/ul>\n","features":"<p>Sonido envolvente virtual 7.1<br \/>\nAlmohadillas para los o\u00eddos para un juego largo y c\u00f3modo<br \/>\nMicr\u00f3fono claro para el chat<br \/>\nMicr\u00f3fono flexible, ajustable y desmontable<br \/>\nEnorme duraci\u00f3n de la bater\u00eda de m\u00e1s de 160 horas<br \/>\nGrandes altavoces din\u00e1micos de 50 mm<br \/>\nConexi\u00f3n inal\u00e1mbrica de 2,4 GHz<br \/>\nFunciona como auriculares para escuchar m\u00fasica<\/p>\n","rating":"9.8","intro_text":"<p>En DJ Music Geek estamos obsesionados con todo lo relacionado con el audio. Combinando una obsesi\u00f3n por el audio y el amor por los juegos, hemos probado los mejores auriculares para juegos disponibles en el mercado para comprar 2026. Los auriculares para juegos son ahora una parte muy importante de los juegos, en los que poseer unos auriculares de excelente calidad tiene enormes ventajas. Ahora es una parte vital para hacerlo bien en juegos como Call of Duty, Battlefield, CS:GO, PUBG y Rainbow Six, por nombrar s\u00f3lo algunos.   <\/p>\n<p>Simplemente teniendo unos auriculares mejores, tendr\u00e1s ventaja sobre tus competidores y podr\u00e1s o\u00edrles mejor y a mayor distancia. No s\u00f3lo eso, comunicarte con tus amigos f\u00e1cilmente y estar c\u00f3modo son otros factores importantes a tener en cuenta. Esta gu\u00eda te dar\u00e1 algunas recomendaciones de nuestros auriculares preferidos, de alta calidad, c\u00f3modos y mejores para elegir.  <\/p>\n","text_after_product_box":"<p>Entonces, \u00bfpor qu\u00e9 la serie Commander G es la mejor opci\u00f3n de todos los auriculares que hemos probado? En primer lugar, las capacidades de sonido envolvente de este auricular fueron las mejores de todas nuestras pruebas. Probamos los auriculares con el \u00faltimo Call of Duty para comprobar con qu\u00e9 facilidad pod\u00edamos localizar a los enemigos. Puedes o\u00edr claramente el sonido direccional, que te ayuda a localizar a los enemigos antes de verlos. La calidad del sonido es excepcional y nos encontramos ganando m\u00e1s partidas.<\/p>\n<p>La nueva serie Commander G es la l\u00ednea premium de auriculares para juegos de alta gama con 160 horas de juego inal\u00e1mbrico de 2,4 GHz por carga. Elimina la necesidad de cables que te conecten a tu consola o PC y proporciona juegos inal\u00e1mbricos de \u00faltima generaci\u00f3n a 2,4 GHz. Ligero y superc\u00f3modo, tiene todo lo que puedas imaginar en cuanto a auriculares de alto rendimiento. La unidad de sonido envolvente virtual 7.1 mejorada con controladores actualizados lleva las cosas realmente al siguiente nivel. Lo mejor de la Serie G es su precio. Teniendo en cuenta que auriculares similares superan los 150 \u20ac, recomendar\u00edamos este modelo frente a otros, ya que te saltas los cables, obtienes una incre\u00edble bater\u00eda de m\u00e1s de 160 horas y tambi\u00e9n tienes un sonido mejorado.     <\/p>\n<p>Calificamos a este como nuestro mejor auricular inal\u00e1mbrico para comprar en 2026.<\/p>\n<h2 class=\"\">Resumen del producto:<\/h2>\n<p>Entonces, \u00bfpor qu\u00e9 la serie Commander G es la mejor opci\u00f3n de todos los auriculares que hemos probado? Aqu\u00ed tienes 5 razones por las que creemos que los G eran los mejores: <\/p>\n<p><strong>1)<\/strong> En primer lugar, las capacidades de sonido envolvente de estos auriculares fueron las mejores de todas nuestras pruebas. Probamos los auriculares con el \u00faltimo Call of Duty para comprobar con qu\u00e9 facilidad pod\u00edamos localizar a los enemigos. Puedes o\u00edr claramente el sonido direccional, que te ayuda a localizar a los enemigos antes de verlos.  <\/p>\n<p><strong>2)<\/strong> Los de la Serie G son realmente c\u00f3modos. En nuestras m\u00faltiples pruebas de 6 horas, no experimentamos ninguna molestia real en absoluto. No te aprietan la cabeza, sino que se asientan encima de forma realmente agradable y c\u00f3moda. Las G est\u00e1n bien acolchadas en las orejas y se ajustan bien a la parte superior de la cabeza.   <\/p>\n<p><strong>3<\/strong> ) Otra gran caracter\u00edstica que han incorporado a la Serie G es la configuraci\u00f3n sin controlador. S\u00f3lo tienes que conectarlo mediante un dongle USB inal\u00e1mbrico y ya puedes disfrutar de un sonido envolvente virtual 7.1 completo. No necesitas instalar complicados controladores y parches. S\u00f3lo tienes que enchufar y listo.   <\/p>\n","why_the_best_text":"<p>En nuestras pruebas hemos comprobado que un precio m\u00e1s alto no siempre equivale a una mayor calidad. Algunas de las marcas m\u00e1s conocidas, como SteelSeries, Astro y Logtiech, produc\u00edan auriculares realmente buenos, pero su coste los situaba en el doble o el triple del precio de la serie Commander G. Al comparar aspectos como la comodidad, la claridad del sonido envolvente y las caracter\u00edsticas generales, descubrimos que, en general, la Serie G de Commander se llevaba la palma con la puntuaci\u00f3n global m\u00e1s alta basada en nuestros 6 factores principales: sonido, comodidad, duraci\u00f3n de la bater\u00eda, fiabilidad, conectividad y precio. <\/p>\n","reviews_text":"<p>Es importante fijarse en lo que se requiere en un gran auricular para juegos. Hemos ideado 6 elementos esenciales imprescindibles para cualquier auricular que debas tener en cuenta: <\/p>\n<p>1) Gran sonido &#8211; \u00a1no podemos prescindir de este componente esencial!<br \/>\n2) Comodidad &#8211; \u00bfpodemos jugar durante horas sin ninguna molestia<br \/>\n3) Duraci\u00f3n de la bater\u00eda &#8211; \u00bfcu\u00e1nto dura la bater\u00eda si es inal\u00e1mbrica?<br \/>\n4) Fiabilidad &#8211; \u00bftengo que preocuparme por la calidad de fabricaci\u00f3n?<br \/>\n5) Conectividad &#8211; \u00bfes f\u00e1cil de conectar?<br \/>\n6) Precio &#8211; \u00bfes asequible o estoy pagando de m\u00e1s?<\/p>\n<p>Hemos revisado y ordenado los auriculares anteriores bas\u00e1ndonos en estos factores. Cubrir todas las bases es importante a la hora de elegir unos auriculares, ya que s\u00f3lo hace falta que un aspecto te defraude para arruinar tu experiencia. En conjunto, nuestra mejor elecci\u00f3n es la Serie G de Commander.<\/p>\n","top_pick_box_text":"<p>Cuando se trata de unos auriculares para juegos, quieres todas las funciones integradas en un gran dise\u00f1o. En nuestra opini\u00f3n, la serie Commander G ofrece todo lo que se puede desear en unos auriculares inal\u00e1mbricos para juegos a un precio fenomenal. <\/p>\n<p>Con una alta calidad de construcci\u00f3n, una gran duraci\u00f3n de la bater\u00eda, una conectividad ultrafiable y compatibilidad con todas las consolas, calificamos la Serie G con un 9,8 sobre 10.<\/p>\n<p>Despu\u00e9s de utilizar la unidad durante aproximadamente 5 meses con un uso diario, no nos vemos cambiando a otra unidad a corto plazo.<\/p>\n<p>Consigue env\u00edo gratis al comprar en Shopsta.<\/p>\n","bottom_text":"<p>La serie Commander G incorpora unos enormes transductores de altavoz din\u00e1micos de 50 mm, que son m\u00e1s que suficientes para el usuario medio. A todo volumen, el auricular podr\u00eda considerarse demasiado alto.  Sin embargo, esto es genial, ya que puedes adaptar la salida de sonido a tu configuraci\u00f3n. Con otras caracter\u00edsticas como almohadillas c\u00f3modas para los o\u00eddos, una bater\u00eda de 160 horas y 3 modos de ecualizaci\u00f3n en el juego, la serie Commander G sin duda permite disfrutar de la mejor experiencia de juego. Si vas a optar por esta unidad, aseg\u00farate de obtener un 20% de descuento sobre el precio de venta al utilizar el c\u00f3digo de descuento al pagar. Gracias por leer nuestros comentarios anteriores y esperamos haberte ayudado a encontrar los auriculares adecuados a tus necesidades.   <\/p>\n","product_2_full_name":"SOMiC G Series - Auriculares inal\u00e1mbricos para juegos 7.1 con micr\u00f3fono desmontable","product_2_bullet_points":"<ul>\n<li>LOS MEJORES AURICULARES PARA JUEGOS ASEQUIBLES: La serie SOMiC G es un auricular superventas conocido por su rendimiento y dise\u00f1o.<\/li>\n<li>SONIDO ENVOLVENTE 7.1 INTEGRADO: Disfruta de un sonido envolvente 7.1 excelente y equilibrado con los auriculares para juegos con sonido envolvente SOMiC G.<\/li>\n<li>ALTAVOCES PROFESIONALES DE 50 MM: Las enormes unidades de altavoces de 50 mil\u00edmetros combinadas con imanes de neodimio proporcionan una calidad de sonido de estudio profesional con graves potentes, voces claras y tonos graves, medios y agudos n\u00edtidos para formar un sonido equilibrado perfecto.<\/li>\n<li>3 MODOS DE JUEGO: Selecciona el modo adecuado para ti, con el modo de juego, el modo de pel\u00edcula y el modo de m\u00fasica puedes elegir el mejor ecualizador que se adapte a tu estilo de juego.<\/li>\n<li>CHIP DE AUDIO PERSONALIZADO: La unidad de sonido envolvente 7.1 virtual personalizada de la Serie G hace que seguir los pasos del enemigo en juegos como Call of Duty sea m\u00e1s f\u00e1cil que nunca. Este chip personalizado ofrece una precisi\u00f3n de sonido milim\u00e9trica en todas las direcciones, lo que le proporciona nuevas ventajas en el juego. <\/li>\n<li>COMPATIBLE CON TODAS LAS CONSOLAS: Funciona con PS5, PS4, PC y Mac mediante USB. Utiliza la toma de auriculares de 3,5 mm para Xbox y otros dispositivos. <\/li>\n<li>MICR\u00d3FONO CRISTALIZADO: Fabricado espec\u00edficamente para juegos con brazo giratorio de 160\u00b0 que se mantiene en su sitio una vez colocado. Este micr\u00f3fono con cancelaci\u00f3n de ruido permite que se le oiga con claridad incluso con mucho ruido de fondo. <\/li>\n<\/ul>\n","text_after_product_box_2":"<p><strong>4<\/strong> ) El micr\u00f3fono es n\u00edtido, incluso tiene un micr\u00f3fono dual de cancelaci\u00f3n de ruido que se sit\u00faa en el exterior del auricular para escuchar el ruido de fondo y eliminarlo de tu chat de voz en el juego.<\/p>\n<p><strong>5<\/strong> ) La duraci\u00f3n de la bater\u00eda es un factor importante en los auriculares inal\u00e1mbricos, as\u00ed que es mejor conseguir uno con una capacidad decente. La serie Commander G destaca como uno de los mejores auriculares por la duraci\u00f3n de la bater\u00eda. Unas enormes 160+ horas completas sin carga.  Yo mismo lo he probado y, de hecho, creo que ha durado m\u00e1s que esta cifra oficial. Pero a\u00fan as\u00ed, 160 horas es mucho tiempo sin necesidad de recargar y otra gran caracter\u00edstica es que puedes cargar y jugar al mismo tiempo, lo cual es genial.<\/p>\n","product_2_full_name_new":"SOMiC G Series - Auriculares inal\u00e1mbricos para juegos 7.1 con micr\u00f3fono desmontable"},"yoast_head":"<!-- This site is optimized with the Yoast SEO plugin v27.5 - https:\/\/yoast.com\/product\/yoast-seo-wordpress\/ -->\n<title>Los 10 mejores auriculares gaming - DJ Music Geek<\/title>\n<meta name=\"robots\" content=\"index, follow, max-snippet:-1, max-image-preview:large, max-video-preview:-1\" \/>\n<link rel=\"canonical\" href=\"https:\/\/djmusicgeek.com\/es\/top-10-los-mejores-auriculares-de-juego-para-comprar\/\" \/>\n<meta property=\"og:locale\" content=\"es_ES\" \/>\n<meta property=\"og:type\" content=\"article\" \/>\n<meta property=\"og:title\" content=\"Los 10 mejores auriculares gaming - DJ Music Geek\" \/>\n<meta property=\"og:url\" content=\"https:\/\/djmusicgeek.com\/es\/top-10-los-mejores-auriculares-de-juego-para-comprar\/\" \/>\n<meta property=\"og:site_name\" content=\"DJ Music Geek\" \/>\n<meta property=\"article:modified_time\" content=\"2026-03-01T13:47:48+00:00\" \/>\n<meta name=\"twitter:card\" content=\"summary_large_image\" \/>\n<script type=\"application\/ld+json\" class=\"yoast-schema-graph\">{\"@context\":\"https:\\\/\\\/schema.org\",\"@graph\":[{\"@type\":\"WebPage\",\"@id\":\"https:\\\/\\\/djmusicgeek.com\\\/es\\\/top-10-los-mejores-auriculares-de-juego-para-comprar\\\/\",\"url\":\"https:\\\/\\\/djmusicgeek.com\\\/es\\\/top-10-los-mejores-auriculares-de-juego-para-comprar\\\/\",\"name\":\"Los 10 mejores auriculares gaming - DJ Music Geek\",\"isPartOf\":{\"@id\":\"https:\\\/\\\/djmusicgeek.com\\\/#website\"},\"datePublished\":\"2024-06-14T21:53:57+00:00\",\"dateModified\":\"2026-03-01T13:47:48+00:00\",\"breadcrumb\":{\"@id\":\"https:\\\/\\\/djmusicgeek.com\\\/es\\\/top-10-los-mejores-auriculares-de-juego-para-comprar\\\/#breadcrumb\"},\"inLanguage\":\"es\",\"potentialAction\":[{\"@type\":\"ReadAction\",\"target\":[\"https:\\\/\\\/djmusicgeek.com\\\/es\\\/top-10-los-mejores-auriculares-de-juego-para-comprar\\\/\"]}]},{\"@type\":\"BreadcrumbList\",\"@id\":\"https:\\\/\\\/djmusicgeek.com\\\/es\\\/top-10-los-mejores-auriculares-de-juego-para-comprar\\\/#breadcrumb\",\"itemListElement\":[{\"@type\":\"ListItem\",\"position\":1,\"name\":\"Inicio\",\"item\":\"https:\\\/\\\/djmusicgeek.com\\\/\"},{\"@type\":\"ListItem\",\"position\":2,\"name\":\"Los 10 mejores auriculares gaming &#8211;\"}]},{\"@type\":\"WebSite\",\"@id\":\"https:\\\/\\\/djmusicgeek.com\\\/#website\",\"url\":\"https:\\\/\\\/djmusicgeek.com\\\/\",\"name\":\"DJ Music Geek\",\"description\":\"\",\"potentialAction\":[{\"@type\":\"SearchAction\",\"target\":{\"@type\":\"EntryPoint\",\"urlTemplate\":\"https:\\\/\\\/djmusicgeek.com\\\/?s={search_term_string}\"},\"query-input\":{\"@type\":\"PropertyValueSpecification\",\"valueRequired\":true,\"valueName\":\"search_term_string\"}}],\"inLanguage\":\"es\"}]}<\/script>\n<!-- \/ Yoast SEO plugin. -->","yoast_head_json":{"title":"Los 10 mejores auriculares gaming - DJ Music Geek","robots":{"index":"index","follow":"follow","max-snippet":"max-snippet:-1","max-image-preview":"max-image-preview:large","max-video-preview":"max-video-preview:-1"},"canonical":"https:\/\/djmusicgeek.com\/es\/top-10-los-mejores-auriculares-de-juego-para-comprar\/","og_locale":"es_ES","og_type":"article","og_title":"Los 10 mejores auriculares gaming - DJ Music Geek","og_url":"https:\/\/djmusicgeek.com\/es\/top-10-los-mejores-auriculares-de-juego-para-comprar\/","og_site_name":"DJ Music Geek","article_modified_time":"2026-03-01T13:47:48+00:00","twitter_card":"summary_large_image","schema":{"@context":"https:\/\/schema.org","@graph":[{"@type":"WebPage","@id":"https:\/\/djmusicgeek.com\/es\/top-10-los-mejores-auriculares-de-juego-para-comprar\/","url":"https:\/\/djmusicgeek.com\/es\/top-10-los-mejores-auriculares-de-juego-para-comprar\/","name":"Los 10 mejores auriculares gaming - DJ Music Geek","isPartOf":{"@id":"https:\/\/djmusicgeek.com\/#website"},"datePublished":"2024-06-14T21:53:57+00:00","dateModified":"2026-03-01T13:47:48+00:00","breadcrumb":{"@id":"https:\/\/djmusicgeek.com\/es\/top-10-los-mejores-auriculares-de-juego-para-comprar\/#breadcrumb"},"inLanguage":"es","potentialAction":[{"@type":"ReadAction","target":["https:\/\/djmusicgeek.com\/es\/top-10-los-mejores-auriculares-de-juego-para-comprar\/"]}]},{"@type":"BreadcrumbList","@id":"https:\/\/djmusicgeek.com\/es\/top-10-los-mejores-auriculares-de-juego-para-comprar\/#breadcrumb","itemListElement":[{"@type":"ListItem","position":1,"name":"Inicio","item":"https:\/\/djmusicgeek.com\/"},{"@type":"ListItem","position":2,"name":"Los 10 mejores auriculares gaming &#8211;"}]},{"@type":"WebSite","@id":"https:\/\/djmusicgeek.com\/#website","url":"https:\/\/djmusicgeek.com\/","name":"DJ Music Geek","description":"","potentialAction":[{"@type":"SearchAction","target":{"@type":"EntryPoint","urlTemplate":"https:\/\/djmusicgeek.com\/?s={search_term_string}"},"query-input":{"@type":"PropertyValueSpecification","valueRequired":true,"valueName":"search_term_string"}}],"inLanguage":"es"}]}},"_links":{"self":[{"href":"https:\/\/djmusicgeek.com\/es\/wp-json\/wp\/v2\/pages\/12783","targetHints":{"allow":["GET"]}}],"collection":[{"href":"https:\/\/djmusicgeek.com\/es\/wp-json\/wp\/v2\/pages"}],"about":[{"href":"https:\/\/djmusicgeek.com\/es\/wp-json\/wp\/v2\/types\/page"}],"author":[{"embeddable":true,"href":"https:\/\/djmusicgeek.com\/es\/wp-json\/wp\/v2\/users\/2"}],"replies":[{"embeddable":true,"href":"https:\/\/djmusicgeek.com\/es\/wp-json\/wp\/v2\/comments?post=12783"}],"version-history":[{"count":2,"href":"https:\/\/djmusicgeek.com\/es\/wp-json\/wp\/v2\/pages\/12783\/revisions"}],"predecessor-version":[{"id":16702,"href":"https:\/\/djmusicgeek.com\/es\/wp-json\/wp\/v2\/pages\/12783\/revisions\/16702"}],"wp:attachment":[{"href":"https:\/\/djmusicgeek.com\/es\/wp-json\/wp\/v2\/media?parent=12783"}],"curies":[{"name":"wp","href":"https:\/\/api.w.org\/{rel}","templated":true}]}}