{"id":12426,"date":"2024-01-19T02:13:41","date_gmt":"2024-01-19T02:13:41","guid":{"rendered":"https:\/\/djmusicgeek.com\/los-mejores-auriculares-inalambricos-para-comprar-en-2024\/"},"modified":"2026-03-01T13:46:12","modified_gmt":"2026-03-01T13:46:12","slug":"los-mejores-auriculares-inalambricos-para-comprar-en-2024","status":"publish","type":"page","link":"https:\/\/djmusicgeek.com\/es\/los-mejores-auriculares-inalambricos-para-comprar-en-2024\/","title":{"rendered":"Los 10 mejores auriculares inal\u00e1mbricos para comprar en el Reino Unido para April 2026 [Actualizado]"},"content":{"rendered":"","protected":false},"excerpt":{"rendered":"","protected":false},"author":2,"featured_media":0,"parent":0,"menu_order":0,"comment_status":"closed","ping_status":"closed","template":"sales-template.php","meta":{"_acf_changed":false,"footnotes":""},"class_list":["post-12426","page","type-page","status-publish","hentry"],"acf":{"product_2_supplier":"Amazon","product_3_supplier":"Amazon","product_4_supplier":"Amazon","product_5_supplier":"Amazon","product_6_supplier":"Amazon","product_7_supplier":"Amazon","product_8_supplier":"Amazon","product_9_supplier":"Amazon","product_10_supplier":"Amazon","exclude_from_search":true,"product_3_price":"","product_3_url":"","product_url":"https:\/\/www.shopsta.co.uk\/products\/soundpeats-mini-pro-hs-wireless-earbuds-bluetooth-anc-hi-res-sound","product_2_url":"https:\/\/www.shopsta.co.uk\/products\/tribit-flybuds-c2-wireless-bluetooth-earphones-4-mics-call-noise-canceling-crystal-clear-calls-earbuds-32h-playtime-headphones","product_price_shortcode":"\u00a379.99","product_discount_price_shortcode":"\u00a364.00","product_image_1":"https:\/\/cdn.shopify.com\/s\/files\/1\/0503\/4170\/7969\/files\/S01dda507573846b8bf7dfef5c3e59319p.webp?v=1705589004","product_image_2":"https:\/\/cdn.shopify.com\/s\/files\/1\/0503\/4170\/7969\/files\/Sa889552a83924fdb874785ba30cf9192a.webp?v=1705589004","product_image_3":"https:\/\/cdn.shopify.com\/s\/files\/1\/0503\/4170\/7969\/files\/S26bef3b5f5c54c1f9a6041ef40166764p.webp?v=1705589004","product_image_4":"https:\/\/cdn.shopify.com\/s\/files\/1\/0503\/4170\/7969\/files\/S2ab9ef8c42524edaae083d7cdd7137e1r.webp?v=1705589005","product_image_5":"https:\/\/cdn.shopify.com\/s\/files\/1\/0503\/4170\/7969\/files\/Scb1eb558b35d4f34871e168f74f908efC.webp?v=1705589005","product_image_6":"https:\/\/www.shopsta.co.uk\/cdn\/shop\/files\/Sa889552a83924fdb874785ba30cf9192a_1400x1400.webp?v=1705589004","product_image_7":"https:\/\/www.shopsta.co.uk\/cdn\/shop\/files\/S26bef3b5f5c54c1f9a6041ef40166764p_1400x1400.webp?v=1705589004","product_image_8":"https:\/\/www.shopsta.co.uk\/cdn\/shop\/files\/Scb1eb558b35d4f34871e168f74f908efC_1400x1400.webp?v=1705589005","product_2_asin":"B0CHWZ9TZS","product_3_asin":"B0B4KHCQ96","product_4_asin":"B0979QQHFG","product_5_asin":"B09D7PXZV7","product_6_asin":"B09RZKHSD6","product_7_asin":"B09JQQDLXF","product_8_asin":"B095DNPH4R","product_9_asin":"B09RZJZ7YW","product_10_asin":"B0C9NGNBPG","product_2_image_1":"https:\/\/cdn.shopify.com\/s\/files\/1\/0503\/4170\/7969\/files\/Sb63526d4600f46848fe7de0e077cc862U.jpg?v=1695677154","product_2_image_2":"https:\/\/cdn.shopify.com\/s\/files\/1\/0503\/4170\/7969\/files\/Sc78e0c14e4e64fd58f35cba2ded94ad9r.jpg?v=1695677153","product_2_image_3":"https:\/\/cdn.shopify.com\/s\/files\/1\/0503\/4170\/7969\/files\/Seaaf380b94f049b4b91eb37d65f0c0b1L.jpg?v=1695677153","product_2_price":"\u00a347.99","product_2_discount_price":"\u00a338.39","product_3_image_1":"","product_3_image_2":"","product_3_image_3":"","product_3_discount_price":"","language_code":"es","product_name":"SOUNDPEATS\u00ae Mini Pro","product_type":"Auriculares inal\u00e1mbricos","product_type_singular":"Auriculares inal\u00e1mbricos que debes comprar","product_full_name":"Auriculares SOUNDPEATS\u00ae Mini Pro True Wireless","bullet_points":"<ul>\n<li>CALIDAD DE SONIDO ASOMBROSA: Estos auriculares ofrecen un sonido rico en detalles, superior al de los CD, con una amplia banda de reproducci\u00f3n de 20 Hz a 40 kHz. Disfruta del sonido m\u00e1s cercano a la grabaci\u00f3n original para una experiencia de audio enriquecida y envolvente. <\/li>\n<li>TECNOLOG\u00cdA DE C\u00f3dec LDAC: Experimenta una transmisi\u00f3n de sonido sin interrupciones con el triple de informaci\u00f3n que el c\u00f3dec Bluetooth SBC tradicional. Aprecia los matices en voces e instrumentos, con un resultado cercano a la intenci\u00f3n original del creador. <\/li>\n<li>CANCELACI\u00d3N DE RUIDO AVANZADA: Con tecnolog\u00eda h\u00edbrida de cancelaci\u00f3n de ruido activa para una reducci\u00f3n de hasta 40 dB, neutraliza los sonidos externos, permitiendo un audio sin molestias incluso en entornos ruidosos.<\/li>\n<li>CONTROLADOR DIN\u00c1MICO PREMIUM: Incorpora un controlador din\u00e1mico de 10 mm para garantizar la profundidad y el dinamismo de los sonidos naturales, aportando una experiencia de audio de baja frecuencia incre\u00edblemente equilibrada y lo m\u00e1s parecida posible al sonido original.<\/li>\n<li>BATER\u00cdA FIABLE: Disfruta de hasta 8 horas de reproducci\u00f3n continua de m\u00fasica s\u00f3lo con los auriculares y de hasta 28 horas con el estuche de carga. Ideal para viajes largos, d\u00edas de trabajo ajetreados y entretenimiento de audio prolongado. <\/li>\n<li>OPTIMIZADO PARA CONFERENCIAS: Incorpora la funci\u00f3n de cancelaci\u00f3n de ruido de llamadas ENC y 6 micr\u00f3fonos para filtrar el ruido ambiente, garantizando una calidad de voz n\u00edtida durante las conversaciones. Perfecto para el trabajo a distancia y las conferencias web. <\/li>\n<\/ul>\n","features":"<p>CALIDAD DE SONIDO ASOMBROSA: Disfruta del sonido como debe o\u00edrse. Los auriculares reproducen un sonido de alta resoluci\u00f3n que es rico, detallado y fiel a la realidad. La amplia banda de reproducci\u00f3n de 20 Hz a 40 kHz te permite captar todos los matices, proporcionando una experiencia de audio realmente envolvente.  <\/p>\n<p>TRANSMISI\u00d3N DE SONIDO SUPERIOR: Gracias a la tecnolog\u00eda de c\u00f3dec LDAC, estos auriculares inal\u00e1mbricos pueden transmitir 3 veces m\u00e1s datos que el c\u00f3dec Bluetooth SBC tradicional, lo que te permite apreciar cada detalle de la m\u00fasica.  <\/p>\n<p>CANCELACI\u00d3N DE RUIDO AVANZADA: La tecnolog\u00eda h\u00edbrida de cancelaci\u00f3n de ruido activa proporciona hasta 40 dB de reducci\u00f3n, eliminando eficazmente el ruido de fondo. Disfruta de una experiencia de audio tranquila y sin interrupciones, est\u00e9s donde est\u00e9s. <\/p>\n<p>DRIVER DIN\u00c1MICO PREMIUM DE 10MM: Con un driver din\u00e1mico de 10mm, estos auriculares garantizan profundidad en los sonidos de rango medio-bajo, y el dinamismo de los sonidos naturales. El resultado es una colecci\u00f3n de frecuencias bien equilibrada e incre\u00edblemente cercana a la grabaci\u00f3n original. <\/p>\n<p>BATER\u00cdA FIABLE: A pesar de su dise\u00f1o compacto, estos auriculares ofrecen hasta 8 horas de reproducci\u00f3n continua, y 20 horas m\u00e1s con el estuche de carga. Esto los hace perfectos para largos desplazamientos, jornadas continuas de trabajo o sesiones prolongadas de entretenimiento con audio. <\/p>\n<p>OPTIMIZADOS PARA LAS LLAMADAS: Equipados con la funci\u00f3n de supresi\u00f3n de ruido en las llamadas ENC y 6 micr\u00f3fonos -3 en cada auricular-, los auriculares SOUNDPEATS Mini Pro est\u00e1n dise\u00f1ados para mejorar tu voz durante las llamadas filtrando el ruido ambiental. Ideal para el trabajo a distancia y las conferencias web. <\/p>\n<p>ESPECIFICACIONES DE PRIMERA: Estos auriculares vienen con una serie de caracter\u00edsticas de gama alta, como un chipset Bluetooth WQ7033AR, una resistencia de 32\u03a9, un rango de respuesta en frecuencia de 20-40.000 Hz, c\u00f3decs AAC, SBC y LDAC, cancelaci\u00f3n activa del ruido y una versi\u00f3n Bluetooth 5.3.<\/p>\n<p>CONTENIDO DE LA CAJA: Junto con los dos auriculares Bluetooth Mini Pro HS, la caja incluye un cable de carga Tipo-C, 6 almohadillas intercambiables, un estuche de carga y un manual de usuario.<\/p>\n","rating":"9.8","intro_text":"<p>Bienvenido a DJ Music Geek, tu fuente de informaci\u00f3n sobre lo \u00faltimo y lo mejor en equipos de audio. Si buscas una calidad de sonido impecable, un ajuste seguro, una duraci\u00f3n de la bater\u00eda impresionante y una experiencia inal\u00e1mbrica sin interrupciones, est\u00e1s en el lugar adecuado. Como audi\u00f3filos dedicados y entusiastas de la tecnolog\u00eda, te ofrecemos an\u00e1lisis exhaustivos y autorizados y recomendaciones sobre los mejores auriculares inal\u00e1mbricos del mercado. Desde las compras m\u00e1s econ\u00f3micas hasta las de gama alta, lo hemos probado todo para proporcionarte la informaci\u00f3n que necesitas para hacer la elecci\u00f3n correcta. Prep\u00e1rate para mejorar tu experiencia auditiva con unos auriculares inal\u00e1mbricos que realmente dan en el clavo.    <\/p>\n","text_before_product_box":"<p>Los auriculares SOUNDPEATS\u00ae Mini Pro True Wireless han obtenido la m\u00e1xima puntuaci\u00f3n en nuestras pruebas por su inmejorable combinaci\u00f3n de calidad de sonido, valor y funciones innovadoras. Estos auriculares superan a la competencia con su reproducci\u00f3n de sonido de alta resoluci\u00f3n y su exclusivo c\u00f3dec LDAC para una transmisi\u00f3n de sonido superior. A un precio asequible, tambi\u00e9n ofrecen un excelente retorno de la inversi\u00f3n, con funciones como la cancelaci\u00f3n activa del ruido h\u00edbrida y hasta 28 horas de duraci\u00f3n de la bater\u00eda.  <\/p>\n","text_after_product_box":"<p>A la hora de elegir unos auriculares inal\u00e1mbricos, la relaci\u00f3n calidad-precio es de gran importancia. Los auriculares inal\u00e1mbricos SOUNDPEATS Mini Pro ofrecen precisamente eso. Tras probar este producto, podemos garantizarte que ofrece una calidad de audio inigualable, funciones avanzadas y una longevidad excelente a un precio muy competitivo.    <\/p>\n<p>Con su reproducci\u00f3n de fuentes de sonido de alta resoluci\u00f3n y la tecnolog\u00eda superior del c\u00f3dec LDAC, nos impresion\u00f3 la salida de audio rica, detallada y realista. El producto proporciona una experiencia de audio enriquecida y envolvente, muy superior a la de los CD. Adem\u00e1s, los auriculares tienen cancelaci\u00f3n activa del ruido, que neutraliza eficazmente los sonidos externos, una verdadera ventaja en entornos ruidosos.  <\/p>\n<p>Los auriculares SOUNDPEATS Mini Pro presumen de una bater\u00eda fiable que dura hasta 8 horas con los auriculares solos, y 28 horas con el estuche de carga, lo que los hace perfectos para viajes largos y un amplio entretenimiento de audio. Adem\u00e1s, descubrimos que con su funci\u00f3n integrada de cancelaci\u00f3n de ruido de llamadas ENC y sus seis micr\u00f3fonos, este modelo es excelente para el trabajo a distancia y las conferencias web. As\u00ed que si buscas un producto que logre el mejor equilibrio entre prestaciones de primer nivel y asequibilidad, el SOUNDPEATS Mini Pro es el camino a seguir.  <\/p>\n","why_the_best_text":"<p>Cuando se trata de encontrar unos auriculares inal\u00e1mbricos que ofrezcan un alto valor por tu dinero, creemos que los Mini Auriculares True Wireless SOUNDPEATS\u00ae Pro destacan entre los dem\u00e1s. Teniendo en cuenta su competitivo precio, viene repleto de funciones que hemos probado personalmente y que nos han parecido de un rendimiento excepcional. <\/p>\n<p>Una de las caracter\u00edsticas m\u00e1s distintivas de estos auriculares es su brillante calidad de sonido. Con una reproducci\u00f3n de alta resoluci\u00f3n que ofrece un sonido superior al de los CD, los usuarios pueden disfrutar de una experiencia de audio enriquecida y envolvente. Su reproducci\u00f3n de banda ancha, que va de 20 Hz a 40 kHz, garantiza un sonido lo m\u00e1s parecido a la grabaci\u00f3n original. Adem\u00e1s, equipado con tecnolog\u00eda avanzada de cancelaci\u00f3n de ruido, reduce eficazmente el ruido ambiental, permitiendo una experiencia de audio ininterrumpida.   <\/p>\n<p>Tambi\u00e9n nos impresion\u00f3 la impresionante duraci\u00f3n de su bater\u00eda, que aguanta hasta 8 horas de reproducci\u00f3n continua con los auriculares, y un total de 28 horas con el estuche de carga, lo que la hace perfecta para viajes largos o sesiones prolongadas de entretenimiento de audio. La inclusi\u00f3n de una funci\u00f3n de supresi\u00f3n de ruido de llamada ENC integrada y seis micr\u00f3fonos optimiza a\u00fan m\u00e1s estos auriculares para mantener conversaciones claras, lo que los convierte en una opci\u00f3n pr\u00e1ctica para el trabajo a distancia o las conferencias web. En general, creemos que el SOUNDPEATS\u00ae Mini Pro ofrece un valor notable por su precio.  <\/p>\n","reviews_text":"<p>Elegir los mejores auriculares inal\u00e1mbricos puede ser complicado, dada la gran cantidad de opciones disponibles en el mercado. He aqu\u00ed los factores clave que debes tener en cuenta para hacer la mejor elecci\u00f3n. <\/p>\n<ol>\n<li>Calidad de sonido: Los auriculares deben ofrecer una calidad de sonido superior con capacidad para emitir una amplia gama de frecuencias de audio, lo que te permitir\u00e1 disfrutar de una experiencia de audio rica y envolvente.<\/li>\n<li>Funci\u00f3n de cancelaci\u00f3n de ruido: Los auriculares de alta calidad incorporan una avanzada tecnolog\u00eda de cancelaci\u00f3n del ruido para neutralizar los sonidos externos, permiti\u00e9ndote disfrutar de tu m\u00fasica sin distracciones.<\/li>\n<li>Duraci\u00f3n de la bater\u00eda: Los mejores auriculares ofrecen una duraci\u00f3n de bater\u00eda fiable que puede durarte todo el d\u00eda o un viaje largo.<\/li>\n<li>Comodidad: Los auriculares deben ser c\u00f3modos de llevar durante periodos prolongados y ajustarse bien a tus o\u00eddos.<\/li>\n<li>Caracter\u00edsticas de gama alta: Ten en cuenta caracter\u00edsticas como el chipset Bluetooth y la reproducci\u00f3n de fuentes de sonido de alta resoluci\u00f3n. Estos elementos contribuyen al rendimiento general de los auriculares. <\/li>\n<li>El precio: Ten siempre en cuenta el precio. Los mejores auriculares ofrecen excelentes prestaciones, durabilidad y calidad de sonido a un precio que te resulte c\u00f3modo pagar. <\/li>\n<\/ol>\n","top_pick_box_text":"<p>Los auriculares SOUNDPEATS\u00ae Mini Pro True Wireless incorporan funciones avanzadas a un precio asequible, lo que los convierte en una opci\u00f3n excelente para los consumidores preocupados por el valor. Desde la calidad de sonido de alta resoluci\u00f3n, el c\u00f3dec LDAC para una transmisi\u00f3n de sonido superior, hasta la avanzada tecnolog\u00eda de cancelaci\u00f3n de ruido, estos auriculares ofrecen sin esfuerzo un rendimiento de audio de primera. Adem\u00e1s, vienen con una bater\u00eda fiable de hasta 28 horas de duraci\u00f3n con el estuche de carga, lo que te garantiza energ\u00eda suficiente para largos periodos de entretenimiento sonoro.  <\/p>\n<p>Estos auriculares destacan no s\u00f3lo por su asombrosa calidad de sonido, sino tambi\u00e9n por su funcionalidad en conversaciones y conferencias, gracias a la funci\u00f3n de supresi\u00f3n de ruido en llamadas ENC y a los seis micr\u00f3fonos incorporados. Ofrecen un equilibrio inigualable entre precio, prestaciones y caracter\u00edsticas adicionales, lo que las convierte en una elecci\u00f3n s\u00f3lida para cualquier estilo de vida y ocasi\u00f3n. Estos auriculares inal\u00e1mbricos con una excelente relaci\u00f3n calidad-precio de SOUNDPEATS\u00ae ofrecen una experiencia de sonido personal y envolvente.  <\/p>\n","bottom_text":"<p>En conclusi\u00f3n, los auriculares inal\u00e1mbricos SOUNDPEATS\u00ae Mini Pro son un producto sobresaliente y una gran compra. A trav\u00e9s de nuestras exhaustivas pruebas, han demostrado sistem\u00e1ticamente su val\u00eda, ostentando caracter\u00edsticas de primera categor\u00eda que las sit\u00faan por delante de la competencia.   <\/p>\n<p>Su calidad de sonido superior es notable, con una reproducci\u00f3n de sonido tan rica y detallada que puedes captar cada matiz musical. La tecnolog\u00eda de c\u00f3dec LDAC de los auriculares garantiza una transmisi\u00f3n de datos tres veces superior a la de los c\u00f3decs Bluetooth tradicionales, intensificando tu experiencia de audio. Junto con la funci\u00f3n avanzada de cancelaci\u00f3n de ruido, estos auriculares ahogan sin esfuerzo el ruido de fondo, creando un entorno de audio ininterrumpido.    <\/p>\n<p>Los transductores din\u00e1micos de 10 mm garantizan una gama de frecuencias equilibrada que coincide con la grabaci\u00f3n original, mientras que la generosa duraci\u00f3n de la bater\u00eda proporciona hasta 8 horas de reproducci\u00f3n de audio ininterrumpida, ampliadas a 20 horas con el estuche de carga. Estas caracter\u00edsticas la convierten en la compa\u00f1era perfecta para largas jornadas de trabajo y viajes.   <\/p>\n<p>Adem\u00e1s, estos auriculares est\u00e1n optimizados para llamadas, garantizando una calidad de voz clara y n\u00edtida en tus videoconferencias y llamadas. Sus especificaciones, incluida la versi\u00f3n Bluetooth 5.3, est\u00e1n actualizadas, y el contenido de la caja incluye todos los accesorios necesarios para su uso inmediato. <\/p>\n<p>En general, de todos los auriculares inal\u00e1mbricos que hemos probado, los auriculares SOUNDPEATS\u00ae Mini Pro se han convertido en los ganadores indiscutibles gracias a su extraordinario rendimiento, sus funciones superiores y su brillante calidad de sonido. Sus impresionantes atributos realmente los distinguen y garantizan una experiencia auditiva realmente envolvente. <\/p>\n","product_2_full_name":"Auriculares inal\u00e1mbricos Bluetooth Tribit FlyBuds C2 con 4 micr\u00f3fonos, cancelaci\u00f3n de ruido y 32 horas de reproducci\u00f3n.","product_2_bullet_points":"<ul>\n<li>LLAMADAS CLARAS COMO EL CRISTAL: Dise\u00f1ado para ofrecer una calidad de llamada excelente, incluso en entornos ruidosos, gracias a la exclusiva tecnolog\u00eda de cancelaci\u00f3n de ruido Qualcomm 4-Mic CVC 8.0.<\/li>\n<li>SONIDO EXCEPCIONAL: El chip Qualcomm QCC3040 de los auriculares, el gran transductor din\u00e1mico de 13 mm y la descodificaci\u00f3n de audio de alta calidad APTX garantizan una mayor claridad y fidelidad del sonido.<\/li>\n<li>AJUSTES EQ AJUSTABLES: Con la aplicaci\u00f3n Tribit, puedes elegir f\u00e1cilmente entre 24 estilos de ecualizaci\u00f3n diferentes, como jazz, bajo, ACG, etc., para asegurarte de que tu experiencia de escucha se adapta perfectamente a tus preferencias.<\/li>\n<li>MAYOR TIEMPO DE REPRODUCCI\u00d3N: Equipados con una impresionante bater\u00eda, cada auricular proporciona 8 horas de tiempo de reproducci\u00f3n por carga, y con el estuche de carga incluido, obtienes un total de 32 horas de audio inal\u00e1mbrico.<\/li>\n<li>AUT\u00c9NTICA CONECTIVIDAD INAL\u00c1MBRICA Y R\u00c1PIDA: Gracias a la \u00faltima tecnolog\u00eda Bluetooth 5.2, estos auriculares garantizan una conexi\u00f3n m\u00e1s fuerte y estable para una reproducci\u00f3n de audio ininterrumpida.<\/li>\n<li>C\u00d3MODOS Y LIGEROS: Cada auricular pesa s\u00f3lo 4 g, lo que ofrece una experiencia de escucha c\u00f3moda y sin presiones, perfecta para largas horas de uso.<\/li>\n<\/ul>","product_2_text_after":"El Tribit FlyBuds C2 es nuestra segunda opci\u00f3n por sus notables prestaciones y su gran relaci\u00f3n calidad-precio. Tras probarlo, apreciamos su \u00faltimo chip Qualcomm QCC3040, que proporciona una descodificaci\u00f3n de audio superior, y la exclusiva tecnolog\u00eda Qualcomm 4-Mic CVC 8.0, que reduce significativamente el ruido de fondo durante las llamadas. El \u00faltimo Bluetooth 5.2 garantiza una conexi\u00f3n estable y potente, y la bater\u00eda de larga duraci\u00f3n de 32 horas es ideal para un uso prolongado. A pesar de no tener bot\u00f3n de control ni funciones impermeables, la verdadera comodidad inal\u00e1mbrica y el c\u00f3modo estuche de carga hacen de este producto un digno competidor. Adem\u00e1s, los auriculares son compatibles con la aplicaci\u00f3n Tribit, que ofrece 24 estilos de ecualizador diferentes entre los que elegir, lo que aumenta a\u00fan m\u00e1s la versatilidad del producto. Con una excelente relaci\u00f3n calidad-precio, estos auriculares satisfacen a los usuarios que buscan prestaciones de calidad sin arruinarse.     "},"yoast_head":"<!-- This site is optimized with the Yoast SEO plugin v27.3 - https:\/\/yoast.com\/product\/yoast-seo-wordpress\/ -->\n<title>Los 10 mejores auriculares inal\u00e1mbricos para comprar en el Reino Unido para [month_year] [Actualizado] - DJ Music Geek<\/title>\n<meta name=\"robots\" content=\"index, follow, max-snippet:-1, max-image-preview:large, max-video-preview:-1\" \/>\n<link rel=\"canonical\" href=\"https:\/\/djmusicgeek.com\/es\/los-mejores-auriculares-inalambricos-para-comprar-en-2024\/\" \/>\n<meta property=\"og:locale\" content=\"es_ES\" \/>\n<meta property=\"og:type\" content=\"article\" \/>\n<meta property=\"og:title\" content=\"Los 10 mejores auriculares inal\u00e1mbricos para comprar en el Reino Unido para [month_year] [Actualizado] - DJ Music Geek\" \/>\n<meta property=\"og:url\" content=\"https:\/\/djmusicgeek.com\/es\/los-mejores-auriculares-inalambricos-para-comprar-en-2024\/\" \/>\n<meta property=\"og:site_name\" content=\"DJ Music Geek\" \/>\n<meta property=\"article:modified_time\" content=\"2026-03-01T13:46:12+00:00\" \/>\n<meta name=\"twitter:card\" content=\"summary_large_image\" \/>\n<script type=\"application\/ld+json\" class=\"yoast-schema-graph\">{\"@context\":\"https:\\\/\\\/schema.org\",\"@graph\":[{\"@type\":\"WebPage\",\"@id\":\"https:\\\/\\\/djmusicgeek.com\\\/es\\\/los-mejores-auriculares-inalambricos-para-comprar-en-2024\\\/\",\"url\":\"https:\\\/\\\/djmusicgeek.com\\\/es\\\/los-mejores-auriculares-inalambricos-para-comprar-en-2024\\\/\",\"name\":\"Los 10 mejores auriculares inal\u00e1mbricos para comprar en el Reino Unido para [month_year] [Actualizado] - DJ Music Geek\",\"isPartOf\":{\"@id\":\"https:\\\/\\\/djmusicgeek.com\\\/#website\"},\"datePublished\":\"2024-01-19T02:13:41+00:00\",\"dateModified\":\"2026-03-01T13:46:12+00:00\",\"breadcrumb\":{\"@id\":\"https:\\\/\\\/djmusicgeek.com\\\/es\\\/los-mejores-auriculares-inalambricos-para-comprar-en-2024\\\/#breadcrumb\"},\"inLanguage\":\"es\",\"potentialAction\":[{\"@type\":\"ReadAction\",\"target\":[\"https:\\\/\\\/djmusicgeek.com\\\/es\\\/los-mejores-auriculares-inalambricos-para-comprar-en-2024\\\/\"]}]},{\"@type\":\"BreadcrumbList\",\"@id\":\"https:\\\/\\\/djmusicgeek.com\\\/es\\\/los-mejores-auriculares-inalambricos-para-comprar-en-2024\\\/#breadcrumb\",\"itemListElement\":[{\"@type\":\"ListItem\",\"position\":1,\"name\":\"Inicio\",\"item\":\"https:\\\/\\\/djmusicgeek.com\\\/\"},{\"@type\":\"ListItem\",\"position\":2,\"name\":\"Los 10 mejores auriculares inal\u00e1mbricos para comprar en el Reino Unido para March 2026 [Actualizado]\"}]},{\"@type\":\"WebSite\",\"@id\":\"https:\\\/\\\/djmusicgeek.com\\\/#website\",\"url\":\"https:\\\/\\\/djmusicgeek.com\\\/\",\"name\":\"DJ Music Geek\",\"description\":\"\",\"potentialAction\":[{\"@type\":\"SearchAction\",\"target\":{\"@type\":\"EntryPoint\",\"urlTemplate\":\"https:\\\/\\\/djmusicgeek.com\\\/?s={search_term_string}\"},\"query-input\":{\"@type\":\"PropertyValueSpecification\",\"valueRequired\":true,\"valueName\":\"search_term_string\"}}],\"inLanguage\":\"es\"}]}<\/script>\n<!-- \/ Yoast SEO plugin. -->","yoast_head_json":{"title":"Los 10 mejores auriculares inal\u00e1mbricos para comprar en el Reino Unido para [month_year] [Actualizado] - DJ Music Geek","robots":{"index":"index","follow":"follow","max-snippet":"max-snippet:-1","max-image-preview":"max-image-preview:large","max-video-preview":"max-video-preview:-1"},"canonical":"https:\/\/djmusicgeek.com\/es\/los-mejores-auriculares-inalambricos-para-comprar-en-2024\/","og_locale":"es_ES","og_type":"article","og_title":"Los 10 mejores auriculares inal\u00e1mbricos para comprar en el Reino Unido para [month_year] [Actualizado] - DJ Music Geek","og_url":"https:\/\/djmusicgeek.com\/es\/los-mejores-auriculares-inalambricos-para-comprar-en-2024\/","og_site_name":"DJ Music Geek","article_modified_time":"2026-03-01T13:46:12+00:00","twitter_card":"summary_large_image","schema":{"@context":"https:\/\/schema.org","@graph":[{"@type":"WebPage","@id":"https:\/\/djmusicgeek.com\/es\/los-mejores-auriculares-inalambricos-para-comprar-en-2024\/","url":"https:\/\/djmusicgeek.com\/es\/los-mejores-auriculares-inalambricos-para-comprar-en-2024\/","name":"Los 10 mejores auriculares inal\u00e1mbricos para comprar en el Reino Unido para [month_year] [Actualizado] - DJ Music Geek","isPartOf":{"@id":"https:\/\/djmusicgeek.com\/#website"},"datePublished":"2024-01-19T02:13:41+00:00","dateModified":"2026-03-01T13:46:12+00:00","breadcrumb":{"@id":"https:\/\/djmusicgeek.com\/es\/los-mejores-auriculares-inalambricos-para-comprar-en-2024\/#breadcrumb"},"inLanguage":"es","potentialAction":[{"@type":"ReadAction","target":["https:\/\/djmusicgeek.com\/es\/los-mejores-auriculares-inalambricos-para-comprar-en-2024\/"]}]},{"@type":"BreadcrumbList","@id":"https:\/\/djmusicgeek.com\/es\/los-mejores-auriculares-inalambricos-para-comprar-en-2024\/#breadcrumb","itemListElement":[{"@type":"ListItem","position":1,"name":"Inicio","item":"https:\/\/djmusicgeek.com\/"},{"@type":"ListItem","position":2,"name":"Los 10 mejores auriculares inal\u00e1mbricos para comprar en el Reino Unido para March 2026 [Actualizado]"}]},{"@type":"WebSite","@id":"https:\/\/djmusicgeek.com\/#website","url":"https:\/\/djmusicgeek.com\/","name":"DJ Music Geek","description":"","potentialAction":[{"@type":"SearchAction","target":{"@type":"EntryPoint","urlTemplate":"https:\/\/djmusicgeek.com\/?s={search_term_string}"},"query-input":{"@type":"PropertyValueSpecification","valueRequired":true,"valueName":"search_term_string"}}],"inLanguage":"es"}]}},"_links":{"self":[{"href":"https:\/\/djmusicgeek.com\/es\/wp-json\/wp\/v2\/pages\/12426","targetHints":{"allow":["GET"]}}],"collection":[{"href":"https:\/\/djmusicgeek.com\/es\/wp-json\/wp\/v2\/pages"}],"about":[{"href":"https:\/\/djmusicgeek.com\/es\/wp-json\/wp\/v2\/types\/page"}],"author":[{"embeddable":true,"href":"https:\/\/djmusicgeek.com\/es\/wp-json\/wp\/v2\/users\/2"}],"replies":[{"embeddable":true,"href":"https:\/\/djmusicgeek.com\/es\/wp-json\/wp\/v2\/comments?post=12426"}],"version-history":[{"count":2,"href":"https:\/\/djmusicgeek.com\/es\/wp-json\/wp\/v2\/pages\/12426\/revisions"}],"predecessor-version":[{"id":17313,"href":"https:\/\/djmusicgeek.com\/es\/wp-json\/wp\/v2\/pages\/12426\/revisions\/17313"}],"wp:attachment":[{"href":"https:\/\/djmusicgeek.com\/es\/wp-json\/wp\/v2\/media?parent=12426"}],"curies":[{"name":"wp","href":"https:\/\/api.w.org\/{rel}","templated":true}]}}