{"id":10920,"date":"2017-01-07T03:50:15","date_gmt":"2017-01-07T03:50:15","guid":{"rendered":"https:\/\/djmusicgeek.com\/condiciones-generales\/"},"modified":"2017-01-07T03:50:15","modified_gmt":"2017-01-07T03:50:15","slug":"condiciones-generales","status":"publish","type":"page","link":"https:\/\/djmusicgeek.com\/es\/condiciones-generales\/","title":{"rendered":"T\u00e9rminos y condiciones"},"content":{"rendered":"<h3>1. T\u00e9rminos<\/h3>\n<p>Al acceder al sitio web <a href=\"https:\/\/djmusicgeek.com\">https:\/\/djmusicgeek.com<\/a>, usted acepta quedar vinculado por estas condiciones de servicio y por todas las leyes y reglamentos aplicables, y acepta que es responsable del cumplimiento de cualquier ley local aplicable. Si no est\u00e1 de acuerdo con alguna de estas condiciones, se le proh\u00edbe utilizar o acceder a este sitio. Los materiales contenidos en este sitio web est\u00e1n protegidos por la legislaci\u00f3n aplicable en materia de derechos de autor y marcas registradas.<\/p>\n<h3>2. Licencia de uso<\/h3>\n<ol type=\"a\">\n<li>Se concede permiso para descargar temporalmente una copia de los materiales (informaci\u00f3n o software) en el sitio web de DJ Music Geek para uso personal, no comercial y transitorio. Esta es la concesi\u00f3n de una licencia, no una transferencia de t\u00edtulo, y bajo esta licencia usted no puede:\n<ol type=\"i\">\n<li>modificar o copiar los materiales;<\/li>\n<li>utilizar los materiales para cualquier fin comercial, o para cualquier exhibici\u00f3n p\u00fablica (comercial o no comercial);<\/li>\n<li>intentar descompilar o realizar ingenier\u00eda inversa en cualquier software contenido en el sitio web de DJ Music Geek;<\/li>\n<li>eliminar de los materiales cualquier menci\u00f3n relativa a derechos de autor u otros derechos de propiedad; o<\/li>\n<li>transferir los materiales a otra persona o \u00abreflejar\u00bb los materiales en cualquier otro servidor.<\/li>\n<\/ol>\n<\/li>\n<li>Esta licencia terminar\u00e1 autom\u00e1ticamente si usted viola cualquiera de estas restricciones y puede ser terminada por DJ Music Geek en cualquier momento. Cuando deje de ver estos materiales o cuando finalice esta licencia, deber\u00e1 destruir cualquier material descargado que est\u00e9 en su posesi\u00f3n, ya sea en formato electr\u00f3nico o impreso.<\/li>\n<\/ol>\n<h3>3. Descargo de responsabilidad<\/h3>\n<ol type=\"a\">\n<li>Los materiales del sitio web de DJ Music Geek se proporcionan \u00abtal cual\u00bb. DJ Music Geek no ofrece ninguna garant\u00eda, expresa o impl\u00edcita, y por la presente renuncia y niega cualquier otra garant\u00eda, incluyendo, sin limitaci\u00f3n, las garant\u00edas o condiciones impl\u00edcitas de comerciabilidad, idoneidad para un prop\u00f3sito particular, o no infracci\u00f3n de la propiedad intelectual u otra violaci\u00f3n de los derechos.<\/li>\n<li>Adem\u00e1s, DJ Music Geek no garantiza ni hace ninguna representaci\u00f3n con respecto a la exactitud, los resultados probables, o la fiabilidad de la utilizaci\u00f3n de los materiales en su sitio web o de otro tipo relativa a los materiales o en cualquier sitio ligado a este sitio.<\/li>\n<\/ol>\n<h3>4. Limitaciones<\/h3>\n<p>En ning\u00fan caso DJ Music Geek o sus proveedores ser\u00e1n responsables de ning\u00fan da\u00f1o (incluyendo, sin limitaci\u00f3n, da\u00f1os por p\u00e9rdida de datos o beneficios, o debido a la interrupci\u00f3n del negocio) que surjan del uso o la imposibilidad de usar los materiales en el sitio web de DJ Music Geek, incluso si DJ Music Geek o un representante autorizado de DJ Music Geek ha sido notificado oralmente o por escrito de la posibilidad de tales da\u00f1os. Debido a que algunas jurisdicciones no permiten limitaciones en las garant\u00edas impl\u00edcitas, o limitaciones de responsabilidad por da\u00f1os consecuenciales o incidentales, estas limitaciones pueden no aplicarse a usted.<\/p>\n<h3>5. Exactitud de los materiales<\/h3>\n<p>Los materiales que aparecen en el sitio web de DJ Music Geek podr\u00edan incluir errores t\u00e9cnicos, tipogr\u00e1ficos o fotogr\u00e1ficos. DJ Music Geek no garantiza que ninguno de los materiales de su sitio web sea preciso, completo o actual. DJ Music Geek puede realizar cambios en los materiales contenidos en su sitio web en cualquier momento y sin previo aviso. Sin embargo DJ Music Geek no se compromete a actualizar los materiales.<\/p>\n<h3>6. Enlaces<\/h3>\n<p>DJ Music Geek no ha revisado todos los sitios vinculados a su sitio web y no es responsable de los contenidos de ning\u00fan sitio vinculado. La inclusi\u00f3n de cualquier enlace no implica la aprobaci\u00f3n del sitio por DJ Music Geek. El uso de cualquiera de estos sitios web enlazados corre por cuenta y riesgo del usuario.<\/p>\n<h3>7. Modificaciones<\/h3>\n<p>DJ Music Geek puede revisar estos t\u00e9rminos de servicio para su sitio web en cualquier momento sin previo aviso. El uso de este sitio web implica la aceptaci\u00f3n de la versi\u00f3n vigente de estas condiciones de servicio.<\/p>\n<h3>8. Derecho aplicable<\/h3>\n<p>Estos t\u00e9rminos y condiciones se rigen e interpretan de acuerdo con las leyes de Estados Unidos y usted se somete irrevocablemente a la jurisdicci\u00f3n exclusiva de los tribunales de dicho Estado o localidad.<\/p>\n","protected":false},"excerpt":{"rendered":"<p>1. T\u00e9rminos Al acceder al sitio web https:\/\/djmusicgeek.com, usted acepta quedar vinculado por estas condiciones de servicio y por todas las leyes y reglamentos aplicables, y acepta que es responsable del cumplimiento de cualquier ley local aplicable. Si no est\u00e1 de acuerdo con alguna de estas condiciones, se le proh\u00edbe utilizar o acceder a este [&hellip;]<\/p>\n","protected":false},"author":2,"featured_media":0,"parent":0,"menu_order":0,"comment_status":"closed","ping_status":"closed","template":"","meta":{"_acf_changed":false,"footnotes":""},"class_list":["post-10920","page","type-page","status-publish","hentry"],"acf":[],"yoast_head":"<!-- This site is optimized with the Yoast SEO plugin v27.4 - https:\/\/yoast.com\/product\/yoast-seo-wordpress\/ -->\n<title>T\u00e9rminos y condiciones - DJ Music Geek<\/title>\n<meta name=\"description\" content=\"Al acceder al sitio web https:\/\/djmusicgeek.com, usted acepta someterse a estas condiciones de servicio y a todas las leyes y reglamentos aplicables.\" \/>\n<meta name=\"robots\" content=\"index, follow, max-snippet:-1, max-image-preview:large, max-video-preview:-1\" \/>\n<link rel=\"canonical\" href=\"https:\/\/djmusicgeek.com\/es\/condiciones-generales\/\" \/>\n<meta property=\"og:locale\" content=\"es_ES\" \/>\n<meta property=\"og:type\" content=\"article\" \/>\n<meta property=\"og:title\" content=\"T\u00e9rminos y condiciones - DJ Music Geek\" \/>\n<meta property=\"og:description\" content=\"Al acceder al sitio web https:\/\/djmusicgeek.com, usted acepta someterse a estas condiciones de servicio y a todas las leyes y reglamentos aplicables.\" \/>\n<meta property=\"og:url\" content=\"https:\/\/djmusicgeek.com\/es\/condiciones-generales\/\" \/>\n<meta property=\"og:site_name\" content=\"DJ Music Geek\" \/>\n<meta name=\"twitter:card\" content=\"summary_large_image\" \/>\n<meta name=\"twitter:label1\" content=\"Tiempo de lectura\" \/>\n\t<meta name=\"twitter:data1\" content=\"4 minutos\" \/>\n<script type=\"application\/ld+json\" class=\"yoast-schema-graph\">{\"@context\":\"https:\\\/\\\/schema.org\",\"@graph\":[{\"@type\":\"WebPage\",\"@id\":\"https:\\\/\\\/djmusicgeek.com\\\/es\\\/condiciones-generales\\\/\",\"url\":\"https:\\\/\\\/djmusicgeek.com\\\/es\\\/condiciones-generales\\\/\",\"name\":\"T\u00e9rminos y condiciones - DJ Music Geek\",\"isPartOf\":{\"@id\":\"https:\\\/\\\/djmusicgeek.com\\\/#website\"},\"datePublished\":\"2017-01-07T03:50:15+00:00\",\"description\":\"Al acceder al sitio web https:\\\/\\\/djmusicgeek.com, usted acepta someterse a estas condiciones de servicio y a todas las leyes y reglamentos aplicables.\",\"breadcrumb\":{\"@id\":\"https:\\\/\\\/djmusicgeek.com\\\/es\\\/condiciones-generales\\\/#breadcrumb\"},\"inLanguage\":\"es\",\"potentialAction\":[{\"@type\":\"ReadAction\",\"target\":[\"https:\\\/\\\/djmusicgeek.com\\\/es\\\/condiciones-generales\\\/\"]}]},{\"@type\":\"BreadcrumbList\",\"@id\":\"https:\\\/\\\/djmusicgeek.com\\\/es\\\/condiciones-generales\\\/#breadcrumb\",\"itemListElement\":[{\"@type\":\"ListItem\",\"position\":1,\"name\":\"Inicio\",\"item\":\"https:\\\/\\\/djmusicgeek.com\\\/\"},{\"@type\":\"ListItem\",\"position\":2,\"name\":\"T\u00e9rminos y condiciones\"}]},{\"@type\":\"WebSite\",\"@id\":\"https:\\\/\\\/djmusicgeek.com\\\/#website\",\"url\":\"https:\\\/\\\/djmusicgeek.com\\\/\",\"name\":\"DJ Music Geek\",\"description\":\"\",\"potentialAction\":[{\"@type\":\"SearchAction\",\"target\":{\"@type\":\"EntryPoint\",\"urlTemplate\":\"https:\\\/\\\/djmusicgeek.com\\\/?s={search_term_string}\"},\"query-input\":{\"@type\":\"PropertyValueSpecification\",\"valueRequired\":true,\"valueName\":\"search_term_string\"}}],\"inLanguage\":\"es\"}]}<\/script>\n<!-- \/ Yoast SEO plugin. -->","yoast_head_json":{"title":"T\u00e9rminos y condiciones - DJ Music Geek","description":"Al acceder al sitio web https:\/\/djmusicgeek.com, usted acepta someterse a estas condiciones de servicio y a todas las leyes y reglamentos aplicables.","robots":{"index":"index","follow":"follow","max-snippet":"max-snippet:-1","max-image-preview":"max-image-preview:large","max-video-preview":"max-video-preview:-1"},"canonical":"https:\/\/djmusicgeek.com\/es\/condiciones-generales\/","og_locale":"es_ES","og_type":"article","og_title":"T\u00e9rminos y condiciones - DJ Music Geek","og_description":"Al acceder al sitio web https:\/\/djmusicgeek.com, usted acepta someterse a estas condiciones de servicio y a todas las leyes y reglamentos aplicables.","og_url":"https:\/\/djmusicgeek.com\/es\/condiciones-generales\/","og_site_name":"DJ Music Geek","twitter_card":"summary_large_image","twitter_misc":{"Tiempo de lectura":"4 minutos"},"schema":{"@context":"https:\/\/schema.org","@graph":[{"@type":"WebPage","@id":"https:\/\/djmusicgeek.com\/es\/condiciones-generales\/","url":"https:\/\/djmusicgeek.com\/es\/condiciones-generales\/","name":"T\u00e9rminos y condiciones - DJ Music Geek","isPartOf":{"@id":"https:\/\/djmusicgeek.com\/#website"},"datePublished":"2017-01-07T03:50:15+00:00","description":"Al acceder al sitio web https:\/\/djmusicgeek.com, usted acepta someterse a estas condiciones de servicio y a todas las leyes y reglamentos aplicables.","breadcrumb":{"@id":"https:\/\/djmusicgeek.com\/es\/condiciones-generales\/#breadcrumb"},"inLanguage":"es","potentialAction":[{"@type":"ReadAction","target":["https:\/\/djmusicgeek.com\/es\/condiciones-generales\/"]}]},{"@type":"BreadcrumbList","@id":"https:\/\/djmusicgeek.com\/es\/condiciones-generales\/#breadcrumb","itemListElement":[{"@type":"ListItem","position":1,"name":"Inicio","item":"https:\/\/djmusicgeek.com\/"},{"@type":"ListItem","position":2,"name":"T\u00e9rminos y condiciones"}]},{"@type":"WebSite","@id":"https:\/\/djmusicgeek.com\/#website","url":"https:\/\/djmusicgeek.com\/","name":"DJ Music Geek","description":"","potentialAction":[{"@type":"SearchAction","target":{"@type":"EntryPoint","urlTemplate":"https:\/\/djmusicgeek.com\/?s={search_term_string}"},"query-input":{"@type":"PropertyValueSpecification","valueRequired":true,"valueName":"search_term_string"}}],"inLanguage":"es"}]}},"_links":{"self":[{"href":"https:\/\/djmusicgeek.com\/es\/wp-json\/wp\/v2\/pages\/10920","targetHints":{"allow":["GET"]}}],"collection":[{"href":"https:\/\/djmusicgeek.com\/es\/wp-json\/wp\/v2\/pages"}],"about":[{"href":"https:\/\/djmusicgeek.com\/es\/wp-json\/wp\/v2\/types\/page"}],"author":[{"embeddable":true,"href":"https:\/\/djmusicgeek.com\/es\/wp-json\/wp\/v2\/users\/2"}],"replies":[{"embeddable":true,"href":"https:\/\/djmusicgeek.com\/es\/wp-json\/wp\/v2\/comments?post=10920"}],"version-history":[{"count":0,"href":"https:\/\/djmusicgeek.com\/es\/wp-json\/wp\/v2\/pages\/10920\/revisions"}],"wp:attachment":[{"href":"https:\/\/djmusicgeek.com\/es\/wp-json\/wp\/v2\/media?parent=10920"}],"curies":[{"name":"wp","href":"https:\/\/api.w.org\/{rel}","templated":true}]}}