{"id":10912,"date":"2017-01-07T03:49:47","date_gmt":"2017-01-07T03:49:47","guid":{"rendered":"https:\/\/djmusicgeek.com\/sobre\/"},"modified":"2017-01-07T03:49:47","modified_gmt":"2017-01-07T03:49:47","slug":"sobre","status":"publish","type":"page","link":"https:\/\/djmusicgeek.com\/es\/sobre\/","title":{"rendered":"Acerca de DJ Music Geek"},"content":{"rendered":"<div id=\"attachment_633\" style=\"width: 505px\" class=\"wp-caption alignright\"><img loading=\"lazy\" decoding=\"async\" aria-describedby=\"caption-attachment-633\" class=\"wp-image-633\" src=\"https:\/\/djmusicgeek.com\/wp-content\/uploads\/2019\/11\/dj-music-geek-logo.png\" alt=\"DJ Music Geek Logotipo\" width=\"495\" height=\"35\"><p id=\"caption-attachment-633\" class=\"wp-caption-text\">DJ Music Geek Logotipo<\/p><\/div>\n<p>Este sitio web pretende ayudar a los apasionados de las mezclas musicales a encontrar su equipo \u00f3ptimo. Encontrar\u00e1 numerosas rese\u00f1as de productos en las secciones del sitio, que deber\u00edan ayudar a los lectores a tomar una decisi\u00f3n para su pr\u00f3xima pieza. Los productos enumerados aqu\u00ed se consideran algunas de las unidades m\u00e1s apreciadas de la industria actual de DJ.<\/p>\n<p>Ser <a href=\"https:\/\/djmusicgeek.com\/\">DJ<\/a> no es una tarea f\u00e1cil, y si quieres llegar a serlo, tienes que asegurarte de informarte bien: la informaci\u00f3n sobre diversos dispositivos, software y sistemas, antes de proceder a cualquier decisi\u00f3n. Es muy f\u00e1cil equivocarse, ya que la tecnolog\u00eda actual nos ofrece distintos medios para crear <a href=\"https:\/\/djmusicgeek.com\/best-dj-mixers\/\">nuestras mezclas<\/a>. Por lo tanto, es una sabia decisi\u00f3n saber en qu\u00e9 direcci\u00f3n quieres ir y qu\u00e9 necesitas para estar preparado para empezar a tomar el camino elegido.<\/p>\n<p>Como DJ, necesitar\u00e1s un conjunto de dispositivos para estar listo para dejarte llevar. Sin embargo, antes debes responder a la pregunta \u00ab\u00bfC\u00f3mo quiero que suenen mis mezclas?\u00bb. Despu\u00e9s de darte una respuesta m\u00e1s o menos detallada y precisa, podr\u00e1s tomar decisiones sobrias, sobre el software y los dispositivos que necesitas. \u00bfQuieres crear m\u00fasica o s\u00f3lo mezclar pistas? \u00bfA qu\u00e9 g\u00e9neros musicales se acercar\u00e1n mayoritariamente sus mezclas? \u00bfQuieres ser profesional o simplemente divertirte? Las respuestas a estas preguntas requieren su inter\u00e9s y tiempo, y nuestro sitio web le ayudar\u00e1 a tomar una decisi\u00f3n, en caso de que est\u00e9 confundido o simplemente buscando una nueva pieza.<\/p>\n<p>Nuestras respuestas a las preguntas m\u00e1s frecuentes pueden darle una idea de sus planes futuros, que encontrar\u00e1 en la secci\u00f3n del blog. La informaci\u00f3n sobre los productos de la lista pretende ayudarle a elegir el equipo adecuado a sus gustos personales.<\/p>\n<p>En las secciones de los sitios, que abarcan desde <a href=\"https:\/\/djmusicgeek.com\/best-dj-software\/\">software para DJ<\/a> hasta tarjetas de sonido, encontrar\u00e1s informaci\u00f3n \u00fatil sobre los equipos definidos y cu\u00e1les son las mejores alternativas teniendo en cuenta diversos entornos, la situaci\u00f3n financiera y las preferencias personales.<\/p>\n<p>Algunos de los DJ avanzados podr\u00edan encontrar consejos \u00fatiles sobre temas como la forma de proceder si no quieres dividir con tus dispositivos anal\u00f3gicos y qu\u00e9 hacer cuando tus opciones est\u00e1n restringidas, entre otros. Ser DJ puede <a href=\"https:\/\/djmusicgeek.com\/do-djs-make-a-lot-of-money\/\">resultar caro<\/a>, teniendo en cuenta las piezas que hay que adquirir para poder actuar correctamente. Sin embargo, este no es siempre el caso, ya que leyendo nuestras rese\u00f1as, puedes toparte con dispositivos convenientes, como controladores incluidos de los que algunos vienen junto con el software a precios asequibles.<\/p>\n<p>Tanto si est\u00e1s perplejo sobre qu\u00e9 equipo necesitas, como si necesitas un cambio radical de tus aparatos o simplemente est\u00e1s inform\u00e1ndote sobre lo que necesita un DJ para crear sus mezclas aprovechando al m\u00e1ximo su potencial, \u00a1est\u00e1s en el lugar adecuado! \u00a1Disfrute de su estancia y siga mezclando!<\/p>\n","protected":false},"excerpt":{"rendered":"<p>Este sitio web pretende ayudar a los apasionados de las mezclas musicales a encontrar su equipo \u00f3ptimo. Encontrar\u00e1 numerosas rese\u00f1as de productos en las secciones del sitio, que deber\u00edan ayudar a los lectores a tomar una decisi\u00f3n para su pr\u00f3xima pieza. Los productos enumerados aqu\u00ed se consideran algunas de las unidades m\u00e1s apreciadas de la [&hellip;]<\/p>\n","protected":false},"author":2,"featured_media":0,"parent":0,"menu_order":0,"comment_status":"closed","ping_status":"closed","template":"","meta":{"_acf_changed":false,"footnotes":""},"class_list":["post-10912","page","type-page","status-publish","hentry"],"acf":[],"yoast_head":"<!-- This site is optimized with the Yoast SEO plugin v27.4 - https:\/\/yoast.com\/product\/yoast-seo-wordpress\/ -->\n<title>Acerca de nuestro sitio web - Nuestra historia - DJ Music Geek<\/title>\n<meta name=\"description\" content=\"La web DJ Music Geek pretende ayudar a los apasionados de las mezclas musicales a encontrar su equipo \u00f3ptimo, tanto de software como de hardware.\" \/>\n<meta name=\"robots\" content=\"index, follow, max-snippet:-1, max-image-preview:large, max-video-preview:-1\" \/>\n<link rel=\"canonical\" href=\"https:\/\/djmusicgeek.com\/es\/sobre\/\" \/>\n<meta property=\"og:locale\" content=\"es_ES\" \/>\n<meta property=\"og:type\" content=\"article\" \/>\n<meta property=\"og:title\" content=\"Acerca de nuestro sitio web - Nuestra historia - DJ Music Geek\" \/>\n<meta property=\"og:description\" content=\"La web DJ Music Geek pretende ayudar a los apasionados de las mezclas musicales a encontrar su equipo \u00f3ptimo, tanto de software como de hardware.\" \/>\n<meta property=\"og:url\" content=\"https:\/\/djmusicgeek.com\/es\/sobre\/\" \/>\n<meta property=\"og:site_name\" content=\"DJ Music Geek\" \/>\n<meta property=\"og:image\" content=\"https:\/\/djmusicgeek.com\/wp-content\/uploads\/2019\/11\/dj-music-geek-logo.png\" \/>\n<meta name=\"twitter:card\" content=\"summary_large_image\" \/>\n<meta name=\"twitter:label1\" content=\"Tiempo de lectura\" \/>\n\t<meta name=\"twitter:data1\" content=\"3 minutos\" \/>\n<script type=\"application\/ld+json\" class=\"yoast-schema-graph\">{\"@context\":\"https:\\\/\\\/schema.org\",\"@graph\":[{\"@type\":\"WebPage\",\"@id\":\"https:\\\/\\\/djmusicgeek.com\\\/es\\\/sobre\\\/\",\"url\":\"https:\\\/\\\/djmusicgeek.com\\\/es\\\/sobre\\\/\",\"name\":\"Acerca de nuestro sitio web - Nuestra historia - DJ Music Geek\",\"isPartOf\":{\"@id\":\"https:\\\/\\\/djmusicgeek.com\\\/#website\"},\"primaryImageOfPage\":{\"@id\":\"https:\\\/\\\/djmusicgeek.com\\\/es\\\/sobre\\\/#primaryimage\"},\"image\":{\"@id\":\"https:\\\/\\\/djmusicgeek.com\\\/es\\\/sobre\\\/#primaryimage\"},\"thumbnailUrl\":\"https:\\\/\\\/djmusicgeek.com\\\/wp-content\\\/uploads\\\/2019\\\/11\\\/dj-music-geek-logo.png\",\"datePublished\":\"2017-01-07T03:49:47+00:00\",\"description\":\"La web DJ Music Geek pretende ayudar a los apasionados de las mezclas musicales a encontrar su equipo \u00f3ptimo, tanto de software como de hardware.\",\"breadcrumb\":{\"@id\":\"https:\\\/\\\/djmusicgeek.com\\\/es\\\/sobre\\\/#breadcrumb\"},\"inLanguage\":\"es\",\"potentialAction\":[{\"@type\":\"ReadAction\",\"target\":[\"https:\\\/\\\/djmusicgeek.com\\\/es\\\/sobre\\\/\"]}]},{\"@type\":\"ImageObject\",\"inLanguage\":\"es\",\"@id\":\"https:\\\/\\\/djmusicgeek.com\\\/es\\\/sobre\\\/#primaryimage\",\"url\":\"https:\\\/\\\/djmusicgeek.com\\\/wp-content\\\/uploads\\\/2019\\\/11\\\/dj-music-geek-logo.png\",\"contentUrl\":\"https:\\\/\\\/djmusicgeek.com\\\/wp-content\\\/uploads\\\/2019\\\/11\\\/dj-music-geek-logo.png\"},{\"@type\":\"BreadcrumbList\",\"@id\":\"https:\\\/\\\/djmusicgeek.com\\\/es\\\/sobre\\\/#breadcrumb\",\"itemListElement\":[{\"@type\":\"ListItem\",\"position\":1,\"name\":\"Inicio\",\"item\":\"https:\\\/\\\/djmusicgeek.com\\\/\"},{\"@type\":\"ListItem\",\"position\":2,\"name\":\"Acerca de DJ Music Geek\"}]},{\"@type\":\"WebSite\",\"@id\":\"https:\\\/\\\/djmusicgeek.com\\\/#website\",\"url\":\"https:\\\/\\\/djmusicgeek.com\\\/\",\"name\":\"DJ Music Geek\",\"description\":\"\",\"potentialAction\":[{\"@type\":\"SearchAction\",\"target\":{\"@type\":\"EntryPoint\",\"urlTemplate\":\"https:\\\/\\\/djmusicgeek.com\\\/?s={search_term_string}\"},\"query-input\":{\"@type\":\"PropertyValueSpecification\",\"valueRequired\":true,\"valueName\":\"search_term_string\"}}],\"inLanguage\":\"es\"}]}<\/script>\n<!-- \/ Yoast SEO plugin. -->","yoast_head_json":{"title":"Acerca de nuestro sitio web - Nuestra historia - DJ Music Geek","description":"La web DJ Music Geek pretende ayudar a los apasionados de las mezclas musicales a encontrar su equipo \u00f3ptimo, tanto de software como de hardware.","robots":{"index":"index","follow":"follow","max-snippet":"max-snippet:-1","max-image-preview":"max-image-preview:large","max-video-preview":"max-video-preview:-1"},"canonical":"https:\/\/djmusicgeek.com\/es\/sobre\/","og_locale":"es_ES","og_type":"article","og_title":"Acerca de nuestro sitio web - Nuestra historia - DJ Music Geek","og_description":"La web DJ Music Geek pretende ayudar a los apasionados de las mezclas musicales a encontrar su equipo \u00f3ptimo, tanto de software como de hardware.","og_url":"https:\/\/djmusicgeek.com\/es\/sobre\/","og_site_name":"DJ Music Geek","og_image":[{"url":"https:\/\/djmusicgeek.com\/wp-content\/uploads\/2019\/11\/dj-music-geek-logo.png","type":"","width":"","height":""}],"twitter_card":"summary_large_image","twitter_misc":{"Tiempo de lectura":"3 minutos"},"schema":{"@context":"https:\/\/schema.org","@graph":[{"@type":"WebPage","@id":"https:\/\/djmusicgeek.com\/es\/sobre\/","url":"https:\/\/djmusicgeek.com\/es\/sobre\/","name":"Acerca de nuestro sitio web - Nuestra historia - DJ Music Geek","isPartOf":{"@id":"https:\/\/djmusicgeek.com\/#website"},"primaryImageOfPage":{"@id":"https:\/\/djmusicgeek.com\/es\/sobre\/#primaryimage"},"image":{"@id":"https:\/\/djmusicgeek.com\/es\/sobre\/#primaryimage"},"thumbnailUrl":"https:\/\/djmusicgeek.com\/wp-content\/uploads\/2019\/11\/dj-music-geek-logo.png","datePublished":"2017-01-07T03:49:47+00:00","description":"La web DJ Music Geek pretende ayudar a los apasionados de las mezclas musicales a encontrar su equipo \u00f3ptimo, tanto de software como de hardware.","breadcrumb":{"@id":"https:\/\/djmusicgeek.com\/es\/sobre\/#breadcrumb"},"inLanguage":"es","potentialAction":[{"@type":"ReadAction","target":["https:\/\/djmusicgeek.com\/es\/sobre\/"]}]},{"@type":"ImageObject","inLanguage":"es","@id":"https:\/\/djmusicgeek.com\/es\/sobre\/#primaryimage","url":"https:\/\/djmusicgeek.com\/wp-content\/uploads\/2019\/11\/dj-music-geek-logo.png","contentUrl":"https:\/\/djmusicgeek.com\/wp-content\/uploads\/2019\/11\/dj-music-geek-logo.png"},{"@type":"BreadcrumbList","@id":"https:\/\/djmusicgeek.com\/es\/sobre\/#breadcrumb","itemListElement":[{"@type":"ListItem","position":1,"name":"Inicio","item":"https:\/\/djmusicgeek.com\/"},{"@type":"ListItem","position":2,"name":"Acerca de DJ Music Geek"}]},{"@type":"WebSite","@id":"https:\/\/djmusicgeek.com\/#website","url":"https:\/\/djmusicgeek.com\/","name":"DJ Music Geek","description":"","potentialAction":[{"@type":"SearchAction","target":{"@type":"EntryPoint","urlTemplate":"https:\/\/djmusicgeek.com\/?s={search_term_string}"},"query-input":{"@type":"PropertyValueSpecification","valueRequired":true,"valueName":"search_term_string"}}],"inLanguage":"es"}]}},"_links":{"self":[{"href":"https:\/\/djmusicgeek.com\/es\/wp-json\/wp\/v2\/pages\/10912","targetHints":{"allow":["GET"]}}],"collection":[{"href":"https:\/\/djmusicgeek.com\/es\/wp-json\/wp\/v2\/pages"}],"about":[{"href":"https:\/\/djmusicgeek.com\/es\/wp-json\/wp\/v2\/types\/page"}],"author":[{"embeddable":true,"href":"https:\/\/djmusicgeek.com\/es\/wp-json\/wp\/v2\/users\/2"}],"replies":[{"embeddable":true,"href":"https:\/\/djmusicgeek.com\/es\/wp-json\/wp\/v2\/comments?post=10912"}],"version-history":[{"count":0,"href":"https:\/\/djmusicgeek.com\/es\/wp-json\/wp\/v2\/pages\/10912\/revisions"}],"wp:attachment":[{"href":"https:\/\/djmusicgeek.com\/es\/wp-json\/wp\/v2\/media?parent=10912"}],"curies":[{"name":"wp","href":"https:\/\/api.w.org\/{rel}","templated":true}]}}