{"id":12776,"date":"2024-06-14T21:53:57","date_gmt":"2024-06-14T21:53:57","guid":{"rendered":"https:\/\/djmusicgeek.com\/best-gaming-top-10-best-gaming-headsets-zu-kaufen-fur\/"},"modified":"2026-03-01T13:47:53","modified_gmt":"2026-03-01T13:47:53","slug":"best-gaming-top-10-best-gaming-headsets-zu-kaufen-fur","status":"publish","type":"page","link":"https:\/\/djmusicgeek.com\/de\/best-gaming-top-10-best-gaming-headsets-zu-kaufen-fur\/","title":{"rendered":"Top 10 der besten Gaming-Headsets \u2013"},"content":{"rendered":"","protected":false},"excerpt":{"rendered":"","protected":false},"author":2,"featured_media":0,"parent":0,"menu_order":0,"comment_status":"closed","ping_status":"closed","template":"sales-template.php","meta":{"_acf_changed":false,"footnotes":""},"class_list":["post-12776","page","type-page","status-publish","hentry"],"acf":{"product_3_supplier":"Amazon","product_4_supplier":"Amazon","product_5_supplier":"Amazon","product_6_supplier":"Amazon","product_7_supplier":"Amazon","product_8_supplier":"Amazon","product_9_supplier":"Amazon","product_10_supplier":"Amazon","product_3_url":"","exclude_from_search":true,"product_2_supplier":"Shopsta","product_price_shortcode":"\u20ac124.99","product_discount_price_shortcode":"\u20ac99.99","product_2_price":"\u20ac109.99","product_2_discount_price":"\u20ac87.99","product_3_image_1":"","product_3_image_2":"","product_3_image_3":"","product_3_asin":"B07B81D162","product_4_asin":"B07PRYFGXG","product_5_asin":"B08NTYB4M7","product_6_asin":"B07FZVXS8H","product_7_asin":"B09GW7NHL4","product_8_asin":"B07W5JKB8Z","product_2_asin":"","product_9_asin":"","product_10_asin":"","product_url":"products\/commander-g-series-wireless-edition","product_image_1":"https:\/\/www.shopsta.co.uk\/cdn\/shop\/files\/O1CN01ZcemJx1QlNZq4L8LS__2901482016-0-ampmedia_798x798.jpg?v=1764763575","product_image_2":"https:\/\/www.shopsta.co.uk\/cdn\/shop\/files\/O1CN01IR0kAX1QlNZrMlWQ4__2901482016-0-ampmedia_798x798.jpg?v=1764763575","product_image_3":"https:\/\/www.shopsta.co.uk\/cdn\/shop\/files\/O1CN01ofXqk01QlNZqNuSLV__2901482016-0-ampmedia_798x798.jpg?v=1764763575","product_image_4":"https:\/\/djmusicgeek.com\/wp-content\/uploads\/2025\/12\/commander-top-50.jpeg","product_image_5":"https:\/\/www.shopsta.co.uk\/cdn\/shop\/files\/O1CN01ZcemJx1QlNZq4L8LS__2901482016-0-ampmedia_798x798.jpg?v=1764763575","product_2_url":"products\/somic-g-series-wireless-gaming-headset","product_2_image_1":"https:\/\/djmusicgeek.com\/wp-content\/uploads\/2023\/02\/SOMIC-G760-Wireless-Gamer-Headset-Detachable-Mic-Bluetooth-2-4G-Wired-3in1-Headphone-for-PS5-PS4.jpg_Q90.jpg","product_2_image_2":"https:\/\/djmusicgeek.com\/wp-content\/uploads\/2023\/02\/8c6029491e9d78d6d7c55d6a97d52490_1600x1600_d063843b-7174-45e3-a17a-1f9f816a4166_1360x1360.webp","product_2_image_3":"https:\/\/djmusicgeek.com\/wp-content\/uploads\/2023\/02\/650d93954cd3914c2b7de270df928da5_1600x1600_256d8234-8373-4a0b-8fcc-eed1c89a1b70_1360x1360.webp","product_image_6":"","product_image_7":"","product_image_8":"","language_code":"de","product_name":"Commander G-Serie","product_type":"Gaming-Headset","product_type_singular":"Gaming-Headset","product_full_name":"Commander G Serie \u2013 160 Stunden Akkulaufzeit \u2013 Kabelloses 7.1 Surround Sound Gaming-Headset","bullet_points":"<ul>\n<li>SPIELEN WIE NIE ZUVOR: Zweifellos unser bestes kabelloses Gaming-Headset mit unglaublichem direktionalem Sound und erstaunlichem Komfort.<\/li>\n<li>INTEGRIERTER 7.1 SURROUND SOUND: Genie\u00dfen Sie hervorragenden, ausgewogenen 7.1 Surround Sound mit dem Commander G Serie Surround Sound Gaming-Headset.<\/li>\n<li>LANGE AKKULAUFZEIT: Ein riesiger Akku mit \u00fcber 160 Stunden Laufzeit und eine kabellose Verz\u00f6gerung von 20 ms bieten Ihnen effektiven \u201eEchtzeit\u201c-Sound.<\/li>\n<li>PROFESSIONELLE 50-MM-LAUTSPRECHER: Riesige 50-Millimeter-Lautsprecher in Kombination mit Neodym-Magneten sorgen f\u00fcr eine professionelle Studio-Klangqualit\u00e4t mit kr\u00e4ftigen B\u00e4ssen, klaren Stimmen und knackigen Tiefen, Mitten und H\u00f6hen f\u00fcr einen perfekt ausgewogenen Klang.<\/li>\n<li>3 SPIELMODUS: W\u00e4hlen Sie den f\u00fcr Sie passenden Modus. Mit dem Spiel-, Film- und Musikmodus k\u00f6nnen Sie den besten EQ f\u00fcr Ihren Spielstil w\u00e4hlen.<\/li>\n<li>CUSTOM AUDIO CHIP: Der Custom GS Virtual 7.1 Surround Sound macht die Verfolgung feindlicher Schritte in Spielen wie Call of Duty einfacher als je zuvor. Dieser spezielle Chip sorgt f\u00fcr punktgenaue Klanggenauigkeit in alle Richtungen und verschafft Ihnen neue Vorteile im Spiel. <\/li>\n<li>KOMPATIBEL MIT ALLEN KONSOLEN: Funktioniert kabellos mit PS5, PS4, PC &#038; Mac. Verwenden Sie die 3,5-mm-Kopfh\u00f6rerbuchse f\u00fcr Xbox und andere Ger\u00e4te. <\/li>\n<li>KRISTALLKLARES MIKROFON: Speziell f\u00fcr Spiele entwickelt, mit einem um 160\u00b0 schwenkbaren Arm, der nach dem Aufstellen an Ort und Stelle bleibt. Dieses Mikrofon mit Ger\u00e4uschunterdr\u00fcckung sorgt daf\u00fcr, dass Sie auch bei starken Hintergrundger\u00e4uschen deutlich zu h\u00f6ren sind. <\/li>\n<\/ul>\n","features":"<p>7.1 Virtueller Surround Sound<br \/>\nOhrpolsterung f\u00fcr komfortables langes Spielen<br \/>\nKlares Mikrofon f\u00fcr Chats<br \/>\nFlexibles, verstellbares, abnehmbares Mikrofon<br \/>\nRiesige Akkulaufzeit von \u00fcber 160 Stunden<br \/>\nGro\u00dfe 50-mm-Dynamiktreiber<br \/>\nKabellose 2,4-GHz-Verbindung<br \/>\nFunktioniert als Kopfh\u00f6rer f\u00fcr Musik<\/p>\n","rating":"9.8","intro_text":"<p>Hier bei DJ Music Geek sind wir besessen von allem, was mit Audio zu tun hat. Aus einer Leidenschaft f\u00fcr Audio und der Liebe zum Gaming heraus haben wir die besten auf dem Markt erh\u00e4ltlichen Gaming-Headsets getestet, die man f\u00fcr 2026 kaufen kann. Gaming-Headsets sind heute ein wichtiger Bestandteil des Gaming, und der Besitz eines hochwertigen Gaming-Headsets bietet enorme Vorteile. Es ist jetzt ein wesentlicher Bestandteil, um in Spielen wie Call of Duty, Battlefield, CS:GO, PUBG und Rainbow Six, um nur einige zu nennen, gut abzuschneiden.   <\/p>\n<p>Mit einem besseren Headset haben Sie einen Vorteil gegen\u00fcber Ihren Konkurrenten und k\u00f6nnen sie besser und auf weitere Entfernungen h\u00f6ren. Dar\u00fcber hinaus sind die einfache Kommunikation mit Ihren Freunden und die Bequemlichkeit einige weitere wichtige Faktoren, die Sie ber\u00fccksichtigen sollten. In diesem Leitfaden finden Sie einige Empfehlungen f\u00fcr unsere bevorzugten, qualitativ hochwertigen, komfortablen und besten Headsets, aus denen Sie w\u00e4hlen k\u00f6nnen.  <\/p>\n","text_after_product_box":"<p>Warum ist die Commander G Serie also die erste Wahl unter all den Headsets, die wir getestet haben? Erstens waren die Surround-Sound-F\u00e4higkeiten dieses Headsets die besten von allen unseren Tests. Wir haben die Headsets mit dem neuesten Call of Duty getestet, um zu pr\u00fcfen, wie leicht wir feindliche Standorte ausfindig machen konnten. Sie k\u00f6nnen deutlich Richtungsger\u00e4usche h\u00f6ren, was Ihnen hilft, Feinde zu lokalisieren, bevor Sie sie sehen. Die Klangqualit\u00e4t ist au\u00dfergew\u00f6hnlich und wir konnten mehr Spiele gewinnen.<\/p>\n<p>Die neue Commander G Serie ist das Premium-Gaming-Headset der Spitzenklasse mit 160 Stunden kabellosem 2,4-GHz-Gaming pro Ladung. Sie brauchen keine Kabel mehr, um Sie mit Ihrer Konsole oder Ihrem PC zu verbinden, und bieten kabelloses Gaming der n\u00e4chsten Generation mit 2,4 GHz. Es ist leicht und superbequem und bietet alles, was man sich von einem Hochleistungs-Headset nur w\u00fcnschen kann. Die aufger\u00fcstete virtuelle 7.1-Surround-Sound-Einheit mit aktualisierten Treibern bringt die Dinge wirklich auf die n\u00e4chste Ebene. Das Beste an der G-Serie ist ihr Preis. Angesichts der Tatsache, dass \u00e4hnliche Headsets weit \u00fcber 150 \u20ac kosten, w\u00fcrden wir dieses Modell anderen vorziehen, da Sie auf Kabel verzichten, einen unglaublichen Akku mit \u00fcber 160 Stunden Laufzeit erhalten und zudem einen verbesserten Klang haben.     <\/p>\n<p>Wir bewerten dies als unser bestes kabelloses Headset, das man in 2026 kaufen kann.<\/p>\n<h2 class=\"\">Produkt\u00fcbersicht:<\/h2>\n<p>Warum ist die Commander G Serie also die erste Wahl unter all den Headsets, die wir getestet haben? Hier sind 5 Gr\u00fcnde, warum wir denken, dass die G&#8217;s die besten waren: <\/p>\n<p><strong>1)<\/strong> Erstens waren die Surround-Sound-F\u00e4higkeiten dieses Headsets die besten von allen unseren Tests. Wir haben die Headsets mit dem neuesten Call of Duty getestet, um zu pr\u00fcfen, wie leicht wir feindliche Standorte ausfindig machen konnten. Sie k\u00f6nnen deutlich Richtungsger\u00e4usche h\u00f6ren, die Ihnen helfen, Feinde zu lokalisieren, bevor Sie sie sehen.  <\/p>\n<p><strong>2)<\/strong> Die G-Serie ist sehr komfortabel. Bei unseren mehrmaligen 6-st\u00fcndigen Tests haben wir keinerlei Unbehagen versp\u00fcrt. Sie quetschen Ihren Kopf nicht ein, sondern sitzen wirklich sch\u00f6n und bequem auf dem Kopf. Die G&#8217;s sind an den Ohren gut gepolstert und passen gut \u00fcber den Kopf.   <\/p>\n<p><strong>3)<\/strong> Eine weitere gro\u00dfartige Funktion, die in die G-Serie eingebaut wurde, ist die treiberlose Einrichtung. Sie k\u00f6nnen ihn einfach \u00fcber einen kabellosen USB-Dongle anschlie\u00dfen und los geht&#8217;s mit vollem virtuellen 7.1-Surround-Sound. Sie m\u00fcssen keine komplizierten Treiber und Patches installieren. Einfach einstecken und loslegen.   <\/p>\n","why_the_best_text":"<p>In unseren Tests haben wir festgestellt, dass ein h\u00f6herer Preis nicht immer eine h\u00f6here Qualit\u00e4t bedeutet. Einige der bekannteren Marken wie SteelSeries, Astro und Logitech haben zwar wirklich gute Headsets hergestellt, aber die Kosten waren doppelt oder dreifach so hoch wie beim Commander G Series. Beim Vergleich von Faktoren wie Komfort, Klarheit des Surround-Sounds und Gesamtfunktionen haben wir festgestellt, dass die Commander G Series insgesamt am besten abgeschnitten hat und die h\u00f6chste Gesamtbewertung auf der Grundlage unserer 6 Hauptfaktoren erhielt: Klang, Komfort, Akkulaufzeit, Zuverl\u00e4ssigkeit, Konnektivit\u00e4t und Preis.  <\/p>\n","reviews_text":"<p>Es ist wichtig, die Anforderungen an ein gutes Gaming-Headset zu kennen. Wir haben 6 unverzichtbare Dinge f\u00fcr jedes Headset zusammengestellt, die Sie beachten sollten: <\/p>\n<p>1) Gro\u00dfartiger Klang &#8211; auf diese wichtige Komponente k\u00f6nnen wir nicht verzichten!<br \/>\n2) Komfort &#8211; k\u00f6nnen wir stundenlang spielen, ohne uns unwohl zu f\u00fchlen<br \/>\n3) Akkulaufzeit &#8211; wie lange h\u00e4lt der Akku, wenn er kabellos ist?<br \/>\n4) Zuverl\u00e4ssigkeit &#8211; muss ich mir Sorgen um die Verarbeitungsqualit\u00e4t machen?<br \/>\n5) Konnektivit\u00e4t &#8211; wie einfach ist der Anschluss?<br \/>\n6) Preis &#8211; ist er erschwinglich oder zahle ich zu viel?<\/p>\n<p>Wir haben die oben genannten Kopfh\u00f6rer auf der Grundlage dieser Faktoren gepr\u00fcft und bestellt. Es ist wichtig, dass Sie bei der Auswahl eines Headsets alle Aspekte ber\u00fccksichtigen, denn es gen\u00fcgt ein einziger Aspekt, der Sie entt\u00e4uscht, um Ihr Erlebnis zu ruinieren. Alles in allem ist die Commander G-Serie unsere erste Wahl.<\/p>\n","top_pick_box_text":"<p>Wenn es um ein Gaming-Headset geht, wollen Sie alle Funktionen in ein gro\u00dfartiges Design verpackt haben. Die Commander G Serie bietet unserer Meinung nach alles, was man sich von einem kabellosen Gaming-Headset w\u00fcnschen kann, zu einem ph\u00e4nomenalen Preis. <\/p>\n<p>Dank der hohen Verarbeitungsqualit\u00e4t, der gro\u00dfartigen Akkulaufzeit, der extrem zuverl\u00e4ssigen Konnektivit\u00e4t und der Kompatibilit\u00e4t mit allen Konsolen bewerten wir die G-Serie mit 9,8 von 10 Punkten.<\/p>\n<p>Nachdem wir das Ger\u00e4t jetzt etwa 5 Monate lang t\u00e4glich benutzt haben, k\u00f6nnen wir uns nicht vorstellen, in n\u00e4chster Zeit zu einem anderen Ger\u00e4t zu wechseln.<\/p>\n<p>Erhalten Sie kostenlose Lieferung beim Kauf bei Shopsta.<\/p>\n","bottom_text":"<p>Die Commander G-Serie verf\u00fcgt \u00fcber riesige dynamische 50-mm-Lautsprechertreiber, was f\u00fcr den durchschnittlichen Benutzer mehr als ausreichend ist. Bei voller Lautst\u00e4rke k\u00f6nnte das Headset als zu laut angesehen werden.  Dies ist jedoch gro\u00dfartig, da Sie die Tonausgabe an Ihre Einstellung anpassen k\u00f6nnen. Mit weiteren Funktionen wie komfortablen Ohrpolstern, einer Akkulaufzeit von 160 Stunden und 3 In-Game-EQ-Modi erm\u00f6glicht die Commander G-Serie definitiv das ultimative Spielerlebnis. Wenn Sie sich f\u00fcr dieses Ger\u00e4t entscheiden, stellen Sie sicher, dass Sie 20% Rabatt auf den Verkaufspreis erhalten, wenn Sie den Rabattcode beim Bezahlen verwenden. Wir danken Ihnen f\u00fcr die Lekt\u00fcre unserer obigen Testberichte und hoffen, dass wir Ihnen geholfen haben, das richtige Headset f\u00fcr Ihre Bed\u00fcrfnisse zu finden.   <\/p>\n","product_2_full_name":"SOMiC G Serie \u2013 Kabelloses 7.1 Gaming-Headset mit abnehmbarem Mikrofon","product_2_bullet_points":"<ul>\n<li>BESTES ERSCHWINGLICHES GAMING-HEADSET: Die SOMiC G Serie ist ein Bestseller-Headset, das f\u00fcr seine Leistung und sein Design bekannt ist.<\/li>\n<li>INTEGRIERTER 7.1 SURROUND SOUND: Genie\u00dfen Sie hervorragenden, ausgewogenen 7.1 Surround Sound mit dem SOMiC G Surround Sound Gaming-Headset.<\/li>\n<li>PROFESSIONELLE 50-MM-LAUTSPRECHER: Riesige 50-Millimeter-Lautsprecher in Kombination mit Neodym-Magneten sorgen f\u00fcr eine professionelle Studio-Klangqualit\u00e4t mit kr\u00e4ftigen B\u00e4ssen, klaren Stimmen und knackigen Tiefen, Mitten und H\u00f6hen f\u00fcr einen perfekt ausgewogenen Klang.<\/li>\n<li>3 SPIELMODUS: W\u00e4hlen Sie den f\u00fcr Sie passenden Modus. Mit dem Spiel-, Film- und Musikmodus k\u00f6nnen Sie den besten EQ f\u00fcr Ihren Spielstil w\u00e4hlen.<\/li>\n<li>CUSTOM AUDIO CHIP: Die speziell angefertigte virtuelle 7.1-Surround-Sound-Einheit der G-Serie macht die Verfolgung feindlicher Schritte in Spielen wie Call of Duty einfacher als je zuvor. Dieser spezialgefertigte Chip bietet eine punktgenaue Klangpr\u00e4zision in alle Richtungen und verschafft Ihnen so neue Vorteile im Spiel.<\/li>\n<li>KOMPATIBEL MIT ALLEN KONSOLEN: Funktioniert mit PS5, PS4, PC &#038; Mac \u00fcber USB. Nutzen Sie den 3,5-mm-Kopfh\u00f6reranschluss f\u00fcr die Xbox &#038; andere Ger\u00e4te.<\/li>\n<li>KRISTALLKLARES MIKROFON: Speziell f\u00fcr Spiele entwickelt, mit einem um 160\u00b0 schwenkbaren Arm, der nach dem Aufstellen an Ort und Stelle bleibt. Dieses Mikrofon mit Ger\u00e4uschunterdr\u00fcckung sorgt daf\u00fcr, dass Sie auch bei starken Hintergrundger\u00e4uschen deutlich zu h\u00f6ren sind. <\/li>\n<\/ul>\n","text_after_product_box_2":"<p><strong>4)<\/strong> Das Mikrofon ist kristallklar. Es verf\u00fcgt sogar \u00fcber ein Mikrofon mit doppelter Ger\u00e4uschunterdr\u00fcckung, das an der Au\u00dfenseite der H\u00f6rmuschel sitzt, um Hintergrundger\u00e4usche zu erfassen und sie aus dem Voice-Chat im Spiel zu eliminieren.<\/p>\n<p><strong>5)<\/strong> Die Akkulaufzeit ist ein wichtiger Faktor bei kabellosen Headsets, daher sollten Sie sich f\u00fcr ein Headset mit einer angemessenen Kapazit\u00e4t entscheiden. Die Commander G Serie zeichnet sich als eines der besten Headsets in Bezug auf die Akkulaufzeit aus. Massive \u00fcber 160 volle Stunden ohne Aufladen.  Ich habe das selbst getestet und glaube tats\u00e4chlich, dass es l\u00e4nger gehalten hat als diese offizielle Angabe. Dennoch sind 160 Stunden eine sehr lange Zeit, ohne dass ein Aufladen erforderlich ist, und eine weitere gro\u00dfartige Funktion ist, dass Sie gleichzeitig aufladen und spielen k\u00f6nnen, was sehr angenehm ist.<\/p>\n","product_2_full_name_new":"SOMiC G Serie \u2013 Kabelloses 7.1 Gaming-Headset mit abnehmbarem Mikrofon"},"yoast_head":"<!-- This site is optimized with the Yoast SEO plugin v27.4 - https:\/\/yoast.com\/product\/yoast-seo-wordpress\/ -->\n<title>Top 10 der besten Gaming-Headsets \u2013 - DJ Music Geek<\/title>\n<meta name=\"robots\" content=\"index, follow, max-snippet:-1, max-image-preview:large, max-video-preview:-1\" \/>\n<link rel=\"canonical\" href=\"https:\/\/djmusicgeek.com\/de\/best-gaming-top-10-best-gaming-headsets-zu-kaufen-fur\/\" \/>\n<meta property=\"og:locale\" content=\"de_DE\" \/>\n<meta property=\"og:type\" content=\"article\" \/>\n<meta property=\"og:title\" content=\"Top 10 der besten Gaming-Headsets \u2013 - DJ Music Geek\" \/>\n<meta property=\"og:url\" content=\"https:\/\/djmusicgeek.com\/de\/best-gaming-top-10-best-gaming-headsets-zu-kaufen-fur\/\" \/>\n<meta property=\"og:site_name\" content=\"DJ Music Geek\" \/>\n<meta property=\"article:modified_time\" content=\"2026-03-01T13:47:53+00:00\" \/>\n<meta name=\"twitter:card\" content=\"summary_large_image\" \/>\n<script type=\"application\/ld+json\" class=\"yoast-schema-graph\">{\"@context\":\"https:\\\/\\\/schema.org\",\"@graph\":[{\"@type\":\"WebPage\",\"@id\":\"https:\\\/\\\/djmusicgeek.com\\\/de\\\/best-gaming-top-10-best-gaming-headsets-zu-kaufen-fur\\\/\",\"url\":\"https:\\\/\\\/djmusicgeek.com\\\/de\\\/best-gaming-top-10-best-gaming-headsets-zu-kaufen-fur\\\/\",\"name\":\"Top 10 der besten Gaming-Headsets \u2013 - DJ Music Geek\",\"isPartOf\":{\"@id\":\"https:\\\/\\\/djmusicgeek.com\\\/#website\"},\"datePublished\":\"2024-06-14T21:53:57+00:00\",\"dateModified\":\"2026-03-01T13:47:53+00:00\",\"breadcrumb\":{\"@id\":\"https:\\\/\\\/djmusicgeek.com\\\/de\\\/best-gaming-top-10-best-gaming-headsets-zu-kaufen-fur\\\/#breadcrumb\"},\"inLanguage\":\"de-AT\",\"potentialAction\":[{\"@type\":\"ReadAction\",\"target\":[\"https:\\\/\\\/djmusicgeek.com\\\/de\\\/best-gaming-top-10-best-gaming-headsets-zu-kaufen-fur\\\/\"]}]},{\"@type\":\"BreadcrumbList\",\"@id\":\"https:\\\/\\\/djmusicgeek.com\\\/de\\\/best-gaming-top-10-best-gaming-headsets-zu-kaufen-fur\\\/#breadcrumb\",\"itemListElement\":[{\"@type\":\"ListItem\",\"position\":1,\"name\":\"Startseite\",\"item\":\"https:\\\/\\\/djmusicgeek.com\\\/\"},{\"@type\":\"ListItem\",\"position\":2,\"name\":\"Top 10 der besten Gaming-Headsets \u2013\"}]},{\"@type\":\"WebSite\",\"@id\":\"https:\\\/\\\/djmusicgeek.com\\\/#website\",\"url\":\"https:\\\/\\\/djmusicgeek.com\\\/\",\"name\":\"DJ Music Geek\",\"description\":\"\",\"potentialAction\":[{\"@type\":\"SearchAction\",\"target\":{\"@type\":\"EntryPoint\",\"urlTemplate\":\"https:\\\/\\\/djmusicgeek.com\\\/?s={search_term_string}\"},\"query-input\":{\"@type\":\"PropertyValueSpecification\",\"valueRequired\":true,\"valueName\":\"search_term_string\"}}],\"inLanguage\":\"de-AT\"}]}<\/script>\n<!-- \/ Yoast SEO plugin. -->","yoast_head_json":{"title":"Top 10 der besten Gaming-Headsets \u2013 - DJ Music Geek","robots":{"index":"index","follow":"follow","max-snippet":"max-snippet:-1","max-image-preview":"max-image-preview:large","max-video-preview":"max-video-preview:-1"},"canonical":"https:\/\/djmusicgeek.com\/de\/best-gaming-top-10-best-gaming-headsets-zu-kaufen-fur\/","og_locale":"de_DE","og_type":"article","og_title":"Top 10 der besten Gaming-Headsets \u2013 - DJ Music Geek","og_url":"https:\/\/djmusicgeek.com\/de\/best-gaming-top-10-best-gaming-headsets-zu-kaufen-fur\/","og_site_name":"DJ Music Geek","article_modified_time":"2026-03-01T13:47:53+00:00","twitter_card":"summary_large_image","schema":{"@context":"https:\/\/schema.org","@graph":[{"@type":"WebPage","@id":"https:\/\/djmusicgeek.com\/de\/best-gaming-top-10-best-gaming-headsets-zu-kaufen-fur\/","url":"https:\/\/djmusicgeek.com\/de\/best-gaming-top-10-best-gaming-headsets-zu-kaufen-fur\/","name":"Top 10 der besten Gaming-Headsets \u2013 - DJ Music Geek","isPartOf":{"@id":"https:\/\/djmusicgeek.com\/#website"},"datePublished":"2024-06-14T21:53:57+00:00","dateModified":"2026-03-01T13:47:53+00:00","breadcrumb":{"@id":"https:\/\/djmusicgeek.com\/de\/best-gaming-top-10-best-gaming-headsets-zu-kaufen-fur\/#breadcrumb"},"inLanguage":"de-AT","potentialAction":[{"@type":"ReadAction","target":["https:\/\/djmusicgeek.com\/de\/best-gaming-top-10-best-gaming-headsets-zu-kaufen-fur\/"]}]},{"@type":"BreadcrumbList","@id":"https:\/\/djmusicgeek.com\/de\/best-gaming-top-10-best-gaming-headsets-zu-kaufen-fur\/#breadcrumb","itemListElement":[{"@type":"ListItem","position":1,"name":"Startseite","item":"https:\/\/djmusicgeek.com\/"},{"@type":"ListItem","position":2,"name":"Top 10 der besten Gaming-Headsets \u2013"}]},{"@type":"WebSite","@id":"https:\/\/djmusicgeek.com\/#website","url":"https:\/\/djmusicgeek.com\/","name":"DJ Music Geek","description":"","potentialAction":[{"@type":"SearchAction","target":{"@type":"EntryPoint","urlTemplate":"https:\/\/djmusicgeek.com\/?s={search_term_string}"},"query-input":{"@type":"PropertyValueSpecification","valueRequired":true,"valueName":"search_term_string"}}],"inLanguage":"de-AT"}]}},"_links":{"self":[{"href":"https:\/\/djmusicgeek.com\/de\/wp-json\/wp\/v2\/pages\/12776","targetHints":{"allow":["GET"]}}],"collection":[{"href":"https:\/\/djmusicgeek.com\/de\/wp-json\/wp\/v2\/pages"}],"about":[{"href":"https:\/\/djmusicgeek.com\/de\/wp-json\/wp\/v2\/types\/page"}],"author":[{"embeddable":true,"href":"https:\/\/djmusicgeek.com\/de\/wp-json\/wp\/v2\/users\/2"}],"replies":[{"embeddable":true,"href":"https:\/\/djmusicgeek.com\/de\/wp-json\/wp\/v2\/comments?post=12776"}],"version-history":[{"count":2,"href":"https:\/\/djmusicgeek.com\/de\/wp-json\/wp\/v2\/pages\/12776\/revisions"}],"predecessor-version":[{"id":16694,"href":"https:\/\/djmusicgeek.com\/de\/wp-json\/wp\/v2\/pages\/12776\/revisions\/16694"}],"wp:attachment":[{"href":"https:\/\/djmusicgeek.com\/de\/wp-json\/wp\/v2\/media?parent=12776"}],"curies":[{"name":"wp","href":"https:\/\/api.w.org\/{rel}","templated":true}]}}