{"id":10924,"date":"2017-01-07T03:50:25","date_gmt":"2017-01-07T03:50:25","guid":{"rendered":"https:\/\/djmusicgeek.com\/datenschutzbestimmungen\/"},"modified":"2017-01-07T03:50:25","modified_gmt":"2017-01-07T03:50:25","slug":"datenschutzbestimmungen","status":"publish","type":"page","link":"https:\/\/djmusicgeek.com\/de\/datenschutzbestimmungen\/","title":{"rendered":"Datenschutzbestimmungen"},"content":{"rendered":"<p>Ihre Privatsph\u00e4re ist uns wichtig. DJ Music Geek respektiert Ihre Privatsph\u00e4re in Bezug auf alle Informationen, die wir von Ihnen \u00fcber unsere Website, <a href=\"https:\/\/djmusicgeek.com\">https:\/\/djmusicgeek.com,<\/a> und andere Websites, die wir besitzen und betreiben, sammeln.<\/p>\n<p>Wir fragen nur dann nach pers\u00f6nlichen Informationen, wenn wir sie wirklich ben\u00f6tigen, um Ihnen einen Service zu bieten. Wir sammeln sie mit fairen und rechtm\u00e4\u00dfigen Mitteln, mit Ihrem Wissen und Ihrer Zustimmung. Wir informieren Sie auch dar\u00fcber, warum wir die Daten sammeln und wie sie verwendet werden.<\/p>\n<p>Wir bewahren die gesammelten Informationen nur so lange auf, wie es notwendig ist, um Ihnen den gew\u00fcnschten Service zu bieten. Die von uns gespeicherten Daten sch\u00fctzen wir mit wirtschaftlich vertretbaren Mitteln vor Verlust und Diebstahl sowie vor unbefugtem Zugriff, Offenlegung, Kopieren, Verwendung oder \u00c4nderung.<\/p>\n<p>Wir geben keine pers\u00f6nlichen Daten an die \u00d6ffentlichkeit oder an Dritte weiter, es sei denn, wir sind gesetzlich dazu verpflichtet.<\/p>\n<p>Unsere Website kann Links zu externen Websites enthalten, die nicht von uns betrieben werden. Bitte beachten Sie, dass wir keine Kontrolle \u00fcber den Inhalt und die Praktiken dieser Websites haben und keine Verantwortung oder Haftung f\u00fcr die jeweiligen Datenschutzrichtlinien \u00fcbernehmen k\u00f6nnen.<\/p>\n<p>Es steht Ihnen frei, unsere Anfrage nach Ihren pers\u00f6nlichen Daten abzulehnen, mit dem Verst\u00e4ndnis, dass wir Ihnen einige der von Ihnen gew\u00fcnschten Dienstleistungen m\u00f6glicherweise nicht anbieten k\u00f6nnen.<\/p>\n<p>Die fortgesetzte Nutzung unserer Website gilt als Zustimmung zu unseren Praktiken in Bezug auf Datenschutz und pers\u00f6nliche Daten. Wenn Sie Fragen dazu haben, wie wir mit Nutzerdaten und pers\u00f6nlichen Informationen umgehen, k\u00f6nnen Sie sich gerne an uns wenden.<\/p>\n<p>Diese Richtlinie gilt ab dem 1. Januar 2017.<\/p>\n","protected":false},"excerpt":{"rendered":"<p>Ihre Privatsph\u00e4re ist uns wichtig. DJ Music Geek respektiert Ihre Privatsph\u00e4re in Bezug auf alle Informationen, die wir von Ihnen \u00fcber unsere Website, https:\/\/djmusicgeek.com, und andere Websites, die wir besitzen und betreiben, sammeln. Wir fragen nur dann nach pers\u00f6nlichen Informationen, wenn wir sie wirklich ben\u00f6tigen, um Ihnen einen Service zu bieten. Wir sammeln sie mit [&hellip;]<\/p>\n","protected":false},"author":2,"featured_media":0,"parent":0,"menu_order":0,"comment_status":"closed","ping_status":"closed","template":"","meta":{"_acf_changed":false,"footnotes":""},"class_list":["post-10924","page","type-page","status-publish","hentry"],"acf":[],"yoast_head":"<!-- This site is optimized with the Yoast SEO plugin v27.4 - https:\/\/yoast.com\/product\/yoast-seo-wordpress\/ -->\n<title>Datenschutzbestimmungen - DJ Music Geek<\/title>\n<meta name=\"robots\" content=\"index, follow, max-snippet:-1, max-image-preview:large, max-video-preview:-1\" \/>\n<link rel=\"canonical\" href=\"https:\/\/djmusicgeek.com\/datenschutzbestimmungen\/\" \/>\n<meta property=\"og:locale\" content=\"de_DE\" \/>\n<meta property=\"og:type\" content=\"article\" \/>\n<meta property=\"og:title\" content=\"Datenschutzbestimmungen - DJ Music Geek\" \/>\n<meta property=\"og:description\" content=\"Ihre Privatsph\u00e4re ist uns wichtig. DJ Music Geek respektiert Ihre Privatsph\u00e4re in Bezug auf alle Informationen, die wir von Ihnen \u00fcber unsere Website, https:\/\/djmusicgeek.com, und andere Websites, die wir besitzen und betreiben, sammeln. Wir fragen nur dann nach pers\u00f6nlichen Informationen, wenn wir sie wirklich ben\u00f6tigen, um Ihnen einen Service zu bieten. Wir sammeln sie mit [&hellip;]\" \/>\n<meta property=\"og:url\" content=\"https:\/\/djmusicgeek.com\/datenschutzbestimmungen\/\" \/>\n<meta property=\"og:site_name\" content=\"DJ Music Geek\" \/>\n<meta name=\"twitter:card\" content=\"summary_large_image\" \/>\n<meta name=\"twitter:label1\" content=\"Gesch\u00e4tzte Lesezeit\" \/>\n\t<meta name=\"twitter:data1\" content=\"1\u00a0Minute\" \/>\n<script type=\"application\/ld+json\" class=\"yoast-schema-graph\">{\"@context\":\"https:\\\/\\\/schema.org\",\"@graph\":[{\"@type\":\"WebPage\",\"@id\":\"https:\\\/\\\/djmusicgeek.com\\\/datenschutzbestimmungen\\\/\",\"url\":\"https:\\\/\\\/djmusicgeek.com\\\/datenschutzbestimmungen\\\/\",\"name\":\"Datenschutzbestimmungen - DJ Music Geek\",\"isPartOf\":{\"@id\":\"https:\\\/\\\/djmusicgeek.com\\\/#website\"},\"datePublished\":\"2017-01-07T03:50:25+00:00\",\"breadcrumb\":{\"@id\":\"https:\\\/\\\/djmusicgeek.com\\\/datenschutzbestimmungen\\\/#breadcrumb\"},\"inLanguage\":\"de-AT\",\"potentialAction\":[{\"@type\":\"ReadAction\",\"target\":[\"https:\\\/\\\/djmusicgeek.com\\\/datenschutzbestimmungen\\\/\"]}]},{\"@type\":\"BreadcrumbList\",\"@id\":\"https:\\\/\\\/djmusicgeek.com\\\/datenschutzbestimmungen\\\/#breadcrumb\",\"itemListElement\":[{\"@type\":\"ListItem\",\"position\":1,\"name\":\"Startseite\",\"item\":\"https:\\\/\\\/djmusicgeek.com\\\/\"},{\"@type\":\"ListItem\",\"position\":2,\"name\":\"Datenschutzbestimmungen\"}]},{\"@type\":\"WebSite\",\"@id\":\"https:\\\/\\\/djmusicgeek.com\\\/#website\",\"url\":\"https:\\\/\\\/djmusicgeek.com\\\/\",\"name\":\"DJ Music Geek\",\"description\":\"\",\"potentialAction\":[{\"@type\":\"SearchAction\",\"target\":{\"@type\":\"EntryPoint\",\"urlTemplate\":\"https:\\\/\\\/djmusicgeek.com\\\/?s={search_term_string}\"},\"query-input\":{\"@type\":\"PropertyValueSpecification\",\"valueRequired\":true,\"valueName\":\"search_term_string\"}}],\"inLanguage\":\"de-AT\"}]}<\/script>\n<!-- \/ Yoast SEO plugin. -->","yoast_head_json":{"title":"Datenschutzbestimmungen - DJ Music Geek","robots":{"index":"index","follow":"follow","max-snippet":"max-snippet:-1","max-image-preview":"max-image-preview:large","max-video-preview":"max-video-preview:-1"},"canonical":"https:\/\/djmusicgeek.com\/datenschutzbestimmungen\/","og_locale":"de_DE","og_type":"article","og_title":"Datenschutzbestimmungen - DJ Music Geek","og_description":"Ihre Privatsph\u00e4re ist uns wichtig. DJ Music Geek respektiert Ihre Privatsph\u00e4re in Bezug auf alle Informationen, die wir von Ihnen \u00fcber unsere Website, https:\/\/djmusicgeek.com, und andere Websites, die wir besitzen und betreiben, sammeln. Wir fragen nur dann nach pers\u00f6nlichen Informationen, wenn wir sie wirklich ben\u00f6tigen, um Ihnen einen Service zu bieten. Wir sammeln sie mit [&hellip;]","og_url":"https:\/\/djmusicgeek.com\/datenschutzbestimmungen\/","og_site_name":"DJ Music Geek","twitter_card":"summary_large_image","twitter_misc":{"Gesch\u00e4tzte Lesezeit":"1\u00a0Minute"},"schema":{"@context":"https:\/\/schema.org","@graph":[{"@type":"WebPage","@id":"https:\/\/djmusicgeek.com\/datenschutzbestimmungen\/","url":"https:\/\/djmusicgeek.com\/datenschutzbestimmungen\/","name":"Datenschutzbestimmungen - DJ Music Geek","isPartOf":{"@id":"https:\/\/djmusicgeek.com\/#website"},"datePublished":"2017-01-07T03:50:25+00:00","breadcrumb":{"@id":"https:\/\/djmusicgeek.com\/datenschutzbestimmungen\/#breadcrumb"},"inLanguage":"de-AT","potentialAction":[{"@type":"ReadAction","target":["https:\/\/djmusicgeek.com\/datenschutzbestimmungen\/"]}]},{"@type":"BreadcrumbList","@id":"https:\/\/djmusicgeek.com\/datenschutzbestimmungen\/#breadcrumb","itemListElement":[{"@type":"ListItem","position":1,"name":"Startseite","item":"https:\/\/djmusicgeek.com\/"},{"@type":"ListItem","position":2,"name":"Datenschutzbestimmungen"}]},{"@type":"WebSite","@id":"https:\/\/djmusicgeek.com\/#website","url":"https:\/\/djmusicgeek.com\/","name":"DJ Music Geek","description":"","potentialAction":[{"@type":"SearchAction","target":{"@type":"EntryPoint","urlTemplate":"https:\/\/djmusicgeek.com\/?s={search_term_string}"},"query-input":{"@type":"PropertyValueSpecification","valueRequired":true,"valueName":"search_term_string"}}],"inLanguage":"de-AT"}]}},"_links":{"self":[{"href":"https:\/\/djmusicgeek.com\/de\/wp-json\/wp\/v2\/pages\/10924","targetHints":{"allow":["GET"]}}],"collection":[{"href":"https:\/\/djmusicgeek.com\/de\/wp-json\/wp\/v2\/pages"}],"about":[{"href":"https:\/\/djmusicgeek.com\/de\/wp-json\/wp\/v2\/types\/page"}],"author":[{"embeddable":true,"href":"https:\/\/djmusicgeek.com\/de\/wp-json\/wp\/v2\/users\/2"}],"replies":[{"embeddable":true,"href":"https:\/\/djmusicgeek.com\/de\/wp-json\/wp\/v2\/comments?post=10924"}],"version-history":[{"count":0,"href":"https:\/\/djmusicgeek.com\/de\/wp-json\/wp\/v2\/pages\/10924\/revisions"}],"wp:attachment":[{"href":"https:\/\/djmusicgeek.com\/de\/wp-json\/wp\/v2\/media?parent=10924"}],"curies":[{"name":"wp","href":"https:\/\/api.w.org\/{rel}","templated":true}]}}