{"id":10916,"date":"2017-01-07T03:50:15","date_gmt":"2017-01-07T03:50:15","guid":{"rendered":"https:\/\/djmusicgeek.com\/bedingungen-und-konditionen\/"},"modified":"2017-01-07T03:50:15","modified_gmt":"2017-01-07T03:50:15","slug":"bedingungen-und-konditionen","status":"publish","type":"page","link":"https:\/\/djmusicgeek.com\/de\/bedingungen-und-konditionen\/","title":{"rendered":"Bedingungen und Konditionen"},"content":{"rendered":"<h3>1. Begriffe<\/h3>\n<p>Mit dem Zugriff auf die Website <a href=\"https:\/\/djmusicgeek.com\">https:\/\/djmusicgeek.com<\/a> erkl\u00e4ren Sie sich mit diesen Nutzungsbedingungen sowie mit allen geltenden Gesetzen und Vorschriften einverstanden und stimmen zu, dass Sie f\u00fcr die Einhaltung aller geltenden lokalen Gesetze verantwortlich sind. Wenn Sie mit einer dieser Bedingungen nicht einverstanden sind, ist es Ihnen untersagt, diese Website zu nutzen oder darauf zuzugreifen. Die auf dieser Website enthaltenen Materialien sind durch das geltende Urheber- und Markenrecht gesch\u00fctzt.<\/p>\n<h3>2. Lizenz verwenden<\/h3>\n<ol type=\"a\">\n<li>Es wird die Erlaubnis erteilt, eine Kopie der Materialien (Informationen oder Software) auf der Website von DJ Music Geek nur f\u00fcr den pers\u00f6nlichen, nicht-kommerziellen Gebrauch herunterzuladen. Es handelt sich um die Gew\u00e4hrung einer Lizenz, nicht um eine \u00dcbertragung des Eigentumsrechts, und im Rahmen dieser Lizenz d\u00fcrfen Sie nicht:\n<ol type=\"i\">\n<li>die Materialien zu ver\u00e4ndern oder zu kopieren;<\/li>\n<li>das Material f\u00fcr kommerzielle Zwecke oder f\u00fcr eine \u00f6ffentliche Darstellung (kommerziell oder nicht kommerziell) zu verwenden;<\/li>\n<li>zu versuchen, die auf der Website von DJ Music Geek enthaltene Software zu dekompilieren oder zur\u00fcckzuentwickeln;<\/li>\n<li>Urheberrechts- oder andere Eigentumsvermerke aus den Materialien zu entfernen; oder<\/li>\n<li>das Material an eine andere Person weiterzugeben oder auf einem anderen Server zu &#8222;spiegeln&#8220;.<\/li>\n<\/ol>\n<\/li>\n<li>Diese Lizenz erlischt automatisch, wenn Sie eine dieser Einschr\u00e4nkungen verletzen, und kann von DJ Music Geek jederzeit gek\u00fcndigt werden. Nach Beendigung der Betrachtung dieser Materialien oder nach Beendigung dieser Lizenz m\u00fcssen Sie alle heruntergeladenen Materialien, die sich in Ihrem Besitz befinden, egal ob in elektronischer oder gedruckter Form, vernichten.<\/li>\n<\/ol>\n<h3>3. Haftungsausschluss<\/h3>\n<ol type=\"a\">\n<li>Das Material auf der Website von DJ Music Geek wird in der vorliegenden Form zur Verf\u00fcgung gestellt. DJ Music Geek gibt keine Garantien, weder ausdr\u00fccklich noch stillschweigend, und lehnt hiermit alle anderen Garantien ab, einschlie\u00dflich, ohne Einschr\u00e4nkung, stillschweigende Garantien oder Bedingungen der Marktg\u00e4ngigkeit, der Eignung f\u00fcr einen bestimmten Zweck oder der Nicht-Verletzung von geistigem Eigentum oder anderen Rechtsverletzungen.<\/li>\n<li>Dar\u00fcber hinaus \u00fcbernimmt DJ Music Geek keine Gew\u00e4hr f\u00fcr die Richtigkeit, die wahrscheinlichen Ergebnisse oder die Zuverl\u00e4ssigkeit der Nutzung der Materialien auf seiner Website oder in anderer Weise in Bezug auf solche Materialien oder auf Websites, die mit dieser Website verlinkt sind, und macht auch keine Zusicherungen.<\/li>\n<\/ol>\n<h3>4. Beschr\u00e4nkungen<\/h3>\n<p>In keinem Fall sind DJ Music Geek oder seine Lieferanten haftbar f\u00fcr Sch\u00e4den (einschlie\u00dflich, ohne Einschr\u00e4nkung, Sch\u00e4den f\u00fcr den Verlust von Daten oder Gewinn, oder aufgrund von Gesch\u00e4ftsunterbrechungen), die sich aus der Nutzung oder Unf\u00e4higkeit zur Nutzung der Materialien auf DJ Music Geek&#8217;s Website, auch wenn DJ Music Geek oder ein DJ Music Geek autorisierten Vertreter wurde m\u00fcndlich oder schriftlich \u00fcber die M\u00f6glichkeit eines solchen Schadens. Da einige Gerichtsbarkeiten keine Beschr\u00e4nkungen von stillschweigenden Garantien oder Haftungsbeschr\u00e4nkungen f\u00fcr Folgesch\u00e4den oder zuf\u00e4llige Sch\u00e4den zulassen, gelten diese Beschr\u00e4nkungen m\u00f6glicherweise nicht f\u00fcr Sie.<\/p>\n<h3>5. Genauigkeit der Materialien<\/h3>\n<p>Das Material auf der Website von DJ Music Geek kann technische, typografische oder fotografische Fehler enthalten. DJ Music Geek \u00fcbernimmt keine Gew\u00e4hr f\u00fcr die Richtigkeit, Vollst\u00e4ndigkeit und Aktualit\u00e4t der auf seiner Website enthaltenen Informationen. DJ Music Geek kann jederzeit und ohne Vorank\u00fcndigung \u00c4nderungen an den auf seiner Website enthaltenen Materialien vornehmen. DJ Music Geek \u00fcbernimmt jedoch keine Verpflichtung zur Aktualisierung des Materials.<\/p>\n<h3>6. Links<\/h3>\n<p>DJ Music Geek hat nicht alle Websites, die mit seiner Website verlinkt sind, \u00fcberpr\u00fcft und ist nicht verantwortlich f\u00fcr den Inhalt dieser verlinkten Websites. Die Aufnahme eines Links bedeutet nicht, dass DJ Music Geek die Seite bef\u00fcrwortet. Die Nutzung einer solchen verlinkten Website erfolgt auf eigenes Risiko des Nutzers.<\/p>\n<h3>7. \u00c4nderungen<\/h3>\n<p>DJ Music Geek kann diese Nutzungsbedingungen f\u00fcr seine Website jederzeit und ohne Vorank\u00fcndigung \u00fcberarbeiten. Durch die Nutzung dieser Website erkl\u00e4ren Sie sich mit der jeweils aktuellen Version dieser Nutzungsbedingungen einverstanden.<\/p>\n<h3>8. Geltendes Recht<\/h3>\n<p>Diese Bedingungen unterliegen den Gesetzen der Vereinigten Staaten und Sie unterwerfen sich unwiderruflich der ausschlie\u00dflichen Gerichtsbarkeit der Gerichte dieses Staates oder Ortes.<\/p>\n","protected":false},"excerpt":{"rendered":"<p>1. Begriffe Mit dem Zugriff auf die Website https:\/\/djmusicgeek.com erkl\u00e4ren Sie sich mit diesen Nutzungsbedingungen sowie mit allen geltenden Gesetzen und Vorschriften einverstanden und stimmen zu, dass Sie f\u00fcr die Einhaltung aller geltenden lokalen Gesetze verantwortlich sind. Wenn Sie mit einer dieser Bedingungen nicht einverstanden sind, ist es Ihnen untersagt, diese Website zu nutzen oder [&hellip;]<\/p>\n","protected":false},"author":2,"featured_media":0,"parent":0,"menu_order":0,"comment_status":"closed","ping_status":"closed","template":"","meta":{"_acf_changed":false,"footnotes":""},"class_list":["post-10916","page","type-page","status-publish","hentry"],"acf":[],"yoast_head":"<!-- This site is optimized with the Yoast SEO plugin v27.4 - https:\/\/yoast.com\/product\/yoast-seo-wordpress\/ -->\n<title>Bedingungen und Konditionen - DJ Music Geek<\/title>\n<meta name=\"description\" content=\"Mit dem Zugriff auf die Website https:\/\/djmusicgeek.com erkl\u00e4ren Sie sich mit diesen Nutzungsbedingungen sowie mit allen geltenden Gesetzen und Vorschriften einverstanden.\" \/>\n<meta name=\"robots\" content=\"index, follow, max-snippet:-1, max-image-preview:large, max-video-preview:-1\" \/>\n<link rel=\"canonical\" href=\"https:\/\/djmusicgeek.com\/de\/bedingungen-und-konditionen\/\" \/>\n<meta property=\"og:locale\" content=\"de_DE\" \/>\n<meta property=\"og:type\" content=\"article\" \/>\n<meta property=\"og:title\" content=\"Bedingungen und Konditionen - DJ Music Geek\" \/>\n<meta property=\"og:description\" content=\"Mit dem Zugriff auf die Website https:\/\/djmusicgeek.com erkl\u00e4ren Sie sich mit diesen Nutzungsbedingungen sowie mit allen geltenden Gesetzen und Vorschriften einverstanden.\" \/>\n<meta property=\"og:url\" content=\"https:\/\/djmusicgeek.com\/de\/bedingungen-und-konditionen\/\" \/>\n<meta property=\"og:site_name\" content=\"DJ Music Geek\" \/>\n<meta name=\"twitter:card\" content=\"summary_large_image\" \/>\n<meta name=\"twitter:label1\" content=\"Gesch\u00e4tzte Lesezeit\" \/>\n\t<meta name=\"twitter:data1\" content=\"3\u00a0Minuten\" \/>\n<script type=\"application\/ld+json\" class=\"yoast-schema-graph\">{\"@context\":\"https:\\\/\\\/schema.org\",\"@graph\":[{\"@type\":\"WebPage\",\"@id\":\"https:\\\/\\\/djmusicgeek.com\\\/de\\\/bedingungen-und-konditionen\\\/\",\"url\":\"https:\\\/\\\/djmusicgeek.com\\\/de\\\/bedingungen-und-konditionen\\\/\",\"name\":\"Bedingungen und Konditionen - DJ Music Geek\",\"isPartOf\":{\"@id\":\"https:\\\/\\\/djmusicgeek.com\\\/#website\"},\"datePublished\":\"2017-01-07T03:50:15+00:00\",\"description\":\"Mit dem Zugriff auf die Website https:\\\/\\\/djmusicgeek.com erkl\u00e4ren Sie sich mit diesen Nutzungsbedingungen sowie mit allen geltenden Gesetzen und Vorschriften einverstanden.\",\"breadcrumb\":{\"@id\":\"https:\\\/\\\/djmusicgeek.com\\\/de\\\/bedingungen-und-konditionen\\\/#breadcrumb\"},\"inLanguage\":\"de-AT\",\"potentialAction\":[{\"@type\":\"ReadAction\",\"target\":[\"https:\\\/\\\/djmusicgeek.com\\\/de\\\/bedingungen-und-konditionen\\\/\"]}]},{\"@type\":\"BreadcrumbList\",\"@id\":\"https:\\\/\\\/djmusicgeek.com\\\/de\\\/bedingungen-und-konditionen\\\/#breadcrumb\",\"itemListElement\":[{\"@type\":\"ListItem\",\"position\":1,\"name\":\"Startseite\",\"item\":\"https:\\\/\\\/djmusicgeek.com\\\/\"},{\"@type\":\"ListItem\",\"position\":2,\"name\":\"Bedingungen und Konditionen\"}]},{\"@type\":\"WebSite\",\"@id\":\"https:\\\/\\\/djmusicgeek.com\\\/#website\",\"url\":\"https:\\\/\\\/djmusicgeek.com\\\/\",\"name\":\"DJ Music Geek\",\"description\":\"\",\"potentialAction\":[{\"@type\":\"SearchAction\",\"target\":{\"@type\":\"EntryPoint\",\"urlTemplate\":\"https:\\\/\\\/djmusicgeek.com\\\/?s={search_term_string}\"},\"query-input\":{\"@type\":\"PropertyValueSpecification\",\"valueRequired\":true,\"valueName\":\"search_term_string\"}}],\"inLanguage\":\"de-AT\"}]}<\/script>\n<!-- \/ Yoast SEO plugin. -->","yoast_head_json":{"title":"Bedingungen und Konditionen - DJ Music Geek","description":"Mit dem Zugriff auf die Website https:\/\/djmusicgeek.com erkl\u00e4ren Sie sich mit diesen Nutzungsbedingungen sowie mit allen geltenden Gesetzen und Vorschriften einverstanden.","robots":{"index":"index","follow":"follow","max-snippet":"max-snippet:-1","max-image-preview":"max-image-preview:large","max-video-preview":"max-video-preview:-1"},"canonical":"https:\/\/djmusicgeek.com\/de\/bedingungen-und-konditionen\/","og_locale":"de_DE","og_type":"article","og_title":"Bedingungen und Konditionen - DJ Music Geek","og_description":"Mit dem Zugriff auf die Website https:\/\/djmusicgeek.com erkl\u00e4ren Sie sich mit diesen Nutzungsbedingungen sowie mit allen geltenden Gesetzen und Vorschriften einverstanden.","og_url":"https:\/\/djmusicgeek.com\/de\/bedingungen-und-konditionen\/","og_site_name":"DJ Music Geek","twitter_card":"summary_large_image","twitter_misc":{"Gesch\u00e4tzte Lesezeit":"3\u00a0Minuten"},"schema":{"@context":"https:\/\/schema.org","@graph":[{"@type":"WebPage","@id":"https:\/\/djmusicgeek.com\/de\/bedingungen-und-konditionen\/","url":"https:\/\/djmusicgeek.com\/de\/bedingungen-und-konditionen\/","name":"Bedingungen und Konditionen - DJ Music Geek","isPartOf":{"@id":"https:\/\/djmusicgeek.com\/#website"},"datePublished":"2017-01-07T03:50:15+00:00","description":"Mit dem Zugriff auf die Website https:\/\/djmusicgeek.com erkl\u00e4ren Sie sich mit diesen Nutzungsbedingungen sowie mit allen geltenden Gesetzen und Vorschriften einverstanden.","breadcrumb":{"@id":"https:\/\/djmusicgeek.com\/de\/bedingungen-und-konditionen\/#breadcrumb"},"inLanguage":"de-AT","potentialAction":[{"@type":"ReadAction","target":["https:\/\/djmusicgeek.com\/de\/bedingungen-und-konditionen\/"]}]},{"@type":"BreadcrumbList","@id":"https:\/\/djmusicgeek.com\/de\/bedingungen-und-konditionen\/#breadcrumb","itemListElement":[{"@type":"ListItem","position":1,"name":"Startseite","item":"https:\/\/djmusicgeek.com\/"},{"@type":"ListItem","position":2,"name":"Bedingungen und Konditionen"}]},{"@type":"WebSite","@id":"https:\/\/djmusicgeek.com\/#website","url":"https:\/\/djmusicgeek.com\/","name":"DJ Music Geek","description":"","potentialAction":[{"@type":"SearchAction","target":{"@type":"EntryPoint","urlTemplate":"https:\/\/djmusicgeek.com\/?s={search_term_string}"},"query-input":{"@type":"PropertyValueSpecification","valueRequired":true,"valueName":"search_term_string"}}],"inLanguage":"de-AT"}]}},"_links":{"self":[{"href":"https:\/\/djmusicgeek.com\/de\/wp-json\/wp\/v2\/pages\/10916","targetHints":{"allow":["GET"]}}],"collection":[{"href":"https:\/\/djmusicgeek.com\/de\/wp-json\/wp\/v2\/pages"}],"about":[{"href":"https:\/\/djmusicgeek.com\/de\/wp-json\/wp\/v2\/types\/page"}],"author":[{"embeddable":true,"href":"https:\/\/djmusicgeek.com\/de\/wp-json\/wp\/v2\/users\/2"}],"replies":[{"embeddable":true,"href":"https:\/\/djmusicgeek.com\/de\/wp-json\/wp\/v2\/comments?post=10916"}],"version-history":[{"count":0,"href":"https:\/\/djmusicgeek.com\/de\/wp-json\/wp\/v2\/pages\/10916\/revisions"}],"wp:attachment":[{"href":"https:\/\/djmusicgeek.com\/de\/wp-json\/wp\/v2\/media?parent=10916"}],"curies":[{"name":"wp","href":"https:\/\/api.w.org\/{rel}","templated":true}]}}