{"id":10910,"date":"2017-01-07T03:49:47","date_gmt":"2017-01-07T03:49:47","guid":{"rendered":"https:\/\/djmusicgeek.com\/uber\/"},"modified":"2017-01-07T03:49:47","modified_gmt":"2017-01-07T03:49:47","slug":"uber","status":"publish","type":"page","link":"https:\/\/djmusicgeek.com\/de\/uber\/","title":{"rendered":"\u00dcber DJ Music Geek"},"content":{"rendered":"<div id=\"attachment_633\" style=\"width: 505px\" class=\"wp-caption alignright\"><img loading=\"lazy\" decoding=\"async\" aria-describedby=\"caption-attachment-633\" class=\"wp-image-633\" src=\"https:\/\/djmusicgeek.com\/wp-content\/uploads\/2019\/11\/dj-music-geek-logo.png\" alt=\"DJ Music Geek Logo\" width=\"495\" height=\"35\"><p id=\"caption-attachment-633\" class=\"wp-caption-text\">DJ Music Geek Logo<\/p><\/div>\n<p>Diese Website soll Menschen, die sich f\u00fcr das Abmischen von Musik begeistern, dabei helfen, ihre optimale Ausr\u00fcstung zu finden. In den Rubriken der Website finden Sie zahlreiche Produktbewertungen, die den Lesern bei der Entscheidung f\u00fcr ihr n\u00e4chstes St\u00fcck helfen sollen. Die hier aufgef\u00fchrten Produkte geh\u00f6ren zu den beliebtesten Ger\u00e4ten der heutigen DJ-Industrie.<\/p>\n<p>Ein <a href=\"https:\/\/djmusicgeek.com\/\">DJ<\/a> zu sein ist keine leichte Aufgabe, und wenn du einer werden willst, musst du sicherstellen, dass du dich \u00fcber die verschiedenen Ger\u00e4te, Software und Systeme informierst, bevor du eine Entscheidung triffst. Es ist sehr leicht, etwas falsch zu machen, denn die heutige Technologie bietet uns verschiedene M\u00f6glichkeiten, <a href=\"https:\/\/djmusicgeek.com\/best-dj-mixers\/\">unsere Mischungen<\/a> zu erstellen. Daher ist es eine kluge Entscheidung, zu wissen, in welche Richtung Sie gehen wollen und was Sie brauchen, um den von Ihnen gew\u00e4hlten Weg zu gehen.<\/p>\n<p>Als DJ brauchen Sie eine Reihe von Ger\u00e4ten, mit denen Sie abschalten k\u00f6nnen. Zuvor sollten Sie jedoch die Frage beantworten: &#8222;Wie sollen meine Mischungen klingen?&#8220;. Nachdem Sie eine mehr oder weniger ausf\u00fchrliche und pr\u00e4zise Antwort gegeben haben, werden Sie in der Lage sein, n\u00fcchterne Entscheidungen \u00fcber die Software und die Ger\u00e4te zu treffen, die Sie ben\u00f6tigen. Willst du Musik machen oder nur Tracks abmischen? Welchen musikalischen Genres werden Ihre Mixe am n\u00e4chsten kommen? Willst du wirklich Profi werden oder willst du einfach nur Spa\u00df haben? Die Beantwortung solcher Fragen erfordert Ihr Interesse und Ihre Zeit, und unsere Website wird Ihnen bei der Entscheidungsfindung helfen, falls Sie verwirrt sind oder einfach nur auf der Suche nach einem neuen St\u00fcck sind.<\/p>\n<p>Unsere Antworten auf die h\u00e4ufig gestellten Fragen geben Ihnen vielleicht einen Einblick in Ihre Zukunftspl\u00e4ne, die Sie im Blog-Bereich finden k\u00f6nnen. Die Informationen zu den aufgef\u00fchrten Produkten sollen Ihnen helfen, das richtige Ger\u00e4t f\u00fcr Ihren pers\u00f6nlichen Geschmack auszuw\u00e4hlen.<\/p>\n<p>In den Rubriken der Websites, die von <a href=\"https:\/\/djmusicgeek.com\/best-dj-software\/\">DJ-Software<\/a> bis zu Soundkarten reichen, finden Sie n\u00fctzliche Informationen \u00fcber die definierten Ger\u00e4te und welche die besten Alternativen sind, wenn man die verschiedenen Umgebungen, die finanzielle Situation und die pers\u00f6nlichen Vorlieben ber\u00fccksichtigt.<\/p>\n<p>Einige fortgeschrittene DJs finden hier n\u00fctzliche Hinweise, z. B. wie man vorgeht, wenn man nicht mit seinen analogen Ger\u00e4ten splitten m\u00f6chte, und was man tun kann, wenn die Auswahl eingeschr\u00e4nkt ist. Ein DJ zu sein, kann <a href=\"https:\/\/djmusicgeek.com\/do-djs-make-a-lot-of-money\/\">teuer sein<\/a>, wenn man bedenkt, welche Teile man anschaffen muss, um richtig arbeiten zu k\u00f6nnen. Dies ist jedoch nicht immer der Fall, wie das Lesen von unseren Bewertungen, k\u00f6nnen Sie auf praktische Ger\u00e4te, wie geb\u00fcndelt Controller, von denen einige kommen zusammen mit der Software zu erschwinglichen Preisen laufen.<\/p>\n<p>Egal, ob Sie sich nicht sicher sind, welches Equipment Sie ben\u00f6tigen, ob Sie einen radikalen Wechsel Ihrer Ger\u00e4te ben\u00f6tigen oder ob Sie sich einfach nur dar\u00fcber informieren wollen, was ein DJ braucht, um seine Mixe mit seinem maximalen Potential zu erstellen, hier sind Sie richtig! Genie\u00dfen Sie Ihren Aufenthalt und mischen Sie weiter!<\/p>\n","protected":false},"excerpt":{"rendered":"<p>Diese Website soll Menschen, die sich f\u00fcr das Abmischen von Musik begeistern, dabei helfen, ihre optimale Ausr\u00fcstung zu finden. In den Rubriken der Website finden Sie zahlreiche Produktbewertungen, die den Lesern bei der Entscheidung f\u00fcr ihr n\u00e4chstes St\u00fcck helfen sollen. Die hier aufgef\u00fchrten Produkte geh\u00f6ren zu den beliebtesten Ger\u00e4ten der heutigen DJ-Industrie. Ein DJ zu [&hellip;]<\/p>\n","protected":false},"author":2,"featured_media":0,"parent":0,"menu_order":0,"comment_status":"closed","ping_status":"closed","template":"","meta":{"_acf_changed":false,"footnotes":""},"class_list":["post-10910","page","type-page","status-publish","hentry"],"acf":[],"yoast_head":"<!-- This site is optimized with the Yoast SEO plugin v27.4 - https:\/\/yoast.com\/product\/yoast-seo-wordpress\/ -->\n<title>\u00dcber unsere Website - Unsere Geschichte - DJ Music Geek<\/title>\n<meta name=\"description\" content=\"Die DJ Music Geek-Website soll Menschen, die leidenschaftlich gerne Musik mixen, dabei helfen, ihr optimales Equipment zu finden - sowohl Software als auch Hardware.\" \/>\n<meta name=\"robots\" content=\"index, follow, max-snippet:-1, max-image-preview:large, max-video-preview:-1\" \/>\n<link rel=\"canonical\" href=\"https:\/\/djmusicgeek.com\/de\/uber\/\" \/>\n<meta property=\"og:locale\" content=\"de_DE\" \/>\n<meta property=\"og:type\" content=\"article\" \/>\n<meta property=\"og:title\" content=\"\u00dcber unsere Website - Unsere Geschichte - DJ Music Geek\" \/>\n<meta property=\"og:description\" content=\"Die DJ Music Geek-Website soll Menschen, die leidenschaftlich gerne Musik mixen, dabei helfen, ihr optimales Equipment zu finden - sowohl Software als auch Hardware.\" \/>\n<meta property=\"og:url\" content=\"https:\/\/djmusicgeek.com\/de\/uber\/\" \/>\n<meta property=\"og:site_name\" content=\"DJ Music Geek\" \/>\n<meta property=\"og:image\" content=\"https:\/\/djmusicgeek.com\/wp-content\/uploads\/2019\/11\/dj-music-geek-logo.png\" \/>\n<meta name=\"twitter:card\" content=\"summary_large_image\" \/>\n<meta name=\"twitter:label1\" content=\"Gesch\u00e4tzte Lesezeit\" \/>\n\t<meta name=\"twitter:data1\" content=\"3\u00a0Minuten\" \/>\n<script type=\"application\/ld+json\" class=\"yoast-schema-graph\">{\"@context\":\"https:\\\/\\\/schema.org\",\"@graph\":[{\"@type\":\"WebPage\",\"@id\":\"https:\\\/\\\/djmusicgeek.com\\\/de\\\/uber\\\/\",\"url\":\"https:\\\/\\\/djmusicgeek.com\\\/de\\\/uber\\\/\",\"name\":\"\u00dcber unsere Website - Unsere Geschichte - DJ Music Geek\",\"isPartOf\":{\"@id\":\"https:\\\/\\\/djmusicgeek.com\\\/#website\"},\"primaryImageOfPage\":{\"@id\":\"https:\\\/\\\/djmusicgeek.com\\\/de\\\/uber\\\/#primaryimage\"},\"image\":{\"@id\":\"https:\\\/\\\/djmusicgeek.com\\\/de\\\/uber\\\/#primaryimage\"},\"thumbnailUrl\":\"https:\\\/\\\/djmusicgeek.com\\\/wp-content\\\/uploads\\\/2019\\\/11\\\/dj-music-geek-logo.png\",\"datePublished\":\"2017-01-07T03:49:47+00:00\",\"description\":\"Die DJ Music Geek-Website soll Menschen, die leidenschaftlich gerne Musik mixen, dabei helfen, ihr optimales Equipment zu finden - sowohl Software als auch Hardware.\",\"breadcrumb\":{\"@id\":\"https:\\\/\\\/djmusicgeek.com\\\/de\\\/uber\\\/#breadcrumb\"},\"inLanguage\":\"de-AT\",\"potentialAction\":[{\"@type\":\"ReadAction\",\"target\":[\"https:\\\/\\\/djmusicgeek.com\\\/de\\\/uber\\\/\"]}]},{\"@type\":\"ImageObject\",\"inLanguage\":\"de-AT\",\"@id\":\"https:\\\/\\\/djmusicgeek.com\\\/de\\\/uber\\\/#primaryimage\",\"url\":\"https:\\\/\\\/djmusicgeek.com\\\/wp-content\\\/uploads\\\/2019\\\/11\\\/dj-music-geek-logo.png\",\"contentUrl\":\"https:\\\/\\\/djmusicgeek.com\\\/wp-content\\\/uploads\\\/2019\\\/11\\\/dj-music-geek-logo.png\"},{\"@type\":\"BreadcrumbList\",\"@id\":\"https:\\\/\\\/djmusicgeek.com\\\/de\\\/uber\\\/#breadcrumb\",\"itemListElement\":[{\"@type\":\"ListItem\",\"position\":1,\"name\":\"Startseite\",\"item\":\"https:\\\/\\\/djmusicgeek.com\\\/\"},{\"@type\":\"ListItem\",\"position\":2,\"name\":\"\u00dcber DJ Music Geek\"}]},{\"@type\":\"WebSite\",\"@id\":\"https:\\\/\\\/djmusicgeek.com\\\/#website\",\"url\":\"https:\\\/\\\/djmusicgeek.com\\\/\",\"name\":\"DJ Music Geek\",\"description\":\"\",\"potentialAction\":[{\"@type\":\"SearchAction\",\"target\":{\"@type\":\"EntryPoint\",\"urlTemplate\":\"https:\\\/\\\/djmusicgeek.com\\\/?s={search_term_string}\"},\"query-input\":{\"@type\":\"PropertyValueSpecification\",\"valueRequired\":true,\"valueName\":\"search_term_string\"}}],\"inLanguage\":\"de-AT\"}]}<\/script>\n<!-- \/ Yoast SEO plugin. -->","yoast_head_json":{"title":"\u00dcber unsere Website - Unsere Geschichte - DJ Music Geek","description":"Die DJ Music Geek-Website soll Menschen, die leidenschaftlich gerne Musik mixen, dabei helfen, ihr optimales Equipment zu finden - sowohl Software als auch Hardware.","robots":{"index":"index","follow":"follow","max-snippet":"max-snippet:-1","max-image-preview":"max-image-preview:large","max-video-preview":"max-video-preview:-1"},"canonical":"https:\/\/djmusicgeek.com\/de\/uber\/","og_locale":"de_DE","og_type":"article","og_title":"\u00dcber unsere Website - Unsere Geschichte - DJ Music Geek","og_description":"Die DJ Music Geek-Website soll Menschen, die leidenschaftlich gerne Musik mixen, dabei helfen, ihr optimales Equipment zu finden - sowohl Software als auch Hardware.","og_url":"https:\/\/djmusicgeek.com\/de\/uber\/","og_site_name":"DJ Music Geek","og_image":[{"url":"https:\/\/djmusicgeek.com\/wp-content\/uploads\/2019\/11\/dj-music-geek-logo.png","type":"","width":"","height":""}],"twitter_card":"summary_large_image","twitter_misc":{"Gesch\u00e4tzte Lesezeit":"3\u00a0Minuten"},"schema":{"@context":"https:\/\/schema.org","@graph":[{"@type":"WebPage","@id":"https:\/\/djmusicgeek.com\/de\/uber\/","url":"https:\/\/djmusicgeek.com\/de\/uber\/","name":"\u00dcber unsere Website - Unsere Geschichte - DJ Music Geek","isPartOf":{"@id":"https:\/\/djmusicgeek.com\/#website"},"primaryImageOfPage":{"@id":"https:\/\/djmusicgeek.com\/de\/uber\/#primaryimage"},"image":{"@id":"https:\/\/djmusicgeek.com\/de\/uber\/#primaryimage"},"thumbnailUrl":"https:\/\/djmusicgeek.com\/wp-content\/uploads\/2019\/11\/dj-music-geek-logo.png","datePublished":"2017-01-07T03:49:47+00:00","description":"Die DJ Music Geek-Website soll Menschen, die leidenschaftlich gerne Musik mixen, dabei helfen, ihr optimales Equipment zu finden - sowohl Software als auch Hardware.","breadcrumb":{"@id":"https:\/\/djmusicgeek.com\/de\/uber\/#breadcrumb"},"inLanguage":"de-AT","potentialAction":[{"@type":"ReadAction","target":["https:\/\/djmusicgeek.com\/de\/uber\/"]}]},{"@type":"ImageObject","inLanguage":"de-AT","@id":"https:\/\/djmusicgeek.com\/de\/uber\/#primaryimage","url":"https:\/\/djmusicgeek.com\/wp-content\/uploads\/2019\/11\/dj-music-geek-logo.png","contentUrl":"https:\/\/djmusicgeek.com\/wp-content\/uploads\/2019\/11\/dj-music-geek-logo.png"},{"@type":"BreadcrumbList","@id":"https:\/\/djmusicgeek.com\/de\/uber\/#breadcrumb","itemListElement":[{"@type":"ListItem","position":1,"name":"Startseite","item":"https:\/\/djmusicgeek.com\/"},{"@type":"ListItem","position":2,"name":"\u00dcber DJ Music Geek"}]},{"@type":"WebSite","@id":"https:\/\/djmusicgeek.com\/#website","url":"https:\/\/djmusicgeek.com\/","name":"DJ Music Geek","description":"","potentialAction":[{"@type":"SearchAction","target":{"@type":"EntryPoint","urlTemplate":"https:\/\/djmusicgeek.com\/?s={search_term_string}"},"query-input":{"@type":"PropertyValueSpecification","valueRequired":true,"valueName":"search_term_string"}}],"inLanguage":"de-AT"}]}},"_links":{"self":[{"href":"https:\/\/djmusicgeek.com\/de\/wp-json\/wp\/v2\/pages\/10910","targetHints":{"allow":["GET"]}}],"collection":[{"href":"https:\/\/djmusicgeek.com\/de\/wp-json\/wp\/v2\/pages"}],"about":[{"href":"https:\/\/djmusicgeek.com\/de\/wp-json\/wp\/v2\/types\/page"}],"author":[{"embeddable":true,"href":"https:\/\/djmusicgeek.com\/de\/wp-json\/wp\/v2\/users\/2"}],"replies":[{"embeddable":true,"href":"https:\/\/djmusicgeek.com\/de\/wp-json\/wp\/v2\/comments?post=10910"}],"version-history":[{"count":0,"href":"https:\/\/djmusicgeek.com\/de\/wp-json\/wp\/v2\/pages\/10910\/revisions"}],"wp:attachment":[{"href":"https:\/\/djmusicgeek.com\/de\/wp-json\/wp\/v2\/media?parent=10910"}],"curies":[{"name":"wp","href":"https:\/\/api.w.org\/{rel}","templated":true}]}}