{"id":13043,"date":"2023-10-31T20:43:26","date_gmt":"2023-10-31T20:43:26","guid":{"rendered":"https:\/\/djmusicgeek.com\/top-10-bedste-droner-til-at-kobe-i-irland-for-maned-ar-opdateret\/"},"modified":"2026-02-25T17:34:23","modified_gmt":"2026-02-25T17:34:23","slug":"top-10-bedste-droner-til-at-kobe-i-irland-for-maned-ar-opdateret","status":"publish","type":"page","link":"https:\/\/djmusicgeek.com\/da\/top-10-bedste-droner-til-at-kobe-i-irland-for-maned-ar-opdateret\/","title":{"rendered":"Top 10 Bedste Droner at K\u00f8be i Irland for April 2026 [Opdateret]"},"content":{"rendered":"","protected":false},"excerpt":{"rendered":"","protected":false},"author":2,"featured_media":0,"parent":0,"menu_order":0,"comment_status":"closed","ping_status":"closed","template":"sales-template.php","meta":{"_acf_changed":false,"footnotes":""},"class_list":["post-13043","page","type-page","status-publish","hentry"],"acf":{"product_2_supplier":"Shopsta","product_3_supplier":"Amazon","product_4_supplier":"Amazon","product_5_supplier":"Shopsta","product_6_supplier":"Amazon","product_7_supplier":"Amazon","product_8_supplier":"Amazon","product_9_supplier":"Amazon","product_10_supplier":"Amazon","exclude_from_search":true,"product_3_price":"\u20ac69.99","product_price_shortcode":"\u20ac199.99","product_discount_price_shortcode":"\u20ac159.99","product_image_1":"https:\/\/cdn.shopify.com\/s\/files\/1\/0503\/4170\/7969\/products\/720ae794-ace9-4b5b-95c7-e496cc4521b8.jpg?v=1662413123","product_image_2":"https:\/\/djmusicgeek.com\/wp-content\/uploads\/2022\/09\/34a4b5c8-0cb9-484c-bb2f-c0f0fd4990ff.jpg.webp","product_image_3":"https:\/\/djmusicgeek.com\/wp-content\/uploads\/2022\/09\/4drc-f11.jpg","product_image_4":"https:\/\/djmusicgeek.com\/wp-content\/uploads\/2022\/09\/34a4b5c8-0cb9-484c-bb2f-c0f0fd4990ff.jpg.webp","product_image_5":"https:\/\/djmusicgeek.com\/wp-content\/uploads\/2022\/09\/4drc-f11.jpg","product_image_6":"https:\/\/imgaz.staticbg.com\/images\/oaupload\/banggood\/images\/CF\/3A\/771c533e-3f63-400e-b381-a126f6fbbeb0.jpg.webp","product_image_7":"https:\/\/imgaz.staticbg.com\/images\/oaupload\/banggood\/images\/6D\/8F\/f204aa95-4e5f-48db-a676-5df6614c1b85.jpg.webp","product_image_8":"https:\/\/imgaz.staticbg.com\/images\/oaupload\/banggood\/images\/03\/17\/434c53c6-77c2-4462-9876-5e3e474699a4.jpg.webp","product_3_asin":"B09WDBDGBZ","product_4_asin":"B0BKLCFY3J","product_6_asin":"B0CFF1SJ3P","product_7_asin":"B09VCCRRCH","product_8_asin":"B09MVYLN9L","product_9_asin":"B0B45CWJ5H","product_10_asin":"B0B21J2R92","product_2_image_1":"https:\/\/cdn.shopify.com\/s\/files\/1\/0503\/4170\/7969\/products\/4DRC-V4-WIFI-FPV-Drone-WiFi-live-video-FPV-4K-1080P-HD-Wide-Angle-Camera-Foldable_jpg_Q90_jpg_1483x1456_65162d87-3064-4360-bf51-a194c66e40ba.jpg?v=1672377201","product_2_image_2":"https:\/\/cdn.shopify.com\/s\/files\/1\/0503\/4170\/7969\/products\/4DRC-V4-WIFI-FPV-Drone-WiFi-live-video-FPV-4K-1080P-HD-Wide-Angle-Camera-Foldable.jpg_Q90.jpg__1.webp?v=1672377201","product_2_image_3":"https:\/\/cdn.shopify.com\/s\/files\/1\/0503\/4170\/7969\/products\/4DRC-V4-WIFI-FPV-Drone-WiFi-live-video-FPV-4K-1080P-HD-Wide-Angle-Camera-Foldable.jpg_Q90.jpg__2.webp?v=1672377201","product_2_price":"\u20ac139.99","product_2_discount_price":"\u20ac111.99","product_3_image_1":"https:\/\/www.shopsta.co.uk\/cdn\/shop\/files\/H9bd2e6933337414ca9080e6826e29fcaN_1000x1000.webp?v=1698783237","product_3_image_2":"https:\/\/www.shopsta.co.uk\/cdn\/shop\/files\/H747c6c365b134b6f89603c20492cc030S_800x800.webp?v=1698783238","product_3_image_3":"https:\/\/www.shopsta.co.uk\/cdn\/shop\/files\/Hd969eeab219042ac8f821e85075a3b26w_1000x1000.webp?v=1698783238","product_3_discount_price":"\u20ac55.99","product_url":"products\/4drc-f11-pro-gps-5g-wifi-fpv-with-4k-esc-hd-dual-camera-3km-flight-range-brushless-rc-drone-quadcopter-rtf","product_2_asin":"","product_5_asin":"","product_2_url":"products\/4drc-v4-wifi-fpv-drone-with-dual-4k-camera","product_3_url":"products\/e88-pro-drone-4k-dual-camera-aerial-photography-toy-helicopter\/","language_code":"da","product_name":"4DRC F11 PRO","product_type":"Droner","product_type_singular":"Drone til de fleste brugere","product_full_name":"4DRC F11 PRO 4K drone med dobbelt kamera","bullet_points":"<ul>\n<li>BATTERI MED H\u00d8J KAPACITET: Dronen leveres med et 7,4 V 3000 mAh Lipo-batteri med h\u00f8j kapacitet, der giver en betydelig flyvetid p\u00e5 ca. 30 minutter.<\/li>\n<li>LANG KONTROLAFSTAND: Lavet til langtr\u00e6kkende brug, kan styres op til en afstand p\u00e5 hele 3000 m.<\/li>\n<li>KAMERAER I PROFESSIONEL KVALITET: Udstyret med et h\u00f8jkvalitets Real 4K ESC HD-kamera plus et sekund\u00e6rt 1080P-bundkamera til at optage kvalitetsvideoer og -billeder fra luftvinkler.<\/li>\n<li>AVANCERET STYRINGSSYSTEM: Har et avanceret GPS-retursystem med \u00e9n tast plus GPS intelligent follow for nem, h\u00e5ndfri styring.<\/li>\n<li>FLERE FLYVEMODELLER: Mange funktioner til varierede flyveoplevelser, herunder genkendelse af bev\u00e6gelsesfotografering, flyveplanl\u00e6gning med flere punkter, fast punkt omkring og flyhentningsfunktion.<\/li>\n<li>DELING: Vi tilbyder billed- og videodeling til sociale medier, s\u00e5 du kan dele dine eventyrlige rejser med det samme.<\/li>\n<\/ul>\n","features":"<p>OPTIMAL FLYVETID: Denne drone giver ca. 30 minutters flyvetid pr. opladning, hvilket giver mulighed for omfattende brug og optagelse af flyvebilleder, f\u00f8r den skal genoplades.<br \/>\nINDBYGGET KAMERA: 4DRC F11 Pro er udstyret med to kameraer til optagelse af 4K-billeder og -videoer i h\u00f8j kvalitet, hvilket g\u00f8r denne drone til et perfekt v\u00e6rkt\u00f8j til betagende luftfotografering og videografi.<br \/>\nUDVIDET STYRINGSOMR\u00c5DE: Med sin 2,4G-frekvenskapacitet kan den fjernstyres fra en imponerende afstand p\u00e5 op til 3000 m.<br \/>\nSTABILE FLYVEMULIGHEDER: Den seks-aksede gyrostabilisator sikrer en stabil og j\u00e6vn flyvning, der giver mulighed for pr\u00e6cis man\u00f8vrering og p\u00e5lidelig stabilitet under forskellige forhold.<br \/>\nGPS-AKTIVERET: Den indbyggede GPS-funktion giver \u00f8get flyvesikkerhed, f.eks. tilbage til start-funktioner, n\u00e5r dronen har lav str\u00f8m eller mister signalet.<br \/>\nAUTONOM FLYVETILSTAND: Brug ruteplanl\u00e6gningen med flere punkter til at indstille en bestemt sti, som dronen skal f\u00f8lge autonomt, s\u00e5 du kan fokusere p\u00e5 kamerabetjeningen.<br \/>\nFULDST\u00c6NDIG APP: Dronen leveres med en brugervenlig app, der giver mulighed for intelligent GPS-f\u00f8lgning, genkendelse af gestusfotografering, surround med fast punkt og flyhentningsfunktion.<br \/>\nHOVEDL\u00d8S TILSTAND: Den praktiske hovedl\u00f8se tilstand sikrer lettere betjening og kontrol for brugerne, uanset dronens orientering i luften.<\/p>\n","rating":"9.8","intro_text":"<p>Hos DJ Music Geek handler det ikke kun om beats, vi har ogs\u00e5 vinger &#8211; drone-vinger, forst\u00e5s. Som selverkl\u00e6rede droneentusiaster forst\u00e5r vi, hvor uoverskueligt det kan v\u00e6re at navigere i det omfattende dronemarked. Der er et enormt udvalg af muligheder derude, og at finde den rigtige kan ofte f\u00f8les som at lede efter en n\u00e5l i en h\u00f8stak. For at spare dig for tid og energi har vi gennemg\u00e5et et hav af specifikationer og beskrivelser fyldt med buzzwords for at hj\u00e6lpe dig med at finde den perfekte drone til at l\u00f8fte dit spil.   <\/p>\n","text_before_product_box":"<p>I vores test viste 4DRC F11 PRO 4K Dual Camera Drone sig at v\u00e6re et fremragende valg p\u00e5 grund af dens imponerende funktioner og enest\u00e5ende v\u00e6rdi for pengene. Denne quadcopter har et \u00e6gte 4K ESC HD + 1080P-kamera, GPS one key return og en flyvetid p\u00e5 ca. 30 minutter &#8211; mere end nok for de fleste brugere. Ud over sine h\u00f8jkvalitetsfunktioner er denne drone rimeligt prissat, hvilket g\u00f8r den til et omkostningseffektivt valg for dem, der \u00f8nsker avanceret ydeevne uden at spr\u00e6nge banken.  <\/p>\n","text_after_product_box":"<p>4DRC F11 PRO 4K Dual Camera Drone rangerer h\u00f8jt blandt de bedst bed\u00f8mte droner og er et fremragende valg for entusiaster. Denne drone giver fremragende v\u00e6rdi for pengene og tilbyder avancerede funktioner til en meget rimelig pris. M\u00e6rkets omd\u00f8mme og avancerede specifikationer besegler aftalen for dem, der s\u00f8ger b\u00e5de kvalitet og holdbarhed.  <\/p>\n<p>Denne drone er sp\u00e6kket med funktioner, der vil imponere enhver. Dens \u00e6gte 4K ESC HD + 1080P bundkamera sikrer, at du optager high definition-videoer og billeder med de st\u00f8rste detaljer. GPS-positionering, FPV-afstand p\u00e5 ca. 2000 m og R\/C-afstand p\u00e5 3000 m \u00e5bner op for ubegr\u00e6nsede muligheder for udforskning i luften. Dronen leveres med et holdbart 7,4V 3000mAh batteri, der lover en flyvetid p\u00e5 ca. 30 minutter, hvilket er us\u00e6dvanligt meget l\u00e6ngere end de fleste af dens konkurrenter. Med et justerbart HD-vidvinkelkamera p\u00e5 90\u00b0 kan du med garanti optage fantastiske panoramaer.    <\/p>\n<p>4DRC F11 PRO 4K Drone er en drone ud over det s\u00e6dvanlige med unikke funktioner, der g\u00f8r den brugervenlig og effektiv. GPS-retur med \u00e9n tast, genkendelse af fotografier med bev\u00e6gelser, flerpunktsflyveplanl\u00e6gning for ruten, surround med fast punkt og flyhentningsfunktion vil give enhver bruger en uforglemmelig flyveoplevelse. Desuden kommer den i en altomfattende pakke, der indeholder en fjernbetjening, et kraftigt LiPo-batteri, et USB-opladerkabel, beskyttelsesd\u00e6ksler, reserveblade, en skruetr\u00e6kker og en brugervejledning. Det er virkelig den perfekte blanding af kvalitet, ydeevne og pris!   <\/p>\n","why_the_best_text":"<p>Med sin v\u00e6rdi for pengene er 4DRC F11 PRO 4K Dual Camera Drone uden tvivl det bedste valg blandt sine samtidige droner. Prisen giver fremragende v\u00e6rdi, n\u00e5r man t\u00e6nker p\u00e5 bem\u00e6rkelsesv\u00e6rdige funktioner som f.eks. et imponerende \u00e6gte 4K ESC HD-dobbeltkamera. Det giver mulighed for skarpe luftfotos i h\u00f8j kvalitet, og med 120\u00b0 vidvinkel for et bredere udsyn vil dine billeder eller videoer ikke skuffe. FPV-afstanden er ca. 2000 m, hvilket sikrer et stort omfang af indfangning af maleriske terr\u00e6ner.   <\/p>\n<p>Derudover kan denne drone flyve op til 3000 meter, mens den forbliver i kontrol, og den har en holdbar flyvetid p\u00e5 ca. 30 minutter p\u00e5 en fuld opladning p\u00e5 kun 250 minutter. Dens GPS-positionering og optiske flow-egenskaber g\u00f8r F11 PRO ideel til dem, der har brug for n\u00f8jagtig navigation. Dronen har smarte funktioner som one key return, follow me-funktion og waypoint-flyvning, hvilket g\u00f8r den brugervenlig og perfekt selv for begyndere. Derudover kommer 4DRC F11 PRO med unikke og interaktive funktioner som genkendelse af gestusfotografering og flerpunktsflyveplanl\u00e6gning for ruten. Der er ingen tvivl om, at 4DRC F11 PRO 4K Dual Camera Drone er en sofistikeret drone, der tilbyder en blanding af ydeevne, kvalitetsbilleder og brugervenlige kontroller til en meget rimelig pris.    <\/p>\n","reviews_text":"<p>Det kan v\u00e6re sv\u00e6rt at navigere p\u00e5 dronemarkedet, men det kan v\u00e6re en stor hj\u00e6lp at vide, hvad man skal kigge efter med hensyn til funktionalitet og v\u00e6rdi. Her er seks ting, du m\u00e5ske b\u00f8r overveje, n\u00e5r du k\u00f8ber en drone: <\/p>\n<ol>\n<li><b>Kamerakvalitet:<\/b> En af hoved\u00e5rsagerne til, at mange mennesker k\u00f8ber droner, er mulighederne for luftfotografering og video. Se efter droner med kameraer i h\u00f8j opl\u00f8sning eller i det mindste mulighed for at montere et kamera af h\u00f8j kvalitet. <\/li>\n<li><b>Batterilevetid:<\/b> Pr\u00f8v at finde en drone med lang batterilevetid til l\u00e6ngere flyvninger. Som det fremg\u00e5r af ovenst\u00e5ende eksempel, har F11 PRO fra 4DRC en flyvetid p\u00e5 ca. 30 minutter, hvilket er ganske imponerende p\u00e5 markedet. <\/li>\n<li><b>R\u00e6kkevidde:<\/b> Tjek, hvor langt dronen kan flyve, f\u00f8r den mister signalet. Nogle droner har en r\u00e6kkevidde p\u00e5 flere kilometer, f.eks. F11 PRO-dronens r\u00e6kkevidde p\u00e5 3 km. <\/li>\n<li><b>Pris:<\/b> Droner kan variere meget i pris, og det er vigtigt at finde en, der passer til dit budget. Dyrere droner har ofte mere avancerede funktioner som kameraer med h\u00f8jere opl\u00f8sning eller l\u00e6ngere flyvetid. <\/li>\n<li><b>GPS-funktioner:<\/b> Nogle droner har avancerede GPS-funktioner som f.eks. muligheden for at programmere en flyvebane. Disse ekstra funktioner kan v\u00e6re v\u00e6rdifulde til specifikke form\u00e5l som kortl\u00e6gning eller efters\u00f8gning og redning. <\/li>\n<li><b>Holdbarhed:<\/b> Kig efter droner, der er lavet af holdbare materialer, is\u00e6r hvis du er nybegynder, fordi der kan forekomme styrt og st\u00f8d. De fleste droner af h\u00f8j kvalitet er fremstillet af holdbare plastik-, metal- og elektronikkomponenter, hvilket resulterer i et produkt, der kan holde til lidt misbrug og stadig v\u00e6re funktionelt. <\/li>\n<\/ol>\n","top_pick_box_text":"<p>4DRC F11 PRO 4K Dual Camera Drone skiller sig ud som det bedste valg for droneentusiaster p\u00e5 grund af dens bem\u00e6rkelsesv\u00e6rdige evner kombineret med en gunstig prisklasse. Den har et imponerende 4K ESC HD+1080p bundkamera og en stor R\/C-afstand p\u00e5 op til 3000 m. Dens bem\u00e6rkelsesv\u00e6rdige funktioner omfatter GPS-positionering, 5G WiFi FPV op til 2000 m, flere flyvetilstande, herunder waypoint-flyvning og follow me-tilstand.  <\/p>\n<p>Is\u00e6r giver denne drone fremragende v\u00e6rdi for pengene i betragtning af dens store udvalg af avancerede funktioner, der typisk findes p\u00e5 dyrere droner. Fra en lang flyvetid p\u00e5 ca. 30 minutter, returnering med \u00e9n tast, fuldt justerbart kamera til bev\u00e6gelsesgenkendelse for nem fotografering leverer denne drone over forventning til sin pris. P\u00e5 toppen af det hele kommer den med et 7,4V 3000mAh batteri, der lover vedvarende underholdning.  <\/p>\n","bottom_text":"<p>4DRC F11 PRO har imponerende funktioner, som f\u00e5r den til at skille sig ud p\u00e5 markedet. Med en enest\u00e5ende flyvetid, avanceret GPS-teknologi og topmoderne kamerasystemer leverer denne drone overlegen ydeevne og optagelser i h\u00f8j kvalitet. 4DRC F11 PRO udm\u00e6rker sig ogs\u00e5 med hensyn til brugervenlighed med brugervenlige kontroller og intuitive flyvetilstande, hvilket g\u00f8r den velegnet til dronebrugere p\u00e5 alle erfaringsniveauer. Den har justerbare hastigheder og pr\u00e6cisionssporing, hvilket sikrer en j\u00e6vn, letkontrolleret og stabil flyvning hver gang. Vi h\u00e5ber, at vores omfattende anmeldelser har v\u00e6ret indsigtsfulde og nyttige i din s\u00f8gen efter den perfekte drone.    <\/p>\n","product_2_full_name":"4DRC V-serie WIFI FPV-drone med dobbelt 4K-kamera - sammenklappelig RC-drone quadcopter","product_3_full_name":"E88 Pro 4k Drone - Professionel 4k fjernbetjent drone","product_2_bullet_points":"<ul>\n<li>H\u00d8JKVALITETSKAMERA: Udstyret med et dobbelt 4K ultra-high definition-kamera giver det mulighed for at optage fantastisk skarpe og levende billeder og videoer fra unikke luftperspektiver.<\/li>\n<li>STABIL FLYVNING: 6 A XIS-gyroen og high hold mode-funktionen sikrer en stabil og j\u00e6vn flyvning, hvilket g\u00f8r det lettere for begyndere at styre og optage kvalitetsbilleder.<\/li>\n<li>AVANCEREDE FUNKTIONER: Funktioner som one-key return, headless mode og trajectory flight g\u00f8r det nemt at navigere, hvilket g\u00f8r den velegnet til alle niveauer af brugere, fra begyndere til erfarne droneentusiaster.<\/li>\n<li>FOLDBAR OG LET: Det foldbare design af denne quadcopter g\u00f8r den meget b\u00e6rbar og nem at b\u00e6re. Desuden sikrer det lette, h\u00f8jstyrke og ingeni\u00f8rresistente plastikhus holdbarhed. <\/li>\n<li>LANG FLYVETID: Med et kraftigt 3,7V 1600mAh litiumbatteri giver det en lang flyvetid p\u00e5 15-20 minutter, s\u00e5 du kan nyde din flyvetur i l\u00e6ngere tid.<\/li>\n<li>REALTIME TRANSMISSION: Dronen underst\u00f8tter WiFi FPV (First Person View) transmission, som muligg\u00f8r realtidsoptagelser i f\u00f8rste person direkte p\u00e5 din smartphone via den tilsluttede app.<\/li>\n<\/ul>\n","product_3_bullet_points":"<ul>\n<li>E88Pro-dronen l\u00f8fter udend\u00f8rsoplevelserne med luftfotografering i h\u00f8j kvalitet og en flymekanik, der er nem at kontrollere, og som er konstrueret af holdbart, let og h\u00f8jstyrket teknisk plast.<\/li>\n<li>Den har et 4K Ultra HD-kamera med et valgfrit dobbeltkamerasystem til vidvinkeloptagelser, komplet med en unik musikzoomfunktion, der forbedrer den filmiske kvalitet af videoer og fotos.<\/li>\n<li>Dronen er designet til hobbyfolk og entusiaster og tilbyder firekanalsstyring til pr\u00e6cisionsman\u00f8vrer, herunder lodrette, vandrette og 360\u00b0 rullende bev\u00e6gelser til dynamiske panoramafotograferinger.<\/li>\n<li>E88 Pro Drone har en flyvehastighedskontakt med 3 niveauer, der passer til forskellige f\u00e6rdighedsniveauer, 2,4 GHz-teknologi til reduceret interferens og flere funktioner som LED-lys og h\u00f8jdefastholdelse til sikrere og j\u00e6vnere flyvninger.<\/li>\n<li>Hver E88Pro-dronepakke indeholder drone, fjernsender, 3,7 V 1800 mAh Lipo-batteri, USB-opladerkabel, beskyttelsesd\u00e6ksler og ekstra bl\u00e6sere, men senderens batterier er ikke inkluderet.<\/li>\n<li>Den leverer op til 20 minutters flyvetid p\u00e5 en enkelt opladning med en fjernbetjeningsr\u00e6kkevidde p\u00e5 100 meter og genoplades helt p\u00e5 bare 100 minutter, hvilket sikrer l\u00e6ngere, uafbrudte flyveoplevelser.<\/li>\n<li>Dens holdbare design, der er fremstillet af h\u00f8jstyrkeplast, sikrer, at dronen kan modst\u00e5 forskellige udend\u00f8rs forhold til langvarig brug.<\/li>\n<li>E88Pro-dronens mange forskellige funktioner, herunder Wi-Fi FPV og baneflyvning, henvender sig til b\u00e5de nybegyndere og erfarne piloter og giver en omfattende flyveoplevelse.<\/li>\n<\/ul>\n","product_2_full_name_new":"4DRC V-serie WIFI FPV-drone med dobbelt 4K-kamera - sammenklappelig RC-drone quadcopter","product_3_full_name_new":"E88 Pro 4k Drone - Professionel 4k fjernbetjent drone"},"yoast_head":"<!-- This site is optimized with the Yoast SEO plugin v27.3 - https:\/\/yoast.com\/product\/yoast-seo-wordpress\/ -->\n<title>Top 10 Bedste Droner at K\u00f8be i Irland for [month_year] [Opdateret] - DJ Music Geek<\/title>\n<meta name=\"robots\" content=\"index, follow, max-snippet:-1, max-image-preview:large, max-video-preview:-1\" \/>\n<link rel=\"canonical\" href=\"https:\/\/djmusicgeek.com\/da\/top-10-bedste-droner-til-at-kobe-i-irland-for-maned-ar-opdateret\/\" \/>\n<meta property=\"og:locale\" content=\"da_DK\" \/>\n<meta property=\"og:type\" content=\"article\" \/>\n<meta property=\"og:title\" content=\"Top 10 Bedste Droner at K\u00f8be i Irland for [month_year] [Opdateret] - DJ Music Geek\" \/>\n<meta property=\"og:url\" content=\"https:\/\/djmusicgeek.com\/da\/top-10-bedste-droner-til-at-kobe-i-irland-for-maned-ar-opdateret\/\" \/>\n<meta property=\"og:site_name\" content=\"DJ Music Geek\" \/>\n<meta property=\"article:modified_time\" content=\"2026-02-25T17:34:23+00:00\" \/>\n<meta name=\"twitter:card\" content=\"summary_large_image\" \/>\n<script type=\"application\/ld+json\" class=\"yoast-schema-graph\">{\"@context\":\"https:\\\/\\\/schema.org\",\"@graph\":[{\"@type\":\"WebPage\",\"@id\":\"https:\\\/\\\/djmusicgeek.com\\\/da\\\/top-10-bedste-droner-til-at-kobe-i-irland-for-maned-ar-opdateret\\\/\",\"url\":\"https:\\\/\\\/djmusicgeek.com\\\/da\\\/top-10-bedste-droner-til-at-kobe-i-irland-for-maned-ar-opdateret\\\/\",\"name\":\"Top 10 Bedste Droner at K\u00f8be i Irland for [month_year] [Opdateret] - DJ Music Geek\",\"isPartOf\":{\"@id\":\"https:\\\/\\\/djmusicgeek.com\\\/#website\"},\"datePublished\":\"2023-10-31T20:43:26+00:00\",\"dateModified\":\"2026-02-25T17:34:23+00:00\",\"breadcrumb\":{\"@id\":\"https:\\\/\\\/djmusicgeek.com\\\/da\\\/top-10-bedste-droner-til-at-kobe-i-irland-for-maned-ar-opdateret\\\/#breadcrumb\"},\"inLanguage\":\"da-DK\",\"potentialAction\":[{\"@type\":\"ReadAction\",\"target\":[\"https:\\\/\\\/djmusicgeek.com\\\/da\\\/top-10-bedste-droner-til-at-kobe-i-irland-for-maned-ar-opdateret\\\/\"]}]},{\"@type\":\"BreadcrumbList\",\"@id\":\"https:\\\/\\\/djmusicgeek.com\\\/da\\\/top-10-bedste-droner-til-at-kobe-i-irland-for-maned-ar-opdateret\\\/#breadcrumb\",\"itemListElement\":[{\"@type\":\"ListItem\",\"position\":1,\"name\":\"Hjem\",\"item\":\"https:\\\/\\\/djmusicgeek.com\\\/\"},{\"@type\":\"ListItem\",\"position\":2,\"name\":\"Top 10 Bedste Droner at K\u00f8be i Irland for February 2026 [Opdateret]\"}]},{\"@type\":\"WebSite\",\"@id\":\"https:\\\/\\\/djmusicgeek.com\\\/#website\",\"url\":\"https:\\\/\\\/djmusicgeek.com\\\/\",\"name\":\"DJ Music Geek\",\"description\":\"\",\"potentialAction\":[{\"@type\":\"SearchAction\",\"target\":{\"@type\":\"EntryPoint\",\"urlTemplate\":\"https:\\\/\\\/djmusicgeek.com\\\/?s={search_term_string}\"},\"query-input\":{\"@type\":\"PropertyValueSpecification\",\"valueRequired\":true,\"valueName\":\"search_term_string\"}}],\"inLanguage\":\"da-DK\"}]}<\/script>\n<!-- \/ Yoast SEO plugin. -->","yoast_head_json":{"title":"Top 10 Bedste Droner at K\u00f8be i Irland for [month_year] [Opdateret] - DJ Music Geek","robots":{"index":"index","follow":"follow","max-snippet":"max-snippet:-1","max-image-preview":"max-image-preview:large","max-video-preview":"max-video-preview:-1"},"canonical":"https:\/\/djmusicgeek.com\/da\/top-10-bedste-droner-til-at-kobe-i-irland-for-maned-ar-opdateret\/","og_locale":"da_DK","og_type":"article","og_title":"Top 10 Bedste Droner at K\u00f8be i Irland for [month_year] [Opdateret] - DJ Music Geek","og_url":"https:\/\/djmusicgeek.com\/da\/top-10-bedste-droner-til-at-kobe-i-irland-for-maned-ar-opdateret\/","og_site_name":"DJ Music Geek","article_modified_time":"2026-02-25T17:34:23+00:00","twitter_card":"summary_large_image","schema":{"@context":"https:\/\/schema.org","@graph":[{"@type":"WebPage","@id":"https:\/\/djmusicgeek.com\/da\/top-10-bedste-droner-til-at-kobe-i-irland-for-maned-ar-opdateret\/","url":"https:\/\/djmusicgeek.com\/da\/top-10-bedste-droner-til-at-kobe-i-irland-for-maned-ar-opdateret\/","name":"Top 10 Bedste Droner at K\u00f8be i Irland for [month_year] [Opdateret] - DJ Music Geek","isPartOf":{"@id":"https:\/\/djmusicgeek.com\/#website"},"datePublished":"2023-10-31T20:43:26+00:00","dateModified":"2026-02-25T17:34:23+00:00","breadcrumb":{"@id":"https:\/\/djmusicgeek.com\/da\/top-10-bedste-droner-til-at-kobe-i-irland-for-maned-ar-opdateret\/#breadcrumb"},"inLanguage":"da-DK","potentialAction":[{"@type":"ReadAction","target":["https:\/\/djmusicgeek.com\/da\/top-10-bedste-droner-til-at-kobe-i-irland-for-maned-ar-opdateret\/"]}]},{"@type":"BreadcrumbList","@id":"https:\/\/djmusicgeek.com\/da\/top-10-bedste-droner-til-at-kobe-i-irland-for-maned-ar-opdateret\/#breadcrumb","itemListElement":[{"@type":"ListItem","position":1,"name":"Hjem","item":"https:\/\/djmusicgeek.com\/"},{"@type":"ListItem","position":2,"name":"Top 10 Bedste Droner at K\u00f8be i Irland for February 2026 [Opdateret]"}]},{"@type":"WebSite","@id":"https:\/\/djmusicgeek.com\/#website","url":"https:\/\/djmusicgeek.com\/","name":"DJ Music Geek","description":"","potentialAction":[{"@type":"SearchAction","target":{"@type":"EntryPoint","urlTemplate":"https:\/\/djmusicgeek.com\/?s={search_term_string}"},"query-input":{"@type":"PropertyValueSpecification","valueRequired":true,"valueName":"search_term_string"}}],"inLanguage":"da-DK"}]}},"_links":{"self":[{"href":"https:\/\/djmusicgeek.com\/da\/wp-json\/wp\/v2\/pages\/13043","targetHints":{"allow":["GET"]}}],"collection":[{"href":"https:\/\/djmusicgeek.com\/da\/wp-json\/wp\/v2\/pages"}],"about":[{"href":"https:\/\/djmusicgeek.com\/da\/wp-json\/wp\/v2\/types\/page"}],"author":[{"embeddable":true,"href":"https:\/\/djmusicgeek.com\/da\/wp-json\/wp\/v2\/users\/2"}],"replies":[{"embeddable":true,"href":"https:\/\/djmusicgeek.com\/da\/wp-json\/wp\/v2\/comments?post=13043"}],"version-history":[{"count":2,"href":"https:\/\/djmusicgeek.com\/da\/wp-json\/wp\/v2\/pages\/13043\/revisions"}],"predecessor-version":[{"id":17304,"href":"https:\/\/djmusicgeek.com\/da\/wp-json\/wp\/v2\/pages\/13043\/revisions\/17304"}],"wp:attachment":[{"href":"https:\/\/djmusicgeek.com\/da\/wp-json\/wp\/v2\/media?parent=13043"}],"curies":[{"name":"wp","href":"https:\/\/api.w.org\/{rel}","templated":true}]}}