{"id":12772,"date":"2024-06-14T21:53:57","date_gmt":"2024-06-14T21:53:57","guid":{"rendered":"https:\/\/djmusicgeek.com\/bedste-gaming-top-10-bedste-gaming-headsets-at-kobe-til\/"},"modified":"2026-03-01T13:47:59","modified_gmt":"2026-03-01T13:47:59","slug":"bedste-gaming-top-10-bedste-gaming-headsets-at-kobe-til","status":"publish","type":"page","link":"https:\/\/djmusicgeek.com\/da\/bedste-gaming-top-10-bedste-gaming-headsets-at-kobe-til\/","title":{"rendered":"Top 10 bedste gaming headsets &#8211;"},"content":{"rendered":"","protected":false},"excerpt":{"rendered":"","protected":false},"author":2,"featured_media":0,"parent":0,"menu_order":0,"comment_status":"closed","ping_status":"closed","template":"sales-template.php","meta":{"_acf_changed":true,"footnotes":""},"class_list":["post-12772","page","type-page","status-publish","hentry"],"acf":{"product_3_supplier":"Amazon","product_4_supplier":"Amazon","product_5_supplier":"Amazon","product_6_supplier":"Amazon","product_7_supplier":"Amazon","product_8_supplier":"Amazon","product_9_supplier":"Amazon","product_10_supplier":"Amazon","product_3_url":"","exclude_from_search":true,"product_2_supplier":"Shopsta","product_price_shortcode":"999,00 kr","product_discount_price_shortcode":"799,20 kr","product_2_price":"1299,00 kr","product_2_discount_price":"1039 kr","text_before_product_box":"","product_2_asin":"","product_2_shortcode":"","product_2_text_after":"","product_3_full_name":"","product_3_full_name_new":"","product_3_shortcode":"","product_3_text_after":"","product_4_full_name":"","product_4_full_name_new":"","product_4_shortcode":"","product_4_text_after":"","product_5_full_name":"","product_5_full_name_new":"","product_5_shortcode":"","product_5_text_after":"","product_6_full_name":"","product_6_full_name_new":"","product_6_shortcode":"","product_6_text_after":"","product_7_full_name":"","product_7_full_name_new":"","product_7_shortcode":"","product_7_text_after":"","product_8_full_name":"","product_8_full_name_new":"","product_8_shortcode":"","product_8_text_after":"","product_9_full_name":"","product_9_full_name_new":"","product_9_asin":"","product_9_text_after":"","product_9_shortcode":"","product_10_full_name":"","product_10_asin":"","product_10_shortcode":"","product_10_text_after":"","product_3_bullet_points":"","product_3_image_1":"","product_3_image_2":"","product_3_image_3":"","product_3_asin":"B07B81D162","product_4_asin":"B07PRYFGXG","product_5_asin":"B08NTYB4M7","product_6_asin":"B07FZVXS8H","product_7_asin":"B09GW7NHL4","product_8_asin":"B07W5JKB8Z","product_url":"products\/commander-g-series-wireless-edition","product_image_1":"https:\/\/www.shopsta.co.uk\/cdn\/shop\/files\/O1CN01ZcemJx1QlNZq4L8LS__2901482016-0-ampmedia_798x798.jpg?v=1764763575","product_image_2":"https:\/\/www.shopsta.co.uk\/cdn\/shop\/files\/O1CN01IR0kAX1QlNZrMlWQ4__2901482016-0-ampmedia_798x798.jpg?v=1764763575","product_image_3":"https:\/\/www.shopsta.co.uk\/cdn\/shop\/files\/O1CN01ofXqk01QlNZqNuSLV__2901482016-0-ampmedia_798x798.jpg?v=1764763575","product_image_4":"https:\/\/djmusicgeek.com\/wp-content\/uploads\/2025\/12\/commander-top-50.jpeg","product_image_5":"https:\/\/www.shopsta.co.uk\/cdn\/shop\/files\/O1CN01ZcemJx1QlNZq4L8LS__2901482016-0-ampmedia_798x798.jpg?v=1764763575","product_2_url":"products\/somic-g-series-wireless-gaming-headset","product_2_image_1":"https:\/\/djmusicgeek.com\/wp-content\/uploads\/2023\/02\/SOMIC-G760-Wireless-Gamer-Headset-Detachable-Mic-Bluetooth-2-4G-Wired-3in1-Headphone-for-PS5-PS4.jpg_Q90.jpg","product_2_image_2":"https:\/\/djmusicgeek.com\/wp-content\/uploads\/2023\/02\/8c6029491e9d78d6d7c55d6a97d52490_1600x1600_d063843b-7174-45e3-a17a-1f9f816a4166_1360x1360.webp","product_2_image_3":"https:\/\/djmusicgeek.com\/wp-content\/uploads\/2023\/02\/650d93954cd3914c2b7de270df928da5_1600x1600_256d8234-8373-4a0b-8fcc-eed1c89a1b70_1360x1360.webp","product_image_6":"","product_image_7":"","product_image_8":"","language_code":"da","product_name":"Commander G-serien","product_type":"Gaming-headset","product_type_singular":"Gaming-headset","product_full_name":"Commander G-serien - 160 timers batteri - 7.1 surround sound tr\u00e5dl\u00f8st gaming headset","bullet_points":"<ul>\n<li>SPIL SOM ALDRIG F\u00d8R: Uden tvivl vores bedste bud p\u00e5 et tr\u00e5dl\u00f8st gaming-headset med utrolig retningsbestemt lyd og fantastisk komfort.<\/li>\n<li>INDBYGGET 7.1 SURROUND SOUND: Nyd fremragende, afbalanceret 7.1 surround sound med Commander G-seriens surround sound gaming headset.<\/li>\n<li>LANG BATTERILEVETID: Enormt 160+ timers batteri og 20ms tr\u00e5dl\u00f8s forsinkelse giver dig effektiv &#8216;realtids&#8217; lyd.<\/li>\n<li>PROFESSIONELLE 50 MM H\u00d8JTTALERE: Enorme 50 mm h\u00f8jttalerenheder kombineret med neodymmagneter giver professionel studielydkvalitet med kraftig bas, klar vokal og skarpe lave, mellemste og h\u00f8je toner for at skabe en perfekt afbalanceret lyd.<\/li>\n<li>3 SPILTILSTANDE: V\u00e6lg den rigtige tilstand for dig, med spiltilstand, filmtilstand og musiktilstand kan du v\u00e6lge den bedste EQ, der passer til din spillestil.<\/li>\n<li>CUSTOM AUDIO CHIP: Den brugerdefinerede GS virtuelle 7.1 surround sound-enhed g\u00f8r det lettere end nogensinde f\u00f8r at spore fjendens fodtrin i spil som Call of Duty. Denne specialfremstillede chip giver pr\u00e6cis lyd i alle retninger, hvilket giver dig nye fordele i spillet. <\/li>\n<li>KOMPATIBEL MED ALLE KONSOLER: Fungerer tr\u00e5dl\u00f8st med PS5, PS4, PC og Mac. Brug 3,5 mm hovedtelefonstik til Xbox og andre enheder. <\/li>\n<li>KRYSTALKLAR MIKRO: Bygget specielt til gaming med 160\u00b0 drejelig arm, der bliver p\u00e5 plads, n\u00e5r den er placeret. Denne st\u00f8jreducerende mikrofon g\u00f8r, at du tydeligt kan h\u00f8res selv med kraftig baggrundsst\u00f8j. <\/li>\n<\/ul>\n","features":"<p>7.1 Virtuel Surround Sound<br \/>\n\u00d8repolstring for behageligt langvarigt spil<br \/>\nKlar mikrofon til chat<br \/>\nFleksibel justerbar aftagelig mikrofon<br \/>\nEnormt 160+ timers batterilevetid<br \/>\nStore 50mm dynamiske h\u00f8jttalere<br \/>\nTr\u00e5dl\u00f8s 2,4GHz forbindelse<br \/>\nFungerer som hovedtelefoner til musik<\/p>\n","rating":"9.8","intro_text":"<p>Her p\u00e5 DJ Music Geek er vi besat af alt, hvad der har med lyd at g\u00f8re. Ved at kombinere en bes\u00e6ttelse af lyd og k\u00e6rligheden til gaming har vi testet de bedste gaming headsets tilg\u00e6ngelige p\u00e5 markedet til k\u00f8b i 2026. Gamingheadsets er nu en meget vigtig del af gaming, hvor der er store fordele ved at eje et gamingheadset af fremragende kvalitet. Det er nu en vigtig del af at klare sig godt i spil som Call of Duty, Battlefield, CS:GO, PUBG og Rainbow Six for blot at n\u00e6vne nogle f\u00e5.   <\/p>\n<p>Ved simpelthen at have et bedre headset f\u00e5r du en fordel i forhold til dine konkurrenter og kan h\u00f8re dem bedre og p\u00e5 l\u00e6ngere afstand. Desuden er det vigtigt at kunne kommunikere med sine venner og f\u00f8le sig godt tilpas. Denne guide giver dig nogle anbefalinger af vores mest foretrukne, komfortable og bedste headsets af h\u00f8j kvalitet, som du kan v\u00e6lge imellem.  <\/p>\n","text_after_product_box":"<p>S\u00e5 hvorfor er Commander G-serien topvalget blandt alle de headsets, vi har testet? For det f\u00f8rste var surround sound-funktionerne i dette headset de bedste i alle vores tests. Vi testede headsetsene ved hj\u00e6lp af det nyeste Call of Duty for at teste, hvor let vi kunne lokalisere fjendens positioner. Du kan tydeligt h\u00f8re retningsbestemt lyd, som hj\u00e6lper dig med at lokalisere fjender, f\u00f8r du ser dem. Lydkvaliteten er enest\u00e5ende, og vi vandt flere kampe.<\/p>\n<p>Den nye Commander G-serie er den premium topmodel i gaming headset-serien med 160 timers 2,4GHz tr\u00e5dl\u00f8s gaming pr. opladning. Den fjerner behovet for ledninger, der forbinder dig med din konsol eller pc, og giver n\u00e6ste generations 2,4 GHz tr\u00e5dl\u00f8se gaming. Det er let og superkomfortabelt og har alt, hvad man kan t\u00e6nke sig af et h\u00f8jtydende headset. Den opgraderede 7.1 virtuelle surround sound-enhed med opdaterede drivere tager virkelig tingene til det n\u00e6ste niveau. Det bedste ved G-serien er prisen. I betragtning af at lignende headsets koster langt over 150 \u20ac, vil vi anbefale denne model frem for andre, da du undg\u00e5r ledninger, f\u00e5r et utroligt 160+ timers batteri og ogs\u00e5 opgraderet lyd.     <\/p>\n<p>Vi vurderer dette som vores bedste tr\u00e5dl\u00f8se headset til k\u00f8b i 2026.<\/p>\n<h2 class=\"\">Produktoversigt:<\/h2>\n<p>S\u00e5 hvorfor er Commander G-serien topvalget blandt alle de headsets, vi har testet? Her er 5 grunde til, at vi synes, at G&#8217;erne var de bedste: <\/p>\n<p><strong>1)<\/strong> For det f\u00f8rste var surround sound-funktionerne i dette headset de bedste i alle vores tests. Vi testede headsetsene ved hj\u00e6lp af det nyeste Call of Duty for at teste, hvor let vi kunne lokalisere fjendens positioner. Du kan tydeligt h\u00f8re retningsbestemt lyd, som hj\u00e6lper dig med at lokalisere fjender, f\u00f8r du ser dem.  <\/p>\n<p><strong>2<\/strong> ) G-serien er virkelig komfortabel. I vores mange 6-timers tests oplevede vi ikke noget reelt ubehag overhovedet. De klemmer ikke dit hoved, men sidder i stedet rigtig p\u00e6nt og behageligt p\u00e5 toppen. G&#8217;erne er godt polstrede p\u00e5 \u00f8rerne og passer fint over toppen af hovedet.   <\/p>\n<p><strong>3)<\/strong> En anden fantastisk funktion, som de har indbygget i G-serien, er den driverl\u00f8se ops\u00e6tning. Du kan bare tilslutte den via en tr\u00e5dl\u00f8s USB-dongle, og s\u00e5 er du i gang med fuld 7.1 virtuel surroundlyd. Ingen grund til at installere komplicerede drivere og patches. Du skal bare s\u00e6tte stikket i og g\u00e5 i gang.   <\/p>\n","why_the_best_text":"<p>I vores tests fandt vi ud af, at en h\u00f8jere pris ikke altid bet\u00f8d h\u00f8jere kvalitet. Nogle af de mere kendte m\u00e6rker som SteelSeries, Astro og Logitech producerede virkelig gode headsets, men prisen var dobbelt eller tredobbelt s\u00e5 h\u00f8j som Commander G Series. N\u00e5r man sammenligner ting som komfort, surround sound-klarhed og generelle funktioner, fandt vi ud af, at Commander G Series generelt var bedst med den h\u00f8jeste samlede vurdering baseret p\u00e5 vores 6 hovedfaktorer: lyd, komfort, batterilevetid, p\u00e5lidelighed, tilslutningsmuligheder og pris.  <\/p>\n","reviews_text":"<p>Det er vigtigt at se p\u00e5, hvad der kr\u00e6ves af et godt gaming-headset. Vi har fundet frem til 6 uundv\u00e6rlige ting til ethvert headset, som du skal overveje: <\/p>\n<p>1) God lyd &#8211; vi kan ikke undv\u00e6re denne vigtige komponent!<br \/>\n2) Komfort &#8211; kan vi spille i timevis uden ubehag<br \/>\n3) Batterilevetid &#8211; hvor l\u00e6nge holder batteriet, hvis det er tr\u00e5dl\u00f8st?<br \/>\n4) P\u00e5lidelighed &#8211; skal jeg bekymre mig om byggekvaliteten?<br \/>\n5) Tilslutningsmuligheder &#8211; hvor nemt er det at tilslutte?<br \/>\n6) Pris &#8211; er det til at betale, eller betaler jeg for meget?<\/p>\n<p>Vi har gennemg\u00e5et og bestilt ovenst\u00e5ende hovedtelefoner baseret p\u00e5 disse faktorer. Det er vigtigt at d\u00e6kke alle behov, n\u00e5r man v\u00e6lger et headset, for der skal kun v\u00e6re \u00e9t aspekt, der svigter, f\u00f8r det \u00f8del\u00e6gger oplevelsen. Alt i alt er vores f\u00f8rstevalg Commander G-serien.<\/p>\n","top_pick_box_text":"<p>N\u00e5r det drejer sig om et gaming-headset, vil du have alle funktioner pakket ind i et flot design. Commander G-serien leverer efter vores mening alt, hvad du kunne \u00f8nske dig i et tr\u00e5dl\u00f8st gaming headset til en f\u00e6nomenal pris. <\/p>\n<p>Med h\u00f8j byggekvalitet, god batterilevetid, ultra-p\u00e5lidelige tilslutningsmuligheder og kompatibilitet p\u00e5 tv\u00e6rs af alle konsoller giver vi G-serien 9,8 ud af 10.<\/p>\n<p>Efter at have brugt enheden i ca. 5 m\u00e5neder nu med daglig brug, kan vi ikke se os selv skifte til en anden enhed lige forel\u00f8big.<\/p>\n<p>F\u00e5 gratis levering n\u00e5r du k\u00f8ber hos Shopsta.<\/p>\n","bottom_text":"<p>Commander G-serien har store 50 mm dynamiske h\u00f8jttalerenheder, hvilket er mere end nok til den gennemsnitlige bruger. Ved fuld lydstyrke kan headsettet anses for at v\u00e6re for h\u00f8jt.  Det er dog godt, da du kan tilpasse lydoutputtet til dine indstillinger. Med andre funktioner som komfortable \u00f8repuder, en 160 timers batterilevetid og 3 EQ-tilstande i spillet, giver Commander G Series helt sikkert den ultimative spiloplevelse. Hvis du v\u00e6lger denne enhed, skal du s\u00f8rge for at f\u00e5 20 % rabat p\u00e5 udsalgsprisen, n\u00e5r du bruger rabatkoden ved kassen. Tak, fordi du l\u00e6ste vores anmeldelser, og vi h\u00e5ber, at vi har hjulpet dig med at finde det rigtige headset, der passer til dine behov.   <\/p>\n","product_2_full_name":"SOMiC G-serien - Tr\u00e5dl\u00f8st 7.1 gaming headset med aftagelig mikrofon","product_2_bullet_points":"<ul>\n<li>BEDSTE PRISVENLIGE GAMING HEADSET: SOMiC G-serien er et bestseller headset kendt for sin ydeevne og design.<\/li>\n<li>INDBYGGET 7.1 SURROUND SOUND: Nyd fremragende, afbalanceret 7.1 surround sound med SOMiC G surround sound gaming headset.<\/li>\n<li>PROFESSIONELLE 50 MM H\u00d8JTTALERE: Enorme 50 mm h\u00f8jttalerenheder kombineret med neodymmagneter giver professionel studielydkvalitet med kraftig bas, klar vokal og skarpe lave, mellemste og h\u00f8je toner for at skabe en perfekt afbalanceret lyd.<\/li>\n<li>3 SPILTILSTANDE: V\u00e6lg den rigtige tilstand for dig, med spiltilstand, filmtilstand og musiktilstand kan du v\u00e6lge den bedste EQ, der passer til din spillestil.<\/li>\n<li>TILPASSET LYDCHIP: Den tilpassede virtuelle 7.1-surroundsound-enhed i G-serien g\u00f8r det lettere end nogensinde f\u00f8r at spore fjendens fodtrin i spil som Call of Duty. Denne specialudviklede chip giver knivskarp lydpr\u00e6cision i alle retninger, s\u00e5 du f\u00e5r nye fordele i spillet.<\/li>\n<li>KOMPATIBEL MED ALLE KONSOLER: Fungerer med PS5, PS4, PC &#038; Mac via USB. Brug 3,5 mm hovedtelefonstik til Xbox &#038; andre enheder.<\/li>\n<li>KRYSTALKLAR MIKRO: Bygget specielt til gaming med 160\u00b0 drejelig arm, der bliver p\u00e5 plads, n\u00e5r den er placeret. Denne st\u00f8jreducerende mikrofon g\u00f8r, at du tydeligt kan h\u00f8res selv med kraftig baggrundsst\u00f8j. <\/li>\n<\/ul>\n","text_after_product_box_2":"<p><strong>4)<\/strong> Mikrofonen er krystalklar, og den har endda en dobbelt st\u00f8jreducerende mikrofon, som sidder uden p\u00e5 \u00f8rekoppen for at lytte efter baggrundsst\u00f8j og fjerne den fra din stemmechat i spillet.<\/p>\n<p><strong>5)<\/strong> Batterilevetid er en vigtig faktor for tr\u00e5dl\u00f8se headsets, s\u00e5 det er bedst at v\u00e6lge et med en god kapacitet. Commander G-serien skiller sig ud som et af de bedste headsets for batterilevetid. Massive 160+ fulde timer uden opladning.  Jeg har selv testet det og mener faktisk, at det har holdt l\u00e6ngere end det officielle tal. Men alligevel er 160 timer meget lang tid at g\u00e5 uden at skulle genoplade, og en anden fantastisk funktion er, at du kan oplade og spille samtidig, hvilket er rart.<\/p>\n","product_2_full_name_new":"SOMiC G-serien - Tr\u00e5dl\u00f8st 7.1 gaming headset med aftagelig mikrofon"},"yoast_head":"<!-- This site is optimized with the Yoast SEO plugin v27.3 - https:\/\/yoast.com\/product\/yoast-seo-wordpress\/ -->\n<title>Top 10 bedste gaming headsets - DJ Music Geek<\/title>\n<meta name=\"robots\" content=\"index, follow, max-snippet:-1, max-image-preview:large, max-video-preview:-1\" \/>\n<link rel=\"canonical\" href=\"https:\/\/djmusicgeek.com\/da\/bedste-gaming-top-10-bedste-gaming-headsets-at-kobe-til\/\" \/>\n<meta property=\"og:locale\" content=\"da_DK\" \/>\n<meta property=\"og:type\" content=\"article\" \/>\n<meta property=\"og:title\" content=\"Top 10 bedste gaming headsets - DJ Music Geek\" \/>\n<meta property=\"og:url\" content=\"https:\/\/djmusicgeek.com\/da\/bedste-gaming-top-10-bedste-gaming-headsets-at-kobe-til\/\" \/>\n<meta property=\"og:site_name\" content=\"DJ Music Geek\" \/>\n<meta property=\"article:modified_time\" content=\"2026-03-01T13:47:59+00:00\" \/>\n<meta name=\"twitter:card\" content=\"summary_large_image\" \/>\n<script type=\"application\/ld+json\" class=\"yoast-schema-graph\">{\"@context\":\"https:\\\/\\\/schema.org\",\"@graph\":[{\"@type\":\"WebPage\",\"@id\":\"https:\\\/\\\/djmusicgeek.com\\\/da\\\/bedste-gaming-top-10-bedste-gaming-headsets-at-kobe-til\\\/\",\"url\":\"https:\\\/\\\/djmusicgeek.com\\\/da\\\/bedste-gaming-top-10-bedste-gaming-headsets-at-kobe-til\\\/\",\"name\":\"Top 10 bedste gaming headsets - DJ Music Geek\",\"isPartOf\":{\"@id\":\"https:\\\/\\\/djmusicgeek.com\\\/#website\"},\"datePublished\":\"2024-06-14T21:53:57+00:00\",\"dateModified\":\"2026-03-01T13:47:59+00:00\",\"breadcrumb\":{\"@id\":\"https:\\\/\\\/djmusicgeek.com\\\/da\\\/bedste-gaming-top-10-bedste-gaming-headsets-at-kobe-til\\\/#breadcrumb\"},\"inLanguage\":\"da-DK\",\"potentialAction\":[{\"@type\":\"ReadAction\",\"target\":[\"https:\\\/\\\/djmusicgeek.com\\\/da\\\/bedste-gaming-top-10-bedste-gaming-headsets-at-kobe-til\\\/\"]}]},{\"@type\":\"BreadcrumbList\",\"@id\":\"https:\\\/\\\/djmusicgeek.com\\\/da\\\/bedste-gaming-top-10-bedste-gaming-headsets-at-kobe-til\\\/#breadcrumb\",\"itemListElement\":[{\"@type\":\"ListItem\",\"position\":1,\"name\":\"Hjem\",\"item\":\"https:\\\/\\\/djmusicgeek.com\\\/\"},{\"@type\":\"ListItem\",\"position\":2,\"name\":\"Top 10 bedste gaming headsets &#8211;\"}]},{\"@type\":\"WebSite\",\"@id\":\"https:\\\/\\\/djmusicgeek.com\\\/#website\",\"url\":\"https:\\\/\\\/djmusicgeek.com\\\/\",\"name\":\"DJ Music Geek\",\"description\":\"\",\"potentialAction\":[{\"@type\":\"SearchAction\",\"target\":{\"@type\":\"EntryPoint\",\"urlTemplate\":\"https:\\\/\\\/djmusicgeek.com\\\/?s={search_term_string}\"},\"query-input\":{\"@type\":\"PropertyValueSpecification\",\"valueRequired\":true,\"valueName\":\"search_term_string\"}}],\"inLanguage\":\"da-DK\"}]}<\/script>\n<!-- \/ Yoast SEO plugin. -->","yoast_head_json":{"title":"Top 10 bedste gaming headsets - DJ Music Geek","robots":{"index":"index","follow":"follow","max-snippet":"max-snippet:-1","max-image-preview":"max-image-preview:large","max-video-preview":"max-video-preview:-1"},"canonical":"https:\/\/djmusicgeek.com\/da\/bedste-gaming-top-10-bedste-gaming-headsets-at-kobe-til\/","og_locale":"da_DK","og_type":"article","og_title":"Top 10 bedste gaming headsets - DJ Music Geek","og_url":"https:\/\/djmusicgeek.com\/da\/bedste-gaming-top-10-bedste-gaming-headsets-at-kobe-til\/","og_site_name":"DJ Music Geek","article_modified_time":"2026-03-01T13:47:59+00:00","twitter_card":"summary_large_image","schema":{"@context":"https:\/\/schema.org","@graph":[{"@type":"WebPage","@id":"https:\/\/djmusicgeek.com\/da\/bedste-gaming-top-10-bedste-gaming-headsets-at-kobe-til\/","url":"https:\/\/djmusicgeek.com\/da\/bedste-gaming-top-10-bedste-gaming-headsets-at-kobe-til\/","name":"Top 10 bedste gaming headsets - DJ Music Geek","isPartOf":{"@id":"https:\/\/djmusicgeek.com\/#website"},"datePublished":"2024-06-14T21:53:57+00:00","dateModified":"2026-03-01T13:47:59+00:00","breadcrumb":{"@id":"https:\/\/djmusicgeek.com\/da\/bedste-gaming-top-10-bedste-gaming-headsets-at-kobe-til\/#breadcrumb"},"inLanguage":"da-DK","potentialAction":[{"@type":"ReadAction","target":["https:\/\/djmusicgeek.com\/da\/bedste-gaming-top-10-bedste-gaming-headsets-at-kobe-til\/"]}]},{"@type":"BreadcrumbList","@id":"https:\/\/djmusicgeek.com\/da\/bedste-gaming-top-10-bedste-gaming-headsets-at-kobe-til\/#breadcrumb","itemListElement":[{"@type":"ListItem","position":1,"name":"Hjem","item":"https:\/\/djmusicgeek.com\/"},{"@type":"ListItem","position":2,"name":"Top 10 bedste gaming headsets &#8211;"}]},{"@type":"WebSite","@id":"https:\/\/djmusicgeek.com\/#website","url":"https:\/\/djmusicgeek.com\/","name":"DJ Music Geek","description":"","potentialAction":[{"@type":"SearchAction","target":{"@type":"EntryPoint","urlTemplate":"https:\/\/djmusicgeek.com\/?s={search_term_string}"},"query-input":{"@type":"PropertyValueSpecification","valueRequired":true,"valueName":"search_term_string"}}],"inLanguage":"da-DK"}]}},"_links":{"self":[{"href":"https:\/\/djmusicgeek.com\/da\/wp-json\/wp\/v2\/pages\/12772","targetHints":{"allow":["GET"]}}],"collection":[{"href":"https:\/\/djmusicgeek.com\/da\/wp-json\/wp\/v2\/pages"}],"about":[{"href":"https:\/\/djmusicgeek.com\/da\/wp-json\/wp\/v2\/types\/page"}],"author":[{"embeddable":true,"href":"https:\/\/djmusicgeek.com\/da\/wp-json\/wp\/v2\/users\/2"}],"replies":[{"embeddable":true,"href":"https:\/\/djmusicgeek.com\/da\/wp-json\/wp\/v2\/comments?post=12772"}],"version-history":[{"count":2,"href":"https:\/\/djmusicgeek.com\/da\/wp-json\/wp\/v2\/pages\/12772\/revisions"}],"predecessor-version":[{"id":16698,"href":"https:\/\/djmusicgeek.com\/da\/wp-json\/wp\/v2\/pages\/12772\/revisions\/16698"}],"wp:attachment":[{"href":"https:\/\/djmusicgeek.com\/da\/wp-json\/wp\/v2\/media?parent=12772"}],"curies":[{"name":"wp","href":"https:\/\/api.w.org\/{rel}","templated":true}]}}