{"id":12412,"date":"2024-01-19T02:13:41","date_gmt":"2024-01-19T02:13:41","guid":{"rendered":"https:\/\/djmusicgeek.com\/bedste-tradlose-orepropper-til-at-kobe-2024\/"},"modified":"2026-03-01T13:46:16","modified_gmt":"2026-03-01T13:46:16","slug":"bedste-tradlose-orepropper-til-at-kobe-2024","status":"publish","type":"page","link":"https:\/\/djmusicgeek.com\/da\/bedste-tradlose-orepropper-til-at-kobe-2024\/","title":{"rendered":"Top 10 bedste tr\u00e5dl\u00f8se earbuds at k\u00f8be i Storbritannien for April 2026 [Opdateret]"},"content":{"rendered":"","protected":false},"excerpt":{"rendered":"","protected":false},"author":2,"featured_media":0,"parent":0,"menu_order":0,"comment_status":"closed","ping_status":"closed","template":"sales-template.php","meta":{"_acf_changed":false,"footnotes":""},"class_list":["post-12412","page","type-page","status-publish","hentry"],"acf":{"product_2_supplier":"Amazon","product_3_supplier":"Amazon","product_4_supplier":"Amazon","product_5_supplier":"Amazon","product_6_supplier":"Amazon","product_7_supplier":"Amazon","product_8_supplier":"Amazon","product_9_supplier":"Amazon","product_10_supplier":"Amazon","exclude_from_search":true,"product_3_price":"","product_3_url":"","product_url":"https:\/\/www.shopsta.co.uk\/products\/soundpeats-mini-pro-hs-wireless-earbuds-bluetooth-anc-hi-res-sound","product_2_url":"https:\/\/www.shopsta.co.uk\/products\/tribit-flybuds-c2-wireless-bluetooth-earphones-4-mics-call-noise-canceling-crystal-clear-calls-earbuds-32h-playtime-headphones","product_price_shortcode":"\u00a379.99","product_discount_price_shortcode":"\u00a364.00","product_image_1":"https:\/\/cdn.shopify.com\/s\/files\/1\/0503\/4170\/7969\/files\/S01dda507573846b8bf7dfef5c3e59319p.webp?v=1705589004","product_image_2":"https:\/\/cdn.shopify.com\/s\/files\/1\/0503\/4170\/7969\/files\/Sa889552a83924fdb874785ba30cf9192a.webp?v=1705589004","product_image_3":"https:\/\/cdn.shopify.com\/s\/files\/1\/0503\/4170\/7969\/files\/S26bef3b5f5c54c1f9a6041ef40166764p.webp?v=1705589004","product_image_4":"https:\/\/cdn.shopify.com\/s\/files\/1\/0503\/4170\/7969\/files\/S2ab9ef8c42524edaae083d7cdd7137e1r.webp?v=1705589005","product_image_5":"https:\/\/cdn.shopify.com\/s\/files\/1\/0503\/4170\/7969\/files\/Scb1eb558b35d4f34871e168f74f908efC.webp?v=1705589005","product_image_6":"https:\/\/www.shopsta.co.uk\/cdn\/shop\/files\/Sa889552a83924fdb874785ba30cf9192a_1400x1400.webp?v=1705589004","product_image_7":"https:\/\/www.shopsta.co.uk\/cdn\/shop\/files\/S26bef3b5f5c54c1f9a6041ef40166764p_1400x1400.webp?v=1705589004","product_image_8":"https:\/\/www.shopsta.co.uk\/cdn\/shop\/files\/Scb1eb558b35d4f34871e168f74f908efC_1400x1400.webp?v=1705589005","product_2_asin":"B0CHWZ9TZS","product_3_asin":"B0B4KHCQ96","product_4_asin":"B0979QQHFG","product_5_asin":"B09D7PXZV7","product_6_asin":"B09RZKHSD6","product_7_asin":"B09JQQDLXF","product_8_asin":"B095DNPH4R","product_9_asin":"B09RZJZ7YW","product_10_asin":"B0C9NGNBPG","product_2_image_1":"https:\/\/cdn.shopify.com\/s\/files\/1\/0503\/4170\/7969\/files\/Sb63526d4600f46848fe7de0e077cc862U.jpg?v=1695677154","product_2_image_2":"https:\/\/cdn.shopify.com\/s\/files\/1\/0503\/4170\/7969\/files\/Sc78e0c14e4e64fd58f35cba2ded94ad9r.jpg?v=1695677153","product_2_image_3":"https:\/\/cdn.shopify.com\/s\/files\/1\/0503\/4170\/7969\/files\/Seaaf380b94f049b4b91eb37d65f0c0b1L.jpg?v=1695677153","product_2_price":"\u00a347.99","product_2_discount_price":"\u00a338.39","product_3_image_1":"","product_3_image_2":"","product_3_image_3":"","product_3_discount_price":"","language_code":"da","product_name":"SOUNDPEATS\u00ae Mini Pro","product_type":"Tr\u00e5dl\u00f8se \u00f8repropper","product_type_singular":"Tr\u00e5dl\u00f8se \u00f8repropper at k\u00f8be","product_full_name":"SOUNDPEATS\u00ae Mini Pro \u00e6gte tr\u00e5dl\u00f8se \u00f8repropper","bullet_points":"<ul>\n<li>FANTASTISK LYDKVALITET: Disse \u00f8repropper leverer detaljeret lyd, bedre end cd&#8217;er, med et bredt afspilningsb\u00e5nd fra 20Hz til 40kHz. Nyd lyden t\u00e6ttest p\u00e5 den originale optagelse for en beriget og fordybende lydoplevelse. <\/li>\n<li>LDAC CODEC TECHNOLOGY: Oplev problemfri lydtransmission med tredobbelt m\u00e6ngde information sammenlignet med traditionel Bluetooth SBC-codec. V\u00e6rds\u00e6t nuancerne i stemmer og instrumenter med et output, der er t\u00e6t p\u00e5 skaberens oprindelige hensigt. <\/li>\n<li>AVANCERET ST\u00d8JD\u00c6MPNING: Med hybrid aktiv st\u00f8jd\u00e6mpningsteknologi til op til 40 dB reduktion neutraliserer den eksterne lyde og giver mulighed for uforstyrret lyd, selv i st\u00f8jende omgivelser.<\/li>\n<li>PREMIUM DYNAMIC DRIVER: Indeholder en 10 mm dynamisk driver for at sikre dybde og dynamik i naturlige lyde, hvilket giver en utrolig afbalanceret lavfrekvent lydoplevelse s\u00e5 t\u00e6t p\u00e5 den originale lyd som muligt.<\/li>\n<li>P\u00c5LIDELIG BATTERILEVETID: Nyd op til 8 timers uafbrudt musikafspilning med \u00f8repropperne alene og op til 28 timer med opladningsetuiet. Ideel til lange rejser, travle arbejdsdage og l\u00e6ngerevarende lydunderholdning. <\/li>\n<li>OPTIMERET TIL KONFERENCER: Med ENC-st\u00f8jreduktion og 6 mikrofoner, der filtrerer st\u00f8j fra omgivelserne fra og sikrer klar stemmekvalitet under samtaler. Perfekt til fjernarbejde og webkonferencer. <\/li>\n<\/ul>\n","features":"<p>FANTASTISK LYDKVALITET: Nyd lyden, som det er meningen, den skal h\u00f8res. \u00d8repropperne afspiller lyd i h\u00f8j opl\u00f8sning, som er fyldig, detaljeret og virkelighedstro. Det brede afspilningsb\u00e5nd fra 20Hz til 40kHz giver dig mulighed for at fange hver eneste nuance, hvilket giver en virkelig fordybende lydoplevelse.  <\/p>\n<p>SUPERIOR SOUND TRANSMISSION: Takket v\u00e6re LDAC codec-teknologien kan disse tr\u00e5dl\u00f8se \u00f8repropper overf\u00f8re 3 gange mere data end traditionel Bluetooth SBC codec, s\u00e5 du kan nyde hver eneste detalje i musikken.  <\/p>\n<p>AVANCERET ST\u00d8JD\u00c6MPNING: Den hybride aktive st\u00f8jd\u00e6mpningsteknologi giver en reduktion p\u00e5 op til 40 dB, hvilket effektivt fjerner baggrundsst\u00f8j. Nyd en uafbrudt og fredfyldt lydoplevelse, uanset hvor du er. <\/p>\n<p>PREMIUM 10MM DYNAMISK DRIVER: Med en 10 mm dynamisk driver garanterer disse \u00f8repropper dybde i mellem- og lavfrekvenslyde og dynamik i naturlige lyde. Resultatet er en samling af frekvenser, der er velafbalanceret og utrolig t\u00e6t p\u00e5 den originale optagelse. <\/p>\n<p>P\u00c5LIDELIG BATTERILEVETID: P\u00e5 trods af deres kompakte design har disse \u00f8repropper op til 8 timers kontinuerlig spilletid og yderligere 20 timer med opladningsetuiet. Det g\u00f8r dem perfekte til lange pendlerture, kontinuerlige arbejdsdage eller l\u00e6ngerevarende lydunderholdningssessioner. <\/p>\n<p>OPTIMERET TIL OPKALD: SOUNDPEATS Mini Pro-\u00f8repropperne er udstyret med ENC-st\u00f8jreducerende funktion og 6 mikrofoner &#8211; 3 i hver \u00f8reprop &#8211; og er designet til at forbedre din stemme under opkald ved at filtrere st\u00f8j fra omgivelserne. Ideel til fjernarbejde og webkonferencer. <\/p>\n<p>SPECIFIKATIONER I TOPKLASSE: Disse \u00f8retelefoner har en r\u00e6kke avancerede funktioner, herunder et Bluetooth-chips\u00e6t WQ7033AR, en modstand p\u00e5 32\u03a9, et frekvensresponsomr\u00e5de p\u00e5 20-40.000Hz, AAC, SBC, LDAC-codecs, aktiv st\u00f8jreduktion og en Bluetooth-version 5.3.<\/p>\n<p>\u00c6SKENS INDHOLD: Sammen med de to Mini Pro HS Bluetooth-\u00f8repropper indeholder \u00e6sken et Type-C-opladerkabel, 6 udskiftelige \u00f8repropper, et opladningsetui og en brugervejledning.<\/p>\n","rating":"9.8","intro_text":"<p>Velkommen til DJ Music Geek, din kilde til det nyeste og bedste inden for lydudstyr. Hvis du er p\u00e5 udkig efter up\u00e5klagelig lydkvalitet, en sikker pasform, imponerende batterilevetid og en problemfri tr\u00e5dl\u00f8s oplevelse, er du kommet til det rette sted. Som dedikerede audiofiler og teknologientusiaster giver vi dig dybdeg\u00e5ende, autoritative anmeldelser og anbefalinger af de bedste tr\u00e5dl\u00f8se \u00f8retelefoner p\u00e5 markedet. Vi har afpr\u00f8vet og testet alt fra budgetk\u00f8b til avancerede k\u00f8b for at give dig de oplysninger, du har brug for til at tr\u00e6ffe det rigtige valg. G\u00f8r dig klar til at opgradere din lytteoplevelse med tr\u00e5dl\u00f8se \u00f8repropper, der virkelig rammer den rigtige tone.    <\/p>\n","text_before_product_box":"<p>SOUNDPEATS\u00ae Mini Pro True Wireless Earbuds f\u00e5r topkarakter i vores test for deres uovertrufne blanding af lydkvalitet, v\u00e6rdi og innovative funktioner. Disse \u00f8repropper overg\u00e5r konkurrenterne med deres lydafspilning i h\u00f8j opl\u00f8sning og eksklusive LDAC-codec for overlegen lydtransmission. Til en overkommelig pris giver de ogs\u00e5 et fremragende investeringsafkast, inklusive funktioner som hybrid aktiv st\u00f8jreduktion og op til 28 timers batterilevetid.  <\/p>\n","text_after_product_box":"<p>N\u00e5r det g\u00e6lder valg af tr\u00e5dl\u00f8se \u00f8retelefoner, er v\u00e6rdi for pengene af stor betydning. De tr\u00e5dl\u00f8se SOUNDPEATS Mini Pro-\u00f8repropper tilbyder netop det. Efter at have testet dette produkt kan vi garantere dig, at dette produkt leverer uovertruffen lydkvalitet, avancerede funktioner og fremragende levetid til en meget konkurrencedygtig pris.    <\/p>\n<p>Med afspilning af lydkilder i h\u00f8j opl\u00f8sning og overlegen LDAC-codec-teknologi var vi imponerede over det fyldige, detaljerede og naturtro lydoutput. Produktet giver en beriget og fordybende lydoplevelse, der er cd&#8217;er langt overlegen. Desuden har \u00f8repropperne aktiv st\u00f8jreduktion, som effektivt neutraliserer eksterne lyde &#8211; et reelt aktiv i st\u00f8jende omgivelser.  <\/p>\n<p>SOUNDPEATS Mini Pro-\u00f8repropperne har en p\u00e5lidelig batterilevetid p\u00e5 op til 8 timer med \u00f8repropperne alene og 28 timer med opladningsetuiet, hvilket g\u00f8r dem perfekte til lange rejser og omfattende lydunderholdning. Desuden fandt vi ud af, at denne model med sin indbyggede ENC-st\u00f8jreduktionsfunktion og seks mikrofoner er fremragende til fjernarbejde og webkonferencer. S\u00e5 hvis du er p\u00e5 jagt efter et produkt, der har den bedste balance mellem f\u00f8rsteklasses funktioner og en overkommelig pris, er SOUNDPEATS Mini Pro det rigtige valg.  <\/p>\n","why_the_best_text":"<p>N\u00e5r det g\u00e6lder om at finde et s\u00e6t tr\u00e5dl\u00f8se \u00f8retelefoner, der giver meget for pengene, mener vi, at SOUNDPEATS\u00ae Mini Pro True Wireless Earbuds skiller sig ud fra m\u00e6ngden. I betragtning af dens konkurrencedygtige pris er den sp\u00e6kket med funktioner, som vi personligt har testet og fundet frem til leverer en enest\u00e5ende ydeevne. <\/p>\n<p>En af de mest fremtr\u00e6dende egenskaber ved disse \u00f8repropper er den fremragende lydkvalitet. Med en afspilning i h\u00f8j opl\u00f8sning, der giver overlegen lyd sammenlignet med cd&#8217;er, kan brugerne nyde en beriget og fordybende lydoplevelse. Dens bredb\u00e5ndsafspilning fra 20Hz til 40kHz sikrer en lyd, der er t\u00e6ttest p\u00e5 den originale optagelse. Desuden er den udstyret med avanceret st\u00f8jreduktionsteknologi, der effektivt reducerer st\u00f8j fra omgivelserne og giver en uafbrudt lydoplevelse.   <\/p>\n<p>Vi var ogs\u00e5 imponerede over den imponerende batterilevetid, der holder til op til 8 timers uafbrudt afspilning med \u00f8repropperne og i alt 28 timer med opladningsetuiet &#8211; hvilket g\u00f8r den perfekt til lange rejser eller l\u00e6ngerevarende lydunderholdningssessioner. Den indbyggede ENC-st\u00f8jreducerende funktion og de seks mikrofoner optimerer yderligere disse \u00f8repropper til klare samtaler, hvilket g\u00f8r dem til et praktisk valg til fjernarbejde eller webkonferencer. Alt i alt mener vi, at SOUNDPEATS\u00ae Mini Pro giver bem\u00e6rkelsesv\u00e6rdig v\u00e6rdi til prisen.  <\/p>\n","reviews_text":"<p>Det kan v\u00e6re sv\u00e6rt at v\u00e6lge de bedste tr\u00e5dl\u00f8se \u00f8retelefoner i betragtning af det store antal muligheder, der findes p\u00e5 markedet. Her er de vigtigste faktorer, du b\u00f8r overveje for at tr\u00e6ffe det bedste valg. <\/p>\n<ol>\n<li>Lydkvalitet: \u00d8repropperne skal have en overlegen lydkvalitet med mulighed for at levere en bred vifte af lydfrekvenser, s\u00e5 du kan nyde en rig og medrivende lydoplevelse.<\/li>\n<li>St\u00f8jreducerende funktion: \u00d8repropper af h\u00f8j kvalitet leveres med avanceret st\u00f8jreducerende teknologi til at neutralisere eksterne lyde, s\u00e5 du kan nyde din musik uden at blive distraheret.<\/li>\n<li>Batterilevetid: De bedste \u00f8repropper har en p\u00e5lidelig batterilevetid, der kan holde til hele dagen eller en lang rejse.<\/li>\n<li>Komfort: \u00d8repropperne skal v\u00e6re behagelige at have p\u00e5 i l\u00e6ngere tid og sidde godt fast i \u00f8rerne.<\/li>\n<li>Funktioner i den \u00f8vre ende: Overvej funktioner som Bluetooth-chipset og afspilning af lydkilder i h\u00f8j opl\u00f8sning. Disse bidrager til \u00f8reproppernes samlede ydeevne. <\/li>\n<li>Pris: Overvej altid prisniveauet. De bedste \u00f8repropper har fremragende funktioner, holdbarhed og lydkvalitet til en pris, du er tryg ved at betale. <\/li>\n<\/ol>\n","top_pick_box_text":"<p>SOUNDPEATS\u00ae Mini Pro True Wireless Earbuds har avancerede funktioner til en overkommelig pris, hvilket g\u00f8r dem til et fremragende valg for prisbevidste forbrugere. Fra lydkvalitet i h\u00f8j opl\u00f8sning, LDAC-codec for overlegen lydtransmission til avanceret st\u00f8jreduktionsteknologi leverer disse \u00f8repropper ubesv\u00e6ret f\u00f8rsteklasses lydydelse. Desuden har de en p\u00e5lidelig batterilevetid p\u00e5 op til 28 timer med opladningsetuiet, hvilket sikrer, at du har str\u00f8m nok til lange perioder med lydunderholdning.  <\/p>\n<p>Disse \u00f8repropper skiller sig ud, ikke kun for deres fantastiske lydkvalitet, men ogs\u00e5 for deres funktionalitet i samtaler og konferencer &#8211; takket v\u00e6re ENC-st\u00f8jreducerende funktion og seks indbyggede mikrofoner. De tilbyder en uovertruffen balance mellem pris, ydeevne og ekstra funktioner, hvilket g\u00f8r dem til et solidt valg til enhver livsstil og lejlighed. Disse prisvenlige tr\u00e5dl\u00f8se \u00f8repropper fra SOUNDPEATS\u00ae giver virkelig en personlig og medrivende lydoplevelse.  <\/p>\n","bottom_text":"<p>Konklusionen er, at de tr\u00e5dl\u00f8se SOUNDPEATS\u00ae Mini Pro-\u00f8repropper er et fremragende produkt og et godt k\u00f8b. Gennem vores omfattende test har de konsekvent bevist deres v\u00e6rd og kan prale af f\u00f8rsteklasses funktioner, der placerer dem foran konkurrenterne.   <\/p>\n<p>Deres overlegne lydkvalitet er bem\u00e6rkelsesv\u00e6rdig med en lydafspilning, der er s\u00e5 fyldig og detaljeret, at du kan fange hver eneste musikalske nuance. \u00d8reproppernes LDAC-codec-teknologi sikrer tre gange mere datatransmission end traditionelle Bluetooth-codecs, hvilket intensiverer din lydoplevelse. Sammen med den avancerede st\u00f8jreduktionsfunktion overd\u00f8ver disse \u00f8repropper ubesv\u00e6ret baggrundsst\u00f8j og skaber et uafbrudt lydmilj\u00f8.    <\/p>\n<p>De 10 mm dynamiske drivere garanterer et afbalanceret frekvensomr\u00e5de, der matcher den originale optagelse, mens den gener\u00f8se batterilevetid giver op til 8 timers non-stop lydafspilning, forl\u00e6nget til 20 timer med opladningsetuiet. Disse funktioner g\u00f8r den til en perfekt ledsager til lange arbejdsdage og rejser.   <\/p>\n<p>Desuden er disse \u00f8repropper optimeret til opkald, hvilket sikrer en klar og tydelig stemmekvalitet under dine videokonferencer og opkald. Dens specifikationer, herunder Bluetooth 5.3-versionen, er opdaterede, og indholdet i kassen omfatter alt det n\u00f8dvendige tilbeh\u00f8r til \u00f8jeblikkelig brug. <\/p>\n<p>Af alle de tr\u00e5dl\u00f8se \u00f8retelefoner, vi har testet, er SOUNDPEATS\u00ae Mini Pro-\u00f8retelefonerne de ubestridte vindere takket v\u00e6re deres fremragende ydeevne, overlegne funktioner og str\u00e5lende lydkvalitet. Deres imponerende egenskaber skiller dem virkelig ud og garanterer en virkelig fordybende lytteoplevelse. <\/p>\n","product_2_full_name":"Tribit FlyBuds C2 Bluetooth tr\u00e5dl\u00f8se \u00f8repropper med 4 mikrofoner, st\u00f8jreduktion, 32 timers spilletid.","product_2_bullet_points":"<ul>\n<li>KRYSTALKLARE OPKALD: Udviklet til fremragende opkaldskvalitet, selv i st\u00f8jende omgivelser, takket v\u00e6re den unikke Qualcomm 4-Mic CVC 8.0 st\u00f8jreduktionsteknologi.<\/li>\n<li>EKSTRAORDIN\u00c6R LYD: H\u00f8retelefonens Qualcomm QCC3040-chip, 13 mm store dynamiske driver og APTX-lydafkodning i h\u00f8j kvalitet sikrer forbedret lydklarhed og -trov\u00e6rdighed.<\/li>\n<li>JUSTERBARE EQ-INDSTILLINGER: Med Tribit-appen kan du nemt v\u00e6lge mellem 24 forskellige eq-stilarter som jazz, bas, ACG osv. for at sikre, at din lytteoplevelse er perfekt skr\u00e6ddersyet til dine pr\u00e6ferencer.<\/li>\n<li>FORL\u00c6NGET SPILLETID: Udstyret med et imponerende batteri giver hver \u00f8retelefon 8 timers spilletid pr. opladning, og med det medf\u00f8lgende opladningsetui f\u00e5r du i alt 32 timers tr\u00e5dl\u00f8s lyd.<\/li>\n<li>TRUE WIRELESS & FAST CONNECTIVITY: Disse \u00f8retelefoner er drevet af den nyeste Bluetooth 5.2-teknologi og sikrer en st\u00e6rkere og mere stabil forbindelse til uafbrudt lydafspilning.<\/li>\n<li>KOMFORTABEL OG LET: Hver \u00f8retelefon vejer kun 4 g, hvilket giver en behagelig og trykfri lytteoplevelse, perfekt til mange timers brug.<\/li>\n<\/ul>","product_2_text_after":"Tribit FlyBuds C2 er vores andet valg p\u00e5 grund af dens bem\u00e6rkelsesv\u00e6rdige funktioner og store v\u00e6rdi for pengene. Efter testen satte vi pris p\u00e5 den nyeste Qualcomm QCC3040-chip, der giver overlegen lydafkodning, og den unikke Qualcomm 4-Mic CVC 8.0-teknologi, som reducerer baggrundsst\u00f8j betydeligt under opkald. Den nyeste Bluetooth 5.2 sikrer en stabil og kraftfuld forbindelse, og den forl\u00e6ngede batterilevetid p\u00e5 32 timer er ideel til langvarig brug. P\u00e5 trods af at den ikke har en kontrolknap eller vandt\u00e6tte funktioner, g\u00f8r den \u00e6gte tr\u00e5dl\u00f8se bekvemmelighed og det praktiske opladningsetui dette produkt til en v\u00e6rdig konkurrent. Derudover underst\u00f8ttes \u00f8retelefonerne af Tribit-appen, der giver dig 24 forskellige EQ-stilarter at v\u00e6lge imellem, hvilket yderligere forbedrer produktets alsidighed. Med den gode v\u00e6rdi til prisen henvender disse \u00f8retelefoner sig til brugere, der er p\u00e5 udkig efter kvalitetsydelse uden at spr\u00e6nge banken.     "},"yoast_head":"<!-- This site is optimized with the Yoast SEO plugin v27.3 - https:\/\/yoast.com\/product\/yoast-seo-wordpress\/ -->\n<title>Top 10 bedste tr\u00e5dl\u00f8se earbuds at k\u00f8be i Storbritannien for [month_year] [Opdateret] - DJ Music Geek<\/title>\n<meta name=\"robots\" content=\"index, follow, max-snippet:-1, max-image-preview:large, max-video-preview:-1\" \/>\n<link rel=\"canonical\" href=\"https:\/\/djmusicgeek.com\/da\/bedste-tradlose-orepropper-til-at-kobe-2024\/\" \/>\n<meta property=\"og:locale\" content=\"da_DK\" \/>\n<meta property=\"og:type\" content=\"article\" \/>\n<meta property=\"og:title\" content=\"Top 10 bedste tr\u00e5dl\u00f8se earbuds at k\u00f8be i Storbritannien for [month_year] [Opdateret] - DJ Music Geek\" \/>\n<meta property=\"og:url\" content=\"https:\/\/djmusicgeek.com\/da\/bedste-tradlose-orepropper-til-at-kobe-2024\/\" \/>\n<meta property=\"og:site_name\" content=\"DJ Music Geek\" \/>\n<meta property=\"article:modified_time\" content=\"2026-03-01T13:46:16+00:00\" \/>\n<meta name=\"twitter:card\" content=\"summary_large_image\" \/>\n<script type=\"application\/ld+json\" class=\"yoast-schema-graph\">{\"@context\":\"https:\\\/\\\/schema.org\",\"@graph\":[{\"@type\":\"WebPage\",\"@id\":\"https:\\\/\\\/djmusicgeek.com\\\/da\\\/bedste-tradlose-orepropper-til-at-kobe-2024\\\/\",\"url\":\"https:\\\/\\\/djmusicgeek.com\\\/da\\\/bedste-tradlose-orepropper-til-at-kobe-2024\\\/\",\"name\":\"Top 10 bedste tr\u00e5dl\u00f8se earbuds at k\u00f8be i Storbritannien for [month_year] [Opdateret] - DJ Music Geek\",\"isPartOf\":{\"@id\":\"https:\\\/\\\/djmusicgeek.com\\\/#website\"},\"datePublished\":\"2024-01-19T02:13:41+00:00\",\"dateModified\":\"2026-03-01T13:46:16+00:00\",\"breadcrumb\":{\"@id\":\"https:\\\/\\\/djmusicgeek.com\\\/da\\\/bedste-tradlose-orepropper-til-at-kobe-2024\\\/#breadcrumb\"},\"inLanguage\":\"da-DK\",\"potentialAction\":[{\"@type\":\"ReadAction\",\"target\":[\"https:\\\/\\\/djmusicgeek.com\\\/da\\\/bedste-tradlose-orepropper-til-at-kobe-2024\\\/\"]}]},{\"@type\":\"BreadcrumbList\",\"@id\":\"https:\\\/\\\/djmusicgeek.com\\\/da\\\/bedste-tradlose-orepropper-til-at-kobe-2024\\\/#breadcrumb\",\"itemListElement\":[{\"@type\":\"ListItem\",\"position\":1,\"name\":\"Hjem\",\"item\":\"https:\\\/\\\/djmusicgeek.com\\\/\"},{\"@type\":\"ListItem\",\"position\":2,\"name\":\"Top 10 bedste tr\u00e5dl\u00f8se earbuds at k\u00f8be i Storbritannien for March 2026 [Opdateret]\"}]},{\"@type\":\"WebSite\",\"@id\":\"https:\\\/\\\/djmusicgeek.com\\\/#website\",\"url\":\"https:\\\/\\\/djmusicgeek.com\\\/\",\"name\":\"DJ Music Geek\",\"description\":\"\",\"potentialAction\":[{\"@type\":\"SearchAction\",\"target\":{\"@type\":\"EntryPoint\",\"urlTemplate\":\"https:\\\/\\\/djmusicgeek.com\\\/?s={search_term_string}\"},\"query-input\":{\"@type\":\"PropertyValueSpecification\",\"valueRequired\":true,\"valueName\":\"search_term_string\"}}],\"inLanguage\":\"da-DK\"}]}<\/script>\n<!-- \/ Yoast SEO plugin. -->","yoast_head_json":{"title":"Top 10 bedste tr\u00e5dl\u00f8se earbuds at k\u00f8be i Storbritannien for [month_year] [Opdateret] - DJ Music Geek","robots":{"index":"index","follow":"follow","max-snippet":"max-snippet:-1","max-image-preview":"max-image-preview:large","max-video-preview":"max-video-preview:-1"},"canonical":"https:\/\/djmusicgeek.com\/da\/bedste-tradlose-orepropper-til-at-kobe-2024\/","og_locale":"da_DK","og_type":"article","og_title":"Top 10 bedste tr\u00e5dl\u00f8se earbuds at k\u00f8be i Storbritannien for [month_year] [Opdateret] - DJ Music Geek","og_url":"https:\/\/djmusicgeek.com\/da\/bedste-tradlose-orepropper-til-at-kobe-2024\/","og_site_name":"DJ Music Geek","article_modified_time":"2026-03-01T13:46:16+00:00","twitter_card":"summary_large_image","schema":{"@context":"https:\/\/schema.org","@graph":[{"@type":"WebPage","@id":"https:\/\/djmusicgeek.com\/da\/bedste-tradlose-orepropper-til-at-kobe-2024\/","url":"https:\/\/djmusicgeek.com\/da\/bedste-tradlose-orepropper-til-at-kobe-2024\/","name":"Top 10 bedste tr\u00e5dl\u00f8se earbuds at k\u00f8be i Storbritannien for [month_year] [Opdateret] - DJ Music Geek","isPartOf":{"@id":"https:\/\/djmusicgeek.com\/#website"},"datePublished":"2024-01-19T02:13:41+00:00","dateModified":"2026-03-01T13:46:16+00:00","breadcrumb":{"@id":"https:\/\/djmusicgeek.com\/da\/bedste-tradlose-orepropper-til-at-kobe-2024\/#breadcrumb"},"inLanguage":"da-DK","potentialAction":[{"@type":"ReadAction","target":["https:\/\/djmusicgeek.com\/da\/bedste-tradlose-orepropper-til-at-kobe-2024\/"]}]},{"@type":"BreadcrumbList","@id":"https:\/\/djmusicgeek.com\/da\/bedste-tradlose-orepropper-til-at-kobe-2024\/#breadcrumb","itemListElement":[{"@type":"ListItem","position":1,"name":"Hjem","item":"https:\/\/djmusicgeek.com\/"},{"@type":"ListItem","position":2,"name":"Top 10 bedste tr\u00e5dl\u00f8se earbuds at k\u00f8be i Storbritannien for March 2026 [Opdateret]"}]},{"@type":"WebSite","@id":"https:\/\/djmusicgeek.com\/#website","url":"https:\/\/djmusicgeek.com\/","name":"DJ Music Geek","description":"","potentialAction":[{"@type":"SearchAction","target":{"@type":"EntryPoint","urlTemplate":"https:\/\/djmusicgeek.com\/?s={search_term_string}"},"query-input":{"@type":"PropertyValueSpecification","valueRequired":true,"valueName":"search_term_string"}}],"inLanguage":"da-DK"}]}},"_links":{"self":[{"href":"https:\/\/djmusicgeek.com\/da\/wp-json\/wp\/v2\/pages\/12412","targetHints":{"allow":["GET"]}}],"collection":[{"href":"https:\/\/djmusicgeek.com\/da\/wp-json\/wp\/v2\/pages"}],"about":[{"href":"https:\/\/djmusicgeek.com\/da\/wp-json\/wp\/v2\/types\/page"}],"author":[{"embeddable":true,"href":"https:\/\/djmusicgeek.com\/da\/wp-json\/wp\/v2\/users\/2"}],"replies":[{"embeddable":true,"href":"https:\/\/djmusicgeek.com\/da\/wp-json\/wp\/v2\/comments?post=12412"}],"version-history":[{"count":2,"href":"https:\/\/djmusicgeek.com\/da\/wp-json\/wp\/v2\/pages\/12412\/revisions"}],"predecessor-version":[{"id":17328,"href":"https:\/\/djmusicgeek.com\/da\/wp-json\/wp\/v2\/pages\/12412\/revisions\/17328"}],"wp:attachment":[{"href":"https:\/\/djmusicgeek.com\/da\/wp-json\/wp\/v2\/media?parent=12412"}],"curies":[{"name":"wp","href":"https:\/\/api.w.org\/{rel}","templated":true}]}}