{"id":12390,"date":"2024-05-05T01:37:26","date_gmt":"2024-05-05T01:37:26","guid":{"rendered":"https:\/\/djmusicgeek.com\/top-10-bedste-tradlose-bluetooth-hojttalere-at-kobe-for-maned-ar-eu-opdateret\/"},"modified":"2026-03-01T13:48:27","modified_gmt":"2026-03-01T13:48:27","slug":"top-10-bedste-tradlose-bluetooth-hojttalere-at-kobe-for-maned-ar-eu-opdateret","status":"publish","type":"page","link":"https:\/\/djmusicgeek.com\/da\/top-10-bedste-tradlose-bluetooth-hojttalere-at-kobe-for-maned-ar-eu-opdateret\/","title":{"rendered":"De 10 bedste tr\u00e5dl\u00f8se Bluetooth-h\u00f8jtalere at k\u00f8be til"},"content":{"rendered":"","protected":false},"excerpt":{"rendered":"","protected":false},"author":2,"featured_media":0,"parent":0,"menu_order":0,"comment_status":"closed","ping_status":"closed","template":"sales-template.php","meta":{"_acf_changed":false,"footnotes":""},"class_list":["post-12390","page","type-page","status-publish","hentry"],"acf":{"product_2_supplier":"Shopsta","product_3_supplier":"Amazon","product_4_supplier":"Amazon","product_5_supplier":"Amazon","product_6_supplier":"Amazon","product_7_supplier":"Amazon","product_8_supplier":"Amazon","product_9_supplier":"Amazon","product_10_supplier":"Amazon","exclude_from_search":true,"product_3_price":"","product_3_url":"","product_url":"products\/blitzwolf-w-series-2nd-generation-speaker","product_price_shortcode":"\u20ac109.00","product_discount_price_shortcode":"\u20ac87.20","product_image_1":"https:\/\/djmusicgeek.com\/wp-content\/uploads\/2021\/11\/bw-w-series-2-a.jpeg","product_image_2":"https:\/\/djmusicgeek.com\/wp-content\/uploads\/2022\/05\/69378614-8e6b-40ca-85b0-d8e5c32f0356_1000x1000-1.jpg","product_image_3":"https:\/\/djmusicgeek.com\/wp-content\/uploads\/2022\/07\/450acb13-537b-4d2d-9cdb-23d03d1847c2_1000x1000_f5bbaa83-9489-44e2-9679-c0f7576f17cc_1000x1000.jpeg","product_image_4":"https:\/\/djmusicgeek.com\/wp-content\/uploads\/2022\/05\/450acb13-537b-4d2d-9cdb-23d03d1847c2_1000x1000.jpeg","product_image_5":"https:\/\/djmusicgeek.com\/wp-content\/uploads\/2022\/07\/two-w-series-768x709.jpg","product_image_6":"https:\/\/djmusicgeek.com\/wp-content\/uploads\/2022\/06\/xdobo1-3.jpg","product_image_7":"https:\/\/djmusicgeek.com\/wp-content\/uploads\/2022\/07\/c14b9410-6ea7-4111-9fb8-8f2814d297b0-408x510.jpeg","product_image_8":"https:\/\/djmusicgeek.com\/wp-content\/uploads\/2022\/01\/Screenshot-2021-11-20-at-13.55.52-1024x994-1-525x510.jpg","product_3_asin":"B09HGRXXTM","product_4_asin":"B099T738ZC","product_5_asin":"B08YXBSP6X","product_6_asin":"B08GKVL7FN","product_7_asin":"B08YRT9T38","product_8_asin":"B08XYY43ZF","product_9_asin":"B08VDNCZT9","product_10_asin":"B0CD263FWB","product_2_image_1":"https:\/\/djmusicgeek.com\/wp-content\/uploads\/2022\/10\/500-1.jpg","product_2_image_2":"https:\/\/djmusicgeek.com\/wp-content\/uploads\/2022\/05\/ebc28331-c863-45fa-880d-6040d1d82804.jpg.webp","product_2_image_3":"https:\/\/djmusicgeek.com\/wp-content\/uploads\/2022\/10\/500-2-1.jpg","product_2_price":"\u20ac179.00","product_2_discount_price":"\u20ac143.20","product_2_url":"products\/500lk-100w-bluetooth-speaker-portable-speakers-quad-drivers-dual-diaphragm-deep-bass-rgb-light-tws-5000mah-outdoors-wireless-speaker-1","product_3_image_1":"","product_3_image_2":"","product_3_image_3":"","product_2_asin":"","product_3_discount_price":"","language_code":"da","product_name":"BlitzWolf\u00ae W-serien","product_type":"Bluetooth-h\u00f8jttaler","product_type_singular":"Bluetooth-h\u00f8jttaler","product_full_name":"BlitzWolf\u00ae W Series tr\u00e5dl\u00f8s vandt\u00e6t Bluetooth-h\u00f8jttaler","bullet_points":"<ul>\n<li>30W POWER OUTPUT: Enorme dobbelte drivere giver dig mulighed for at nyde en dyb, forbedret bas og en str\u00e5lende lyd.<\/li>\n<li>OPLADNING P\u00c5 FARTEN: B\u00e6rbar opladning til dine enheder med indbygget 4000mAh batteri med stor kapacitet.<\/li>\n<li>IPX6 VANDT\u00c6TTE: Du kan bruge h\u00f8jttaleren i v\u00e5dt vejr, s\u00e5 meget du vil. Denne h\u00f8jttaler er bygget til at kunne modst\u00e5 vandstr\u00e5ler under tryk, s\u00e5 du kan bruge den i regnvejr, under bruseren eller i n\u00e6rheden af vand uden bekymringer.<\/li>\n<li>TRUE WIRELESS CONNECTIVITY: Par 2 h\u00f8jttalere tr\u00e5dl\u00f8st for dobbelt s\u00e5 meget sjov. W-serien er udstyret med Bluetooth 5.0-forbindelse og har op til 240 meter r\u00e6kkevidde til at oprette forbindelse til din enhed med hurtig og nem tilslutning.<\/li>\n<li>FLERE FORBINDELSER: Tilslut din W Series via Bluetooth, brug et Micro SD-kort, der er forudindl\u00e6st med musik, eller brug et AUX-kabel.<\/li>\n<li>ULTRA B\u00c6RBAR: Kompakt, b\u00e6rbar og nem at b\u00e6re, W Series b\u00e6rbar bluetooth-h\u00f8jttaler kan nemt gemmes v\u00e6k i din rygs\u00e6k, og du kan nyde musikken, n\u00e5r du klatrer, cykler, camperer eller er p\u00e5 stranden.<\/li>\n<li>20 timers batterilevetid: Nyd musik i op til 20 timer uden at skulle genoplades. Oplev kraftig bas og detaljeret lyd p\u00e5 farten uden at bekymre dig om batteritiden.<\/li>\n<\/ul>\n","rating":"9.8","intro_text":"<p>N\u00e5r det g\u00e6lder b\u00e6rbare h\u00f8jttalere, har vi testet snesevis af dem i \u00e5renes l\u00f8b. Vi tester alle modeller i alle former, st\u00f8rrelser og specifikationer, og vi er her for at hj\u00e6lpe dig med at v\u00e6lge den model, der passer til dig, s\u00e5 uanset om du leder efter en fantastisk allrounder, en stor festh\u00f8jttaler eller en mini-b\u00e6rbar h\u00f8jttaler til at lytte til podcasts, har vi dig d\u00e6kket. Uanset hvad du lytter til, hvor du lytter, eller hvad dine krav er, finder du de bedste bluetooth-h\u00f8jttalere lige her.<\/p>\n","text_before_product_box":"<p>W-serien giver en fantastisk lyd, god batterilevetid, nem at transportere og et vandt\u00e6t design til en exceptionel pris. Gratis og hurtig forsendelse til hele EU og ingen importafgifter.<\/p>\n","text_after_product_box":"<p>S\u00e5 hvorfor er BlitzWolf\u00ae W-serien vores bedste valg blandt alle de udend\u00f8rs h\u00f8jttalere, vi har testet? N\u00e5r man sammenligner h\u00f8jttaleren med navnebrands som Bose og Sony, var der ingen m\u00e6rkbar lydforskel. Vi testede hver af h\u00f8jttalerne i denne anmeldelse ved at lytte til en bred vifte af musik, lige fra rock, R&#038;B, jazz og rap. W-serien gav en klar og tydelig lyd, der ikke blev d\u00e5rligere, da vi \u00f8gede lydstyrken til max. Uanset om du \u00f8nsker at holde en afslappet fest i haven eller en stor fest i huset, er du d\u00e6kket ind med W-serien.<\/p>\n<h2>B\u00e6rbarhed<\/h2>\n<p>W-serien er 21 cm lang, 5,5 cm h\u00f8j og 7 cm bred. Enheden vejer ogs\u00e5 kun 689 g, hvilket g\u00f8r den ultra-b\u00e6rbar. Alt i alt testede vi W-seriens b\u00e6rbarhed ret meget. Jeg tager det med i parker, smider det i min taske, spiller det i bilen og tager det med ud i baghaven. Personligt synes jeg, at det er den perfekte st\u00f8rrelse for en tr\u00e5dl\u00f8s h\u00f8jttaler, ikke for lille, s\u00e5 lyden ikke bliver for d\u00e5rlig, men ikke for stor, s\u00e5 du ikke kan tage den med overalt!<\/p>\n<h2>Batterilevetid<\/h2>\n<p>Batteriet er virkelig vigtigt, n\u00e5r vi kigger p\u00e5 tr\u00e5dl\u00f8se h\u00f8jttalere. Bortset fra lydkvaliteten er det efter min mening den n\u00e6stvigtigste faktor i din k\u00f8bsbeslutning. BlitzWolf W-serien har et latterligt 4000 mAh-batteri indbygget i enheden, hvilket betyder, at du kan spille musik i op til 18 timer p\u00e5 en opladning. Enheden har 3 hovedporte, en USB-C-port, et Micro SD-kort (til afspilning af sange direkte fra kortet) og en AUX-kabelport. USB-stikket kan nemt bruges til at oplade en hvilken som helst enhed, og AUX-stikket kan bruges til at tilslutte \u00e6ldre teknologi, som du m\u00e5ske \u00f8nsker at bruge.<\/p>\n<p>Alt i alt kan du f\u00e5 imponerende 18 timers spilletid ud af BlitzWolf W-serien!<\/p>\n","why_the_best_text":"<p>I vores test fandt vi ud af, at en h\u00f8jere pris ikke altid er lig med h\u00f8jere kvalitet. Nogle af de mere kendte m\u00e6rker som JBL, Sony og Bose producerede rigtig gode h\u00f8jttalere, men prisen var dobbelt eller tredobbelt s\u00e5 h\u00f8j som BlitzWolf\u00ae W Series. N\u00e5r vi sammenlignede ting som bas, lydklarhed og funktioner, fandt vi ud af, at der kun var lidt eller ingen v\u00e6sentlig forskel.<\/p>\n","reviews_text":"<p>Det er vigtigt at se p\u00e5, hvad der kr\u00e6ves af en god tr\u00e5dl\u00f8s h\u00f8jttaler. Vi har fundet frem til 7 uundv\u00e6rlige n\u00f8dvendigheder til enhver tr\u00e5dl\u00f8s h\u00f8jttaler, som du skal overveje:<\/p>\n<p>1) God lyd &#8211; vi kan ikke undv\u00e6re denne vigtige komponent!<br \/>\n2) B\u00e6rbarhed &#8211; er den nem at b\u00e6re rundt p\u00e5?<br \/>\n3) Batterilevetid &#8211; hvor l\u00e6nge holder batteriet?<br \/>\n4) P\u00e5lidelighed &#8211; skal jeg bekymre mig om byggekvaliteten?<br \/>\n5) Tilslutning &#8211; hvor let er det at oprette forbindelse?<br \/>\n6) Vandt\u00e6tning &#8211; skal jeg bekymre mig om regnen?<br \/>\n7) Pris &#8211; er det overkommeligt, eller betaler jeg for meget?<\/p>\n<p>Vi har gennemg\u00e5et og bestilt de ovenn\u00e6vnte h\u00f8jttalere p\u00e5 baggrund af disse faktorer. Det er vigtigt at d\u00e6kke alle baser, n\u00e5r du v\u00e6lger en bluetooth-h\u00f8jttaler, da kun \u00e9t aspekt af h\u00f8jttaleren beh\u00f8ver at svigte dig for at \u00f8del\u00e6gge din oplevelse. Alt i alt er vores f\u00f8rstevalg BlitzWolf W-serien, som du kan finde her: https:\/\/www.shopsta.co\/products\/blitzwolf-w-series-2nd-generation-speaker<\/p>\n","top_pick_box_text":"<p>N\u00e5r det drejer sig om en bluetooth-h\u00f8jttaler, vil du have alle funktioner pakket ind i et godt design. BlitzWolf\u00ae W-serien leverer efter vores mening alt, hvad du kan \u00f8nske dig i en tr\u00e5dl\u00f8s h\u00f8jttaler til en f\u00e6nomenal pris.<\/p>\n<p>Med h\u00f8j byggekvalitet, god batterilevetid, ultra p\u00e5lidelig tilslutning og kompatibilitet p\u00e5 tv\u00e6rs af alle enheder giver vi W-serien 9,8 ud af 10 point.<\/p>\n<p>Efter at have brugt enheden i ca. 4 m\u00e5neder nu med daglig brug kan vi ikke se os selv skifte til en anden enhed i n\u00e6r fremtid.<\/p>\n<p>F\u00e5 gratis levering n\u00e5r du k\u00f8ber hos Shopsta.<\/p>\n","bottom_text":"<p>W-serien har en h\u00f8jttalereffekt p\u00e5 30 watt, hvilket er mere end nok til den gennemsnitlige bruger. Ved fuld lydstyrke kan h\u00f8jttaleren betragtes som for h\u00f8j i mindre rum. Det er dog godt, da du kan tilpasse lydoutputtet til dine indstillinger. Med andre funktioner som stemmeaktivering, et 4000 mAh-batteri og et robust ydre kabinet giver W-serien helt sikkert mulighed for ultraportabilitet, god lyd og ogs\u00e5 en god pris.<\/p>\n","product_2_full_name":"500LK 100W tr\u00e5dl\u00f8s Bluetooth-h\u00f8jttaler med 5000 mAh batteri","product_2_bullet_points":"<ul>\n<li>100W KRAFTFULDT OUTPUT: Forbedret med en st\u00e6rk 100W-driver og DSP-teknologi leverer 500LK-h\u00f8jttaleren stereolyd med fyldig bas, stramme mellemtoner og krystalklare h\u00f8je toner. Den ekspansive lyd er kraftig nok til at fylde ethvert rum. <\/li>\n<li>QUAD DRIVERS: Krystalklare h\u00f8je toner med en slagkraftig og dyb bas leveres med enest\u00e5ende klarhed og uden forvr\u00e6ngning af de bedste lydkomponenter.<\/li>\n<li>5000 mAh STORT BATTERI: Lang batterilevetid og underst\u00f8ttelse af USB-n\u00f8dopladning, l\u00e6nge nok til alle udend\u00f8rs aktiviteter. Tr\u00e5dl\u00f8se b\u00e6rbare bluetooth-h\u00f8jttalere b\u00f8r v\u00e6re et must i dit liv. <\/li>\n<li>STEMMEASSISTENT: Styr nemt din smartphone ved hj\u00e6lp af Google, Siri osv.<\/li>\n<li>NEM PARRING: Par to h\u00f8jttalere tr\u00e5dl\u00f8st for at f\u00e5 dobbelt lydstyrke eller fordybende stereolyd, nyd virkelig surroundlyden fra en biograf, det er en lydoplevelse, der virkelig er uden sidestykke.<\/li>\n<li>RGB-LYS: Regnbuelys, der pulserer, faser og skinner i takt med din musik. Mens du nyder musikken, vil lys med gradienter virkelig give dig feststemning. Eller sluk for den, hvis du ikke er i hum\u00f8r til det.  <\/li>\n<li>TRE EQ-MODES: Skift mellem tre modes (Standard, Light, Heavy Bass) ved at trykke p\u00e5 EQ-knappen, s\u00e5 du kan tilpasse dig din musikalske smag.<\/li>\n<li>IPX5 WATERPROOF: Perfekt til brusebad, vandreture og camping. Ingen bekymringer om vejr og udend\u00f8rsforhold, v\u00e6r Rocker p\u00e5 din rejse. <\/li>\n<\/ul>\n","text_after_product_box_2":"<h2>Byggekvalitet<\/h2>\n<p>Enheden f\u00f8les f\u00f8rsteklasses &#8211; men uden prism\u00e6rket. H\u00f8jttalerens byggekvalitet er fremragende, ingen billig b\u00f8jelig plastik her. Knapperne p\u00e5 toppen af enheden er nemme at trykke p\u00e5 og robuste. H\u00f8jttalerens ydre skal er virkelig st\u00e6rk, og der er ogs\u00e5 4 skridsikre silikonepuder p\u00e5 hvert hj\u00f8rne af basen. De fungerer rigtig godt til at holde h\u00f8jttaleren p\u00e5 plads, og enheden bev\u00e6ger sig ikke, n\u00e5r musikken bliver sendt ud med fuld volumen.<\/p>\n<h2>Forbindelse<\/h2>\n<p>Du har ingen problemer her, da W-serien kan tilsluttes til n\u00e6sten alt. Du har din standard og mest anvendte Bluetooth-forbindelse, et AUX-kabel for en god ordens skyld og ogs\u00e5 en imponerende ny funktion kaldet NFC. Det er den teknologi, der bruges i Apple Pay, hvor din telefon kan kommunikere med en anden enhed for at sende oplysninger. En enkelt ops\u00e6tning af din iPhone eller Android-telefon, og du kan oprette forbindelse til W-serien p\u00e5 en br\u00f8kdel af den tid, det ville have taget dig f\u00f8r. Det er en funktion, som jeg ikke kunne holde op med at bruge, da jeg f\u00f8rst kom i gang!<\/p>\n<h2>Vandt\u00e6tning<\/h2>\n<p>BlitzWolf W-serien er en fuldt testet IPX6 vandt\u00e6t tr\u00e5dl\u00f8s h\u00f8jttaler. Hvad betyder det? Det er en standardiseret test, der viser, hvor modstandsdygtig enheden er over for vand. IPX6 er faktisk virkelig imponerende, det betyder, at enheden er &#8220;Beskyttet mod vandstr\u00f8mme med h\u00f8jt tryk fra enhver vinkel&#8221;. Det betyder, at regn eller en regnbyge ikke har nogen skadelige virkninger p\u00e5 enheden. Her er der givet topkarakter.<\/p>\n<h2>Resum\u00e9<\/h2>\n<p>Det er pris og praktisk anvendelighed, der er grunden til, at de st\u00e5r \u00f8verst p\u00e5 vores liste. Hvorfor betale mere? N\u00e5r det kommer til en god udend\u00f8rs bluetooth-h\u00f8jttaler, kan du v\u00e6lge et dyrt alternativ som Bose, men n\u00e5r W-serien leveres med et K\u00c6MPE 4000mAh-batteri, der giver uafbrudt afspilning i 18 timer og er IPX6 vandt\u00e6t for mindre end 100 \u00a3, f\u00e5r du virkelig et godt tilbud.<\/p>\n<p>Fik vi n\u00e6vnt, at h\u00f8jttalerne er s\u00e5 h\u00f8je, at de kan fylde en 100 kvadratmeter stor mark? Uanset om du vil slappe af i haven, slappe af p\u00e5 stranden eller feste p\u00e5 en mark, kan du med disse h\u00f8jttalere lytte til alle dine yndlingssange, uanset hvor du er.<\/p>\n","product_2_full_name_new":"500LK 100W tr\u00e5dl\u00f8s Bluetooth-h\u00f8jttaler med 5000 mAh batteri","product_3_text_after":"<p>JBL er et godt h\u00f8jttalerm\u00e6rke, og Flip 6 er en fantastisk bluetooth-h\u00f8jttaler med klar og skarp lyd til en middelh\u00f8j til h\u00f8j pris. Igen mener vi, at batterilevetiden er en ting, der kunne forbedres med denne enhed. Hvad ang\u00e5r prisen p\u00e5 denne enhed, er det ikke den dyreste h\u00f8jttaler, vi har testet i denne anmeldelse, selv om du f\u00e5r f\u00e6rre funktioner for pengene, n\u00e5r du t\u00e6nker p\u00e5, at 500LK er prissat p\u00e5 samme m\u00e5de.<\/p>\n","product_4_text_after":"<p>Bose producerer rigtig gode h\u00f8jttalere, og derfor er SoundLink Flex p\u00e5 fjerdepladsen p\u00e5 listen. Desv\u00e6rre synes vi ikke, at du f\u00e5r s\u00e5 meget for pengene her, da de koster ca. 150 euro, og i betragtning af enhedens specifikationer synes vi, at du betaler ca. 50-70 euro ekstra bare for m\u00e6rkenavnet. Bortset fra penge er SoundLink Flex en fantastisk h\u00f8jttaler, og for dem, der er glade for m\u00e6rket, kan dette v\u00e6re den rigtige for dig. Endelig mener vi, at Bose b\u00f8r forbedre batteritiden p\u00e5 denne enhed med kun 12 timers batterilevetid. Selvf\u00f8lgelig er det nok til en dags spilletid, men n\u00e5r andre m\u00e6rker som BlitzWolf bruger batterier, der holder op til 20 timer, har vi sv\u00e6rt ved at se, hvorfor det &#8220;premium&#8221;-m\u00e6rke ikke f\u00f8lger trop.<\/p>\n","product_5_text_after":"<p>Perfekt til haven\/udend\u00f8rsarealer og giver god, klar lyd til omkring 200 euro. Visuelt er h\u00f8jttaleren ret attraktiv og vil passe godt ind i de fleste omgivelser. H\u00f8j pris, men generelt god lyd og god batterilevetid. Designet er ret slankt og ligner BlitzWolf W-serien. <\/p>\n","product_6_text_after":"<p>Ligesom ovenfor er B&#038;O Beolit 20 ikke s\u00e5 b\u00e6rbar, men den giver en enest\u00e5ende lyd. N\u00e5r du bruger omkring 450 \u00a3, kan du dog forvente, at lyden i det mindste er god. Hvis du er p\u00e5 udkig efter den bedste lydklarhed, s\u00e5 er denne enhed noget for dig. Du skal bare v\u00e6re forberedt p\u00e5 at skulle leve 7 timer p\u00e5 batteriet.<\/p>\n","product_7_text_after":"<p>Hvis du er p\u00e5 udkig efter high end og er villig til at betale for det, er Beosound Explore et godt valg. Sammenlignet med B&#038;O Beolit 20 f\u00e5r du faktisk en vis portabilitet med denne enhed. Explore giver stadig god lyd til en pris p\u00e5 omkring \u20ac175 og kommer kun til kort, n\u00e5r det g\u00e6lder prisen. Med en pris p\u00e5 omkring 80-100 euro mere end vores nummer et, BlitzWolf W-serien, kan vi ikke se, hvorfor du skulle v\u00e6lge denne model, medmindre du er en seri\u00f8s B&#038;O-fan. <\/p>\n","product_8_text_after":"<p>Dette er mere en boombox-h\u00f8jttaler, men det er en ret stor h\u00f8jttaler, og den yder 70 W lydoutput, s\u00e5 den er meget h\u00f8j. Den n\u00e6rmeste konkurrent p\u00e5 vores liste er 500LK, som har 30 W ekstra effekt og bedre batterilevetid. Alt i alt er W-KING fantastisk, om end meget volumin\u00f8s. Med en pris p\u00e5 omkring \u20ac95-\u20ac100 mener vi, at de ekstra \u00a310 for 500LK vil v\u00e6re det v\u00e6rd i betragtning af den ekstra kraft og batterilevetid.<\/p>\n","product_9_text_after":"<p>JBL Charge 5 koster omkring 130 \u00a3. Sidst p\u00e5 vores liste af en enkelt grund: batterilevetiden h\u00e6vdes at v\u00e6re op til 20 timer, men i vores test lykkedes det os kun at opn\u00e5 mellem 4-8 timer med varierende lydstyrker. Bortset fra dette ville Charge 5 ligge p\u00e5 en 3. eller 4. plads p\u00e5 vores liste. Generelt set er lyden og bassen af god kvalitet, men n\u00e5r vi sammenligner h\u00f8jttaleren med lignende rivaler som BlitzWolf og Bose, mener vi, at der er bedre muligheder at overveje, n\u00e5r du sammenligner produktfunktioner, pris og lydkvalitet for pengene.<\/p>\n","product_10_text_after":"<p>Dyrt, men et fantastisk valg for dem med et st\u00f8rre budget. H\u00f8j byggekvalitet og generelt god batterilevetid i forhold til effekten. Vi vil anbefale at bruge lidt mindre, da det nok ikke er v\u00e6rd at bruge omkring 300 euro p\u00e5 en god bluetooth-h\u00f8jttaler. Et anst\u00e6ndigt budget for at f\u00e5 mest muligt ud af en enhed ville v\u00e6re omkring 100-150 euro.   <\/p>\n"},"yoast_head":"<!-- This site is optimized with the Yoast SEO plugin v27.4 - https:\/\/yoast.com\/product\/yoast-seo-wordpress\/ -->\n<title>De 10 bedste tr\u00e5dl\u00f8se Bluetooth-h\u00f8jtalere at k\u00f8be til - DJ Music Geek<\/title>\n<meta name=\"robots\" content=\"index, follow, max-snippet:-1, max-image-preview:large, max-video-preview:-1\" \/>\n<link rel=\"canonical\" href=\"https:\/\/djmusicgeek.com\/da\/top-10-bedste-tradlose-bluetooth-hojttalere-at-kobe-for-maned-ar-eu-opdateret\/\" \/>\n<meta property=\"og:locale\" content=\"da_DK\" \/>\n<meta property=\"og:type\" content=\"article\" \/>\n<meta property=\"og:title\" content=\"De 10 bedste tr\u00e5dl\u00f8se Bluetooth-h\u00f8jtalere at k\u00f8be til - DJ Music Geek\" \/>\n<meta property=\"og:url\" content=\"https:\/\/djmusicgeek.com\/da\/top-10-bedste-tradlose-bluetooth-hojttalere-at-kobe-for-maned-ar-eu-opdateret\/\" \/>\n<meta property=\"og:site_name\" content=\"DJ Music Geek\" \/>\n<meta property=\"article:modified_time\" content=\"2026-03-01T13:48:27+00:00\" \/>\n<meta name=\"twitter:card\" content=\"summary_large_image\" \/>\n<script type=\"application\/ld+json\" class=\"yoast-schema-graph\">{\"@context\":\"https:\\\/\\\/schema.org\",\"@graph\":[{\"@type\":\"WebPage\",\"@id\":\"https:\\\/\\\/djmusicgeek.com\\\/da\\\/top-10-bedste-tradlose-bluetooth-hojttalere-at-kobe-for-maned-ar-eu-opdateret\\\/\",\"url\":\"https:\\\/\\\/djmusicgeek.com\\\/da\\\/top-10-bedste-tradlose-bluetooth-hojttalere-at-kobe-for-maned-ar-eu-opdateret\\\/\",\"name\":\"De 10 bedste tr\u00e5dl\u00f8se Bluetooth-h\u00f8jtalere at k\u00f8be til - DJ Music Geek\",\"isPartOf\":{\"@id\":\"https:\\\/\\\/djmusicgeek.com\\\/#website\"},\"datePublished\":\"2024-05-05T01:37:26+00:00\",\"dateModified\":\"2026-03-01T13:48:27+00:00\",\"breadcrumb\":{\"@id\":\"https:\\\/\\\/djmusicgeek.com\\\/da\\\/top-10-bedste-tradlose-bluetooth-hojttalere-at-kobe-for-maned-ar-eu-opdateret\\\/#breadcrumb\"},\"inLanguage\":\"da-DK\",\"potentialAction\":[{\"@type\":\"ReadAction\",\"target\":[\"https:\\\/\\\/djmusicgeek.com\\\/da\\\/top-10-bedste-tradlose-bluetooth-hojttalere-at-kobe-for-maned-ar-eu-opdateret\\\/\"]}]},{\"@type\":\"BreadcrumbList\",\"@id\":\"https:\\\/\\\/djmusicgeek.com\\\/da\\\/top-10-bedste-tradlose-bluetooth-hojttalere-at-kobe-for-maned-ar-eu-opdateret\\\/#breadcrumb\",\"itemListElement\":[{\"@type\":\"ListItem\",\"position\":1,\"name\":\"Hjem\",\"item\":\"https:\\\/\\\/djmusicgeek.com\\\/\"},{\"@type\":\"ListItem\",\"position\":2,\"name\":\"De 10 bedste tr\u00e5dl\u00f8se Bluetooth-h\u00f8jtalere at k\u00f8be til\"}]},{\"@type\":\"WebSite\",\"@id\":\"https:\\\/\\\/djmusicgeek.com\\\/#website\",\"url\":\"https:\\\/\\\/djmusicgeek.com\\\/\",\"name\":\"DJ Music Geek\",\"description\":\"\",\"potentialAction\":[{\"@type\":\"SearchAction\",\"target\":{\"@type\":\"EntryPoint\",\"urlTemplate\":\"https:\\\/\\\/djmusicgeek.com\\\/?s={search_term_string}\"},\"query-input\":{\"@type\":\"PropertyValueSpecification\",\"valueRequired\":true,\"valueName\":\"search_term_string\"}}],\"inLanguage\":\"da-DK\"}]}<\/script>\n<!-- \/ Yoast SEO plugin. -->","yoast_head_json":{"title":"De 10 bedste tr\u00e5dl\u00f8se Bluetooth-h\u00f8jtalere at k\u00f8be til - DJ Music Geek","robots":{"index":"index","follow":"follow","max-snippet":"max-snippet:-1","max-image-preview":"max-image-preview:large","max-video-preview":"max-video-preview:-1"},"canonical":"https:\/\/djmusicgeek.com\/da\/top-10-bedste-tradlose-bluetooth-hojttalere-at-kobe-for-maned-ar-eu-opdateret\/","og_locale":"da_DK","og_type":"article","og_title":"De 10 bedste tr\u00e5dl\u00f8se Bluetooth-h\u00f8jtalere at k\u00f8be til - DJ Music Geek","og_url":"https:\/\/djmusicgeek.com\/da\/top-10-bedste-tradlose-bluetooth-hojttalere-at-kobe-for-maned-ar-eu-opdateret\/","og_site_name":"DJ Music Geek","article_modified_time":"2026-03-01T13:48:27+00:00","twitter_card":"summary_large_image","schema":{"@context":"https:\/\/schema.org","@graph":[{"@type":"WebPage","@id":"https:\/\/djmusicgeek.com\/da\/top-10-bedste-tradlose-bluetooth-hojttalere-at-kobe-for-maned-ar-eu-opdateret\/","url":"https:\/\/djmusicgeek.com\/da\/top-10-bedste-tradlose-bluetooth-hojttalere-at-kobe-for-maned-ar-eu-opdateret\/","name":"De 10 bedste tr\u00e5dl\u00f8se Bluetooth-h\u00f8jtalere at k\u00f8be til - DJ Music Geek","isPartOf":{"@id":"https:\/\/djmusicgeek.com\/#website"},"datePublished":"2024-05-05T01:37:26+00:00","dateModified":"2026-03-01T13:48:27+00:00","breadcrumb":{"@id":"https:\/\/djmusicgeek.com\/da\/top-10-bedste-tradlose-bluetooth-hojttalere-at-kobe-for-maned-ar-eu-opdateret\/#breadcrumb"},"inLanguage":"da-DK","potentialAction":[{"@type":"ReadAction","target":["https:\/\/djmusicgeek.com\/da\/top-10-bedste-tradlose-bluetooth-hojttalere-at-kobe-for-maned-ar-eu-opdateret\/"]}]},{"@type":"BreadcrumbList","@id":"https:\/\/djmusicgeek.com\/da\/top-10-bedste-tradlose-bluetooth-hojttalere-at-kobe-for-maned-ar-eu-opdateret\/#breadcrumb","itemListElement":[{"@type":"ListItem","position":1,"name":"Hjem","item":"https:\/\/djmusicgeek.com\/"},{"@type":"ListItem","position":2,"name":"De 10 bedste tr\u00e5dl\u00f8se Bluetooth-h\u00f8jtalere at k\u00f8be til"}]},{"@type":"WebSite","@id":"https:\/\/djmusicgeek.com\/#website","url":"https:\/\/djmusicgeek.com\/","name":"DJ Music Geek","description":"","potentialAction":[{"@type":"SearchAction","target":{"@type":"EntryPoint","urlTemplate":"https:\/\/djmusicgeek.com\/?s={search_term_string}"},"query-input":{"@type":"PropertyValueSpecification","valueRequired":true,"valueName":"search_term_string"}}],"inLanguage":"da-DK"}]}},"_links":{"self":[{"href":"https:\/\/djmusicgeek.com\/da\/wp-json\/wp\/v2\/pages\/12390","targetHints":{"allow":["GET"]}}],"collection":[{"href":"https:\/\/djmusicgeek.com\/da\/wp-json\/wp\/v2\/pages"}],"about":[{"href":"https:\/\/djmusicgeek.com\/da\/wp-json\/wp\/v2\/types\/page"}],"author":[{"embeddable":true,"href":"https:\/\/djmusicgeek.com\/da\/wp-json\/wp\/v2\/users\/2"}],"replies":[{"embeddable":true,"href":"https:\/\/djmusicgeek.com\/da\/wp-json\/wp\/v2\/comments?post=12390"}],"version-history":[{"count":1,"href":"https:\/\/djmusicgeek.com\/da\/wp-json\/wp\/v2\/pages\/12390\/revisions"}],"predecessor-version":[{"id":12454,"href":"https:\/\/djmusicgeek.com\/da\/wp-json\/wp\/v2\/pages\/12390\/revisions\/12454"}],"wp:attachment":[{"href":"https:\/\/djmusicgeek.com\/da\/wp-json\/wp\/v2\/media?parent=12390"}],"curies":[{"name":"wp","href":"https:\/\/api.w.org\/{rel}","templated":true}]}}