{"id":17716,"date":"2026-02-25T19:26:17","date_gmt":"2026-02-25T19:26:17","guid":{"rendered":"https:\/\/djmusicgeek.com\/best-running-shoes-2026-en\/"},"modified":"2026-02-25T19:26:17","modified_gmt":"2026-02-25T19:26:17","slug":"best-running-shoes-2026-en","status":"publish","type":"page","link":"https:\/\/djmusicgeek.com\/cs\/best-running-shoes-2026-en\/","title":{"rendered":"10 nejlep\u0161\u00edch b\u011b\u017eeck\u00fdch bot"},"content":{"rendered":"","protected":false},"excerpt":{"rendered":"","protected":false},"author":2,"featured_media":0,"parent":0,"menu_order":0,"comment_status":"closed","ping_status":"closed","template":"sales-template.php","meta":{"_acf_changed":false,"footnotes":""},"class_list":["post-17716","page","type-page","status-publish","hentry"],"acf":{"product_2_supplier":"Amazon","product_2_asin":"B0D79LNLT7","product_3_supplier":"Amazon","product_3_asin":"B0D31VBRRP","product_4_supplier":"Amazon","product_4_asin":"B0FCMJ19N3","product_5_supplier":"Amazon","product_5_asin":"B0F9LH3TWT","product_6_supplier":"Amazon","product_6_asin":"B0D2BQQH3F","product_7_supplier":"Amazon","product_7_asin":"B0D2DGZNFR","product_8_supplier":"Amazon","product_8_asin":"B0BQNB7D8L","product_9_supplier":"Amazon","product_9_asin":"B0CL6Y7VG6","product_10_supplier":"Amazon","product_10_asin":"B0CF2QQZTT","exclude_from_search":true,"language_code":"en","product_name":"adidas Adizero EVO SL","product_type":"B\u011b\u017eeck\u00e9 boty","product_type_singular":"B\u011b\u017eeck\u00e1 bota","features":"<p>Superlehk\u00e9 tlumen\u00ed s technologi\u00ed Lightstrike Pro<br \/>\nN\u00e1vrat energie pro vy\u0161\u0161\u00ed rychlost<br \/>\nOchrann\u00fd syst\u00e9m \u0161n\u011brov\u00e1n\u00ed<br \/>\nSyntetick\u00fd a textiln\u00ed svr\u0161ek<br \/>\nTextiln\u00ed pod\u0161\u00edvka<br \/>\nOdoln\u00e1 podr\u00e1\u017eka<br \/>\nIkonick\u00fd design se 3 prou\u017eky<br \/>\nIde\u00e1ln\u00ed pro r\u016fzn\u00e9 b\u011b\u017eeck\u00e9 aktivity<\/p>\n","rating":"9.8","intro_text":"<p>V\u00edtej u na\u0161\u00ed komplexn\u00ed recenze 10 nejlep\u0161\u00edch b\u011b\u017eeck\u00fdch bot pro rok 2026. A\u0165 u\u017e jsi zku\u0161en\u00fd maratonec, nebo si jde\u0161 jen ob\u010das zab\u011bhat, spr\u00e1vn\u00fd p\u00e1r bot m\u016f\u017ee znamenat obrovsk\u00fd rozd\u00edl v pohodl\u00ed i v\u00fdkonu. Otestovali jsme a zrecenzovali v\u00fdb\u011br t\u011bch nejlep\u0161\u00edch b\u011b\u017eeck\u00fdch bot dostupn\u00fdch na trhu, kter\u00e9 pokr\u00fdvaj\u00ed r\u016fzn\u00e9 rozpo\u010dty a pot\u0159eby.  <\/p>\n<p>V tomto pr\u016fvodci t\u011b provedeme v\u00fdjime\u010dn\u00fdmi vlastnostmi ka\u017ed\u00e9 boty, v\u00fdkonnostn\u00edmi parametry a pom\u011brem ceny a v\u00fdkonu. M\u00e1me pro tebe v\u0161e \u2013 od pr\u00e9miov\u00fdch model\u016f s nejmodern\u011bj\u0161\u00edmi technologiemi a\u017e po cenov\u011b dostupn\u00e9 kousky, kter\u00e9 ned\u011blaj\u00ed kompromisy v kvalit\u011b. Poj\u010f se s n\u00e1mi pono\u0159it do sv\u011bta b\u011b\u017eeck\u00e9 obuvi a naj\u00edt pro sebe ten prav\u00fd p\u00e1r.  <\/p>\n","text_before_product_box":"<p>V\u00fdb\u011br spr\u00e1vn\u00fdch b\u011b\u017eeck\u00fdch bot je kl\u00ed\u010dov\u00fd jak pro v\u00fdkon, tak pro prevenci zran\u011bn\u00ed. P\u0159i tolika dostupn\u00fdch mo\u017enostech m\u016f\u017ee b\u00fdt t\u011b\u017ek\u00e9 se rozhodnout, kter\u00fd p\u00e1r bude tv\u00fdm nejlep\u0161\u00edm par\u0165\u00e1kem na cest\u00e1ch. N\u00e1\u0161 v\u00fdb\u011br se zam\u011b\u0159uje na nejl\u00e9pe hodnocen\u00e9 boty, kter\u00e9 vynikaj\u00ed v pohodl\u00ed, odolnosti a celkov\u00e9m v\u00fdkonu.  <\/p>\n<p>Ne\u017e se pust\u00edme do podrobn\u00fdch recenz\u00ed, poj\u010fme si shrnout n\u011bkolik kl\u00ed\u010dov\u00fdch aspekt\u016f. Pohodl\u00ed, podpora a tlumen\u00ed jsou z\u00e1kladn\u00ed faktory, ale nepodce\u0148uj ani d\u016fle\u017eitost prody\u0161nosti a hmotnosti. Lehk\u00e1 bota m\u016f\u017ee tv\u016fj z\u00e1\u017eitek z b\u011bhu v\u00fdrazn\u011b vylep\u0161it.  <\/p>\n","text_after_product_box":"<p>Na\u0161e metodika v\u00fdb\u011bru t\u011bchto \u0161pi\u010dkov\u00fdch b\u011b\u017eeck\u00fdch bot zahrnovala p\u0159\u00edsn\u00e9 testov\u00e1n\u00ed a zp\u011btnou vazbu od rekrea\u010dn\u00edch i profesion\u00e1ln\u00edch b\u011b\u017ec\u016f. Zohlednili jsme faktory jako tlumen\u00ed, podporu, odolnost a u\u017eivatelsk\u00e9 recenze. Je d\u016fle\u017eit\u00e9 si pamatovat, \u017ee nejlep\u0161\u00ed b\u011b\u017eeck\u00e1 bota je ta, kter\u00e1 dokonale sedne tv\u00e9mu tvaru nohy a b\u011b\u017eeck\u00e9mu stylu.  <\/p>\n<p>Skv\u011bl\u00e1 b\u011b\u017eeck\u00e1 bota poskytuje rovnov\u00e1hu mezi pohodl\u00edm a v\u00fdkonem. Hledej prvky, jako je citliv\u00e9 tlumen\u00ed a prody\u0161n\u00e9 materi\u00e1ly. Tyto prvky nejen umocn\u00ed tv\u016fj z\u00e1\u017eitek z b\u011bhu, ale tak\u00e9 pom\u00e1haj\u00ed p\u0159edch\u00e1zet b\u011b\u017en\u00fdm zran\u011bn\u00edm spojen\u00fdm s t\u00edmto sportem.  <\/p>\n","why_the_best_text":"<p>adidas Adizero EVO SL vynik\u00e1 jako nejlep\u0161\u00ed volba pro rok 2026 d\u00edky vynikaj\u00edc\u00ed kombinaci pohodl\u00ed, stylu a v\u00fdkonu. Technologie Lightstrike Pro poskytuje bezkonkuren\u010dn\u00ed tlumen\u00ed a n\u00e1vrat energie, \u010d\u00edm\u017e se odli\u0161uje od konkurence. <\/p>\n<p>Lehk\u00e1 konstrukce zaji\u0161\u0165uje, \u017ee si udr\u017e\u00ed\u0161 rychlost bez ob\u011btov\u00e1n\u00ed pohodl\u00ed, a bezpe\u010dn\u00fd syst\u00e9m \u0161n\u011brov\u00e1n\u00ed nab\u00edz\u00ed p\u0159il\u00e9hav\u00fd st\u0159ih pro ka\u017ed\u00e9ho b\u011b\u017ece. A\u0165 u\u017e sprintuje\u0161 na dr\u00e1ze, nebo b\u011bh\u00e1\u0161 v parku, tyto boty poskytuj\u00ed dokonalou rovnov\u00e1hu mezi podporou a flexibilitou. <\/p>\n","reviews_text":"<p>Model adidas Adizero EVO SL skl\u00edz\u00ed nad\u0161en\u00e9 recenze od b\u011b\u017ec\u016f, kte\u0159\u00ed oce\u0148uj\u00ed jeho lehkou konstrukci a p\u016fsobiv\u00fd n\u00e1vrat energie. U\u017eivatel\u00e9 si botu pochvaluj\u00ed pro jej\u00ed vynikaj\u00edc\u00ed p\u0159ilnavost a pohodl\u00ed a poznamen\u00e1vaj\u00ed, \u017ee si vede v\u00fdjime\u010dn\u011b dob\u0159e v r\u016fzn\u00e9m ter\u00e9nu. <\/p>\n<p>Zp\u011btn\u00e1 vazba vyzdvihuje, jak tyto boty p\u0159ed\u010dily o\u010dek\u00e1v\u00e1n\u00ed v oblasti v\u00fdkonu i pohodl\u00ed, d\u00edky \u010demu\u017e jsou obl\u00edben\u00e9 jak pro rekrea\u010dn\u00ed b\u011bh\u00e1n\u00ed, tak pro intenzivn\u00ed tr\u00e9ninky. Kombinace inovativn\u00edch materi\u00e1l\u016f a klasick\u00fdch designov\u00fdch prvk\u016f, jako jsou 3 prou\u017eky, z nich d\u011bl\u00e1 v\u00fdjime\u010dnou volbu. <\/p>\n","top_pick_box_text":"<p>adidas Adizero EVO SL je na\u0161e hlavn\u00ed doporu\u010den\u00ed pro nejlep\u0161\u00ed b\u011b\u017eeckou botu roku 2026. D\u00edky \u0161pi\u010dkov\u00e9mu tlumen\u00ed Lightstrike Pro a n\u00e1vratu energie nab\u00edz\u00ed bezkonkuren\u010dn\u00ed v\u00fdkon pro milovn\u00edky rychlosti. Kombinace stylu a funk\u010dnosti z n\u00ed d\u011bl\u00e1 nezbytnost pro ka\u017ed\u00e9ho v\u00e1\u017en\u00e9ho b\u011b\u017ece.  <\/p>\n<p>Tato bota je ide\u00e1ln\u00ed pro z\u00e1vodn\u00ed b\u011b\u017ece i fitness nad\u0161ence a poskytuje v\u00fdjime\u010dn\u00e9 pohodl\u00ed a podporu. Jej\u00ed lehk\u00fd design a bezpe\u010dn\u00e9 uchycen\u00ed zajist\u00ed, \u017ee se m\u016f\u017ee\u0161 soust\u0159edit na sv\u016fj b\u011bh bez rozptylov\u00e1n\u00ed. Za\u017eij dokonal\u00fd b\u011bh s adidas Adizero EVO SL.  <\/p>\n","bottom_text":"<p>Po zhodnocen\u00ed nejlep\u0161\u00edch b\u011b\u017eeck\u00fdch bot roku 2026 vych\u00e1z\u00ed adidas Adizero EVO SL jako jasn\u00fd v\u00edt\u011bz. D\u00edky sv\u00fdm inovativn\u00edm funkc\u00edm a vynikaj\u00edc\u00edmu v\u00fdkonu je ide\u00e1ln\u00edm spole\u010dn\u00edkem pro ka\u017ed\u00e9ho b\u011b\u017ece. <\/p>\n<p>Ne\u010dekej u\u017e ani chv\u00edli a posu\u0148 sv\u016fj b\u011bh na vy\u0161\u0161\u00ed \u00farove\u0148. Vyber si adidas Adizero EVO SL a za\u017eij ten rozd\u00edl na vlastn\u00ed k\u016f\u017ei. \u0160\u0165astn\u00fd b\u011bh!  <\/p>\n","product_2_text_after":"<p>D\u00e1msk\u00e9 tenisky ASICS Novablast 5 jsou skv\u011blou volbou pro ty, kte\u0159\u00ed hledaj\u00ed plynul\u00fd a energick\u00fd b\u011bh. Jejich jedine\u010dn\u00fd design je vhodn\u00fd pro tr\u00e9nink i d\u00e1lkov\u00e9 z\u00e1vody a zaji\u0161\u0165uje podporu a pohodl\u00ed pot\u0159ebn\u00e9 pro dlouh\u00e9 b\u011bhy. <\/p>\n<p>I kdy\u017e mo\u017en\u00e1 nep\u016fsob\u00ed tak lehce jako adidas Adizero EVO SL, model Novablast 5 vynik\u00e1 v poskytov\u00e1n\u00ed rovnov\u00e1hy mezi tlumen\u00edm a stabilitou. Tato bota je ide\u00e1ln\u00ed pro b\u011b\u017ece, kte\u0159\u00ed oce\u0148uj\u00ed robustn\u00ed konstrukci pod nohama, co\u017e z n\u00ed d\u011bl\u00e1 solidn\u00ed volbu pro ty, kte\u0159\u00ed \u0159e\u0161\u00ed pronaci. <\/p>\n<p>Um\u00edstila se na druh\u00e9m m\u00edst\u011b a je to vynikaj\u00edc\u00ed volba pro ty, kte\u0159\u00ed oce\u0148uj\u00ed p\u0159\u00edstup zna\u010dky ASICS k pohodl\u00ed a v\u00fdkonu, i kdy\u017e za o n\u011bco vy\u0161\u0161\u00ed cenu. Pokud hled\u00e1\u0161 spolehlivou tenisku, kter\u00e1 spl\u0148uje v\u0161echny po\u017eadavky, Novablast 5 stoj\u00ed za zv\u00e1\u017een\u00ed. <\/p>\n","text_after_product_box_2":"<p>Trendem pro rok 2026 je rostouc\u00ed ekologi\u010dnost b\u011b\u017eeck\u00fdch bot, kdy se zna\u010dky zam\u011b\u0159uj\u00ed na udr\u017eiteln\u00e9 materi\u00e1ly a v\u00fdrobn\u00ed procesy. Tento posun prosp\u00edv\u00e1 nejen \u017eivotn\u00edmu prost\u0159ed\u00ed, ale \u010dasto vede i k pohodln\u011bj\u0161\u00edm a inovativn\u011bj\u0161\u00edm bot\u00e1m. <\/p>\n<p>P\u0159i n\u00e1kupu b\u011b\u017eeck\u00fdch bot zva\u017e povrch, po kter\u00e9m b\u011bh\u00e1\u0161, a d\u00e9lku trasy. Silni\u010dn\u00ed b\u011b\u017eci mohou up\u0159ednost\u0148ovat tlumen\u00ed a lehk\u00fd design, zat\u00edmco trailov\u00ed b\u011b\u017eci se mohou zam\u011b\u0159it na p\u0159ilnavost a stabilitu. Nezapome\u0148 vz\u00edt v \u00favahu i specifick\u00e9 pot\u0159eby, jako je podpora klenby nebo \u0161ir\u0161\u00ed st\u0159ih.  <\/p>\n","product_3_text_after":"<p>P\u00e1nsk\u00e9 boty On Cloudsurfer 2 jsou navr\u017eeny pro ty, kte\u0159\u00ed tou\u017e\u00ed po pohodl\u00ed a stylu. Tato bota, zn\u00e1m\u00e1 svou charakteristickou technologi\u00ed podr\u00e1\u017eky, nab\u00edz\u00ed jedine\u010dn\u00fd b\u011b\u017eeck\u00fd z\u00e1\u017eitek, kter\u00fd je pro mnoho u\u017eivatel\u016f n\u00e1vykov\u00fd. Syst\u00e9m tlumen\u00ed se p\u0159izp\u016fsob\u00ed tv\u00e9mu kroku a poskytne ti pocit m\u00edru.  <\/p>\n<p>A\u010dkoli je cena vy\u0161\u0161\u00ed ne\u017e u n\u011bkter\u00fdch jin\u00fdch model\u016f, kvalita a pohodl\u00ed Cloudsurfer 2 tuto investici ospravedl\u0148uj\u00ed. Hod\u00ed se zejm\u00e9na pro dlouh\u00e9 proch\u00e1zky a b\u011bhy, kde je pohodl\u00ed prvo\u0159ad\u00e9. Jejich v\u00fdkon v\u0161ak nemus\u00ed dosahovat hbitosti \u0161pi\u010dkov\u00e9ho modelu adidas Adizero EVO SL.  <\/p>\n<p>Pokud jsi ochoten investovat do pr\u00e9miov\u00e9 boty, kter\u00e1 slibuje pohodln\u00fd b\u011bh a modern\u00ed estetiku, On Cloudsurfer 2 je chv\u00e1lyhodnou volbou.<\/p>\n","product_4_text_after":"<p>PUMA Velocity Nitro 4 je cenov\u011b dostupn\u00e1 varianta, kter\u00e1 ne\u0161et\u0159\u00ed na funkc\u00edch. D\u00edky mezipode\u0161vi NITROFOAM a vylep\u0161en\u00e9 prody\u0161nosti je tato bota navr\u017eena tak, aby vyhovovala \u0161irok\u00e9 \u0161k\u00e1le b\u011b\u017ec\u016f. Nab\u00edz\u00ed p\u016fsobivou trakci d\u00edky podr\u00e1\u017ece PUMAGRIP, kter\u00e1 zaji\u0161\u0165uje stabilitu na r\u016fzn\u00fdch povr\u0161\u00edch.  <\/p>\n<p>I kdy\u017e nemus\u00ed m\u00edt stejnou \u00farove\u0148 n\u00e1vratu energie jako adidas Adizero EVO SL, Velocity Nitro 4 poskytuje spolehliv\u00fd a pohodln\u00fd z\u00e1\u017eitek pro ka\u017edodenn\u00ed b\u011bh\u00e1n\u00ed. Je to vynikaj\u00edc\u00ed volba pro ty, kte\u0159\u00ed ocen\u00ed dobrou hodnotu za pen\u00edze v lehk\u00e9m balen\u00ed. <\/p>\n<p>Zam\u011b\u0159en\u00ed zna\u010dky PUMA na v\u0161estrannost a pohodl\u00ed d\u011bl\u00e1 z t\u00e9to boty skv\u011bl\u00e9ho partnera pro r\u016fzn\u00e9 vzd\u00e1lenosti a podm\u00ednky, ani\u017e bys musel zruinovat sv\u016fj rozpo\u010det.<\/p>\n","product_5_text_after":"<p>Saucony Ride 19 je v\u0161estrann\u00e1 b\u011b\u017eeck\u00e1 bota, kter\u00e1 nab\u00edz\u00ed kombinaci pohodl\u00ed a odezvy. Tato neutr\u00e1ln\u00ed bota vynik\u00e1 v poskytov\u00e1n\u00ed plynul\u00e9ho b\u011bhu, tak\u017ee je ide\u00e1ln\u00ed volbou pro b\u011b\u017ece, kte\u0159\u00ed maj\u00ed r\u00e1di vyv\u00e1\u017een\u00fd pocit. Jej\u00ed leh\u010d\u00ed a m\u011bk\u010d\u00ed konstrukce umoc\u0148uje z\u00e1\u017eitek z b\u011bhu.  <\/p>\n<p>I kdy\u017e vynik\u00e1 v pohodl\u00ed, n\u011bkomu m\u016f\u017ee chyb\u011bt \u0161pi\u010dkov\u00e1 technologie, kterou najdeme u v\u00fd\u0161e postaven\u00fdch bot, jako je adidas Adizero EVO SL. Nicm\u00e9n\u011b jej\u00ed cenov\u00e1 dostupnost a spolehlivost z n\u00ed d\u011blaj\u00ed obl\u00edbenou volbu pro ty, kte\u0159\u00ed hledaj\u00ed spolehliv\u00fd ka\u017edodenn\u00ed tr\u00e9ninkov\u00fd model. <\/p>\n<p>Pokud jsi b\u011b\u017eec, kter\u00fd si cen\u00ed pohodl\u00ed a v\u0161estrannosti, Saucony Ride 19 je solidn\u00ed volbou.<\/p>\n","product_6_text_after":"<p>P\u00e1nsk\u00e9 boty New Balance Fresh Foam X 1080 V14 jsou d\u016fkazem z\u00e1vazku zna\u010dky New Balance k pohodl\u00ed a v\u00fdkonu. D\u00edky tlumen\u00ed Fresh Foam poskytuje tato bota m\u011bkk\u00fd b\u011b\u017eeck\u00fd z\u00e1\u017eitek, ide\u00e1ln\u00ed pro ty, kte\u0159\u00ed up\u0159ednost\u0148uj\u00ed m\u011bkk\u00fd dopad. <\/p>\n<p>A\u010dkoli jsou vysoce hodnocen\u00e9, \u00fapln\u011b se nevyrovnaj\u00ed rychlostn\u011b orientovan\u00e9mu designu adidas Adizero EVO SL. Jejich dokonal\u00fd st\u0159ih a vynikaj\u00edc\u00ed tlumen\u00ed z nich v\u0161ak d\u011blaj\u00ed favorita mezi b\u011b\u017eci, kte\u0159\u00ed p\u0159i sv\u00fdch b\u011bz\u00edch pot\u0159ebuj\u00ed extra podporu a pohodl\u00ed. <\/p>\n<p>Pro ty, kte\u0159\u00ed hledaj\u00ed botu, ve kter\u00e9 se budou c\u00edtit jako p\u0159i b\u011bhu na obl\u00e1\u010dku, je Fresh Foam X 1080 V14 vynikaj\u00edc\u00ed volbou, nab\u00edzej\u00edc\u00ed odolnost i pohodl\u00ed za rozumnou cenu.<\/p>\n","product_7_text_after":"<p>P\u00e1nsk\u00e9 boty NIKE Pegasus 41 jsou klasickou volbou pro b\u011b\u017ece, kte\u0159\u00ed ocen\u00ed svi\u017en\u00fd b\u011bh. Jsou vybaveny dv\u011bma jednotkami Air Zoom a mezipode\u0161v\u00ed z p\u011bny ReactX, tak\u017ee nab\u00edzej\u00ed energick\u00fd pocit, kter\u00fd si mnoho b\u011b\u017ec\u016f zamilovalo. <\/p>\n<p>I kdy\u017e poskytuj\u00ed skv\u011bl\u00e9 tlumen\u00ed a odraz, nemus\u00ed nab\u00edzet stejnou v\u00fdhodu n\u00edzk\u00e9 hmotnosti jako adidas Adizero EVO SL. Jejich spolehlivost a pohodl\u00ed z nich v\u0161ak d\u011blaj\u00ed z\u00e1kladn\u00ed v\u00fdbavu pro mnoho ka\u017edodenn\u00edch b\u011b\u017ec\u016f. <\/p>\n<p>Pro ty, kte\u0159\u00ed cht\u011bj\u00ed spolehlivou botu s osv\u011bd\u010denou histori\u00ed, je Pegasus 41 d\u016fstojn\u00fdm kandid\u00e1tem, zejm\u00e9na pro b\u011bh po chodn\u00edc\u00edch a silnic\u00edch.<\/p>\n","product_8_text_after":"<p>Unisex model Mizuno Wave Prophecy 12 nab\u00edz\u00ed jedine\u010dnou kombinaci tlumen\u00ed a stability, navr\u017eenou pro ty, kte\u0159\u00ed preferuj\u00ed pevn\u011bj\u0161\u00ed pocit. Jeho dvojit\u00e1 platforma Wave poskytuje maxim\u00e1ln\u00ed podporu, tak\u017ee je vhodn\u00fd pro b\u011b\u017ece vy\u017eaduj\u00edc\u00ed extra stabilitu. <\/p>\n<p>I kdy\u017e vynik\u00e1 v odolnosti a podpo\u0159e, nemus\u00ed se vyrovnat lehk\u00e9mu a energick\u00e9mu pocitu \u0161pi\u010dkov\u00fdch bot, jako je adidas Adizero EVO SL. Jejich ekologick\u00fd design je v\u0161ak plusem pro b\u011b\u017ece, kter\u00fdm z\u00e1le\u017e\u00ed na \u017eivotn\u00edm prost\u0159ed\u00ed. <\/p>\n<p>Pokud je tvou prioritou stabilita a oce\u0148uje\u0161 udr\u017eiteln\u00e9 postupy, Wave Prophecy 12 je bota, kter\u00e1 stoj\u00ed za zv\u00e1\u017een\u00ed.<\/p>\n","product_9_text_after":"<p>Model Brooks Glycerin 20 je oslavov\u00e1n pro sv\u00e9 m\u011bkk\u00e9 tlumen\u00ed a pohodl\u00ed, co\u017e z n\u011bj d\u011bl\u00e1 vynikaj\u00edc\u00ed volbu pro b\u011b\u017ece na dlouh\u00e9 trat\u011b, kte\u0159\u00ed pot\u0159ebuj\u00ed extra podporu. Tlumen\u00ed DNA LOFT zaji\u0161\u0165uje m\u011bkk\u00fd a plynul\u00fd b\u011bh, ide\u00e1ln\u00ed pro ty s \u0161ir\u0161\u00edmi chodidly. <\/p>\n<p>Navzdory sv\u00e9mu pohodl\u00ed nemus\u00ed nab\u00edzet stejnou \u00farove\u0148 zv\u00fd\u0161en\u00ed rychlosti jako adidas Adizero EVO SL. Pov\u011bst pohodln\u00e9 a dob\u0159e padnouc\u00ed boty z nich v\u0161ak d\u011bl\u00e1 spolehlivou volbu pro mnoh\u00e9. <\/p>\n<p>Pokud hled\u00e1\u0161 botu, kter\u00e1 up\u0159ednost\u0148uje pohodl\u00ed a tlumen\u00ed, Glycerin 20 je spolehliv\u00e1 a velmi obl\u00edben\u00e1 volba.<\/p>\n","product_10_text_after":"<p>Salomon Speedcross Peak je navr\u017een pro trailov\u00e9 b\u011b\u017ece, kte\u0159\u00ed pot\u0159ebuj\u00ed ochranu a trakci. Konstrukce Sensifit a podr\u00e1\u017eka Contagrip zaji\u0161\u0165uj\u00ed bezpe\u010dn\u00e9 uchycen\u00ed a vynikaj\u00edc\u00ed p\u0159ilnavost na nerovn\u00e9m ter\u00e9nu. <\/p>\n<p>I kdy\u017e je to vynikaj\u00edc\u00ed volba pro traily, na silnici si nemus\u00ed v\u00e9st tak dob\u0159e jako adidas Adizero EVO SL. Nicm\u00e9n\u011b jejich odolnost a design z nich d\u011blaj\u00ed solidn\u00ed volbu pro ty, kte\u0159\u00ed \u010dasto b\u011bhaj\u00ed v ter\u00e9nu. <\/p>\n<p>Pro trailov\u00e9 nad\u0161ence hledaj\u00edc\u00ed botu, kter\u00e1 zvl\u00e1dne drsn\u00e9 cesty, je Speedcross Peak spolehlivou a cenov\u011b dostupnou volbou.<\/p>\n"},"yoast_head":"<!-- This site is optimized with the Yoast SEO plugin v27.4 - https:\/\/yoast.com\/product\/yoast-seo-wordpress\/ -->\n<title>10 nejlep\u0161\u00edch b\u011b\u017eeck\u00fdch bot - DJ Music Geek<\/title>\n<meta name=\"robots\" content=\"index, follow, max-snippet:-1, max-image-preview:large, max-video-preview:-1\" \/>\n<link rel=\"canonical\" href=\"https:\/\/djmusicgeek.com\/best-running-shoes-2026-en\/\" \/>\n<meta property=\"og:locale\" content=\"cs_CZ\" \/>\n<meta property=\"og:type\" content=\"article\" \/>\n<meta property=\"og:title\" content=\"10 nejlep\u0161\u00edch b\u011b\u017eeck\u00fdch bot - DJ Music Geek\" \/>\n<meta property=\"og:url\" content=\"https:\/\/djmusicgeek.com\/best-running-shoes-2026-en\/\" \/>\n<meta property=\"og:site_name\" content=\"DJ Music Geek\" \/>\n<meta name=\"twitter:card\" content=\"summary_large_image\" \/>\n<script type=\"application\/ld+json\" class=\"yoast-schema-graph\">{\"@context\":\"https:\\\/\\\/schema.org\",\"@graph\":[{\"@type\":\"WebPage\",\"@id\":\"https:\\\/\\\/djmusicgeek.com\\\/best-running-shoes-2026-en\\\/\",\"url\":\"https:\\\/\\\/djmusicgeek.com\\\/best-running-shoes-2026-en\\\/\",\"name\":\"10 nejlep\u0161\u00edch b\u011b\u017eeck\u00fdch bot - DJ Music Geek\",\"isPartOf\":{\"@id\":\"https:\\\/\\\/djmusicgeek.com\\\/#website\"},\"datePublished\":\"2026-02-25T19:26:17+00:00\",\"breadcrumb\":{\"@id\":\"https:\\\/\\\/djmusicgeek.com\\\/best-running-shoes-2026-en\\\/#breadcrumb\"},\"inLanguage\":\"cs\",\"potentialAction\":[{\"@type\":\"ReadAction\",\"target\":[\"https:\\\/\\\/djmusicgeek.com\\\/best-running-shoes-2026-en\\\/\"]}]},{\"@type\":\"BreadcrumbList\",\"@id\":\"https:\\\/\\\/djmusicgeek.com\\\/best-running-shoes-2026-en\\\/#breadcrumb\",\"itemListElement\":[{\"@type\":\"ListItem\",\"position\":1,\"name\":\"Dom\u016f\",\"item\":\"https:\\\/\\\/djmusicgeek.com\\\/\"},{\"@type\":\"ListItem\",\"position\":2,\"name\":\"10 nejlep\u0161\u00edch b\u011b\u017eeck\u00fdch bot\"}]},{\"@type\":\"WebSite\",\"@id\":\"https:\\\/\\\/djmusicgeek.com\\\/#website\",\"url\":\"https:\\\/\\\/djmusicgeek.com\\\/\",\"name\":\"DJ Music Geek\",\"description\":\"\",\"potentialAction\":[{\"@type\":\"SearchAction\",\"target\":{\"@type\":\"EntryPoint\",\"urlTemplate\":\"https:\\\/\\\/djmusicgeek.com\\\/?s={search_term_string}\"},\"query-input\":{\"@type\":\"PropertyValueSpecification\",\"valueRequired\":true,\"valueName\":\"search_term_string\"}}],\"inLanguage\":\"cs\"}]}<\/script>\n<!-- \/ Yoast SEO plugin. -->","yoast_head_json":{"title":"10 nejlep\u0161\u00edch b\u011b\u017eeck\u00fdch bot - DJ Music Geek","robots":{"index":"index","follow":"follow","max-snippet":"max-snippet:-1","max-image-preview":"max-image-preview:large","max-video-preview":"max-video-preview:-1"},"canonical":"https:\/\/djmusicgeek.com\/best-running-shoes-2026-en\/","og_locale":"cs_CZ","og_type":"article","og_title":"10 nejlep\u0161\u00edch b\u011b\u017eeck\u00fdch bot - DJ Music Geek","og_url":"https:\/\/djmusicgeek.com\/best-running-shoes-2026-en\/","og_site_name":"DJ Music Geek","twitter_card":"summary_large_image","schema":{"@context":"https:\/\/schema.org","@graph":[{"@type":"WebPage","@id":"https:\/\/djmusicgeek.com\/best-running-shoes-2026-en\/","url":"https:\/\/djmusicgeek.com\/best-running-shoes-2026-en\/","name":"10 nejlep\u0161\u00edch b\u011b\u017eeck\u00fdch bot - DJ Music Geek","isPartOf":{"@id":"https:\/\/djmusicgeek.com\/#website"},"datePublished":"2026-02-25T19:26:17+00:00","breadcrumb":{"@id":"https:\/\/djmusicgeek.com\/best-running-shoes-2026-en\/#breadcrumb"},"inLanguage":"cs","potentialAction":[{"@type":"ReadAction","target":["https:\/\/djmusicgeek.com\/best-running-shoes-2026-en\/"]}]},{"@type":"BreadcrumbList","@id":"https:\/\/djmusicgeek.com\/best-running-shoes-2026-en\/#breadcrumb","itemListElement":[{"@type":"ListItem","position":1,"name":"Dom\u016f","item":"https:\/\/djmusicgeek.com\/"},{"@type":"ListItem","position":2,"name":"10 nejlep\u0161\u00edch b\u011b\u017eeck\u00fdch bot"}]},{"@type":"WebSite","@id":"https:\/\/djmusicgeek.com\/#website","url":"https:\/\/djmusicgeek.com\/","name":"DJ Music Geek","description":"","potentialAction":[{"@type":"SearchAction","target":{"@type":"EntryPoint","urlTemplate":"https:\/\/djmusicgeek.com\/?s={search_term_string}"},"query-input":{"@type":"PropertyValueSpecification","valueRequired":true,"valueName":"search_term_string"}}],"inLanguage":"cs"}]}},"_links":{"self":[{"href":"https:\/\/djmusicgeek.com\/cs\/wp-json\/wp\/v2\/pages\/17716","targetHints":{"allow":["GET"]}}],"collection":[{"href":"https:\/\/djmusicgeek.com\/cs\/wp-json\/wp\/v2\/pages"}],"about":[{"href":"https:\/\/djmusicgeek.com\/cs\/wp-json\/wp\/v2\/types\/page"}],"author":[{"embeddable":true,"href":"https:\/\/djmusicgeek.com\/cs\/wp-json\/wp\/v2\/users\/2"}],"replies":[{"embeddable":true,"href":"https:\/\/djmusicgeek.com\/cs\/wp-json\/wp\/v2\/comments?post=17716"}],"version-history":[{"count":0,"href":"https:\/\/djmusicgeek.com\/cs\/wp-json\/wp\/v2\/pages\/17716\/revisions"}],"wp:attachment":[{"href":"https:\/\/djmusicgeek.com\/cs\/wp-json\/wp\/v2\/media?parent=17716"}],"curies":[{"name":"wp","href":"https:\/\/api.w.org\/{rel}","templated":true}]}}