{"id":17408,"date":"2026-02-13T10:59:05","date_gmt":"2026-02-13T10:59:05","guid":{"rendered":"https:\/\/djmusicgeek.com\/best-headphones-to-buy-today-en-gb\/"},"modified":"2026-03-01T13:46:30","modified_gmt":"2026-03-01T13:46:30","slug":"best-headphones-to-buy-today-en-gb","status":"publish","type":"page","link":"https:\/\/djmusicgeek.com\/cs\/best-headphones-to-buy-today-en-gb\/","title":{"rendered":"10 nejlep\u0161\u00edch bezdr\u00e1tov\u00fdch sluch\u00e1tek"},"content":{"rendered":"","protected":false},"excerpt":{"rendered":"","protected":false},"author":2,"featured_media":0,"parent":0,"menu_order":0,"comment_status":"closed","ping_status":"closed","template":"sales-template.php","meta":{"_acf_changed":false,"footnotes":""},"class_list":["post-17408","page","type-page","status-publish","hentry"],"acf":{"product_url":"","product_image_1":"","product_image_2":"","product_image_3":"","product_image_4":"","product_image_5":"","product_image_6":"","product_image_7":"","product_image_8":"","product_2_supplier":"Amazon","product_2_asin":"B0CRMB9Z84","product_3_supplier":"Amazon","product_3_asin":"B0FPD1P24J","product_4_supplier":"Amazon","product_4_asin":"B0CZ6S1G4B","product_5_supplier":"Amazon","product_5_asin":"","product_6_supplier":"Amazon","product_6_asin":"","product_7_supplier":"Amazon","product_7_asin":"B0DQ833QW9","product_8_supplier":"Amazon","product_8_asin":"","product_9_supplier":"Amazon","product_9_asin":"","product_10_supplier":"Amazon","product_10_asin":"","exclude_from_search":false,"product_2_url":"","product_2_image_1":"","product_2_image_2":"","product_2_image_3":"","product_3_url":"","product_3_image_1":"","product_3_image_2":"","product_3_image_3":"","language_code":"en-gb","product_name":"Oneodio a series","product_type":"Bezdr\u00e1tov\u00e1 sluch\u00e1tka","product_type_singular":"Bezdr\u00e1tov\u00e9 sluch\u00e1tko","features":"<p>P\u0159ipojen\u00ed Bluetooth 5.0<br \/>\nAktivn\u00ed potla\u010den\u00ed hluku<br \/>\nBezdr\u00e1tov\u00e1 funk\u010dnost<br \/>\nVestav\u011bn\u00fd mikrofon<br \/>\nNab\u00edjen\u00ed typu C<br \/>\nV\u010detn\u011b pouzdra na p\u0159en\u00e1\u0161en\u00ed<br \/>\nProdlou\u017een\u00e1 dvoulet\u00e1 z\u00e1ruka<br \/>\nVysok\u00e1 kvalita zvuku<\/p>\n","rating":"9.8","intro_text":"<p>V\u00edtej u na\u0161\u00ed podrobn\u00e9 recenze 10 nejlep\u0161\u00edch bezdr\u00e1tov\u00fdch sluch\u00e1tek, kter\u00e1 si dnes m\u016f\u017ee\u0161 koupit. Pe\u010dliv\u011b jsme otestovali a zhodnotili ka\u017ed\u00fd produkt, abychom ti p\u0159inesli ty nejlep\u0161\u00ed mo\u017enosti pro tv\u00e9 poslechov\u00e9 pot\u0159eby. A\u0165 u\u017e jsi audiofil, nebo jen hled\u00e1\u0161 spolehliv\u00e1 sluch\u00e1tka pro ka\u017edodenn\u00ed pou\u017eit\u00ed, n\u00e1\u0161 v\u00fdb\u011br pokr\u00fdv\u00e1 \u0161irokou \u0161k\u00e1lu funkc\u00ed a rozpo\u010dt\u016f.  <\/p>\n<p>V tomto \u010dl\u00e1nku se podrobn\u011b pod\u00edv\u00e1me na v\u00fdkon, pohodl\u00ed a hodnotu ka\u017ed\u00e9ho produktu. Od pokro\u010dil\u00e9 technologie potla\u010den\u00ed hluku a\u017e po p\u016fsobivou v\u00fddr\u017e baterie \u2013 na\u0161i favorit\u00e9 vy\u010dn\u00edvaj\u00ed na p\u0159epln\u011bn\u00e9m trhu bezdr\u00e1tov\u00fdch sluch\u00e1tek. Poj\u010f s n\u00e1mi prozkoumat vlastnosti, d\u00edky kter\u00fdm jsou tato sluch\u00e1tka skute\u010dn\u011b v\u00fdjime\u010dn\u00e1.  <\/p>\n","text_before_product_box":"<p>S postupem technologi\u00ed nebyla popt\u00e1vka po kvalitn\u00edch bezdr\u00e1tov\u00fdch sluch\u00e1tk\u00e1ch nikdy vy\u0161\u0161\u00ed. A\u0165 u\u017e doj\u00ed\u017ed\u00ed\u0161, pracuje\u0161 nebo relaxuje\u0161 doma, skv\u011bl\u00e1 sluch\u00e1tka mohou tv\u016fj z\u00e1\u017eitek z poslechu zcela zm\u011bnit. V tomto pr\u016fvodci jsme se\u0159adili nejlep\u0161\u00ed dostupn\u00e9 mo\u017enosti a vyzdvihli jejich kl\u00ed\u010dov\u00e9 vlastnosti a v\u00fdhody.  <\/p>\n<p>Na\u0161e prvn\u00ed volba, \u0159ada Oneodio A Series, vede \u017eeb\u0159\u00ed\u010dek d\u00edky sv\u00fdm pokro\u010dil\u00fdm funkc\u00edm a v\u00fdjime\u010dn\u00e9mu v\u00fdkonu. Poj\u010fme prozkoumat, pro\u010d tento produkt vynik\u00e1 mezi sv\u00fdmi konkurenty. <\/p>\n","text_after_product_box":"<p>P\u0159i hodnocen\u00ed nejlep\u0161\u00edch bezdr\u00e1tov\u00fdch sluch\u00e1tek jsme zva\u017eovali r\u016fzn\u00e9 faktory, jako je kvalita zvuku, pohodl\u00ed, v\u00fddr\u017e baterie a dal\u0161\u00ed funkce, jako je potla\u010den\u00ed hluku a mo\u017enosti p\u0159ipojen\u00ed. Ka\u017ed\u00fd produkt byl testov\u00e1n v re\u00e1ln\u00fdch sc\u00e9n\u00e1\u0159\u00edch, abychom ti mohli poskytnout spolehliv\u00e1 doporu\u010den\u00ed. <\/p>\n<p>Skv\u011bl\u00e1 bezdr\u00e1tov\u00e1 sluch\u00e1tka by m\u011bla nab\u00edzet bezprobl\u00e9movou kombinaci pohodl\u00ed, kvality zvuku a funk\u010dnosti. \u0158ada Oneodio A Series vynik\u00e1 ve v\u0161ech t\u011bchto oblastech a poskytuje u\u017eivatel\u016fm bezkonkuren\u010dn\u00ed z\u00e1\u017eitek z poslechu. Jej\u00ed \u0161pi\u010dkov\u00e1 technologie potla\u010den\u00ed hluku a robustn\u00ed p\u0159ipojen\u00ed Bluetooth z n\u00ed d\u011blaj\u00ed ide\u00e1ln\u00ed volbu pro ka\u017ed\u00e9ho audiofila.  <\/p>\n","why_the_best_text":"<p>\u0158ada Oneodio A Series je nejlep\u0161\u00ed volbou bezdr\u00e1tov\u00fdch sluch\u00e1tek d\u00edky v\u00fdjime\u010dn\u00e9 kombinaci funkc\u00ed a v\u00fdkonu. Na rozd\u00edl od mnoha konkurent\u016f nab\u00edz\u00ed jak pokro\u010dil\u00e9 aktivn\u00ed potla\u010den\u00ed hluku, tak Bluetooth 5.0 pro ni\u010d\u00edm neru\u0161en\u00fd poslech. Kvalitn\u00ed zvuk zajist\u00ed, \u017ee ka\u017ed\u00fd t\u00f3n bude ostr\u00fd a \u010dist\u00fd, a\u0165 u\u017e poslouch\u00e1\u0161 hudbu, nebo vy\u0159izuje\u0161 hovory.  <\/p>\n<p>Dal\u0161\u00ed velkou v\u00fdhodou je nab\u00edjen\u00ed typu C, kter\u00e9 umo\u017e\u0148uje rychl\u00e9 a pohodln\u00e9 dopln\u011bn\u00ed energie. P\u0159ilo\u017een\u00e9 pouzdro a prodlou\u017een\u00e1 dvoulet\u00e1 z\u00e1ruka zvy\u0161uj\u00ed jejich hodnotu a d\u011blaj\u00ed z nich \u0161pi\u010dku nejen v kvalit\u011b zvuku, ale tak\u00e9 v odolnosti a spolehlivosti. <\/p>\n","reviews_text":"<p>A\u010dkoli \u0159ada Oneodio A Series zat\u00edm nem\u00e1 mnoho u\u017eivatelsk\u00fdch recenz\u00ed, jej\u00ed p\u016fsobiv\u00e9 specifikace a komplexn\u00ed sada funkc\u00ed z n\u00ed ji\u017e ud\u011blaly vynikaj\u00edc\u00ed volbu. Integrace Bluetooth 5.0 zaji\u0161\u0165uje bezprobl\u00e9mov\u00e9 p\u0159ipojen\u00ed, zat\u00edmco funkce aktivn\u00edho potla\u010den\u00ed hluku je navr\u017eena tak, aby poskytovala pohlcuj\u00edc\u00ed zvukov\u00fd z\u00e1\u017eitek sn\u00ed\u017een\u00edm ne\u017e\u00e1douc\u00edch okoln\u00edch zvuk\u016f. <\/p>\n<p>Vestav\u011bn\u00fd mikrofon umo\u017e\u0148uje jasnou komunikaci, co\u017e z nich d\u011bl\u00e1 vynikaj\u00edc\u00ed volbu jak pro hudebn\u00ed nad\u0161ence, tak pro profesion\u00e1ly, kte\u0159\u00ed pot\u0159ebuj\u00ed spolehlivou kvalitu zvuku pro hovory. Prodlou\u017een\u00e1 dvoulet\u00e1 z\u00e1ruka d\u00e1le zvy\u0161uje jejich atraktivitu a nab\u00edz\u00ed u\u017eivatel\u016fm klid. <\/p>\n","top_pick_box_text":"<p>\u0158ada Oneodio A Series vynik\u00e1 jako dokonal\u00e1 volba pro bezdr\u00e1tov\u00e1 sluch\u00e1tka, proto\u017ee nab\u00edz\u00ed pokro\u010dil\u00e9 potla\u010den\u00ed hluku, vynikaj\u00edc\u00ed kvalitu zvuku a spolehliv\u00fd v\u00fdkon. Je to dokonal\u00e1 kombinace technologie a pohodl\u00ed, d\u00edky \u010demu\u017e jsou nezbytnost\u00ed pro ka\u017ed\u00e9ho audio nad\u0161ence. <\/p>\n","bottom_text":"<p>Z\u00e1v\u011brem lze \u0159\u00edci, \u017ee Oneodio A Series je p\u0159\u00edkladn\u00fdm modelem, kter\u00fd nov\u011b definuje to, co mohou u\u017eivatel\u00e9 od bezdr\u00e1tov\u00fdch sluch\u00e1tek o\u010dek\u00e1vat. P\u016fsobiv\u00e1 sada funkc\u00ed a robustn\u00ed v\u00fdkon z nich d\u011blaj\u00ed investici, kter\u00e1 stoj\u00ed za to pro ka\u017ed\u00e9ho, kdo to s kvalitou zvuku mysl\u00ed v\u00e1\u017en\u011b. <\/p>\n<p>Nenech si uj\u00edt p\u0159\u00edle\u017eitost za\u017e\u00edt \u0161pi\u010dkov\u00fd zvuk a pohodl\u00ed. Vyber si \u0159adu Oneodio A Series a vylep\u0161i sv\u016fj z\u00e1\u017eitek z poslechu je\u0161t\u011b dnes! <\/p>\n","product_2_text_after":"<p>Na druh\u00e9m m\u00edst\u011b se um\u00edstila sluch\u00e1tka JLab JBuds LUX ANC, kter\u00e1 nab\u00edzej\u00ed pozoruhodnou rovnov\u00e1hu mezi v\u00fdkonem a cenovou dostupnost\u00ed. D\u00edky inteligentn\u00edmu aktivn\u00edmu potla\u010den\u00ed hluku se tato sluch\u00e1tka p\u0159izp\u016fsob\u00ed tv\u00e9mu okol\u00ed a zajist\u00ed optim\u00e1ln\u00ed z\u00e1\u017eitek z poslechu. Kvalitu zvuku d\u00e1le vylep\u0161uj\u00ed 40mm m\u011bni\u010de, kter\u00e9 poskytuj\u00ed bohat\u00fd a pohlcuj\u00edc\u00ed zvuk.  <\/p>\n<p>Jednou z v\u00fdrazn\u00fdch vlastnost\u00ed je p\u016fsobiv\u00e1 v\u00fddr\u017e baterie, kter\u00e1 nab\u00edz\u00ed v\u00edce ne\u017e 70 hodin p\u0159ehr\u00e1v\u00e1n\u00ed. Ergonomick\u00fd design s pol\u0161t\u00e1\u0159ky Cloud Foam zaji\u0161\u0165uje pohodl\u00ed i p\u0159i dlouh\u00e9m poslechu. I kdy\u017e mo\u017en\u00e1 nemaj\u00ed tak pr\u00e9miovou konstrukci jako na\u0161e prvn\u00ed volba, jejich pom\u011br ceny a v\u00fdkonu a spolehlivost z nich d\u011blaj\u00ed vynikaj\u00edc\u00ed volbu pro kupuj\u00edc\u00ed s omezen\u00fdm rozpo\u010dtem.  <\/p>\n","text_after_product_box_2":"<p>Trh s bezdr\u00e1tov\u00fdmi sluch\u00e1tky se neust\u00e1le vyv\u00edj\u00ed a spot\u0159ebitel\u00e9 st\u00e1le \u010dast\u011bji hledaj\u00ed produkty, kter\u00e9 nab\u00edzej\u00ed nejen skv\u011bl\u00fd zvuk, ale tak\u00e9 chytr\u00e9 funkce, jako jsou hlasov\u00ed asistenti a v\u00edcebodov\u00e9 p\u0159ipojen\u00ed. P\u0159i n\u00e1kupu sluch\u00e1tek zva\u017e sv\u00e9 specifick\u00e9 pot\u0159eby, nap\u0159\u00edklad v\u00fddr\u017e baterie pro dlouh\u00e9 cesty nebo potla\u010den\u00ed hluku pro klidn\u011bj\u0161\u00ed pracovn\u00ed prost\u0159ed\u00ed. <\/p>\n<p>P\u0159ed n\u00e1kupem si nezapome\u0148 proj\u00edt z\u00e1kaznick\u00e9 recenze a n\u00e1zory odborn\u00edk\u016f. Mohou ti nab\u00eddnout cenn\u00e9 informace o v\u00fdkonu sluch\u00e1tek v re\u00e1ln\u00e9m sv\u011bt\u011b a pomoci ti ud\u011blat informovan\u00e9 rozhodnut\u00ed. <\/p>\n","product_3_text_after":"<p>Sluch\u00e1tka TOZO HT3 si zajistila t\u0159et\u00ed pozici d\u00edky p\u016fsobiv\u00e9mu seznamu funkc\u00ed za bezkonkuren\u010dn\u00ed cenu. Tato sluch\u00e1tka jsou vybavena inteligentn\u00edm adaptivn\u00edm potla\u010den\u00edm hluku a du\u00e1ln\u00edmi dynamick\u00fdmi m\u011bni\u010di, d\u00edky \u010demu\u017e poskytuj\u00ed v\u00fdjime\u010dnou \u010distotu zvuku a basy. <\/p>\n<p>S ohromuj\u00edc\u00ed 90hodinovou v\u00fddr\u017e\u00ed baterie jsou ide\u00e1ln\u00ed pro dlouh\u00e9 cesty nebo intenzivn\u00ed pou\u017e\u00edv\u00e1n\u00ed. Funkce du\u00e1ln\u00edho p\u0159ipojen\u00ed Bluetooth umo\u017e\u0148uje plynul\u00e9 p\u0159ep\u00edn\u00e1n\u00ed mezi za\u0159\u00edzen\u00edmi, co\u017e zvy\u0161uje jejich v\u0161estrannost. I kdy\u017e jim mo\u017en\u00e1 chyb\u00ed presti\u017e zna\u010dky vy\u0161\u0161\u00edch model\u016f, jejich v\u00fdkon a n\u00e1kladov\u00e1 efektivita z nich d\u011blaj\u00ed l\u00e1kavou volbu.  <\/p>\n","product_4_text_after":"<p>Sluch\u00e1tka GarageRock E7 jsou zn\u00e1m\u00e1 svou pokro\u010dilou technologi\u00ed ANC a prvot\u0159\u00eddn\u00ed kvalitou zvuku, co\u017e z nich d\u011bl\u00e1 solidn\u00ed volbu pro ty, kte\u0159\u00ed si cen\u00ed p\u0159esnosti zvuku. Velk\u00e9 45mm m\u011bni\u010de zaji\u0161\u0165uj\u00ed, \u017ee ka\u017ed\u00fd t\u00f3n je pod\u00e1n s naprostou \u010distotou. <\/p>\n<p>Tato sluch\u00e1tka jsou navr\u017eena pro trval\u00e9 pohodl\u00ed s proteinov\u00fdmi n\u00e1u\u0161n\u00edky a odolnou konstrukc\u00ed. Nab\u00edzej\u00ed 30 hodin p\u0159ehr\u00e1v\u00e1n\u00ed a jsou vhodn\u00e1 pro ka\u017edodenn\u00ed pou\u017e\u00edv\u00e1n\u00ed i cestov\u00e1n\u00ed. P\u0159esto\u017ee se v na\u0161em \u017eeb\u0159\u00ed\u010dku nach\u00e1zej\u00ed n\u00ed\u017ee, jejich zvukov\u00fd v\u00fdkon a \u00farove\u0148 pohodl\u00ed jsou vzhledem k cenov\u00e9 kategorii chv\u00e1lyhodn\u00e9.  <\/p>\n","product_5_text_after":"<p>Oneodio A6 ANC je model bohat\u00fd na funkce, kter\u00fd nab\u00edz\u00ed 48dB hybridn\u00ed aktivn\u00ed potla\u010den\u00ed hluku, co\u017e je ide\u00e1ln\u00ed pro milovn\u00edky hudby, kte\u0159\u00ed tou\u017e\u00ed po pohlcuj\u00edc\u00edm z\u00e1\u017eitku z poslechu. D\u00edky podpo\u0159e Hi-Res Audio a LDAC poskytuj\u00ed tato sluch\u00e1tka zvuk studiov\u00e9 kvality, kter\u00fd pozvedne tv\u016fj poslech na novou \u00farove\u0148. <\/p>\n<p>Jejich design zahrnuje vestav\u011bn\u00fd mikrofon a ovl\u00e1d\u00e1n\u00ed pomoc\u00ed aplikace, co\u017e poskytuje v\u0161estrannost pro r\u016fzn\u00e9 zp\u016fsoby pou\u017eit\u00ed. D\u00edky konkurenceschopn\u00e9 cen\u011b jsou A6 ANC siln\u00fdm kandid\u00e1tem pro ty, kte\u0159\u00ed hledaj\u00ed \u0161pi\u010dkov\u00e9 funkce a necht\u011bj\u00ed p\u0159itom zruinovat sv\u016fj rozpo\u010det, i kdy\u017e v t\u00e9to f\u00e1zi postr\u00e1daj\u00ed u\u017eivatelsk\u00e9 recenze. <\/p>\n","product_6_text_after":"<p>Sluch\u00e1tka SOUNDPEATS vynikaj\u00ed certifikac\u00ed Hi-Res Audio, kter\u00e1 zaru\u010duje v\u00fdjime\u010dnou v\u011brnost zvuku. Funkce du\u00e1ln\u00edho aktivn\u00edho potla\u010den\u00ed hluku v\u00fdrazn\u011b sni\u017euje okoln\u00ed hluk a umoc\u0148uje tv\u016fj po\u017eitek z poslechu. <\/p>\n<p>S 40hodinovou v\u00fddr\u017e\u00ed baterie a Bluetooth 5.0 poskytuj\u00ed tato sluch\u00e1tka dlouhou v\u00fddr\u017e a spolehliv\u00e9 p\u0159ipojen\u00ed. I kdy\u017e mo\u017en\u00e1 nenab\u00edzej\u00ed tak rozs\u00e1hl\u00e9 funkce jako modely nejvy\u0161\u0161\u00ed t\u0159\u00eddy, jsou skv\u011blou volbou pro u\u017eivatele, kte\u0159\u00ed up\u0159ednost\u0148uj\u00ed kvalitu zvuku a izolaci hluku. <\/p>\n","product_7_text_after":"<p>Bezdr\u00e1tov\u00e1 Bluetooth sluch\u00e1tka Xmenha s AI p\u0159eklada\u010dem nab\u00edzej\u00ed unik\u00e1tn\u00ed mo\u017enost p\u0159ekladu v re\u00e1ln\u00e9m \u010dase pro 150 jazyk\u016f. D\u00edky tomu jsou obzvl\u00e1\u0161t\u011b atraktivn\u00ed pro \u010dast\u00e9 cestovatele a mezin\u00e1rodn\u00ed obchodn\u00ed profesion\u00e1ly. <\/p>\n<p>A\u010dkoli jejich zvukov\u00fd v\u00fdkon a kvalita zpracov\u00e1n\u00ed nemus\u00ed dosahovat \u00farovn\u011b v\u00fd\u0161e um\u00edst\u011bn\u00fdch model\u016f, p\u0159idan\u00e1 funk\u010dnost pouzdra s dotykovou obrazovkou a potla\u010den\u00ed hluku ANC z nich d\u011bl\u00e1 v\u0161estrann\u00fd n\u00e1stroj pro komunikaci a u\u010den\u00ed.<\/p>\n"},"yoast_head":"<!-- This site is optimized with the Yoast SEO plugin v27.4 - https:\/\/yoast.com\/product\/yoast-seo-wordpress\/ -->\n<title>10 nejlep\u0161\u00edch bezdr\u00e1tov\u00fdch sluch\u00e1tek - DJ Music Geek<\/title>\n<meta name=\"robots\" content=\"index, follow, max-snippet:-1, max-image-preview:large, max-video-preview:-1\" \/>\n<link rel=\"canonical\" href=\"https:\/\/djmusicgeek.com\/cs\/best-headphones-to-buy-today-en-gb\/\" \/>\n<meta property=\"og:locale\" content=\"cs_CZ\" \/>\n<meta property=\"og:type\" content=\"article\" \/>\n<meta property=\"og:title\" content=\"10 nejlep\u0161\u00edch bezdr\u00e1tov\u00fdch sluch\u00e1tek - DJ Music Geek\" \/>\n<meta property=\"og:url\" content=\"https:\/\/djmusicgeek.com\/cs\/best-headphones-to-buy-today-en-gb\/\" \/>\n<meta property=\"og:site_name\" content=\"DJ Music Geek\" \/>\n<meta property=\"article:modified_time\" content=\"2026-03-01T13:46:30+00:00\" \/>\n<meta name=\"twitter:card\" content=\"summary_large_image\" \/>\n<script type=\"application\/ld+json\" class=\"yoast-schema-graph\">{\"@context\":\"https:\\\/\\\/schema.org\",\"@graph\":[{\"@type\":\"WebPage\",\"@id\":\"https:\\\/\\\/djmusicgeek.com\\\/cs\\\/best-headphones-to-buy-today-en-gb\\\/\",\"url\":\"https:\\\/\\\/djmusicgeek.com\\\/cs\\\/best-headphones-to-buy-today-en-gb\\\/\",\"name\":\"10 nejlep\u0161\u00edch bezdr\u00e1tov\u00fdch sluch\u00e1tek - DJ Music Geek\",\"isPartOf\":{\"@id\":\"https:\\\/\\\/djmusicgeek.com\\\/#website\"},\"datePublished\":\"2026-02-13T10:59:05+00:00\",\"dateModified\":\"2026-03-01T13:46:30+00:00\",\"breadcrumb\":{\"@id\":\"https:\\\/\\\/djmusicgeek.com\\\/cs\\\/best-headphones-to-buy-today-en-gb\\\/#breadcrumb\"},\"inLanguage\":\"cs\",\"potentialAction\":[{\"@type\":\"ReadAction\",\"target\":[\"https:\\\/\\\/djmusicgeek.com\\\/cs\\\/best-headphones-to-buy-today-en-gb\\\/\"]}]},{\"@type\":\"BreadcrumbList\",\"@id\":\"https:\\\/\\\/djmusicgeek.com\\\/cs\\\/best-headphones-to-buy-today-en-gb\\\/#breadcrumb\",\"itemListElement\":[{\"@type\":\"ListItem\",\"position\":1,\"name\":\"Dom\u016f\",\"item\":\"https:\\\/\\\/djmusicgeek.com\\\/\"},{\"@type\":\"ListItem\",\"position\":2,\"name\":\"10 nejlep\u0161\u00edch bezdr\u00e1tov\u00fdch sluch\u00e1tek\"}]},{\"@type\":\"WebSite\",\"@id\":\"https:\\\/\\\/djmusicgeek.com\\\/#website\",\"url\":\"https:\\\/\\\/djmusicgeek.com\\\/\",\"name\":\"DJ Music Geek\",\"description\":\"\",\"potentialAction\":[{\"@type\":\"SearchAction\",\"target\":{\"@type\":\"EntryPoint\",\"urlTemplate\":\"https:\\\/\\\/djmusicgeek.com\\\/?s={search_term_string}\"},\"query-input\":{\"@type\":\"PropertyValueSpecification\",\"valueRequired\":true,\"valueName\":\"search_term_string\"}}],\"inLanguage\":\"cs\"}]}<\/script>\n<!-- \/ Yoast SEO plugin. -->","yoast_head_json":{"title":"10 nejlep\u0161\u00edch bezdr\u00e1tov\u00fdch sluch\u00e1tek - DJ Music Geek","robots":{"index":"index","follow":"follow","max-snippet":"max-snippet:-1","max-image-preview":"max-image-preview:large","max-video-preview":"max-video-preview:-1"},"canonical":"https:\/\/djmusicgeek.com\/cs\/best-headphones-to-buy-today-en-gb\/","og_locale":"cs_CZ","og_type":"article","og_title":"10 nejlep\u0161\u00edch bezdr\u00e1tov\u00fdch sluch\u00e1tek - DJ Music Geek","og_url":"https:\/\/djmusicgeek.com\/cs\/best-headphones-to-buy-today-en-gb\/","og_site_name":"DJ Music Geek","article_modified_time":"2026-03-01T13:46:30+00:00","twitter_card":"summary_large_image","schema":{"@context":"https:\/\/schema.org","@graph":[{"@type":"WebPage","@id":"https:\/\/djmusicgeek.com\/cs\/best-headphones-to-buy-today-en-gb\/","url":"https:\/\/djmusicgeek.com\/cs\/best-headphones-to-buy-today-en-gb\/","name":"10 nejlep\u0161\u00edch bezdr\u00e1tov\u00fdch sluch\u00e1tek - DJ Music Geek","isPartOf":{"@id":"https:\/\/djmusicgeek.com\/#website"},"datePublished":"2026-02-13T10:59:05+00:00","dateModified":"2026-03-01T13:46:30+00:00","breadcrumb":{"@id":"https:\/\/djmusicgeek.com\/cs\/best-headphones-to-buy-today-en-gb\/#breadcrumb"},"inLanguage":"cs","potentialAction":[{"@type":"ReadAction","target":["https:\/\/djmusicgeek.com\/cs\/best-headphones-to-buy-today-en-gb\/"]}]},{"@type":"BreadcrumbList","@id":"https:\/\/djmusicgeek.com\/cs\/best-headphones-to-buy-today-en-gb\/#breadcrumb","itemListElement":[{"@type":"ListItem","position":1,"name":"Dom\u016f","item":"https:\/\/djmusicgeek.com\/"},{"@type":"ListItem","position":2,"name":"10 nejlep\u0161\u00edch bezdr\u00e1tov\u00fdch sluch\u00e1tek"}]},{"@type":"WebSite","@id":"https:\/\/djmusicgeek.com\/#website","url":"https:\/\/djmusicgeek.com\/","name":"DJ Music Geek","description":"","potentialAction":[{"@type":"SearchAction","target":{"@type":"EntryPoint","urlTemplate":"https:\/\/djmusicgeek.com\/?s={search_term_string}"},"query-input":{"@type":"PropertyValueSpecification","valueRequired":true,"valueName":"search_term_string"}}],"inLanguage":"cs"}]}},"_links":{"self":[{"href":"https:\/\/djmusicgeek.com\/cs\/wp-json\/wp\/v2\/pages\/17408","targetHints":{"allow":["GET"]}}],"collection":[{"href":"https:\/\/djmusicgeek.com\/cs\/wp-json\/wp\/v2\/pages"}],"about":[{"href":"https:\/\/djmusicgeek.com\/cs\/wp-json\/wp\/v2\/types\/page"}],"author":[{"embeddable":true,"href":"https:\/\/djmusicgeek.com\/cs\/wp-json\/wp\/v2\/users\/2"}],"replies":[{"embeddable":true,"href":"https:\/\/djmusicgeek.com\/cs\/wp-json\/wp\/v2\/comments?post=17408"}],"version-history":[{"count":1,"href":"https:\/\/djmusicgeek.com\/cs\/wp-json\/wp\/v2\/pages\/17408\/revisions"}],"predecessor-version":[{"id":17630,"href":"https:\/\/djmusicgeek.com\/cs\/wp-json\/wp\/v2\/pages\/17408\/revisions\/17630"}],"wp:attachment":[{"href":"https:\/\/djmusicgeek.com\/cs\/wp-json\/wp\/v2\/media?parent=17408"}],"curies":[{"name":"wp","href":"https:\/\/api.w.org\/{rel}","templated":true}]}}