{"id":17352,"date":"2026-02-12T14:47:19","date_gmt":"2026-02-12T14:47:19","guid":{"rendered":"https:\/\/djmusicgeek.com\/best-headphones-en-gb\/"},"modified":"2026-03-01T13:47:32","modified_gmt":"2026-03-01T13:47:32","slug":"best-headphones-en-gb","status":"publish","type":"page","link":"https:\/\/djmusicgeek.com\/cs\/best-headphones-en-gb\/","title":{"rendered":"10 nejlep\u0161\u00edch sluch\u00e1tek"},"content":{"rendered":"","protected":false},"excerpt":{"rendered":"","protected":false},"author":2,"featured_media":0,"parent":0,"menu_order":0,"comment_status":"closed","ping_status":"closed","template":"sales-template.php","meta":{"_acf_changed":false,"footnotes":""},"class_list":["post-17352","page","type-page","status-publish","hentry"],"acf":{"product_url":"","product_image_1":"","product_image_2":"","product_image_3":"","product_image_4":"","product_image_5":"","product_image_6":"","product_image_7":"","product_image_8":"","product_2_supplier":"Amazon","product_2_asin":"B0CRMB9Z84","product_3_supplier":"Amazon","product_3_asin":"B0FPD1P24J","product_4_supplier":"Amazon","product_4_asin":"B0CZ6S1G4B","product_5_supplier":"Amazon","product_5_asin":"","product_6_supplier":"Amazon","product_6_asin":"","product_7_supplier":"Amazon","product_7_asin":"","product_8_supplier":"Amazon","product_8_asin":"","product_9_supplier":"Amazon","product_9_asin":"","product_10_supplier":"Amazon","product_10_asin":"","exclude_from_search":false,"product_2_url":"","product_2_image_1":"","product_2_image_2":"","product_2_image_3":"","product_3_url":"","product_3_image_1":"","product_3_image_2":"","product_3_image_3":"","language_code":"en","product_name":"Oneodio a series","product_type":"Sluch\u00e1tka","product_type_singular":"Sluch\u00e1tka","features":"<p>P\u0159ipojen\u00ed Bluetooth 5.0<br \/>\nTechnologie aktivn\u00edho potla\u010den\u00ed hluku<br \/>\nVestav\u011bn\u00fd mikrofon<br \/>\nNab\u00edjen\u00ed typu C<br \/>\nV\u010detn\u011b pouzdra na p\u0159en\u00e1\u0161en\u00ed<br \/>\nProdlou\u017een\u00e1 dvoulet\u00e1 z\u00e1ruka<br \/>\nStylov\u00fd design<br \/>\nPohodln\u00e9 no\u0161en\u00ed<\/p>\n","rating":"9.8","intro_text":"<p>Pokud hled\u00e1\u0161 ten prav\u00fd p\u00e1r sluch\u00e1tek, jsi na spr\u00e1vn\u00e9m m\u00edst\u011b. S tolika dostupn\u00fdmi mo\u017enostmi m\u016f\u017ee b\u00fdt hled\u00e1n\u00ed t\u011bch nejlep\u0161\u00edch sluch\u00e1tek skli\u010duj\u00edc\u00ed. Proto jsme otestovali a zrecenzovali \u0159adu \u0161pi\u010dkov\u00fdch model\u016f, abychom ti p\u0159inesli n\u00e1\u0161 seznam 10 nejlep\u0161\u00edch sluch\u00e1tek. Od k\u0159i\u0161\u0165\u00e1lov\u011b \u010dist\u00e9 kvality zvuku a\u017e po v\u00fdjime\u010dn\u00e9 pohodl\u00ed a \u0161pi\u010dkov\u00e9 funkce \u2013 tato sluch\u00e1tka uspokoj\u00ed ka\u017edou pot\u0159ebu a preference.   <\/p>\n<p>A\u0165 u\u017e jsi milovn\u00edk hudby, \u010dast\u00fd cestovatel nebo n\u011bkdo, kdo pot\u0159ebuje spolehliv\u00fd p\u00e1r pro pr\u00e1ci, n\u00e1\u0161 komplexn\u00ed pr\u016fvodce ti pom\u016f\u017ee ud\u011blat informovan\u00e9 rozhodnut\u00ed. \u010cti d\u00e1l a zjisti, kter\u00e1 sluch\u00e1tka se dostala do v\u00fdb\u011bru a pro\u010d \u0159ada Oneodio A Series vynik\u00e1 jako na\u0161e nejlep\u0161\u00ed volba. <\/p>\n","text_before_product_box":"<p>V\u00fdb\u011br spr\u00e1vn\u00fdch sluch\u00e1tek m\u016f\u017ee dramaticky zlep\u0161it tv\u016fj z\u00e1\u017eitek z poslechu, a\u0165 u\u017e doj\u00ed\u017ed\u00ed\u0161 do pr\u00e1ce, pracuje\u0161 nebo relaxuje\u0161 doma. D\u00edky pokrok\u016fm v technologii nab\u00edzej\u00ed dne\u0161n\u00ed sluch\u00e1tka celou \u0159adu funkc\u00ed, kter\u00e9 vyhovuj\u00ed r\u016fzn\u00fdm pot\u0159eb\u00e1m. Od potla\u010den\u00ed hluku a\u017e po dlouhou v\u00fddr\u017e baterie \u2013 ka\u017ed\u00fd model p\u0159in\u00e1\u0161\u00ed n\u011bco jedine\u010dn\u00e9ho.  <\/p>\n<p>Ch\u00e1peme, jak zahlcuj\u00edc\u00ed m\u016f\u017ee b\u00fdt orientace v nespo\u010dtu mo\u017enost\u00ed. Proto jsme pe\u010dliv\u011b sestavili tento seznam nejlep\u0161\u00edch dostupn\u00fdch sluch\u00e1tek, abychom zajistili, \u017ee najde\u0161 ten prav\u00fd p\u00e1r pro sv\u016fj \u017eivotn\u00ed styl. Poj\u010fme se pono\u0159it do detail\u016f a pod\u00edvat se, co d\u011bl\u00e1 na\u0161i nejlep\u0161\u00ed volbu, Oneodio A Series, jasn\u00fdm v\u00edt\u011bzem.  <\/p>\n","text_after_product_box":"<p>V na\u0161\u00ed snaze naj\u00edt nejlep\u0161\u00ed sluch\u00e1tka jsme pe\u010dliv\u011b otestovali ka\u017ed\u00fd produkt na z\u00e1klad\u011b kl\u00ed\u010dov\u00fdch krit\u00e9ri\u00ed, jako je kvalita zvuku, pohodl\u00ed, potla\u010den\u00ed hluku a v\u00fddr\u017e baterie. V\u011b\u0159\u00edme, \u017ee skv\u011bl\u00e1 sluch\u00e1tka by m\u011bla nejen poskytovat vynikaj\u00edc\u00ed zvuk, ale tak\u00e9 nab\u00edzet pohodl\u00ed p\u0159i dlouhodob\u00e9m pou\u017e\u00edv\u00e1n\u00ed a m\u00edt robustn\u00ed konstrukci, kter\u00e1 odol\u00e1 ka\u017edodenn\u00edmu opot\u0159eben\u00ed. <\/p>\n<p>\u0158ada Oneodio A Series se v na\u0161ich testech uk\u00e1zala jako nejlep\u0161\u00ed a nab\u00edz\u00ed bezkonkuren\u010dn\u00ed kombinaci funkc\u00ed a hodnoty. Jej\u00ed technologie aktivn\u00edho potla\u010den\u00ed hluku v kombinaci s p\u0159ipojen\u00edm Bluetooth 5.0 a vestav\u011bn\u00fdm mikrofonem zaji\u0161\u0165uje prvot\u0159\u00eddn\u00ed zvukov\u00fd z\u00e1\u017eitek. Nav\u00edc p\u0159ilo\u017een\u00e9 pouzdro a prodlou\u017een\u00e1 z\u00e1ruka zvy\u0161uj\u00ed jej\u00ed atraktivitu, co\u017e z n\u00ed d\u011bl\u00e1 v\u00fdhodnou investici.  <\/p>\n<p>Na\u0161e metodika zahrnovala jak objektivn\u00ed testov\u00e1n\u00ed, tak subjektivn\u00ed anal\u00fdzu, abychom zajistili komplexn\u00ed vyhodnocen\u00ed. Zohlednili jsme u\u017eivatelsk\u00e9 recenze a n\u00e1zory odborn\u00edk\u016f, abychom potvrdili na\u0161e zji\u0161t\u011bn\u00ed a poskytli ti up\u0159\u00edmn\u00e9 posouzen\u00ed. Ka\u017ed\u00fd produkt byl hodnocen z hlediska jeho jedine\u010dn\u00fdch siln\u00fdch str\u00e1nek a potenci\u00e1ln\u00edch nedostatk\u016f, co\u017e n\u00e1m umo\u017enilo p\u0159edlo\u017eit vyv\u00e1\u017een\u00fd pohled.  <\/p>\n","why_the_best_text":"<p>\u0158ada Oneodio A Series vynik\u00e1 jako nejlep\u0161\u00ed volba d\u00edky sv\u00e9 komplexn\u00ed sad\u011b funkc\u00ed a vynikaj\u00edc\u00edmu pom\u011bru ceny a v\u00fdkonu. Na rozd\u00edl od mnoha konkurent\u016f nab\u00edz\u00ed p\u0159ipojen\u00ed Bluetooth 5.0, kter\u00e9 zaji\u0161\u0165uje bezprobl\u00e9mov\u00e9 p\u00e1rov\u00e1n\u00ed a stabiln\u00ed p\u0159ipojen\u00ed, co\u017e je kl\u00ed\u010dov\u00e9 pro nep\u0159eru\u0161ovan\u00fd poslech. <\/p>\n<p>Jej\u00ed technologie aktivn\u00edho potla\u010den\u00ed hluku \u00fa\u010dinn\u011b sni\u017euje okoln\u00ed zvuky, co\u017e ti umo\u017en\u00ed soust\u0159edit se na hudbu nebo hovory bez rozptylov\u00e1n\u00ed. Vestav\u011bn\u00fd mikrofon zaji\u0161\u0165uje jasnou komunikaci, tak\u017ee jsou vhodn\u00e1 pro osobn\u00ed i profesion\u00e1ln\u00ed pou\u017eit\u00ed. <\/p>\n<p>Oneodio A Series nav\u00edc p\u0159ich\u00e1z\u00ed se stylov\u00fdm designem a pohodln\u00fdm st\u0159ihem, co\u017e je ide\u00e1ln\u00ed pro dlouh\u00e9 poslechy. P\u0159ilo\u017een\u00e9 pouzdro a prodlou\u017een\u00e1 dvoulet\u00e1 z\u00e1ruka d\u00e1le zvy\u0161uj\u00ed jej\u00ed atraktivitu a poskytuj\u00ed pohodl\u00ed i klid v du\u0161i. Tyto vlastnosti ji stav\u00ed nad konkurenci a d\u011blaj\u00ed z n\u00ed dokonalou volbu pro nad\u0161ence do sluch\u00e1tek.  <\/p>\n","reviews_text":"<p>A\u010dkoli \u0159ada Oneodio A Series zat\u00edm nenasb\u00edrala u\u017eivatelsk\u00e9 recenze, jej\u00ed p\u016fsobiv\u00e1 sada funkc\u00ed a konkurenceschopn\u00e1 cena z n\u00ed d\u011blaj\u00ed siln\u00e9ho uchaze\u010de na trhu. Zahrnut\u00ed aktivn\u00edho potla\u010den\u00ed hluku a vestav\u011bn\u00e9ho mikrofonu vyhovuje t\u011bm, kte\u0159\u00ed pot\u0159ebuj\u00ed v\u0161estrann\u00e1 sluch\u00e1tka pro hudbu i hovory. <\/p>\n<p>Odborn\u00e9 n\u00e1zory vyzdvihuj\u00ed p\u0159ipojen\u00ed Bluetooth 5.0 a pohodln\u00e9 no\u0161en\u00ed jako vynikaj\u00edc\u00ed vlastnosti, d\u00edky nim\u017e jsou ide\u00e1ln\u00ed pro dlouh\u00e9 poslechy. P\u0159idan\u00e9 nab\u00edjen\u00ed typu C a pouzdro na p\u0159en\u00e1\u0161en\u00ed zvy\u0161uj\u00ed jejich p\u0159enosnost, tak\u017ee jsou skv\u011blou volbou pro cestovatele i doj\u00ed\u017ed\u011bj\u00edc\u00ed. <\/p>\n<p>S prodlou\u017eenou dvouletou z\u00e1rukou nab\u00edz\u00ed Oneodio A Series klid v du\u0161i a zaji\u0161\u0165uje ochranu tv\u00e9 investice. Tato kombinace funkc\u00ed a hodnoty ji stav\u00ed do pozice nejlep\u0161\u00ed volby pro ka\u017ed\u00e9ho, kdo hled\u00e1 vysoce kvalitn\u00ed a spolehliv\u00e1 sluch\u00e1tka. <\/p>\n","top_pick_box_text":"<p>\u0158ada Oneodio A Series je dokonalou volbou pro ka\u017ed\u00e9ho, kdo hled\u00e1 \u0161pi\u010dkov\u00e1 sluch\u00e1tka. S Bluetooth 5.0, aktivn\u00edm potla\u010den\u00edm hluku a pohodln\u00fdm no\u0161en\u00edm nab\u00edz\u00ed nep\u0159ekonatelnou hodnotu a v\u00fdkon. Nenech si uj\u00edt tuto nejlep\u0161\u00ed volbu!  <\/p>\n","bottom_text":"<p>Pokud hled\u00e1\u0161 nov\u00fd p\u00e1r sluch\u00e1tek, \u0159ada Oneodio A Series by m\u011bla b\u00fdt na prvn\u00edm m\u00edst\u011b tv\u00e9ho seznamu. Jej\u00ed kombinace pokro\u010dil\u00fdch funkc\u00ed, pohodl\u00ed a hodnoty z n\u00ed d\u011bl\u00e1 vynikaj\u00edc\u00ed volbu pro ka\u017ed\u00e9ho audio nad\u0161ence. <\/p>\n<p>Nev\u00e1hej a prozkoumej \u0159adu Oneodio A Series je\u0161t\u011b dnes a za\u017eij rozd\u00edl, kter\u00fd m\u016f\u017ee p\u0159in\u00e9st do tv\u00e9ho poslechu. A\u0165 u\u017e pro pr\u00e1ci nebo z\u00e1bavu, tato sluch\u00e1tka t\u011b ur\u010dit\u011b ohrom\u00ed. Klikni na odkaz, dozv\u00ed\u0161 se v\u00edce a m\u016f\u017ee\u0161 si je hned koupit!  <\/p>\n","product_2_text_after":"<p>Sluch\u00e1tka JLab JBuds LUX ANC si zajistila druh\u00e9 m\u00edsto v na\u0161em seznamu a nab\u00edzej\u00ed p\u016fsobiv\u00e9 funkce za cenu st\u0159edn\u00ed t\u0159\u00eddy. D\u00edky inteligentn\u00edmu aktivn\u00edmu potla\u010den\u00ed hluku se tato sluch\u00e1tka p\u0159izp\u016fsob\u00ed tv\u00e9mu okol\u00ed a poskytnou z\u00e1\u017eitek u\u0161it\u00fd na m\u00edru. Doba p\u0159ehr\u00e1v\u00e1n\u00ed p\u0159es 70hodin znamen\u00e1, \u017ee si m\u016f\u017ee\u0161 u\u017e\u00edvat hudbu po cel\u00e9 dny bez nutnosti nab\u00edjen\u00ed.  <\/p>\n<p>U\u017eivatel\u00e9 si pochvaluj\u00ed pohodl\u00ed, kter\u00e9 poskytuj\u00ed 1&#8243; pol\u0161t\u00e1\u0159ky Cloud Foam, d\u00edky nim\u017e jsou ide\u00e1ln\u00ed pro dlouh\u00e9 no\u0161en\u00ed. Funkce Bluetooth Multipoint umo\u017e\u0148uje plynul\u00e9 p\u0159ep\u00edn\u00e1n\u00ed mezi dv\u011bma za\u0159\u00edzen\u00edmi, co\u017e zvy\u0161uje pohodl\u00ed pro ty, kte\u0159\u00ed jsou na cest\u00e1ch. Navzdory skv\u011bl\u00fdm funkc\u00edm si v\u0161ak n\u011bkte\u0159\u00ed u\u017eivatel\u00e9 v\u0161imli, \u017ee ANC by se dalo v extr\u00e9mn\u011b hlu\u010dn\u00e9m prost\u0159ed\u00ed vylep\u0161it.  <\/p>\n<p>Celkov\u011b JLab JBuds LUX ANC nab\u00edz\u00ed kombinaci pohodl\u00ed, funk\u010dnosti a cenov\u00e9 dostupnosti, co\u017e z nich d\u011bl\u00e1 skv\u011blou volbu pro ty, kte\u0159\u00ed hledaj\u00ed spolehliv\u00fd v\u00fdkon a necht\u011bj\u00ed p\u0159itom zruinovat sv\u016fj rozpo\u010det.<\/p>\n","text_after_product_box_2":"<p>P\u0159i n\u00e1kupu sluch\u00e1tek zva\u017e funkce, na kter\u00fdch ti nejv\u00edce z\u00e1le\u017e\u00ed. Hled\u00e1\u0161 \u0161pi\u010dkovou kvalitu zvuku, nebo je tvou prioritou pohodl\u00ed? Zva\u017e prost\u0159ed\u00ed, kde bude\u0161 sluch\u00e1tka pou\u017e\u00edvat, proto\u017ee potla\u010den\u00ed hluku m\u016f\u017ee b\u00fdt kl\u00ed\u010dov\u00e9 pro ru\u0161n\u00e9 doj\u00ed\u017ed\u011bn\u00ed nebo otev\u0159en\u00e9 kancel\u00e1\u0159sk\u00e9 prostory.  <\/p>\n<p>Pamatuj, \u017ee nejlep\u0161\u00ed sluch\u00e1tka pro tebe jsou ta, kter\u00e1 vyhovuj\u00ed tv\u00fdm specifick\u00fdm pot\u0159eb\u00e1m a rozpo\u010dtu. Nev\u00e1hej prozkoumat r\u016fzn\u00e9 zna\u010dky a modely, ne\u017e ud\u011bl\u00e1\u0161 kone\u010dn\u00e9 rozhodnut\u00ed. Sleduj nejnov\u011bj\u0161\u00ed trendy a pokroky v technologii sluch\u00e1tek, abys m\u011bl jistotu, \u017ee dostane\u0161 ten nejlep\u0161\u00ed mo\u017en\u00fd produkt.  <\/p>\n","product_3_text_after":"<p>Bluetooth sluch\u00e1tka TOZO HT3 jsou fantastickou cenov\u011b dostupnou volbou, kter\u00e1 si vyslou\u017eila t\u0159et\u00ed m\u00edsto v na\u0161em seznamu. Tato sluch\u00e1tka nab\u00edzej\u00ed p\u016fsobivou 90hodinovou dobu p\u0159ehr\u00e1v\u00e1n\u00ed a funkci rychl\u00e9ho nab\u00edjen\u00ed, tak\u017ee jsou ide\u00e1ln\u00ed pro dlouh\u00e9 cesty nebo nep\u0159etr\u017eit\u00e9 pou\u017e\u00edv\u00e1n\u00ed. Du\u00e1ln\u00ed dynamick\u00e9 m\u011bni\u010de poskytuj\u00ed bohat\u00fd zvukov\u00fd z\u00e1\u017eitek, umocn\u011bn\u00fd \u00fa\u010dinn\u00fdm potla\u010den\u00edm hluku.  <\/p>\n<p>U\u017eivatel\u00e9 oce\u0148uj\u00ed snadn\u00e9 p\u0159ep\u00edn\u00e1n\u00ed Bluetooth a zahrnut\u00ed funkc\u00ed, jako je prostorov\u00fd zvuk a redukce \u0161umu pomoc\u00ed AI b\u011bhem hovor\u016f. TOZO HT3 jsou chv\u00e1lena za svou hodnotu, proto\u017ee nab\u00edzej\u00ed funkce obvykle se vyskytuj\u00edc\u00ed u model\u016f vy\u0161\u0161\u00ed t\u0159\u00eddy za zlomek ceny. <\/p>\n<p>I kdy\u017e vynikaj\u00ed v\u00fddr\u017e\u00ed baterie a kvalitou zvuku, n\u011bkte\u0159\u00ed u\u017eivatel\u00e9 shledali kvalitu konstrukce m\u00e9n\u011b odolnou ne\u017e u dra\u017e\u0161\u00edch model\u016f. Nicm\u00e9n\u011b za svou cenu nab\u00edzej\u00ed TOZO HT3 v\u00fdjime\u010dn\u00fd v\u00fdkon, zejm\u00e9na pro ty, kte\u0159\u00ed maj\u00ed omezen\u00fd rozpo\u010det. <\/p>\n","product_4_text_after":"<p>Sluch\u00e1tka GarageRock E7 jsou solidn\u00ed volbou pro ty, kte\u0159\u00ed up\u0159ednost\u0148uj\u00ed potla\u010den\u00ed hluku a kvalitu zvuku. Tato sluch\u00e1tka, kter\u00e1 se um\u00edstila na \u010dtvrt\u00e9m m\u00edst\u011b, jsou vybavena pokro\u010dilou technologi\u00ed ANC, kter\u00e1 v\u00fdrazn\u011b sni\u017euje okoln\u00ed hluk, tak\u017ee jsou ide\u00e1ln\u00ed pro cestov\u00e1n\u00ed nebo pracovn\u00ed prost\u0159ed\u00ed. <\/p>\n<p>S 30hodinami p\u0159ehr\u00e1v\u00e1n\u00ed nab\u00edzej\u00ed slu\u0161nou v\u00fddr\u017e baterie a u\u017eivatel\u00e9 vyzdvihli jejich pohodl\u00ed d\u00edky proteinov\u00fdm n\u00e1u\u0161n\u00edk\u016fm. Kvalita zvuku s hlubok\u00fdmi basy a \u010dist\u00fdm audiem je dal\u0161\u00ed silnou str\u00e1nkou, d\u00edky kter\u00e9 je poslech E7 pro milovn\u00edky hudby pot\u011b\u0161en\u00edm. <\/p>\n<p>N\u011bkte\u0159\u00ed u\u017eivatel\u00e9 v\u0161ak shledali sluch\u00e1tka m\u00edrn\u011b objemn\u00fdmi, co\u017e nemus\u00ed vyhovovat ka\u017ed\u00e9mu. Navzdory tomu z\u016fst\u00e1vaj\u00ed GarageRock E7 dobrou volbou pro ty, kte\u0159\u00ed hledaj\u00ed \u00fa\u010dinn\u00e9 potla\u010den\u00ed hluku a skv\u011bl\u00fd zvuk za rozumnou cenu. <\/p>\n","product_5_text_after":"<p>Oneodio A6 ANC je volba bohat\u00e1 na funkce pro audiofily a v na\u0161em seznamu zauj\u00edm\u00e1 p\u00e1t\u00e9 m\u00edsto. S 48dB hybridn\u00edm aktivn\u00edm potla\u010den\u00edm hluku a podporou LDAC poskytuj\u00ed tato sluch\u00e1tka zvuk ve vysok\u00e9m rozli\u0161en\u00ed, kter\u00fd je ide\u00e1ln\u00ed pro pohlcuj\u00edc\u00ed poslech. <\/p>\n<p>Ide\u00e1ln\u00ed pro doj\u00ed\u017ed\u011bn\u00ed a cestov\u00e1n\u00ed, Oneodio A6 se vyzna\u010duj\u00ed pohodln\u00fdm designem p\u0159es u\u0161i a p\u016fsobivou kvalitou zvuku. P\u0159esto\u017ee zat\u00edm nejsou k dispozici \u017e\u00e1dn\u00e9 u\u017eivatelsk\u00e9 recenze, produkt slibuje kombinaci \u0161pi\u010dkov\u00e9 technologie a pohodl\u00ed. <\/p>\n<p>I kdy\u017e je cena o n\u011bco vy\u0161\u0161\u00ed ne\u017e u n\u011bkter\u00fdch konkurent\u016f, odr\u00e1\u017e\u00ed pr\u00e9miov\u00e9 funkce a kvalitu zpracov\u00e1n\u00ed. Oneodio A6 jsou ide\u00e1ln\u00ed pro ty, kte\u0159\u00ed cht\u011bj\u00ed za\u017e\u00edt \u0161pi\u010dkov\u00fd zvuk a potla\u010den\u00ed hluku. <\/p>\n","product_6_text_after":"<p>Sluch\u00e1tka SOUNDPEATS s aktivn\u00edm potla\u010den\u00edm hluku jsou vynikaj\u00edc\u00ed volbou pro ty, kte\u0159\u00ed hledaj\u00ed zvuk ve vysok\u00e9m rozli\u0161en\u00ed, a v na\u0161em \u017eeb\u0159\u00ed\u010dku si zajistila \u0161estou pozici. S du\u00e1ln\u00edm ANC a 40hodinovou v\u00fddr\u017e\u00ed baterie nab\u00edzej\u00ed kvalitu zvuku i dlouhou \u017eivotnost. <\/p>\n<p>Tato sluch\u00e1tka maj\u00ed certifikaci Hi-Res Audio, co\u017e zaji\u0161\u0165uje v\u00fdjime\u010dnou \u010distotu a detaily zvuku, tak\u017ee jsou lah\u016fdkou pro audiofily. P\u0159ilo\u017een\u00e1 ochrann\u00e1 ta\u0161ka zvy\u0161uje jejich p\u0159enosnost, co\u017e je \u010din\u00ed praktick\u00fdmi pro cestov\u00e1n\u00ed. <\/p>\n<p>P\u0159esto\u017ee se jedn\u00e1 o nov\u011bj\u0161\u00ed model, kter\u00fd zat\u00edm nem\u00e1 \u017e\u00e1dn\u00e9 u\u017eivatelsk\u00e9 recenze, sluch\u00e1tka SOUNDPEATS slibuj\u00ed prvot\u0159\u00eddn\u00ed z\u00e1\u017eitek z poslechu. Jsou vhodn\u00e1 pro ka\u017ed\u00e9ho, kdo hled\u00e1 kombinaci vysoce kvalitn\u00edho zvuku a \u00fa\u010dinn\u00e9ho potla\u010den\u00ed hluku. <\/p>\n"},"yoast_head":"<!-- This site is optimized with the Yoast SEO plugin v27.4 - https:\/\/yoast.com\/product\/yoast-seo-wordpress\/ -->\n<title>10 nejlep\u0161\u00edch sluch\u00e1tek - DJ Music Geek<\/title>\n<meta name=\"robots\" content=\"index, follow, max-snippet:-1, max-image-preview:large, max-video-preview:-1\" \/>\n<link rel=\"canonical\" href=\"https:\/\/djmusicgeek.com\/cs\/best-headphones-en-gb\/\" \/>\n<meta property=\"og:locale\" content=\"cs_CZ\" \/>\n<meta property=\"og:type\" content=\"article\" \/>\n<meta property=\"og:title\" content=\"10 nejlep\u0161\u00edch sluch\u00e1tek - DJ Music Geek\" \/>\n<meta property=\"og:url\" content=\"https:\/\/djmusicgeek.com\/cs\/best-headphones-en-gb\/\" \/>\n<meta property=\"og:site_name\" content=\"DJ Music Geek\" \/>\n<meta property=\"article:modified_time\" content=\"2026-03-01T13:47:32+00:00\" \/>\n<meta name=\"twitter:card\" content=\"summary_large_image\" \/>\n<script type=\"application\/ld+json\" class=\"yoast-schema-graph\">{\"@context\":\"https:\\\/\\\/schema.org\",\"@graph\":[{\"@type\":\"WebPage\",\"@id\":\"https:\\\/\\\/djmusicgeek.com\\\/cs\\\/best-headphones-en-gb\\\/\",\"url\":\"https:\\\/\\\/djmusicgeek.com\\\/cs\\\/best-headphones-en-gb\\\/\",\"name\":\"10 nejlep\u0161\u00edch sluch\u00e1tek - DJ Music Geek\",\"isPartOf\":{\"@id\":\"https:\\\/\\\/djmusicgeek.com\\\/#website\"},\"datePublished\":\"2026-02-12T14:47:19+00:00\",\"dateModified\":\"2026-03-01T13:47:32+00:00\",\"breadcrumb\":{\"@id\":\"https:\\\/\\\/djmusicgeek.com\\\/cs\\\/best-headphones-en-gb\\\/#breadcrumb\"},\"inLanguage\":\"cs\",\"potentialAction\":[{\"@type\":\"ReadAction\",\"target\":[\"https:\\\/\\\/djmusicgeek.com\\\/cs\\\/best-headphones-en-gb\\\/\"]}]},{\"@type\":\"BreadcrumbList\",\"@id\":\"https:\\\/\\\/djmusicgeek.com\\\/cs\\\/best-headphones-en-gb\\\/#breadcrumb\",\"itemListElement\":[{\"@type\":\"ListItem\",\"position\":1,\"name\":\"Dom\u016f\",\"item\":\"https:\\\/\\\/djmusicgeek.com\\\/\"},{\"@type\":\"ListItem\",\"position\":2,\"name\":\"10 nejlep\u0161\u00edch sluch\u00e1tek\"}]},{\"@type\":\"WebSite\",\"@id\":\"https:\\\/\\\/djmusicgeek.com\\\/#website\",\"url\":\"https:\\\/\\\/djmusicgeek.com\\\/\",\"name\":\"DJ Music Geek\",\"description\":\"\",\"potentialAction\":[{\"@type\":\"SearchAction\",\"target\":{\"@type\":\"EntryPoint\",\"urlTemplate\":\"https:\\\/\\\/djmusicgeek.com\\\/?s={search_term_string}\"},\"query-input\":{\"@type\":\"PropertyValueSpecification\",\"valueRequired\":true,\"valueName\":\"search_term_string\"}}],\"inLanguage\":\"cs\"}]}<\/script>\n<!-- \/ Yoast SEO plugin. -->","yoast_head_json":{"title":"10 nejlep\u0161\u00edch sluch\u00e1tek - DJ Music Geek","robots":{"index":"index","follow":"follow","max-snippet":"max-snippet:-1","max-image-preview":"max-image-preview:large","max-video-preview":"max-video-preview:-1"},"canonical":"https:\/\/djmusicgeek.com\/cs\/best-headphones-en-gb\/","og_locale":"cs_CZ","og_type":"article","og_title":"10 nejlep\u0161\u00edch sluch\u00e1tek - DJ Music Geek","og_url":"https:\/\/djmusicgeek.com\/cs\/best-headphones-en-gb\/","og_site_name":"DJ Music Geek","article_modified_time":"2026-03-01T13:47:32+00:00","twitter_card":"summary_large_image","schema":{"@context":"https:\/\/schema.org","@graph":[{"@type":"WebPage","@id":"https:\/\/djmusicgeek.com\/cs\/best-headphones-en-gb\/","url":"https:\/\/djmusicgeek.com\/cs\/best-headphones-en-gb\/","name":"10 nejlep\u0161\u00edch sluch\u00e1tek - DJ Music Geek","isPartOf":{"@id":"https:\/\/djmusicgeek.com\/#website"},"datePublished":"2026-02-12T14:47:19+00:00","dateModified":"2026-03-01T13:47:32+00:00","breadcrumb":{"@id":"https:\/\/djmusicgeek.com\/cs\/best-headphones-en-gb\/#breadcrumb"},"inLanguage":"cs","potentialAction":[{"@type":"ReadAction","target":["https:\/\/djmusicgeek.com\/cs\/best-headphones-en-gb\/"]}]},{"@type":"BreadcrumbList","@id":"https:\/\/djmusicgeek.com\/cs\/best-headphones-en-gb\/#breadcrumb","itemListElement":[{"@type":"ListItem","position":1,"name":"Dom\u016f","item":"https:\/\/djmusicgeek.com\/"},{"@type":"ListItem","position":2,"name":"10 nejlep\u0161\u00edch sluch\u00e1tek"}]},{"@type":"WebSite","@id":"https:\/\/djmusicgeek.com\/#website","url":"https:\/\/djmusicgeek.com\/","name":"DJ Music Geek","description":"","potentialAction":[{"@type":"SearchAction","target":{"@type":"EntryPoint","urlTemplate":"https:\/\/djmusicgeek.com\/?s={search_term_string}"},"query-input":{"@type":"PropertyValueSpecification","valueRequired":true,"valueName":"search_term_string"}}],"inLanguage":"cs"}]}},"_links":{"self":[{"href":"https:\/\/djmusicgeek.com\/cs\/wp-json\/wp\/v2\/pages\/17352","targetHints":{"allow":["GET"]}}],"collection":[{"href":"https:\/\/djmusicgeek.com\/cs\/wp-json\/wp\/v2\/pages"}],"about":[{"href":"https:\/\/djmusicgeek.com\/cs\/wp-json\/wp\/v2\/types\/page"}],"author":[{"embeddable":true,"href":"https:\/\/djmusicgeek.com\/cs\/wp-json\/wp\/v2\/users\/2"}],"replies":[{"embeddable":true,"href":"https:\/\/djmusicgeek.com\/cs\/wp-json\/wp\/v2\/comments?post=17352"}],"version-history":[{"count":1,"href":"https:\/\/djmusicgeek.com\/cs\/wp-json\/wp\/v2\/pages\/17352\/revisions"}],"predecessor-version":[{"id":17671,"href":"https:\/\/djmusicgeek.com\/cs\/wp-json\/wp\/v2\/pages\/17352\/revisions\/17671"}],"wp:attachment":[{"href":"https:\/\/djmusicgeek.com\/cs\/wp-json\/wp\/v2\/media?parent=17352"}],"curies":[{"name":"wp","href":"https:\/\/api.w.org\/{rel}","templated":true}]}}