{"id":16637,"date":"2024-06-14T21:53:57","date_gmt":"2024-06-14T21:53:57","guid":{"rendered":"https:\/\/djmusicgeek.com\/best-gaming-top-10-best-gaming-headsets-to-buy-for\/"},"modified":"2026-03-01T13:48:00","modified_gmt":"2026-03-01T13:48:00","slug":"best-gaming-top-10-best-gaming-headsets-to-buy-for","status":"publish","type":"page","link":"https:\/\/djmusicgeek.com\/cs\/best-gaming-top-10-best-gaming-headsets-to-buy-for\/","title":{"rendered":"Top 10 nejlep\u0161\u00edch hern\u00edch sluch\u00e1tek &#8211;"},"content":{"rendered":"","protected":false},"excerpt":{"rendered":"","protected":false},"author":2,"featured_media":0,"parent":0,"menu_order":0,"comment_status":"closed","ping_status":"closed","template":"sales-template.php","meta":{"_acf_changed":false,"footnotes":""},"class_list":["post-16637","page","type-page","status-publish","hentry"],"acf":{"product_2_supplier":"Shopsta","product_2_asin":"","product_3_supplier":"Amazon","product_3_asin":"B07B81D162","product_4_supplier":"Amazon","product_4_asin":"B07PRYFGXG","product_5_supplier":"Amazon","product_5_asin":"B08NTYB4M7","product_6_supplier":"Amazon","product_6_asin":"B07FZVXS8H","product_7_supplier":"Amazon","product_7_asin":"B09GW7NHL4","product_8_supplier":"Amazon","product_8_asin":"B07W5JKB8Z","product_9_supplier":"Amazon","product_9_asin":"","product_10_supplier":"Amazon","product_10_asin":"","exclude_from_search":true,"product_3_url":"","product_3_image_1":"","product_3_image_2":"","product_3_image_3":"","product_price_shortcode":"\u20ac124.99","product_discount_price_shortcode":"\u20ac99.99","product_2_price":"\u20ac124.99","product_2_discount_price":"\u20ac99.99","product_url":"products\/commander-g-series-wireless-edition","product_image_1":"https:\/\/www.shopsta.co.uk\/cdn\/shop\/files\/O1CN01ZcemJx1QlNZq4L8LS__2901482016-0-ampmedia_798x798.jpg?v=1764763575","product_image_2":"https:\/\/www.shopsta.co.uk\/cdn\/shop\/files\/O1CN01IR0kAX1QlNZrMlWQ4__2901482016-0-ampmedia_798x798.jpg?v=1764763575","product_image_3":"https:\/\/www.shopsta.co.uk\/cdn\/shop\/files\/O1CN01ofXqk01QlNZqNuSLV__2901482016-0-ampmedia_798x798.jpg?v=1764763575","product_image_4":"https:\/\/djmusicgeek.com\/wp-content\/uploads\/2025\/12\/commander-top-50.jpeg","product_image_5":"https:\/\/www.shopsta.co.uk\/cdn\/shop\/files\/O1CN01ZcemJx1QlNZq4L8LS__2901482016-0-ampmedia_798x798.jpg?v=1764763575","product_2_url":"products\/somic-g-series-wireless-gaming-headset","product_2_image_1":"https:\/\/djmusicgeek.com\/wp-content\/uploads\/2023\/02\/SOMIC-G760-Wireless-Gamer-Headset-Detachable-Mic-Bluetooth-2-4G-Wired-3in1-Headphone-for-PS5-PS4.jpg_Q90.jpg","product_2_image_2":"https:\/\/djmusicgeek.com\/wp-content\/uploads\/2023\/02\/8c6029491e9d78d6d7c55d6a97d52490_1600x1600_d063843b-7174-45e3-a17a-1f9f816a4166_1360x1360.webp","product_2_image_3":"https:\/\/djmusicgeek.com\/wp-content\/uploads\/2023\/02\/650d93954cd3914c2b7de270df928da5_1600x1600_256d8234-8373-4a0b-8fcc-eed1c89a1b70_1360x1360.webp","product_image_6":"","product_image_7":"","product_image_8":"","language_code":"en","product_name":"S\u00e9rie Commander G","product_type":"Hern\u00ed n\u00e1hlavn\u00ed souprava","product_type_singular":"Hern\u00ed n\u00e1hlavn\u00ed souprava","product_full_name":"S\u00e9rie Commander G - 160 hodin v\u00fddr\u017e baterie - Bezdr\u00e1tov\u00e1 hern\u00ed sluch\u00e1tka se 7.1 prostorov\u00fdm zvukem","bullet_points":"<ul>\n<li>HRU JAKO NIKDY P\u0158EDT\u00cdM: Na\u0161e nejlep\u0161\u00ed bezdr\u00e1tov\u00e1 hern\u00ed n\u00e1hlavn\u00ed souprava s neuv\u011b\u0159iteln\u00fdm sm\u011brov\u00fdm zvukem a \u00fa\u017easn\u00fdm komfortem.<\/li>\n<li>VESTAV\u011aN\u00dd 7.1 PROSTOROV\u00dd ZVUK: U\u017eij si skv\u011bl\u00fd, vyv\u00e1\u017een\u00fd 7.1 prostorov\u00fd zvuk s hern\u00edmi sluch\u00e1tky Commander G Series.<\/li>\n<li>DLOUH\u00c1 V\u00ddDR\u017d BATERIE: Obrovsk\u00e1 baterie s v\u00fddr\u017e\u00ed v\u00edce ne\u017e 160 hodin a bezdr\u00e1tov\u00e9 zpo\u017ed\u011bn\u00ed 20 ms v\u00e1m poskytnou efektivn\u00ed zvuk v \u201ere\u00e1ln\u00e9m \u010dase\u201c.<\/li>\n<li>PROFESION\u00c1LN\u00cd 50MM REPRODUKTORY: Obrovsk\u00e9, 50milimetrov\u00e9 reproduktory v kombinaci s neodymov\u00fdmi magnety poskytuj\u00ed profesion\u00e1ln\u00ed studiovou kvalitu zvuku se siln\u00fdmi basy, \u010dist\u00fdmi vok\u00e1ly a v\u00fdrazn\u00fdmi n\u00edzk\u00fdmi, st\u0159edn\u00edmi a vysok\u00fdmi t\u00f3ny, kter\u00e9 vytv\u00e1\u0159ej\u00ed dokonale vyv\u00e1\u017een\u00fd zvuk.<\/li>\n<li>3 HERN\u00cd RE\u017dIMY: Vyberte si ten spr\u00e1vn\u00fd re\u017eim pro v\u00e1s, d\u00edky hern\u00edmu re\u017eimu, filmov\u00e9mu re\u017eimu a hudebn\u00edmu re\u017eimu si m\u016f\u017eete vybrat nejlep\u0161\u00ed EQ, kter\u00fd bude vyhovovat va\u0161emu hern\u00edmu stylu.<\/li>\n<li>VLASTN\u00cd ZVUKOV\u00dd \u010cIP: D\u00edky vlastn\u00ed virtu\u00e1ln\u00ed zvukov\u00e9 jednotce GS 7.1 je sledov\u00e1n\u00ed krok\u016f nep\u0159\u00edtele ve hr\u00e1ch, jako je Call of Duty, snaz\u0161\u00ed ne\u017e kdykoli p\u0159edt\u00edm. Tento vlastn\u00ed \u010dip zaji\u0161\u0165uje p\u0159esnost zvuku ve v\u0161ech sm\u011brech, co\u017e v\u00e1m ve h\u0159e poskytne nov\u00e9 v\u00fdhody. <\/li>\n<li>KOMPATIBILN\u00cd SE V\u0160EMI KONZOLEMI: Funguje bezdr\u00e1tov\u011b s PS5, PS4, PC a Mac. Pro Xbox a dal\u0161\u00ed za\u0159\u00edzen\u00ed pou\u017eijte 3,5mm konektor pro sluch\u00e1tka. <\/li>\n<li>K\u0158I\u0160\u0164\u00c1LOV\u011a \u010cIST\u00dd MIKROFON: Vytvo\u0159en speci\u00e1ln\u011b pro hran\u00ed her se 160\u00b0 oto\u010dn\u00fdm ramenem, kter\u00e9 po um\u00edst\u011bn\u00ed z\u016fstane na m\u00edst\u011b. Tento mikrofon s potla\u010den\u00edm \u0161umu v\u00e1m umo\u017en\u00ed b\u00fdt jasn\u011b sly\u0161et i p\u0159i siln\u00e9m hluku v pozad\u00ed. <\/li>\n<\/ul>\n","features":"<p>7.1 Virtu\u00e1ln\u00ed prostorov\u00fd zvuk<br \/>\nPolstrov\u00e1n\u00ed u\u0161\u00ed pro pohodln\u00e9 dlouh\u00e9 hran\u00ed<br \/>\n\u010cist\u00fd mikrofon pro chat<br \/>\nFlexibiln\u00ed nastaviteln\u00fd odn\u00edmateln\u00fd mikrofon<br \/>\nObrovsk\u00e1 160+ hodinov\u00e1 v\u00fddr\u017e baterie<br \/>\nVelk\u00e9 50mm dynamick\u00e9 reproduktory<br \/>\nBezdr\u00e1tov\u00e9 2,4GHz p\u0159ipojen\u00ed<br \/>\nFunguj\u00ed jako sluch\u00e1tka pro hudbu<\/p>\n","rating":"9.8","intro_text":"<p>Tady v DJ Music Geek jsme posedl\u00ed v\u0161\u00edm, co se t\u00fdk\u00e1 zvuku. Kombinac\u00ed posedlosti zvukem a l\u00e1sky ke hran\u00ed jsme otestovali nejlep\u0161\u00ed hern\u00ed sluch\u00e1tka dostupn\u00e1 na trhu ke koupi pro rok 2026. Hern\u00ed sluch\u00e1tka jsou nyn\u00ed velmi d\u016fle\u017eitou sou\u010d\u00e1st\u00ed hran\u00ed, kde jsou obrovsk\u00e9 v\u00fdhody vlastnictv\u00ed vysoce kvalitn\u00edch hern\u00edch sluch\u00e1tek. Nyn\u00ed jsou z\u00e1sadn\u00ed sou\u010d\u00e1st\u00ed \u00fasp\u011bchu v hr\u00e1ch jako Call of Duty, Battlefield, CS:GO, PUBG a Rainbow Six, abychom jmenovali jen n\u011bkolik.   <\/p>\n<p>S lep\u0161\u00ed n\u00e1hlavn\u00ed soupravou z\u00edsk\u00e1te v\u00fdhodu nad sv\u00fdmi konkurenty a budete je l\u00e9pe sly\u0161et i na v\u011bt\u0161\u00ed vzd\u00e1lenost. Nejen to, snadn\u00e1 komunikace s p\u0159\u00e1teli a pohodl\u00ed jsou dal\u0161\u00edmi d\u016fle\u017eit\u00fdmi faktory, kter\u00e9 je t\u0159eba zv\u00e1\u017eit. V tomto pr\u016fvodci v\u00e1m doporu\u010d\u00edme n\u011bkolik nejpreferovan\u011bj\u0161\u00edch, nejkvalitn\u011bj\u0161\u00edch, nejpohodln\u011bj\u0161\u00edch a nejlep\u0161\u00edch n\u00e1hlavn\u00edch souprav, kter\u00e9 si m\u016f\u017eete vybrat.  <\/p>\n","text_after_product_box":"<p>Tak pro\u010d je Commander G Series nejlep\u0161\u00ed volbou ze v\u0161ech n\u00e1hlavn\u00edch souprav, kter\u00e9 jsme testovali? Za prv\u00e9, prostorov\u00e9 zvukov\u00e9 schopnosti t\u00e9to soupravy byly nejlep\u0161\u00ed ze v\u0161ech na\u0161ich test\u016f. Testovali jsme n\u00e1hlavn\u00ed soupravy pomoc\u00ed nejnov\u011bj\u0161\u00edho Call of Duty, abychom zjistili, jak snadno m\u016f\u017eeme ur\u010dit polohu nep\u0159\u00e1tel. Jasn\u011b sly\u0161\u00edte sm\u011brov\u00fd zvuk, kter\u00fd v\u00e1m pom\u00e1h\u00e1 ur\u010dit nep\u0159\u00e1tele je\u0161t\u011b p\u0159edt\u00edm, ne\u017e je uvid\u00edte. Kvalita zvuku je v\u00fdjime\u010dn\u00e1 a zjistili jsme, \u017ee vyhr\u00e1v\u00e1me v\u00edce her.    <\/p>\n<p>Nov\u00e1 s\u00e9rie Commander G je pr\u00e9miov\u00e1 \u0159ada \u0161pi\u010dkov\u00fdch hern\u00edch sluch\u00e1tek se 160 hodinami 2,4GHz bezdr\u00e1tov\u00e9ho hran\u00ed na jedno nabit\u00ed. Odstra\u0148uje pot\u0159ebu kabel\u016f spojuj\u00edc\u00edch t\u011b s konzol\u00ed nebo PC a poskytuje bezdr\u00e1tov\u00e9 hran\u00ed nov\u00e9 generace na 2,4 GHz. Lehk\u00e1 a super pohodln\u00e1, maj\u00ed v\u0161e, co bys mohl o\u010dek\u00e1vat od vysoce v\u00fdkonn\u00fdch sluch\u00e1tek. Vylep\u0161en\u00e1 jednotka virtu\u00e1ln\u00edho 7.1 prostorov\u00e9ho zvuku s aktualizovan\u00fdmi ovlada\u010di posouv\u00e1 v\u011bci skute\u010dn\u011b na dal\u0161\u00ed \u00farove\u0148. Nejlep\u0161\u00ed v\u011bc na s\u00e9rii G je cena. Vzhledem k tomu, \u017ee podobn\u00e1 sluch\u00e1tka stoj\u00ed p\u0159es 150 \u20ac, doporu\u010dili bychom tento model p\u0159ed ostatn\u00edmi, proto\u017ee se zbav\u00ed\u0161 kabel\u016f, z\u00edsk\u00e1\u0161 neuv\u011b\u0159itelnou 160+ hodinovou baterii a tak\u00e9 m\u00e1\u0161 vylep\u0161en\u00fd zvuk.     <\/p>\n<p>Hodnot\u00edme je jako nejlep\u0161\u00ed bezdr\u00e1tov\u00e1 sluch\u00e1tka ke koupi v roce 2026.<\/p>\n<h2 class=\"\">P\u0159ehled produkt\u016f:<\/h2>\n<p>Tak pro\u010d je Commander G Series nejlep\u0161\u00ed volbou ze v\u0161ech sluch\u00e1tek, kter\u00e1 jsme testovali? Zde je 5 d\u016fvod\u016f, pro\u010d si mysl\u00edme, \u017ee G byla nejlep\u0161\u00ed: <\/p>\n<p><strong>1)<\/strong> Za prv\u00e9, prostorov\u00e9 zvukov\u00e9 schopnosti t\u00e9to soupravy byly nejlep\u0161\u00ed ze v\u0161ech na\u0161ich test\u016f. Testovali jsme n\u00e1hlavn\u00ed soupravy pomoc\u00ed nejnov\u011bj\u0161\u00edho Call of Duty, abychom zjistili, jak snadno m\u016f\u017eeme ur\u010dit polohu nep\u0159\u00e1tel. Jasn\u011b sly\u0161\u00edte sm\u011brov\u00fd zvuk, kter\u00fd v\u00e1m pom\u00e1h\u00e1 ur\u010dit nep\u0159\u00e1tele je\u0161t\u011b p\u0159edt\u00edm, ne\u017e je uvid\u00edte.  <\/p>\n<p><strong>2)<\/strong> \u0158ada G je opravdu pohodln\u00e1. P\u0159i na\u0161em n\u011bkolikan\u00e1sobn\u00e9m \u0161estihodinov\u00e9m testov\u00e1n\u00ed jsme nezaznamenali \u017e\u00e1dn\u00e9 skute\u010dn\u00e9 nepohodl\u00ed. Netla\u010d\u00ed na hlav\u011b, ale naopak na n\u00ed sed\u00ed opravdu p\u0159\u00edjemn\u011b a pohodln\u011b. Sluch\u00e1tka G jsou dob\u0159e polstrovan\u00e1 na u\u0161\u00edch a p\u011bkn\u011b sed\u00ed na temeni hlavy.   <\/p>\n<p><strong>3)<\/strong> Dal\u0161\u00ed skv\u011blou funkc\u00ed, kterou zabudovali do \u0159ady G, je nastaven\u00ed bez ovlada\u010de. Sta\u010d\u00ed p\u0159ipojit bezdr\u00e1tov\u00fd USB kl\u00ed\u010d a m\u016f\u017eete za\u010d\u00edt s plnohodnotn\u00fdm 7.1 virtu\u00e1ln\u00edm prostorov\u00fdm zvukem. Nen\u00ed t\u0159eba instalovat slo\u017eit\u00e9 ovlada\u010de a z\u00e1platy. Sta\u010d\u00ed p\u0159ipojit a spustit.   <\/p>\n","why_the_best_text":"<p>V na\u0161ich testech jsme zjistili, \u017ee vy\u0161\u0161\u00ed cena ne v\u017edy znamen\u00e1 vy\u0161\u0161\u00ed kvalitu. N\u011bkter\u00e9 zn\u00e1m\u011bj\u0161\u00ed zna\u010dky jako SteelSeries, Astro a Logtiech skute\u010dn\u011b vyr\u00e1b\u011bly velmi dobr\u00e9 n\u00e1hlavn\u00ed soupravy, ale jejich cena byla dvojn\u00e1sobn\u00e1 nebo trojn\u00e1sobn\u00e1 oproti Commander G Series. P\u0159i srovn\u00e1n\u00ed v\u011bc\u00ed jako pohodl\u00ed, jasnost prostorov\u00e9ho zvuku a celkov\u00e9 funkce jsme zjistili, \u017ee celkov\u011b Commander G Series vy\u0161el na vrchol s nejvy\u0161\u0161\u00edm celkov\u00fdm hodnocen\u00edm na z\u00e1klad\u011b na\u0161ich 6 hlavn\u00edch faktor\u016f: zvuk, pohodl\u00ed, v\u00fddr\u017e baterie, spolehlivost, konektivita a cena.  <\/p>\n","reviews_text":"<p>Je d\u016fle\u017eit\u00e9 pod\u00edvat se na to, co vy\u017eaduje skv\u011bl\u00e1 hern\u00ed n\u00e1hlavn\u00ed souprava. P\u0159i\u0161li jsme s 6 nezbytn\u00fdmi n\u00e1le\u017eitostmi pro ka\u017edou n\u00e1hlavn\u00ed soupravu, kter\u00e9 je t\u0159eba zv\u00e1\u017eit: <\/p>\n<p>1) Skv\u011bl\u00fd zvuk &#8211; bez t\u00e9to z\u00e1kladn\u00ed sou\u010d\u00e1sti se neobejdeme!<br \/>\n2) Pohodl\u00ed &#8211; m\u016f\u017eeme hr\u00e1t hodiny bez jak\u00e9hokoli nepohodl\u00ed<br \/>\n3) V\u00fddr\u017e baterie &#8211; jak dlouho vydr\u017e\u00ed baterie, kdy\u017e je bezdr\u00e1tov\u00e1?<br \/>\n4) Spolehlivost &#8211; mus\u00edm se ob\u00e1vat o kvalitu proveden\u00ed?<br \/>\n5) P\u0159ipojen\u00ed &#8211; jak snadno se p\u0159ipojuje?<br \/>\n6) Cena &#8211; je cenov\u011b dostupn\u00e1, nebo p\u0159epl\u00e1c\u00edm?<\/p>\n<p>V\u00fd\u0161e uveden\u00e1 sluch\u00e1tka jsme recenzovali a se\u0159adili na z\u00e1klad\u011b t\u011bchto faktor\u016f. Pokryt\u00ed v\u0161ech aspekt\u016f je d\u016fle\u017eit\u00e9 p\u0159i v\u00fdb\u011bru sluch\u00e1tek, proto\u017ee sta\u010d\u00ed, aby t\u011b zklamal jeden aspekt, a zkaz\u00ed ti to cel\u00fd z\u00e1\u017eitek. Celkov\u011b je na\u0161\u00ed nejlep\u0161\u00ed volbou Commander G Series.  <\/p>\n","top_pick_box_text":"<p>Pokud jde o hern\u00ed sluch\u00e1tka, chce\u0161 v\u0161echny funkce zabalen\u00e9 do skv\u011bl\u00e9ho designu. Commander G Series podle na\u0161eho n\u00e1zoru poskytuje v\u0161e, co bys mohl cht\u00edt od bezdr\u00e1tov\u00fdch hern\u00edch sluch\u00e1tek, za fenomen\u00e1ln\u00ed cenu. <\/p>\n<p>D\u00edky vysok\u00e9 kvalit\u011b proveden\u00ed, skv\u011bl\u00e9 v\u00fddr\u017ei baterie, mimo\u0159\u00e1dn\u011b spolehliv\u00e9mu p\u0159ipojen\u00ed a kompatibilit\u011b se v\u0161emi konzolemi hodnot\u00edme \u0159adu G zn\u00e1mkou 9,8 z 10.<\/p>\n<p>Po p\u0159ibli\u017en\u011b 5 m\u011bs\u00edc\u00edch ka\u017edodenn\u00edho pou\u017e\u00edv\u00e1n\u00ed si nedok\u00e1\u017eeme p\u0159edstavit, \u017ee bychom v dohledn\u00e9 dob\u011b p\u0159e\u0161li na jin\u00fd p\u0159\u00edstroj.<\/p>\n<p>Z\u00edskej dopravu zdarma p\u0159i n\u00e1kupu na Shopsta.<\/p>\n","bottom_text":"<p>Commander G Series m\u00e1 obrovsk\u00e9 50mm dynamick\u00e9 reproduktory, co\u017e je v\u00edce ne\u017e dost pro pr\u016fm\u011brn\u00e9ho u\u017eivatele. P\u0159i pln\u00e9 hlasitosti by sluch\u00e1tka mohla b\u00fdt pova\u017eov\u00e1na za p\u0159\u00edli\u0161 hlasit\u00e1.  To je skv\u011bl\u00e9, proto\u017ee si m\u016f\u017eete p\u0159izp\u016fsobit zvukov\u00fd v\u00fdstup podle sv\u00e9ho nastaven\u00ed. S dal\u0161\u00edmi funkcemi, jako je pohodln\u00e9 polstrov\u00e1n\u00ed u\u0161\u00ed, 160hodinov\u00e1 baterie a 3 hern\u00ed EQ re\u017eimy, Commander G Series rozhodn\u011b umo\u017e\u0148uje dokonal\u00fd hern\u00ed z\u00e1\u017eitek. Pokud se rozhodnete pro tuto jednotku, ujist\u011bte se, \u017ee z\u00edsk\u00e1te 20% slevu z maloobchodn\u00ed ceny, kdy\u017e pou\u017eijete slevov\u00fd k\u00f3d p\u0159i pokladn\u011b. D\u011bkujeme, \u017ee jste si p\u0159e\u010detli na\u0161e recenze v\u00fd\u0161e, a douf\u00e1me, \u017ee jsme v\u00e1m pomohli naj\u00edt spr\u00e1vnou n\u00e1hlavn\u00ed soupravu, kter\u00e1 vyhovuje va\u0161im pot\u0159eb\u00e1m.   <\/p>\n","product_2_full_name":"SOMiC G Series - Bezdr\u00e1tov\u00e1 7.1 hern\u00ed sluch\u00e1tka s odn\u00edmateln\u00fdm mikrofonem","product_2_bullet_points":"<ul>\n<li>NEJLEP\u0160\u00cd DOSTUPN\u00c1 HERN\u00cd SLUCH\u00c1TKA: SOMiC G Series jsou nejprod\u00e1van\u011bj\u0161\u00ed sluch\u00e1tka zn\u00e1m\u00e1 sv\u00fdm v\u00fdkonem a designem.<\/li>\n<li>VESTAV\u011aN\u00dd 7.1 PROSTOROV\u00dd ZVUK: U\u017eij si skv\u011bl\u00fd, vyv\u00e1\u017een\u00fd 7.1 prostorov\u00fd zvuk s hern\u00edmi sluch\u00e1tky SOMiC G.<\/li>\n<li>PROFESION\u00c1LN\u00cd 50MM REPRODUKTORY: Obrovsk\u00e9, 50milimetrov\u00e9 reproduktory v kombinaci s neodymov\u00fdmi magnety poskytuj\u00ed profesion\u00e1ln\u00ed studiovou kvalitu zvuku se siln\u00fdmi basy, \u010dist\u00fdmi vok\u00e1ly a v\u00fdrazn\u00fdmi n\u00edzk\u00fdmi, st\u0159edn\u00edmi a vysok\u00fdmi t\u00f3ny, kter\u00e9 vytv\u00e1\u0159ej\u00ed dokonale vyv\u00e1\u017een\u00fd zvuk.<\/li>\n<li>3 HERN\u00cd RE\u017dIMY: Vyberte si ten spr\u00e1vn\u00fd re\u017eim pro v\u00e1s, d\u00edky hern\u00edmu re\u017eimu, filmov\u00e9mu re\u017eimu a hudebn\u00edmu re\u017eimu si m\u016f\u017eete vybrat nejlep\u0161\u00ed EQ, kter\u00fd bude vyhovovat va\u0161emu hern\u00edmu stylu.<\/li>\n<li>P\u0158IZP\u016eSOBEN\u00dd ZVUKOV\u00dd \u010cIP: Vlastn\u00ed jednotka virtu\u00e1ln\u00edho prostorov\u00e9ho zvuku 7.1 \u0159ady G umo\u017e\u0148uje sledovat kroky nep\u0159\u00e1tel ve hr\u00e1ch, jako je Call of Duty, snadn\u011bji ne\u017e kdykoli p\u0159edt\u00edm. Tento vlastn\u00ed \u010dip poskytuje p\u0159esnost zvuku ve v\u0161ech sm\u011brech, co\u017e v\u00e1m ve h\u0159e poskytne nov\u00e9 v\u00fdhody. <\/li>\n<li>KOMPATIBILN\u00cd SE V\u0160EMI KONZOLEMI: Funguje s PS5, PS4, PC a Mac p\u0159es USB. Pro Xbox a dal\u0161\u00ed za\u0159\u00edzen\u00ed pou\u017eijte 3,5mm konektor pro sluch\u00e1tka. <\/li>\n<li>K\u0158I\u0160\u0164\u00c1LOV\u011a \u010cIST\u00dd MIKROFON: Vytvo\u0159en speci\u00e1ln\u011b pro hran\u00ed her se 160\u00b0 oto\u010dn\u00fdm ramenem, kter\u00e9 po um\u00edst\u011bn\u00ed z\u016fstane na m\u00edst\u011b. Tento mikrofon s potla\u010den\u00edm \u0161umu v\u00e1m umo\u017en\u00ed b\u00fdt jasn\u011b sly\u0161et i p\u0159i siln\u00e9m hluku v pozad\u00ed. <\/li>\n<\/ul>\n","text_after_product_box_2":"<p><strong>4)<\/strong> Mikrofon je k\u0159i\u0161\u0165\u00e1lov\u011b \u010dist\u00fd, m\u00e1 dokonce du\u00e1ln\u00ed mikrofon s potla\u010den\u00edm \u0161umu, kter\u00fd je um\u00edst\u011bn na vn\u011bj\u0161\u00ed stran\u011b n\u00e1u\u0161n\u00edku, aby poslouchal hluk v pozad\u00ed a eliminoval ho z hlasov\u00e9ho chatu ve h\u0159e.<\/p>\n<p><strong>5)<\/strong> V\u00fddr\u017e baterie je d\u016fle\u017eit\u00fdm faktorem u bezdr\u00e1tov\u00fdch sluch\u00e1tek, tak\u017ee je nejlep\u0161\u00ed vybrat si sluch\u00e1tka s dostate\u010dnou kapacitou. Commander G Series vynik\u00e1 jako jedna z nejlep\u0161\u00edch sluch\u00e1tek, co se t\u00fd\u010de v\u00fddr\u017ee baterie. Obrovsk\u00fdch 160+ pln\u00fdch hodin bez nab\u00edjen\u00ed. S\u00e1m jsem to testoval a v\u011b\u0159\u00edm, \u017ee ve skute\u010dnosti vydr\u017eela d\u00e9le ne\u017e tento ofici\u00e1ln\u00ed \u00fadaj. Ale i tak je 160 hodin velmi dlouh\u00e1 doba bez pot\u0159eby dob\u00edjen\u00ed a dal\u0161\u00ed skv\u011blou funkc\u00ed je, \u017ee m\u016f\u017ee\u0161 nab\u00edjet a hr\u00e1t sou\u010dasn\u011b, co\u017e je p\u0159\u00edjemn\u00e9.    <\/p>\n","product_2_full_name_new":"SOMiC G Series - Bezdr\u00e1tov\u00e1 7.1 hern\u00ed sluch\u00e1tka s odn\u00edmateln\u00fdm mikrofonem"},"yoast_head":"<!-- This site is optimized with the Yoast SEO plugin v27.3 - https:\/\/yoast.com\/product\/yoast-seo-wordpress\/ -->\n<title>Top 10 nejlep\u0161\u00edch hern\u00edch sluch\u00e1tek - DJ Music Geek<\/title>\n<meta name=\"robots\" content=\"index, follow, max-snippet:-1, max-image-preview:large, max-video-preview:-1\" \/>\n<link rel=\"canonical\" href=\"https:\/\/djmusicgeek.com\/cs\/best-gaming-top-10-best-gaming-headsets-to-buy-for\/\" \/>\n<meta property=\"og:locale\" content=\"cs_CZ\" \/>\n<meta property=\"og:type\" content=\"article\" \/>\n<meta property=\"og:title\" content=\"Top 10 nejlep\u0161\u00edch hern\u00edch sluch\u00e1tek - DJ Music Geek\" \/>\n<meta property=\"og:url\" content=\"https:\/\/djmusicgeek.com\/cs\/best-gaming-top-10-best-gaming-headsets-to-buy-for\/\" \/>\n<meta property=\"og:site_name\" content=\"DJ Music Geek\" \/>\n<meta property=\"article:modified_time\" content=\"2026-03-01T13:48:00+00:00\" \/>\n<meta name=\"twitter:card\" content=\"summary_large_image\" \/>\n<script type=\"application\/ld+json\" class=\"yoast-schema-graph\">{\"@context\":\"https:\\\/\\\/schema.org\",\"@graph\":[{\"@type\":\"WebPage\",\"@id\":\"https:\\\/\\\/djmusicgeek.com\\\/cs\\\/best-gaming-top-10-best-gaming-headsets-to-buy-for\\\/\",\"url\":\"https:\\\/\\\/djmusicgeek.com\\\/cs\\\/best-gaming-top-10-best-gaming-headsets-to-buy-for\\\/\",\"name\":\"Top 10 nejlep\u0161\u00edch hern\u00edch sluch\u00e1tek - DJ Music Geek\",\"isPartOf\":{\"@id\":\"https:\\\/\\\/djmusicgeek.com\\\/#website\"},\"datePublished\":\"2024-06-14T21:53:57+00:00\",\"dateModified\":\"2026-03-01T13:48:00+00:00\",\"breadcrumb\":{\"@id\":\"https:\\\/\\\/djmusicgeek.com\\\/cs\\\/best-gaming-top-10-best-gaming-headsets-to-buy-for\\\/#breadcrumb\"},\"inLanguage\":\"cs\",\"potentialAction\":[{\"@type\":\"ReadAction\",\"target\":[\"https:\\\/\\\/djmusicgeek.com\\\/cs\\\/best-gaming-top-10-best-gaming-headsets-to-buy-for\\\/\"]}]},{\"@type\":\"BreadcrumbList\",\"@id\":\"https:\\\/\\\/djmusicgeek.com\\\/cs\\\/best-gaming-top-10-best-gaming-headsets-to-buy-for\\\/#breadcrumb\",\"itemListElement\":[{\"@type\":\"ListItem\",\"position\":1,\"name\":\"Dom\u016f\",\"item\":\"https:\\\/\\\/djmusicgeek.com\\\/\"},{\"@type\":\"ListItem\",\"position\":2,\"name\":\"Top 10 nejlep\u0161\u00edch hern\u00edch sluch\u00e1tek &#8211;\"}]},{\"@type\":\"WebSite\",\"@id\":\"https:\\\/\\\/djmusicgeek.com\\\/#website\",\"url\":\"https:\\\/\\\/djmusicgeek.com\\\/\",\"name\":\"DJ Music Geek\",\"description\":\"\",\"potentialAction\":[{\"@type\":\"SearchAction\",\"target\":{\"@type\":\"EntryPoint\",\"urlTemplate\":\"https:\\\/\\\/djmusicgeek.com\\\/?s={search_term_string}\"},\"query-input\":{\"@type\":\"PropertyValueSpecification\",\"valueRequired\":true,\"valueName\":\"search_term_string\"}}],\"inLanguage\":\"cs\"}]}<\/script>\n<!-- \/ Yoast SEO plugin. -->","yoast_head_json":{"title":"Top 10 nejlep\u0161\u00edch hern\u00edch sluch\u00e1tek - DJ Music Geek","robots":{"index":"index","follow":"follow","max-snippet":"max-snippet:-1","max-image-preview":"max-image-preview:large","max-video-preview":"max-video-preview:-1"},"canonical":"https:\/\/djmusicgeek.com\/cs\/best-gaming-top-10-best-gaming-headsets-to-buy-for\/","og_locale":"cs_CZ","og_type":"article","og_title":"Top 10 nejlep\u0161\u00edch hern\u00edch sluch\u00e1tek - DJ Music Geek","og_url":"https:\/\/djmusicgeek.com\/cs\/best-gaming-top-10-best-gaming-headsets-to-buy-for\/","og_site_name":"DJ Music Geek","article_modified_time":"2026-03-01T13:48:00+00:00","twitter_card":"summary_large_image","schema":{"@context":"https:\/\/schema.org","@graph":[{"@type":"WebPage","@id":"https:\/\/djmusicgeek.com\/cs\/best-gaming-top-10-best-gaming-headsets-to-buy-for\/","url":"https:\/\/djmusicgeek.com\/cs\/best-gaming-top-10-best-gaming-headsets-to-buy-for\/","name":"Top 10 nejlep\u0161\u00edch hern\u00edch sluch\u00e1tek - DJ Music Geek","isPartOf":{"@id":"https:\/\/djmusicgeek.com\/#website"},"datePublished":"2024-06-14T21:53:57+00:00","dateModified":"2026-03-01T13:48:00+00:00","breadcrumb":{"@id":"https:\/\/djmusicgeek.com\/cs\/best-gaming-top-10-best-gaming-headsets-to-buy-for\/#breadcrumb"},"inLanguage":"cs","potentialAction":[{"@type":"ReadAction","target":["https:\/\/djmusicgeek.com\/cs\/best-gaming-top-10-best-gaming-headsets-to-buy-for\/"]}]},{"@type":"BreadcrumbList","@id":"https:\/\/djmusicgeek.com\/cs\/best-gaming-top-10-best-gaming-headsets-to-buy-for\/#breadcrumb","itemListElement":[{"@type":"ListItem","position":1,"name":"Dom\u016f","item":"https:\/\/djmusicgeek.com\/"},{"@type":"ListItem","position":2,"name":"Top 10 nejlep\u0161\u00edch hern\u00edch sluch\u00e1tek &#8211;"}]},{"@type":"WebSite","@id":"https:\/\/djmusicgeek.com\/#website","url":"https:\/\/djmusicgeek.com\/","name":"DJ Music Geek","description":"","potentialAction":[{"@type":"SearchAction","target":{"@type":"EntryPoint","urlTemplate":"https:\/\/djmusicgeek.com\/?s={search_term_string}"},"query-input":{"@type":"PropertyValueSpecification","valueRequired":true,"valueName":"search_term_string"}}],"inLanguage":"cs"}]}},"_links":{"self":[{"href":"https:\/\/djmusicgeek.com\/cs\/wp-json\/wp\/v2\/pages\/16637","targetHints":{"allow":["GET"]}}],"collection":[{"href":"https:\/\/djmusicgeek.com\/cs\/wp-json\/wp\/v2\/pages"}],"about":[{"href":"https:\/\/djmusicgeek.com\/cs\/wp-json\/wp\/v2\/types\/page"}],"author":[{"embeddable":true,"href":"https:\/\/djmusicgeek.com\/cs\/wp-json\/wp\/v2\/users\/2"}],"replies":[{"embeddable":true,"href":"https:\/\/djmusicgeek.com\/cs\/wp-json\/wp\/v2\/comments?post=16637"}],"version-history":[{"count":2,"href":"https:\/\/djmusicgeek.com\/cs\/wp-json\/wp\/v2\/pages\/16637\/revisions"}],"predecessor-version":[{"id":16691,"href":"https:\/\/djmusicgeek.com\/cs\/wp-json\/wp\/v2\/pages\/16637\/revisions\/16691"}],"wp:attachment":[{"href":"https:\/\/djmusicgeek.com\/cs\/wp-json\/wp\/v2\/media?parent=16637"}],"curies":[{"name":"wp","href":"https:\/\/api.w.org\/{rel}","templated":true}]}}