{"id":12773,"date":"2024-06-14T21:53:57","date_gmt":"2024-06-14T21:53:57","guid":{"rendered":"https:\/\/djmusicgeek.com\/best-gaming-top-10-meilleurs-casques-de-jeu-a-acheter-pour\/"},"modified":"2026-03-01T13:48:02","modified_gmt":"2026-03-01T13:48:02","slug":"best-gaming-top-10-meilleurs-casques-de-jeu-a-acheter-pour","status":"publish","type":"page","link":"https:\/\/djmusicgeek.com\/be-fr\/best-gaming-top-10-meilleurs-casques-de-jeu-a-acheter-pour\/","title":{"rendered":"Top 10 des meilleurs casques de jeu &#8211;"},"content":{"rendered":"","protected":false},"excerpt":{"rendered":"","protected":false},"author":2,"featured_media":0,"parent":0,"menu_order":0,"comment_status":"closed","ping_status":"closed","template":"sales-template.php","meta":{"_acf_changed":true,"footnotes":""},"class_list":["post-12773","page","type-page","status-publish","hentry"],"acf":{"product_3_supplier":"Amazon","product_4_supplier":"Amazon","product_5_supplier":"Amazon","product_6_supplier":"Amazon","product_7_supplier":"Amazon","product_8_supplier":"Amazon","product_9_supplier":"Amazon","product_10_supplier":"Amazon","product_3_url":"","exclude_from_search":true,"product_2_supplier":"Shopsta","product_price_shortcode":"\u20ac124.99","product_discount_price_shortcode":"\u20ac99.99","product_3_asin":"B07B81D162","product_4_asin":"B07PRYFGXG","product_5_asin":"B08NTYB4M7","product_6_asin":"B07FZVXS8H","product_7_asin":"B09GW7NHL4","product_8_asin":"B07W5JKB8Z","product_2_price":"\u20ac134.95","product_2_discount_price":"\u20ac107.96","text_before_product_box":"","product_2_asin":"","product_2_shortcode":"","product_2_text_after":"","product_3_full_name":"","product_3_full_name_new":"","product_3_shortcode":"","product_3_text_after":"","product_4_full_name":"","product_4_full_name_new":"","product_4_shortcode":"","product_4_text_after":"","product_5_full_name":"","product_5_full_name_new":"","product_5_shortcode":"","product_5_text_after":"","product_6_full_name":"","product_6_full_name_new":"","product_6_shortcode":"","product_6_text_after":"","product_7_full_name":"","product_7_full_name_new":"","product_7_shortcode":"","product_7_text_after":"","product_8_full_name":"","product_8_full_name_new":"","product_8_shortcode":"","product_8_text_after":"","product_9_full_name":"","product_9_full_name_new":"","product_9_asin":"","product_9_text_after":"","product_9_shortcode":"","product_10_full_name":"","product_10_asin":"","product_10_shortcode":"","product_10_text_after":"","product_3_bullet_points":"","product_3_image_1":"","product_3_image_2":"","product_3_image_3":"","product_url":"products\/commander-g-series-wireless-edition","product_image_1":"https:\/\/www.shopsta.co.uk\/cdn\/shop\/files\/O1CN01ZcemJx1QlNZq4L8LS__2901482016-0-ampmedia_798x798.jpg?v=1764763575","product_image_2":"https:\/\/www.shopsta.co.uk\/cdn\/shop\/files\/O1CN01IR0kAX1QlNZrMlWQ4__2901482016-0-ampmedia_798x798.jpg?v=1764763575","product_image_3":"https:\/\/www.shopsta.co.uk\/cdn\/shop\/files\/O1CN01ofXqk01QlNZqNuSLV__2901482016-0-ampmedia_798x798.jpg?v=1764763575","product_image_4":"https:\/\/djmusicgeek.com\/wp-content\/uploads\/2025\/12\/commander-top-50.jpeg","product_image_5":"https:\/\/www.shopsta.co.uk\/cdn\/shop\/files\/O1CN01ZcemJx1QlNZq4L8LS__2901482016-0-ampmedia_798x798.jpg?v=1764763575","product_2_url":"products\/somic-g-series-wireless-gaming-headset","product_2_image_1":"https:\/\/djmusicgeek.com\/wp-content\/uploads\/2023\/02\/SOMIC-G760-Wireless-Gamer-Headset-Detachable-Mic-Bluetooth-2-4G-Wired-3in1-Headphone-for-PS5-PS4.jpg_Q90.jpg","product_2_image_2":"https:\/\/djmusicgeek.com\/wp-content\/uploads\/2023\/02\/8c6029491e9d78d6d7c55d6a97d52490_1600x1600_d063843b-7174-45e3-a17a-1f9f816a4166_1360x1360.webp","product_2_image_3":"https:\/\/djmusicgeek.com\/wp-content\/uploads\/2023\/02\/650d93954cd3914c2b7de270df928da5_1600x1600_256d8234-8373-4a0b-8fcc-eed1c89a1b70_1360x1360.webp","product_image_6":"","product_image_7":"","product_image_8":"","language_code":"be_fr","product_name":"Commander S\u00e9rie G","product_type":"Casque de jeu","product_type_singular":"Casque de jeu","product_full_name":"Casque de jeu sans fil Commander S\u00e9rie G - Batterie de 160 heures - Son surround 7.1","bullet_points":"<ul>\n<li>JOUEZ COMME JAMAIS AUPARAVANT : Il s&#8217;agit sans conteste de notre meilleur choix de casque de jeu sans fil, avec un son directionnel incroyable et un confort exceptionnel.<\/li>\n<li>SON SURROUND 7.1 INT\u00c9GR\u00c9 : Profitez d&#8217;un son surround 7.1 superbe et \u00e9quilibr\u00e9 avec le casque gaming Commander S\u00e9rie G.<\/li>\n<li>LONGUE AUTONOMIE : Une \u00e9norme batterie de plus de 160 heures et un d\u00e9lai sans fil de 20 ms vous offrent un son en \u00ab temps r\u00e9el \u00bb efficace.<\/li>\n<li>HAUT-PARLEURS PROFESSIONNELS DE 50 MM : Les \u00e9normes haut-parleurs de 50 millim\u00e8tres combin\u00e9s \u00e0 des aimants en n\u00e9odyme offrent une qualit\u00e9 sonore de studio professionnelle avec des basses puissantes, des voix claires et des tons graves, moyens et aigus nets pour former un son parfaitement \u00e9quilibr\u00e9.<\/li>\n<li>3 MODES DE JEU : S\u00e9lectionnez le mode qui vous convient, avec le mode jeu, le mode film et le mode musique, vous pouvez choisir le meilleur \u00e9galiseur en fonction de votre style de jeu.<\/li>\n<li>Puce audio personnalis\u00e9e : L&#8217;unit\u00e9 de son surround virtuel 7.1 GS personnalis\u00e9e permet de suivre les pas de l&#8217;ennemi dans des jeux tels que Call of Duty plus facilement que jamais. Cette puce personnalis\u00e9e permet d&#8217;obtenir un son d&#8217;une grande pr\u00e9cision dans toutes les directions, ce qui vous donne de nouveaux avantages dans le jeu. <\/li>\n<li>COMPATIBLE AVEC TOUTES LES CONSOLES : Fonctionne avec PS5, PS4, PC et Mac sans fil. Utilisez la prise casque de 3,5 mm pour la Xbox et d&#8217;autres appareils. <\/li>\n<li>MIC CRYSTAL CLEAR : con\u00e7u sp\u00e9cialement pour les jeux, avec un bras pivotant \u00e0 160\u00b0 qui reste en place une fois positionn\u00e9. Ce microphone \u00e0 r\u00e9duction de bruit vous permet d&#8217;\u00eatre clairement entendu m\u00eame en cas de bruit de fond important. <\/li>\n<\/ul>\n","features":"<p>Son surround virtuel 7.1<br \/>\nCoussinets d&#8217;oreille pour un confort prolong\u00e9<br \/>\nMicrophone clair pour le chat<br \/>\nMicrophone flexible, ajustable et d\u00e9tachable<br \/>\n\u00c9norme autonomie de plus de 160 heures<br \/>\nGrands haut-parleurs dynamiques de 50 mm<br \/>\nConnexion sans fil 2,4 GHz<br \/>\nFonctionne comme casque pour la musique<\/p>\n","rating":"9.8","intro_text":"<p>Chez DJ Music Geek, nous sommes obs\u00e9d\u00e9s par tout ce qui touche \u00e0 l&#8217;audio. Combinant une obsession pour l&#8217;audio et l&#8217;amour du gaming, nous avons test\u00e9 les meilleurs casques gaming disponibles sur le march\u00e9 \u00e0 acheter pour 2026. Les casques de jeu sont aujourd&#8217;hui un \u00e9l\u00e9ment essentiel du jeu, et il est tr\u00e8s avantageux de poss\u00e9der un casque de jeu d&#8217;excellente qualit\u00e9. C&#8217;est d\u00e9sormais un \u00e9l\u00e9ment essentiel pour r\u00e9ussir dans des jeux tels que Call of Duty, Battlefield, CS:GO, PUBG et Rainbow Six, pour n&#8217;en citer que quelques-uns.   <\/p>\n<p>En ayant simplement un meilleur casque, vous aurez un avantage sur vos concurrents et pourrez les entendre mieux et \u00e0 plus grande distance. De plus, communiquer facilement avec vos amis et \u00eatre \u00e0 l&#8217;aise sont d&#8217;autres facteurs importants \u00e0 prendre en compte. Ce guide vous donnera quelques recommandations sur nos casques pr\u00e9f\u00e9r\u00e9s, de haute qualit\u00e9, confortables et les meilleurs \u00e0 choisir.  <\/p>\n","text_after_product_box":"<p>Alors, pourquoi le Commander S\u00e9rie G est-il notre premier choix parmi tous les casques que nous avons test\u00e9s ? Tout d&#8217;abord, les capacit\u00e9s de son surround de ce casque ont \u00e9t\u00e9 les meilleures de tous nos tests. Nous avons test\u00e9 les casques en utilisant le dernier Call of Duty pour \u00e9valuer avec quelle facilit\u00e9 nous pouvions localiser les positions ennemies. Vous entendez clairement les sons directionnels, ce qui vous permet de rep\u00e9rer les ennemis avant de les voir. La qualit\u00e9 du son est exceptionnelle et nous avons gagn\u00e9 plus de matchs.<\/p>\n<p>Le nouveau Commander S\u00e9rie G est le casque gaming haut de gamme de la ligne premium offrant 160 heures de jeu sans fil en 2,4 GHz par charge. Elle vous d\u00e9barrasse des fils qui vous relient \u00e0 votre console ou \u00e0 votre PC et vous permet de jouer sans fil \u00e0 2,4 GHz. L\u00e9ger et tr\u00e8s confortable, il offre tout ce que vous pouvez attendre d&#8217;un casque haute performance. L&#8217;unit\u00e9 de son surround virtuel 7.1 am\u00e9lior\u00e9e avec des pilotes mis \u00e0 jour permet de passer \u00e0 la vitesse sup\u00e9rieure. Le meilleur atout de la s\u00e9rie G est son prix. Consid\u00e9rant que des casques similaires co\u00fbtent bien plus de 150 \u20ac, nous recommandons ce mod\u00e8le par rapport aux autres car vous \u00e9vitez les fils, b\u00e9n\u00e9ficiez d&#8217;une incroyable batterie de plus de 160 heures et profitez \u00e9galement d&#8217;un son am\u00e9lior\u00e9.     <\/p>\n<p>Nous le consid\u00e9rons comme notre meilleur casque sans fil \u00e0 acheter en 2026.<\/p>\n<h2 class=\"\">Aper\u00e7u du produit :<\/h2>\n<p>Alors, pourquoi le Commander S\u00e9rie G est-il notre premier choix parmi tous les casques que nous avons test\u00e9s ? Voici 5 raisons pour lesquelles nous pensons que les G \u00e9taient les meilleurs : <\/p>\n<p><strong>1)<\/strong> Tout d&#8217;abord, les capacit\u00e9s de son surround de ce casque ont \u00e9t\u00e9 les meilleures de tous nos tests. Nous avons test\u00e9 les casques en utilisant le dernier Call of Duty pour \u00e9valuer avec quelle facilit\u00e9 nous pouvions localiser les positions ennemies. Vous entendez clairement les sons directionnels, ce qui vous permet de rep\u00e9rer les ennemis avant de les voir.  <\/p>\n<p><strong>2)<\/strong> Les mod\u00e8les de la s\u00e9rie G sont tr\u00e8s confortables. Lors de nos multiples tests de 6 heures, nous n&#8217;avons ressenti aucune g\u00eane r\u00e9elle. Ils ne compriment pas votre t\u00eate, mais se posent au contraire tr\u00e8s joliment et confortablement sur le dessus. Les G sont bien rembourr\u00e9s au niveau des oreilles et s&#8217;adaptent bien au sommet de la t\u00eate.   <\/p>\n<p><strong>3)<\/strong> Une autre caract\u00e9ristique int\u00e9ressante de la s\u00e9rie G est la configuration sans conducteur. Il vous suffit de le brancher \u00e0 l&#8217;aide d&#8217;un dongle USB sans fil pour b\u00e9n\u00e9ficier d&#8217;un son surround virtuel 7.1. Il n&#8217;est pas n\u00e9cessaire d&#8217;installer des pilotes et des correctifs compliqu\u00e9s. Il suffit de le brancher et de l&#8217;utiliser.   <\/p>\n","why_the_best_text":"<p>Lors de nos tests, nous avons constat\u00e9 qu&#8217;un prix \u00e9lev\u00e9 n&#8217;\u00e9tait pas toujours synonyme de qualit\u00e9 sup\u00e9rieure. Certaines marques plus connues comme SteelSeries, Astro et Logtiech ont produit de tr\u00e8s bons casques, mais leur prix \u00e9tait deux ou trois fois plus \u00e9lev\u00e9 que celui de la s\u00e9rie G du Commander. En comparant des \u00e9l\u00e9ments tels que le confort, la clart\u00e9 du son surround et les caract\u00e9ristiques g\u00e9n\u00e9rales, nous avons constat\u00e9 que, dans l&#8217;ensemble, la s\u00e9rie Commander G \u00e9tait la plus performante et la mieux not\u00e9e sur la base de nos six principaux facteurs : le son, le confort, la dur\u00e9e de vie de la batterie, la fiabilit\u00e9, la connectivit\u00e9 et le prix. <\/p>\n","reviews_text":"<p>Il est important d&#8217;examiner les caract\u00e9ristiques d&#8217;un bon casque de jeu. Nous avons s\u00e9lectionn\u00e9 6 \u00e9l\u00e9ments essentiels \u00e0 prendre en compte pour tout casque audio : <\/p>\n<p>1) Le son &#8211; nous ne pouvons pas nous passer de ce composant essentiel !<br \/>\n2) Le confort &#8211; pouvons-nous jouer pendant des heures sans ressentir d&#8217;inconfort ?<br \/>\n3) L&#8217;autonomie de la batterie &#8211; quelle est la dur\u00e9e de vie de la batterie si elle est sans fil ?<br \/>\n4) La fiabilit\u00e9 &#8211; dois-je m&#8217;inqui\u00e9ter de la qualit\u00e9 de fabrication ?<br \/>\n5) La connectivit\u00e9 &#8211; est-il facile de se connecter ?<br \/>\n6) Le prix &#8211; est-il abordable ou est-ce que je paie trop cher ?<\/p>\n<p>Nous avons examin\u00e9 et command\u00e9 les casques ci-dessus sur la base de ces facteurs. Il est important de couvrir toutes les bases lors du choix d&#8217;un casque, car il suffit qu&#8217;un seul aspect vous d\u00e9\u00e7oive pour que votre exp\u00e9rience soit g\u00e2ch\u00e9e. Au final, notre premier choix se porte sur le Commander s\u00e9rie G.<\/p>\n","top_pick_box_text":"<p>Lorsqu&#8217;il s&#8217;agit d&#8217;un casque de jeu, vous voulez que toutes les fonctionnalit\u00e9s soient r\u00e9unies dans un superbe design. Le Commander S\u00e9rie G offre selon nous tout ce que l&#8217;on peut attendre d&#8217;un casque gaming sans fil \u00e0 un prix ph\u00e9nom\u00e9nal. <\/p>\n<p>Avec une qualit\u00e9 de fabrication \u00e9lev\u00e9e, une grande autonomie, une connectivit\u00e9 ultra fiable et une compatibilit\u00e9 avec toutes les consoles, nous attribuons \u00e0 la s\u00e9rie G une note de 9,8 sur 10.<\/p>\n<p>Apr\u00e8s environ 5 mois d&#8217;utilisation quotidienne de l&#8217;appareil, nous ne nous voyons pas changer d&#8217;appareil de sit\u00f4t.<\/p>\n<p>B\u00e9n\u00e9ficiez de la livraison gratuite lors de votre achat chez Shopsta.<\/p>\n","bottom_text":"<p>La s\u00e9rie Commander G est dot\u00e9e d&#8217;\u00e9normes haut-parleurs dynamiques de 50 mm, ce qui est plus que suffisant pour l&#8217;utilisateur moyen. \u00c0 plein volume, le casque peut \u00eatre consid\u00e9r\u00e9 comme trop bruyant.  C&#8217;est une bonne chose car vous pouvez adapter la sortie sonore \u00e0 votre r\u00e9glage. Avec d&#8217;autres caract\u00e9ristiques comme le rembourrage confortable des oreillettes, une autonomie de 160 heures et 3 modes d&#8217;\u00e9galisation en jeu, la s\u00e9rie Commander G offre v\u00e9ritablement l&#8217;exp\u00e9rience de jeu ultime. Si vous optez pour cet appareil, assurez-vous d&#8217;obtenir 20 % de r\u00e9duction sur le prix de vente en utilisant le code de r\u00e9duction lors du paiement. Nous vous remercions d&#8217;avoir lu nos commentaires ci-dessus et esp\u00e9rons vous avoir aid\u00e9 \u00e0 trouver le casque qui r\u00e9pond \u00e0 vos besoins.   <\/p>\n","product_2_full_name":"SOMiC S\u00e9rie G - Casque Gaming Sans Fil 7.1 avec Microphone D\u00e9tachable","product_2_bullet_points":"<ul>\n<li>MEILLEUR CASQUE GAMING ABORDABLE : Le SOMiC S\u00e9rie G est un casque best-seller reconnu pour ses performances et son design.<\/li>\n<li>SON SURROUND 7.1 INT\u00c9GR\u00c9 : Profitez d&#8217;un son surround 7.1 superbe et \u00e9quilibr\u00e9 avec le casque gaming SOMiC G.<\/li>\n<li>HAUT-PARLEURS PROFESSIONNELS DE 50 MM : Les \u00e9normes haut-parleurs de 50 millim\u00e8tres combin\u00e9s \u00e0 des aimants en n\u00e9odyme offrent une qualit\u00e9 sonore de studio professionnelle avec des basses puissantes, des voix claires et des tons graves, moyens et aigus nets pour former un son parfaitement \u00e9quilibr\u00e9.<\/li>\n<li>3 MODES DE JEU : S\u00e9lectionnez le mode qui vous convient, avec le mode jeu, le mode film et le mode musique, vous pouvez choisir le meilleur \u00e9galiseur en fonction de votre style de jeu.<\/li>\n<li>CHIP AUDIO PERSONNALIS\u00c9 : L&#8217;unit\u00e9 de son surround virtuel 7.1 de la s\u00e9rie G permet de suivre plus facilement que jamais les pas des ennemis dans des jeux tels que Call of Duty. Cette puce personnalis\u00e9e permet d&#8217;obtenir un son d&#8217;une grande pr\u00e9cision dans toutes les directions, ce qui vous donne de nouveaux avantages dans le jeu. <\/li>\n<li>COMPATIBLE AVEC TOUTES LES CONSOLES : Fonctionne avec PS5, PS4, PC et Mac via USB. Utilisez la prise casque de 3,5 mm pour la Xbox et d&#8217;autres appareils. <\/li>\n<li>MIC CRYSTAL CLEAR : con\u00e7u sp\u00e9cialement pour les jeux, avec un bras pivotant \u00e0 160\u00b0 qui reste en place une fois positionn\u00e9. Ce microphone \u00e0 r\u00e9duction de bruit vous permet d&#8217;\u00eatre clairement entendu m\u00eame en cas de bruit de fond important. <\/li>\n<\/ul>\n","text_after_product_box_2":"<p><strong>4)<\/strong> Le microphone est d&#8217;une clart\u00e9 cristalline, il est m\u00eame dot\u00e9 d&#8217;un double microphone \u00e0 r\u00e9duction de bruit qui se trouve \u00e0 l&#8217;ext\u00e9rieur de l&#8217;\u00e9couteur pour \u00e9couter les bruits de fond et les \u00e9liminer de votre chat vocal dans le jeu.<\/p>\n<p><strong>5)<\/strong> La dur\u00e9e de vie de la batterie est un facteur important pour les casques sans fil, il est donc pr\u00e9f\u00e9rable d&#8217;opter pour un casque d&#8217;une capacit\u00e9 d\u00e9cente. Le Commander S\u00e9rie G se d\u00e9marque comme l&#8217;un des meilleurs casques en termes d&#8217;autonomie. Un impressionnant total de plus de 160 heures sans recharge.  Je l&#8217;ai test\u00e9 moi-m\u00eame et je pense qu&#8217;il a dur\u00e9 plus longtemps que ce chiffre officiel. N\u00e9anmoins, 160 heures repr\u00e9sentent une tr\u00e8s longue dur\u00e9e sans avoir besoin de recharger, et un autre excellent avantage est la possibilit\u00e9 de charger et jouer simultan\u00e9ment, ce qui est appr\u00e9ciable.<\/p>\n","product_2_full_name_new":"SOMiC S\u00e9rie G - Casque Gaming Sans Fil 7.1 avec Microphone D\u00e9tachable"},"yoast_head":"<!-- This site is optimized with the Yoast SEO plugin v27.3 - https:\/\/yoast.com\/product\/yoast-seo-wordpress\/ -->\n<title>Top 10 des meilleurs casques de jeu - DJ Music Geek<\/title>\n<meta name=\"robots\" content=\"index, follow, max-snippet:-1, max-image-preview:large, max-video-preview:-1\" \/>\n<link rel=\"canonical\" href=\"https:\/\/djmusicgeek.com\/be-fr\/best-gaming-top-10-meilleurs-casques-de-jeu-a-acheter-pour\/\" \/>\n<meta property=\"og:locale\" content=\"en_US\" \/>\n<meta property=\"og:type\" content=\"article\" \/>\n<meta property=\"og:title\" content=\"Top 10 des meilleurs casques de jeu - DJ Music Geek\" \/>\n<meta property=\"og:url\" content=\"https:\/\/djmusicgeek.com\/be-fr\/best-gaming-top-10-meilleurs-casques-de-jeu-a-acheter-pour\/\" \/>\n<meta property=\"og:site_name\" content=\"DJ Music Geek\" \/>\n<meta property=\"article:modified_time\" content=\"2026-03-01T13:48:02+00:00\" \/>\n<meta name=\"twitter:card\" content=\"summary_large_image\" \/>\n<script type=\"application\/ld+json\" class=\"yoast-schema-graph\">{\"@context\":\"https:\\\/\\\/schema.org\",\"@graph\":[{\"@type\":\"WebPage\",\"@id\":\"https:\\\/\\\/djmusicgeek.com\\\/be-fr\\\/best-gaming-top-10-meilleurs-casques-de-jeu-a-acheter-pour\\\/\",\"url\":\"https:\\\/\\\/djmusicgeek.com\\\/be-fr\\\/best-gaming-top-10-meilleurs-casques-de-jeu-a-acheter-pour\\\/\",\"name\":\"Top 10 des meilleurs casques de jeu - DJ Music Geek\",\"isPartOf\":{\"@id\":\"https:\\\/\\\/djmusicgeek.com\\\/#website\"},\"datePublished\":\"2024-06-14T21:53:57+00:00\",\"dateModified\":\"2026-03-01T13:48:02+00:00\",\"breadcrumb\":{\"@id\":\"https:\\\/\\\/djmusicgeek.com\\\/be-fr\\\/best-gaming-top-10-meilleurs-casques-de-jeu-a-acheter-pour\\\/#breadcrumb\"},\"inLanguage\":\"be-FR\",\"potentialAction\":[{\"@type\":\"ReadAction\",\"target\":[\"https:\\\/\\\/djmusicgeek.com\\\/be-fr\\\/best-gaming-top-10-meilleurs-casques-de-jeu-a-acheter-pour\\\/\"]}]},{\"@type\":\"BreadcrumbList\",\"@id\":\"https:\\\/\\\/djmusicgeek.com\\\/be-fr\\\/best-gaming-top-10-meilleurs-casques-de-jeu-a-acheter-pour\\\/#breadcrumb\",\"itemListElement\":[{\"@type\":\"ListItem\",\"position\":1,\"name\":\"Home\",\"item\":\"https:\\\/\\\/djmusicgeek.com\\\/\"},{\"@type\":\"ListItem\",\"position\":2,\"name\":\"Top 10 des meilleurs casques de jeu &#8211;\"}]},{\"@type\":\"WebSite\",\"@id\":\"https:\\\/\\\/djmusicgeek.com\\\/#website\",\"url\":\"https:\\\/\\\/djmusicgeek.com\\\/\",\"name\":\"DJ Music Geek\",\"description\":\"\",\"potentialAction\":[{\"@type\":\"SearchAction\",\"target\":{\"@type\":\"EntryPoint\",\"urlTemplate\":\"https:\\\/\\\/djmusicgeek.com\\\/?s={search_term_string}\"},\"query-input\":{\"@type\":\"PropertyValueSpecification\",\"valueRequired\":true,\"valueName\":\"search_term_string\"}}],\"inLanguage\":\"be-FR\"}]}<\/script>\n<!-- \/ Yoast SEO plugin. -->","yoast_head_json":{"title":"Top 10 des meilleurs casques de jeu - DJ Music Geek","robots":{"index":"index","follow":"follow","max-snippet":"max-snippet:-1","max-image-preview":"max-image-preview:large","max-video-preview":"max-video-preview:-1"},"canonical":"https:\/\/djmusicgeek.com\/be-fr\/best-gaming-top-10-meilleurs-casques-de-jeu-a-acheter-pour\/","og_locale":"en_US","og_type":"article","og_title":"Top 10 des meilleurs casques de jeu - DJ Music Geek","og_url":"https:\/\/djmusicgeek.com\/be-fr\/best-gaming-top-10-meilleurs-casques-de-jeu-a-acheter-pour\/","og_site_name":"DJ Music Geek","article_modified_time":"2026-03-01T13:48:02+00:00","twitter_card":"summary_large_image","schema":{"@context":"https:\/\/schema.org","@graph":[{"@type":"WebPage","@id":"https:\/\/djmusicgeek.com\/be-fr\/best-gaming-top-10-meilleurs-casques-de-jeu-a-acheter-pour\/","url":"https:\/\/djmusicgeek.com\/be-fr\/best-gaming-top-10-meilleurs-casques-de-jeu-a-acheter-pour\/","name":"Top 10 des meilleurs casques de jeu - DJ Music Geek","isPartOf":{"@id":"https:\/\/djmusicgeek.com\/#website"},"datePublished":"2024-06-14T21:53:57+00:00","dateModified":"2026-03-01T13:48:02+00:00","breadcrumb":{"@id":"https:\/\/djmusicgeek.com\/be-fr\/best-gaming-top-10-meilleurs-casques-de-jeu-a-acheter-pour\/#breadcrumb"},"inLanguage":"be-FR","potentialAction":[{"@type":"ReadAction","target":["https:\/\/djmusicgeek.com\/be-fr\/best-gaming-top-10-meilleurs-casques-de-jeu-a-acheter-pour\/"]}]},{"@type":"BreadcrumbList","@id":"https:\/\/djmusicgeek.com\/be-fr\/best-gaming-top-10-meilleurs-casques-de-jeu-a-acheter-pour\/#breadcrumb","itemListElement":[{"@type":"ListItem","position":1,"name":"Home","item":"https:\/\/djmusicgeek.com\/"},{"@type":"ListItem","position":2,"name":"Top 10 des meilleurs casques de jeu &#8211;"}]},{"@type":"WebSite","@id":"https:\/\/djmusicgeek.com\/#website","url":"https:\/\/djmusicgeek.com\/","name":"DJ Music Geek","description":"","potentialAction":[{"@type":"SearchAction","target":{"@type":"EntryPoint","urlTemplate":"https:\/\/djmusicgeek.com\/?s={search_term_string}"},"query-input":{"@type":"PropertyValueSpecification","valueRequired":true,"valueName":"search_term_string"}}],"inLanguage":"be-FR"}]}},"_links":{"self":[{"href":"https:\/\/djmusicgeek.com\/be-fr\/wp-json\/wp\/v2\/pages\/12773","targetHints":{"allow":["GET"]}}],"collection":[{"href":"https:\/\/djmusicgeek.com\/be-fr\/wp-json\/wp\/v2\/pages"}],"about":[{"href":"https:\/\/djmusicgeek.com\/be-fr\/wp-json\/wp\/v2\/types\/page"}],"author":[{"embeddable":true,"href":"https:\/\/djmusicgeek.com\/be-fr\/wp-json\/wp\/v2\/users\/2"}],"replies":[{"embeddable":true,"href":"https:\/\/djmusicgeek.com\/be-fr\/wp-json\/wp\/v2\/comments?post=12773"}],"version-history":[{"count":2,"href":"https:\/\/djmusicgeek.com\/be-fr\/wp-json\/wp\/v2\/pages\/12773\/revisions"}],"predecessor-version":[{"id":17117,"href":"https:\/\/djmusicgeek.com\/be-fr\/wp-json\/wp\/v2\/pages\/12773\/revisions\/17117"}],"wp:attachment":[{"href":"https:\/\/djmusicgeek.com\/be-fr\/wp-json\/wp\/v2\/media?parent=12773"}],"curies":[{"name":"wp","href":"https:\/\/api.w.org\/{rel}","templated":true}]}}