{"id":12409,"date":"2024-01-19T02:13:41","date_gmt":"2024-01-19T02:13:41","guid":{"rendered":"https:\/\/djmusicgeek.com\/beste-kabellose-ohrstopsel-zu-kaufen-2024\/"},"modified":"2026-03-01T13:46:22","modified_gmt":"2026-03-01T13:46:22","slug":"beste-kabellose-ohrstopsel-zu-kaufen-2024","status":"publish","type":"page","link":"https:\/\/djmusicgeek.com\/at-de\/beste-kabellose-ohrstopsel-zu-kaufen-2024\/","title":{"rendered":"Top 10 der besten kabellosen Ohrh\u00f6rer, die man in Gro\u00dfbritannien kaufen kann April 2026 [Aktualisiert]"},"content":{"rendered":"","protected":false},"excerpt":{"rendered":"","protected":false},"author":2,"featured_media":0,"parent":0,"menu_order":0,"comment_status":"closed","ping_status":"closed","template":"sales-template.php","meta":{"_acf_changed":false,"footnotes":""},"class_list":["post-12409","page","type-page","status-publish","hentry"],"acf":{"product_2_supplier":"Amazon","product_3_supplier":"Amazon","product_4_supplier":"Amazon","product_5_supplier":"Amazon","product_6_supplier":"Amazon","product_7_supplier":"Amazon","product_8_supplier":"Amazon","product_9_supplier":"Amazon","product_10_supplier":"Amazon","exclude_from_search":true,"product_3_price":"","product_3_url":"","product_url":"https:\/\/www.shopsta.co.uk\/products\/soundpeats-mini-pro-hs-wireless-earbuds-bluetooth-anc-hi-res-sound","product_2_url":"https:\/\/www.shopsta.co.uk\/products\/tribit-flybuds-c2-wireless-bluetooth-earphones-4-mics-call-noise-canceling-crystal-clear-calls-earbuds-32h-playtime-headphones","product_price_shortcode":"\u00a379.99","product_discount_price_shortcode":"\u00a364.00","product_image_1":"https:\/\/cdn.shopify.com\/s\/files\/1\/0503\/4170\/7969\/files\/S01dda507573846b8bf7dfef5c3e59319p.webp?v=1705589004","product_image_2":"https:\/\/cdn.shopify.com\/s\/files\/1\/0503\/4170\/7969\/files\/Sa889552a83924fdb874785ba30cf9192a.webp?v=1705589004","product_image_3":"https:\/\/cdn.shopify.com\/s\/files\/1\/0503\/4170\/7969\/files\/S26bef3b5f5c54c1f9a6041ef40166764p.webp?v=1705589004","product_image_4":"https:\/\/cdn.shopify.com\/s\/files\/1\/0503\/4170\/7969\/files\/S2ab9ef8c42524edaae083d7cdd7137e1r.webp?v=1705589005","product_image_5":"https:\/\/cdn.shopify.com\/s\/files\/1\/0503\/4170\/7969\/files\/Scb1eb558b35d4f34871e168f74f908efC.webp?v=1705589005","product_image_6":"https:\/\/www.shopsta.co.uk\/cdn\/shop\/files\/Sa889552a83924fdb874785ba30cf9192a_1400x1400.webp?v=1705589004","product_image_7":"https:\/\/www.shopsta.co.uk\/cdn\/shop\/files\/S26bef3b5f5c54c1f9a6041ef40166764p_1400x1400.webp?v=1705589004","product_image_8":"https:\/\/www.shopsta.co.uk\/cdn\/shop\/files\/Scb1eb558b35d4f34871e168f74f908efC_1400x1400.webp?v=1705589005","product_2_asin":"B0CHWZ9TZS","product_3_asin":"B0B4KHCQ96","product_4_asin":"B0979QQHFG","product_5_asin":"B09D7PXZV7","product_6_asin":"B09RZKHSD6","product_7_asin":"B09JQQDLXF","product_8_asin":"B095DNPH4R","product_9_asin":"B09RZJZ7YW","product_10_asin":"B0C9NGNBPG","product_2_image_1":"https:\/\/cdn.shopify.com\/s\/files\/1\/0503\/4170\/7969\/files\/Sb63526d4600f46848fe7de0e077cc862U.jpg?v=1695677154","product_2_image_2":"https:\/\/cdn.shopify.com\/s\/files\/1\/0503\/4170\/7969\/files\/Sc78e0c14e4e64fd58f35cba2ded94ad9r.jpg?v=1695677153","product_2_image_3":"https:\/\/cdn.shopify.com\/s\/files\/1\/0503\/4170\/7969\/files\/Seaaf380b94f049b4b91eb37d65f0c0b1L.jpg?v=1695677153","product_2_price":"\u00a347.99","product_2_discount_price":"\u00a338.39","product_3_image_1":"","product_3_image_2":"","product_3_image_3":"","product_3_discount_price":"","language_code":"de","product_name":"SOUNDPEATS\u00ae Mini Pro","product_type":"Kabellose Ohrst\u00f6psel","product_type_singular":"Kabellose Ohrst\u00f6psel zum Kaufen","product_full_name":"SOUNDPEATS\u00ae Mini Pro True Wireless Ohrh\u00f6rer","bullet_points":"<ul>\n<li>Atemberaubende Klangqualit\u00e4t: Diese Ohrh\u00f6rer liefern einen detailreichen Klang, der CDs \u00fcberlegen ist, mit einem breiten Wiedergabeband von 20Hz bis 40kHz. Genie\u00dfen Sie einen Klang, der der Originalaufnahme am n\u00e4chsten kommt, f\u00fcr ein bereichertes und intensives H\u00f6rerlebnis. <\/li>\n<li>LDAC CODEC TECHNOLOGY: Erleben Sie eine nahtlose Klang\u00fcbertragung mit der dreifachen Menge an Informationen im Vergleich zum herk\u00f6mmlichen Bluetooth SBC Codec. Sch\u00e4tzen Sie die Nuancen in Stimmen und Instrumenten, mit einer Ausgabe, die der urspr\u00fcnglichen Absicht des Sch\u00f6pfers nahe kommt. <\/li>\n<li>FORTGESCHRITTENE GER\u00c4USCHUNTERDR\u00dcCKUNG: Mit der hybriden aktiven Ger\u00e4uschunterdr\u00fcckungstechnologie f\u00fcr eine Reduzierung von bis zu 40 dB neutralisiert es Au\u00dfenger\u00e4usche und erm\u00f6glicht so einen ungest\u00f6rten Klang auch in lauten Umgebungen.<\/li>\n<li>PREMIUM DYNAMIC DRIVER: Ein 10-mm-Dynamiktreiber sorgt f\u00fcr die Tiefe und Dynamik nat\u00fcrlicher Kl\u00e4nge und bietet ein unglaublich ausgewogenes Klangerlebnis bei niedrigen Frequenzen, das dem Originalklang so nahe wie m\u00f6glich kommt.<\/li>\n<li>ZUVERL\u00c4SSIGE BATTERIENLEBENSDAUER: Genie\u00dfen Sie bis zu 8 Stunden ununterbrochene Musikwiedergabe mit den Ohrh\u00f6rern allein und bis zu 28 Stunden mit der Ladeh\u00fclle. Ideal f\u00fcr lange Reisen, anstrengende Arbeitstage und ausgedehnte Audiounterhaltung. <\/li>\n<li>OPTIMIERT F\u00dcR KONFERENZEN: Mit der ENC-Funktion zur Unterdr\u00fcckung von Gespr\u00e4chsger\u00e4uschen und 6 Mikrofonen, die Umgebungsger\u00e4usche herausfiltern und f\u00fcr eine klare Sprachqualit\u00e4t bei Gespr\u00e4chen sorgen. Perfekt f\u00fcr Fernarbeit und Webkonferenzen. <\/li>\n<\/ul>\n","features":"<p>AMAZING SOUND QUALITY: Genie\u00dfen Sie den Klang so, wie er sein soll. Die Ohrh\u00f6rer geben einen hochaufl\u00f6senden Klang wieder, der satt, detailliert und naturgetreu ist. Das breite Wiedergabeband von 20Hz bis 40kHz erm\u00f6glicht es Ihnen, jede Nuance zu erfassen und ein wahrhaft immersives Audioerlebnis zu schaffen.  <\/p>\n<p>SUPERIOR SOUND TRANSMISSION: Dank der LDAC-Codec-Technologie k\u00f6nnen diese kabellosen Ohrh\u00f6rer 3-mal mehr Daten \u00fcbertragen als herk\u00f6mmliche Bluetooth SBC-Codecs, so dass Sie jedes Detail der Musik genie\u00dfen k\u00f6nnen.  <\/p>\n<p>FORTGESCHRITTENE GER\u00c4USCHUNTERDR\u00dcCKUNG: Die hybride, aktive Ger\u00e4uschunterdr\u00fcckungstechnologie bietet eine Reduktion von bis zu 40 dB, wodurch Hintergrundger\u00e4usche effektiv unterdr\u00fcckt werden. Genie\u00dfen Sie ein ungest\u00f6rtes und ruhiges Klangerlebnis, wo immer Sie auch sind. <\/p>\n<p>PREMIUM 10MM DYNAMIC DRIVER: Mit einem 10mm dynamischen Treiber garantieren diese Ohrh\u00f6rer Tiefe in den mittleren und tiefen Frequenzen und die Dynamik nat\u00fcrlicher Kl\u00e4nge. Das Ergebnis ist eine Sammlung von Frequenzen, die gut ausbalanciert ist und der Originalaufnahme unglaublich nahe kommt. <\/p>\n<p>ZUVERL\u00c4SSIGE BATTERIENLEBENSDAUER: Trotz ihres kompakten Designs bieten diese Ohrh\u00f6rer bis zu 8 Stunden ununterbrochene Spielzeit und weitere 20 Stunden mit der Ladeh\u00fclle. Das macht sie perfekt f\u00fcr lange Pendelfahrten, ununterbrochene Arbeitstage oder ausgedehnte Audio-Entertainment-Sessions. <\/p>\n<p>OPTIMIERT F\u00dcR ANRUFE: Ausgestattet mit der ENC-Anrufger\u00e4uschunterdr\u00fcckungsfunktion und 6 Mikrofonen &#8211; 3 in jedem Ohrh\u00f6rer &#8211; wurden die SOUNDPEATS Mini Pro Ohrh\u00f6rer entwickelt, um Ihre Stimme bei Anrufen zu verbessern, indem Umgebungsger\u00e4usche herausgefiltert werden. Ideal f\u00fcr Fernarbeit und Webkonferenzen. <\/p>\n<p>ERSTKLASSIGE SPEZIFIKATIONEN: Diese Ohrh\u00f6rer verf\u00fcgen \u00fcber eine Reihe von High-End-Funktionen wie den Bluetooth-Chipsatz WQ7033AR, einen Widerstand von 32\u03a9, einen Frequenzbereich von 20-40.000 Hz, AAC-, SBC- und LDAC-Codecs, aktive Ger\u00e4uschunterdr\u00fcckung und die Bluetooth-Version 5.3.<\/p>\n<p>KASTENINHALT: Neben den beiden Mini Pro HS Bluetooth-Kopfh\u00f6rern enth\u00e4lt der Karton ein Type-C-Ladekabel, 6 austauschbare Ohrst\u00f6psel, eine Ladetasche und eine Bedienungsanleitung.<\/p>\n","rating":"9.8","intro_text":"<p>Willkommen bei DJ Music Geek, Ihrer ersten Anlaufstelle f\u00fcr die neuesten und besten Audioger\u00e4te. Wenn Sie eine tadellose Klangqualit\u00e4t, einen sicheren Sitz, eine beeindruckende Akkulaufzeit und ein nahtloses kabelloses Erlebnis suchen, sind Sie hier richtig. Als engagierte Audiophile und Technik-Enthusiasten bieten wir Ihnen ausf\u00fchrliche, ma\u00dfgebliche Testberichte und Empfehlungen f\u00fcr die besten kabellosen Ohrh\u00f6rer auf dem Markt. Wir haben alles ausprobiert und getestet, um Ihnen die Informationen zur Verf\u00fcgung zu stellen, die Sie ben\u00f6tigen, um die richtige Wahl zu treffen. Machen Sie sich bereit, Ihr H\u00f6rerlebnis mit kabellosen Ohrh\u00f6rern zu verbessern, die wirklich den richtigen Ton treffen.    <\/p>\n","text_before_product_box":"<p>Die SOUNDPEATS\u00ae Mini Pro True Wireless Earbuds erhalten in unserem Test Bestnoten f\u00fcr ihre unschlagbare Mischung aus Klangqualit\u00e4t, Wert und innovativen Funktionen. Diese Ohrh\u00f6rer \u00fcbertreffen die Konkurrenz mit ihrer hochaufl\u00f6senden Klangwiedergabe und dem exklusiven LDAC-Codec f\u00fcr eine hervorragende Klang\u00fcbertragung. Zu einem erschwinglichen Preis bieten sie au\u00dferdem eine hervorragende Investitionsrentabilit\u00e4t, einschlie\u00dflich Funktionen wie die aktive Hybridger\u00e4uschunterdr\u00fcckung und eine Akkulaufzeit von bis zu 28 Stunden.  <\/p>\n","text_after_product_box":"<p>Bei der Auswahl von kabellosen Ohrh\u00f6rern ist das Preis-Leistungs-Verh\u00e4ltnis von gro\u00dfer Bedeutung. Die kabellosen SOUNDPEATS Mini Pro Ohrh\u00f6rer bieten genau das. Nachdem wir dieses Produkt getestet haben, k\u00f6nnen wir Ihnen garantieren, dass dieses Produkt eine un\u00fcbertroffene Audioqualit\u00e4t, fortschrittliche Funktionen und eine hervorragende Langlebigkeit zu einem sehr g\u00fcnstigen Preis bietet.    <\/p>\n<p>Dank der hochaufl\u00f6senden Wiedergabe von Klangquellen und der \u00fcberlegenen LDAC-Codec-Technologie waren wir von der detailreichen und naturgetreuen Audioausgabe beeindruckt. Das Produkt bietet ein bereicherndes und eindringliches Klangerlebnis, das dem von CDs weit \u00fcberlegen ist. Au\u00dferdem verf\u00fcgen die Ohrh\u00f6rer \u00fcber eine aktive Ger\u00e4uschunterdr\u00fcckung, die Au\u00dfenger\u00e4usche effektiv neutralisiert &#8211; ein echter Vorteil in lauten Umgebungen.  <\/p>\n<p>Die SOUNDPEATS Mini Pro Ohrst\u00f6psel bieten eine zuverl\u00e4ssige Akkulaufzeit von bis zu 8 Stunden mit den Ohrst\u00f6pseln allein und 28 Stunden mit der Ladeh\u00fclle, was sie perfekt f\u00fcr lange Reisen und ausgedehnte Audiounterhaltung macht. Au\u00dferdem haben wir festgestellt, dass sich dieses Modell mit seiner integrierten ENC-Funktion zur Unterdr\u00fcckung von Anrufger\u00e4uschen und sechs Mikrofonen hervorragend f\u00fcr Fernarbeit und Webkonferenzen eignet. Wenn Sie also auf der Suche nach einem Produkt sind, das die beste Balance zwischen erstklassigen Funktionen und Erschwinglichkeit bietet, dann ist der SOUNDPEATS Mini Pro genau das Richtige f\u00fcr Sie.  <\/p>\n","why_the_best_text":"<p>Wenn es darum geht, einen kabellosen Ohrh\u00f6rer zu finden, der einen hohen Gegenwert f\u00fcr Ihr Geld bietet, sind wir der Meinung, dass die SOUNDPEATS\u00ae Mini Pro True Wireless Earbuds unter den anderen herausragen. In Anbetracht seines wettbewerbsf\u00e4higen Preises ist er vollgepackt mit Funktionen, die wir pers\u00f6nlich getestet haben und die sich als au\u00dfergew\u00f6hnlich leistungsf\u00e4hig erwiesen haben. <\/p>\n<p>Eines der hervorstechendsten Merkmale dieser Ohrh\u00f6rer ist ihre brillante Klangqualit\u00e4t. Dank der hochaufl\u00f6senden Wiedergabe, die im Vergleich zu CDs einen \u00fcberlegenen Klang bietet, k\u00f6nnen Sie sich auf ein bereicherndes und intensives Klangerlebnis freuen. Seine Breitbandwiedergabe von 20Hz bis 40kHz sorgt f\u00fcr einen Klang, der der Originalaufnahme am n\u00e4chsten kommt. Dar\u00fcber hinaus ist es mit einer fortschrittlichen Ger\u00e4uschunterdr\u00fcckungstechnologie ausgestattet, die Umgebungsger\u00e4usche effektiv reduziert und ein ungest\u00f6rtes H\u00f6rerlebnis erm\u00f6glicht.   <\/p>\n<p>Beeindruckt waren wir auch von der beeindruckenden Akkulaufzeit, die mit den Ohrh\u00f6rern bis zu 8 Stunden ununterbrochene Spielzeit und mit der Ladeh\u00fclle insgesamt 28 Stunden betr\u00e4gt &#8211; perfekt f\u00fcr lange Reisen oder ausgedehnte Audiounterhaltung. Die integrierte ENC-Rauschunterdr\u00fcckungsfunktion und die sechs Mikrofone optimieren diese Ohrh\u00f6rer f\u00fcr klare Gespr\u00e4che und machen sie zu einer praktischen Wahl f\u00fcr Fernarbeit oder Webkonferenzen. Insgesamt sind wir der Meinung, dass die SOUNDPEATS\u00ae Mini Pro einen bemerkenswerten Gegenwert f\u00fcr ihren Preis bieten.  <\/p>\n","reviews_text":"<p>Die Wahl der besten kabellosen Ohrh\u00f6rer kann angesichts der gro\u00dfen Anzahl von Optionen auf dem Markt schwierig sein. Hier sind die wichtigsten Faktoren, die Sie ber\u00fccksichtigen sollten, um die beste Wahl zu treffen. <\/p>\n<ol>\n<li>Klangqualit\u00e4t: Die Ohrh\u00f6rer sollten eine hervorragende Klangqualit\u00e4t bieten und ein breites Spektrum an Audiofrequenzen wiedergeben k\u00f6nnen, damit Sie ein umfassendes und intensives Klangerlebnis genie\u00dfen k\u00f6nnen.<\/li>\n<li>Ger\u00e4uschunterdr\u00fcckungsfunktion: Die hochwertigen Ohrh\u00f6rer verf\u00fcgen \u00fcber eine fortschrittliche Ger\u00e4uschunterdr\u00fcckungstechnologie, die externe Ger\u00e4usche neutralisiert, so dass Sie Ihre Musik ungest\u00f6rt genie\u00dfen k\u00f6nnen.<\/li>\n<li>Akkulaufzeit: Die besten Ohrh\u00f6rer bieten eine zuverl\u00e4ssige Akkulaufzeit, die einen ganzen Tag oder eine lange Reise \u00fcberdauern kann.<\/li>\n<li>Komfort: Die Ohrst\u00f6psel sollten \u00fcber einen l\u00e4ngeren Zeitraum bequem zu tragen sein und sicher in Ihren Ohren sitzen.<\/li>\n<li>Hochwertige Funktionen: Achten Sie auf Funktionen wie Bluetooth-Chipsatz und die Wiedergabe von hochaufl\u00f6senden Klangquellen. Diese tragen zur Gesamtleistung des Ohrh\u00f6rers bei. <\/li>\n<li>Preis: Achten Sie immer auf den Preis. Die besten Ohrst\u00f6psel bieten hervorragende Funktionen, Haltbarkeit und Klangqualit\u00e4t zu einem Preis, den Sie gerne zahlen. <\/li>\n<\/ol>\n","top_pick_box_text":"<p>Die SOUNDPEATS\u00ae Mini Pro True Wireless Earbuds bieten fortschrittliche Funktionen zu einem erschwinglichen Preis und sind damit eine ausgezeichnete Wahl f\u00fcr preisbewusste Verbraucher. Von der hochaufl\u00f6senden Klangqualit\u00e4t \u00fcber den LDAC-Codec f\u00fcr hervorragende Klang\u00fcbertragung bis hin zur fortschrittlichen Ger\u00e4uschunterdr\u00fcckung liefern diese Ohrh\u00f6rer m\u00fchelos eine erstklassige Audioleistung. Dar\u00fcber hinaus verf\u00fcgen sie \u00fcber eine verl\u00e4ssliche Akkulaufzeit von bis zu 28 Stunden mit der Ladeschale, so dass Sie gen\u00fcgend Energie f\u00fcr l\u00e4ngere Zeitr\u00e4ume der Audiounterhaltung haben.  <\/p>\n<p>Diese Ohrh\u00f6rer zeichnen sich nicht nur durch ihre erstaunliche Klangqualit\u00e4t aus, sondern auch durch ihre Funktionalit\u00e4t in Gespr\u00e4chen und Konferenzen &#8211; dank der ENC-Anrufger\u00e4uschunterdr\u00fcckungsfunktion und sechs integrierten Mikrofonen. Sie bieten ein un\u00fcbertroffenes Gleichgewicht zwischen Preis, Leistung und zus\u00e4tzlichen Funktionen, was sie zu einer soliden Wahl f\u00fcr jeden Lebensstil und jede Gelegenheit macht. Diese preisg\u00fcnstigen kabellosen Ohrh\u00f6rer von SOUNDPEATS\u00ae bieten ein pers\u00f6nliches und beeindruckendes Klangerlebnis.  <\/p>\n","bottom_text":"<p>Zusammenfassend l\u00e4sst sich sagen, dass die kabellosen SOUNDPEATS\u00ae Mini Pro Ohrh\u00f6rer ein hervorragendes Produkt und ein guter Kauf sind. In unseren umfangreichen Tests haben sie sich durchweg bew\u00e4hrt und verf\u00fcgen \u00fcber erstklassige Funktionen, mit denen sie sich von der Konkurrenz abheben.   <\/p>\n<p>Ihre \u00fcberragende Klangqualit\u00e4t ist bemerkenswert, mit einer so detailreichen Klangwiedergabe, dass Sie jede musikalische Nuance erfassen k\u00f6nnen. Die LDAC-Codec-Technologie der Ohrst\u00f6psel sorgt f\u00fcr eine dreimal h\u00f6here Daten\u00fcbertragung als herk\u00f6mmliche Bluetooth-Codecs und intensiviert so Ihr Klangerlebnis. In Verbindung mit der fortschrittlichen Ger\u00e4uschunterdr\u00fcckungsfunktion \u00fcbert\u00f6nen diese Ohrh\u00f6rer m\u00fchelos Hintergrundger\u00e4usche und schaffen so eine ungest\u00f6rte Klangumgebung.    <\/p>\n<p>Die 10-mm-Dynamiktreiber garantieren einen ausgewogenen Frequenzbereich, der der Originalaufnahme entspricht, w\u00e4hrend die gro\u00dfz\u00fcgige Akkulaufzeit bis zu 8 Stunden ununterbrochene Audiowiedergabe erm\u00f6glicht, die mit der Ladeh\u00fclle auf 20 Stunden verl\u00e4ngert werden kann. Diese Eigenschaften machen ihn zu einem perfekten Begleiter f\u00fcr lange Arbeitstage und Reisen.   <\/p>\n<p>Dar\u00fcber hinaus sind diese Ohrh\u00f6rer f\u00fcr Anrufe optimiert und gew\u00e4hrleisten eine klare und scharfe Sprachqualit\u00e4t bei Videokonferenzen und Anrufen. Seine Spezifikationen, einschlie\u00dflich der Bluetooth 5.3-Version, sind auf dem neuesten Stand, und der Inhalt der Box enth\u00e4lt alles notwendige Zubeh\u00f6r f\u00fcr den sofortigen Einsatz. <\/p>\n<p>Von allen kabellosen Ohrh\u00f6rern, die wir getestet haben, sind die SOUNDPEATS\u00ae Mini Pro Ohrh\u00f6rer dank ihrer herausragenden Leistung, ihrer \u00fcberlegenen Funktionen und ihrer brillanten Klangqualit\u00e4t die unangefochtenen Sieger. Mit ihren beeindruckenden Eigenschaften heben sie sich deutlich von der Masse ab und garantieren ein wahrhaft immersives H\u00f6rerlebnis. <\/p>\n","product_2_full_name":"Tribit FlyBuds C2 Bluetooth Wireless Earbuds mit 4 Mikrofonen, Ger\u00e4uschunterdr\u00fcckung, 32 Stunden Spielzeit.","product_2_bullet_points":"<ul>\n<li>KRISTALLKLARE ANRUFE: Dank der einzigartigen Qualcomm 4-Mic CVC 8.0 Rauschunterdr\u00fcckungstechnologie ist die Gespr\u00e4chsqualit\u00e4t auch in lauten Umgebungen hervorragend.<\/li>\n<li>AUSGEZEICHNETER KLANG: Der Qualcomm QCC3040 Chip, der 13 mm gro\u00dfe dynamische Treiber und die hochwertige APTX-Audiodekodierung sorgen f\u00fcr einen klaren und originalgetreuen Klang.<\/li>\n<li>ANPASSBARE EQ-EINSTELLUNGEN: Mit der Tribit-App k\u00f6nnen Sie ganz einfach aus 24 verschiedenen Eq-Stilen wie Jazz, Bass, ACG usw. w\u00e4hlen, um sicherzustellen, dass Ihr H\u00f6rerlebnis perfekt auf Ihre Vorlieben zugeschnitten ist.<\/li>\n<li>VERL\u00c4NGERTE SPIELZEIT: Ausgestattet mit einem beeindruckenden Akku bietet jeder Kopfh\u00f6rer 8 Stunden Spielzeit pro Aufladung, und mit dem mitgelieferten Ladeetui erhalten Sie insgesamt 32 Stunden kabellosen Klang.<\/li>\n<li>ECHTE DRAHTLOSIGKEIT & SCHNELLE VERBINDUNG: Dank der neuesten Bluetooth 5.2 Technologie gew\u00e4hrleisten diese Ohrh\u00f6rer eine st\u00e4rkere und stabilere Verbindung f\u00fcr eine ununterbrochene Audiowiedergabe.<\/li>\n<li>KOMFORTABEL & LEICHTGEWICHT: Jeder Kopfh\u00f6rer wiegt nur 4 g und bietet ein komfortables und druckfreies H\u00f6rerlebnis, perfekt f\u00fcr stundenlangen Gebrauch.<\/li>\n<\/ul>","product_2_text_after":"Das Tribit FlyBuds C2 ist aufgrund seiner bemerkenswerten Funktionen und seines guten Preis-Leistungs-Verh\u00e4ltnisses unsere zweite Wahl. Nach dem Test waren wir von dem neuesten Qualcomm QCC3040 Chip begeistert, der eine hervorragende Audio-Dekodierung bietet, sowie von der einzigartigen Qualcomm 4-Mic CVC 8.0 Technologie, die Hintergrundger\u00e4usche beim Telefonieren deutlich reduziert. Das neueste Bluetooth 5.2 sorgt f\u00fcr eine stabile und leistungsstarke Verbindung, und die verl\u00e4ngerte Akkulaufzeit von 32 Stunden ist ideal f\u00fcr eine l\u00e4ngere Nutzung. Obwohl es keine Steuerungstaste und keine wasserdichten Funktionen hat, machen der echte kabellose Komfort und die praktische Ladetasche dieses Produkt zu einem w\u00fcrdigen Konkurrenten. Au\u00dferdem werden die Ohrh\u00f6rer von der Tribit App unterst\u00fctzt, die Ihnen 24 verschiedene EQ-Stile zur Auswahl bietet, was die Vielseitigkeit des Produkts weiter erh\u00f6ht. Dank des hervorragenden Preis-Leistungs-Verh\u00e4ltnisses sind diese Kopfh\u00f6rer f\u00fcr Benutzer geeignet, die eine hochwertige Leistung suchen, ohne das Budget zu sprengen.     "},"yoast_head":"<!-- This site is optimized with the Yoast SEO plugin v27.3 - https:\/\/yoast.com\/product\/yoast-seo-wordpress\/ -->\n<title>Top 10 der besten kabellosen Ohrh\u00f6rer, die man in Gro\u00dfbritannien kaufen kann [month_year] [Aktualisiert] - DJ Music Geek<\/title>\n<meta name=\"robots\" content=\"index, follow, max-snippet:-1, max-image-preview:large, max-video-preview:-1\" \/>\n<link rel=\"canonical\" href=\"https:\/\/djmusicgeek.com\/at-de\/beste-kabellose-ohrstopsel-zu-kaufen-2024\/\" \/>\n<meta property=\"og:locale\" content=\"de_DE\" \/>\n<meta property=\"og:type\" content=\"article\" \/>\n<meta property=\"og:title\" content=\"Top 10 der besten kabellosen Ohrh\u00f6rer, die man in Gro\u00dfbritannien kaufen kann [month_year] [Aktualisiert] - DJ Music Geek\" \/>\n<meta property=\"og:url\" content=\"https:\/\/djmusicgeek.com\/at-de\/beste-kabellose-ohrstopsel-zu-kaufen-2024\/\" \/>\n<meta property=\"og:site_name\" content=\"DJ Music Geek\" \/>\n<meta property=\"article:modified_time\" content=\"2026-03-01T13:46:22+00:00\" \/>\n<meta name=\"twitter:card\" content=\"summary_large_image\" \/>\n<script type=\"application\/ld+json\" class=\"yoast-schema-graph\">{\"@context\":\"https:\\\/\\\/schema.org\",\"@graph\":[{\"@type\":\"WebPage\",\"@id\":\"https:\\\/\\\/djmusicgeek.com\\\/at-de\\\/beste-kabellose-ohrstopsel-zu-kaufen-2024\\\/\",\"url\":\"https:\\\/\\\/djmusicgeek.com\\\/at-de\\\/beste-kabellose-ohrstopsel-zu-kaufen-2024\\\/\",\"name\":\"Top 10 der besten kabellosen Ohrh\u00f6rer, die man in Gro\u00dfbritannien kaufen kann [month_year] [Aktualisiert] - DJ Music Geek\",\"isPartOf\":{\"@id\":\"https:\\\/\\\/djmusicgeek.com\\\/#website\"},\"datePublished\":\"2024-01-19T02:13:41+00:00\",\"dateModified\":\"2026-03-01T13:46:22+00:00\",\"breadcrumb\":{\"@id\":\"https:\\\/\\\/djmusicgeek.com\\\/at-de\\\/beste-kabellose-ohrstopsel-zu-kaufen-2024\\\/#breadcrumb\"},\"inLanguage\":\"de-AT\",\"potentialAction\":[{\"@type\":\"ReadAction\",\"target\":[\"https:\\\/\\\/djmusicgeek.com\\\/at-de\\\/beste-kabellose-ohrstopsel-zu-kaufen-2024\\\/\"]}]},{\"@type\":\"BreadcrumbList\",\"@id\":\"https:\\\/\\\/djmusicgeek.com\\\/at-de\\\/beste-kabellose-ohrstopsel-zu-kaufen-2024\\\/#breadcrumb\",\"itemListElement\":[{\"@type\":\"ListItem\",\"position\":1,\"name\":\"Startseite\",\"item\":\"https:\\\/\\\/djmusicgeek.com\\\/\"},{\"@type\":\"ListItem\",\"position\":2,\"name\":\"Top 10 der besten kabellosen Ohrh\u00f6rer, die man in Gro\u00dfbritannien kaufen kann March 2026 [Aktualisiert]\"}]},{\"@type\":\"WebSite\",\"@id\":\"https:\\\/\\\/djmusicgeek.com\\\/#website\",\"url\":\"https:\\\/\\\/djmusicgeek.com\\\/\",\"name\":\"DJ Music Geek\",\"description\":\"\",\"potentialAction\":[{\"@type\":\"SearchAction\",\"target\":{\"@type\":\"EntryPoint\",\"urlTemplate\":\"https:\\\/\\\/djmusicgeek.com\\\/?s={search_term_string}\"},\"query-input\":{\"@type\":\"PropertyValueSpecification\",\"valueRequired\":true,\"valueName\":\"search_term_string\"}}],\"inLanguage\":\"de-AT\"}]}<\/script>\n<!-- \/ Yoast SEO plugin. -->","yoast_head_json":{"title":"Top 10 der besten kabellosen Ohrh\u00f6rer, die man in Gro\u00dfbritannien kaufen kann [month_year] [Aktualisiert] - DJ Music Geek","robots":{"index":"index","follow":"follow","max-snippet":"max-snippet:-1","max-image-preview":"max-image-preview:large","max-video-preview":"max-video-preview:-1"},"canonical":"https:\/\/djmusicgeek.com\/at-de\/beste-kabellose-ohrstopsel-zu-kaufen-2024\/","og_locale":"de_DE","og_type":"article","og_title":"Top 10 der besten kabellosen Ohrh\u00f6rer, die man in Gro\u00dfbritannien kaufen kann [month_year] [Aktualisiert] - DJ Music Geek","og_url":"https:\/\/djmusicgeek.com\/at-de\/beste-kabellose-ohrstopsel-zu-kaufen-2024\/","og_site_name":"DJ Music Geek","article_modified_time":"2026-03-01T13:46:22+00:00","twitter_card":"summary_large_image","schema":{"@context":"https:\/\/schema.org","@graph":[{"@type":"WebPage","@id":"https:\/\/djmusicgeek.com\/at-de\/beste-kabellose-ohrstopsel-zu-kaufen-2024\/","url":"https:\/\/djmusicgeek.com\/at-de\/beste-kabellose-ohrstopsel-zu-kaufen-2024\/","name":"Top 10 der besten kabellosen Ohrh\u00f6rer, die man in Gro\u00dfbritannien kaufen kann [month_year] [Aktualisiert] - DJ Music Geek","isPartOf":{"@id":"https:\/\/djmusicgeek.com\/#website"},"datePublished":"2024-01-19T02:13:41+00:00","dateModified":"2026-03-01T13:46:22+00:00","breadcrumb":{"@id":"https:\/\/djmusicgeek.com\/at-de\/beste-kabellose-ohrstopsel-zu-kaufen-2024\/#breadcrumb"},"inLanguage":"de-AT","potentialAction":[{"@type":"ReadAction","target":["https:\/\/djmusicgeek.com\/at-de\/beste-kabellose-ohrstopsel-zu-kaufen-2024\/"]}]},{"@type":"BreadcrumbList","@id":"https:\/\/djmusicgeek.com\/at-de\/beste-kabellose-ohrstopsel-zu-kaufen-2024\/#breadcrumb","itemListElement":[{"@type":"ListItem","position":1,"name":"Startseite","item":"https:\/\/djmusicgeek.com\/"},{"@type":"ListItem","position":2,"name":"Top 10 der besten kabellosen Ohrh\u00f6rer, die man in Gro\u00dfbritannien kaufen kann March 2026 [Aktualisiert]"}]},{"@type":"WebSite","@id":"https:\/\/djmusicgeek.com\/#website","url":"https:\/\/djmusicgeek.com\/","name":"DJ Music Geek","description":"","potentialAction":[{"@type":"SearchAction","target":{"@type":"EntryPoint","urlTemplate":"https:\/\/djmusicgeek.com\/?s={search_term_string}"},"query-input":{"@type":"PropertyValueSpecification","valueRequired":true,"valueName":"search_term_string"}}],"inLanguage":"de-AT"}]}},"_links":{"self":[{"href":"https:\/\/djmusicgeek.com\/at-de\/wp-json\/wp\/v2\/pages\/12409","targetHints":{"allow":["GET"]}}],"collection":[{"href":"https:\/\/djmusicgeek.com\/at-de\/wp-json\/wp\/v2\/pages"}],"about":[{"href":"https:\/\/djmusicgeek.com\/at-de\/wp-json\/wp\/v2\/types\/page"}],"author":[{"embeddable":true,"href":"https:\/\/djmusicgeek.com\/at-de\/wp-json\/wp\/v2\/users\/2"}],"replies":[{"embeddable":true,"href":"https:\/\/djmusicgeek.com\/at-de\/wp-json\/wp\/v2\/comments?post=12409"}],"version-history":[{"count":2,"href":"https:\/\/djmusicgeek.com\/at-de\/wp-json\/wp\/v2\/pages\/12409\/revisions"}],"predecessor-version":[{"id":17337,"href":"https:\/\/djmusicgeek.com\/at-de\/wp-json\/wp\/v2\/pages\/12409\/revisions\/17337"}],"wp:attachment":[{"href":"https:\/\/djmusicgeek.com\/at-de\/wp-json\/wp\/v2\/media?parent=12409"}],"curies":[{"name":"wp","href":"https:\/\/api.w.org\/{rel}","templated":true}]}}